{"id":75,"date":"2018-02-18T09:37:49","date_gmt":"2018-02-18T08:37:49","guid":{"rendered":"https:\/\/thewhiskykingdom.com\/shipping-methods\/"},"modified":"2023-08-27T18:20:23","modified_gmt":"2023-08-27T16:20:23","slug":"versand-und-zahlung","status":"publish","type":"page","link":"http:\/\/thewhiskykingdom.com\/en\/versand-und-zahlung\/","title":{"rendered":"Shipping and payment options"},"content":{"rendered":"<h2>Shipping<\/h2>\n<p>All orders are shipped securely packed within 1-2 business days after receipt of payment. The delivery time is 1-3 working days within Germany.<\/p>\n<p><strong>Die Versandkosten innerhalb Deutschlands betragen 6,50\u20ac. Ab einem Bestellwert von 200\u20ac liefern wir versandkostenfrei.<\/strong><\/p>\n<p>We use Deutsche Post \/ DHL for shipping.<\/p>\n<p><strong>For other shipping options please contact us at:<\/strong> <a href=\"mailto:info@thewhiskykingdom.com\">info@thewhiskykingdom.com<\/a><\/p>\n<h2>The following payment options are available:<\/h2>\n<p><strong>\u2013 Bank transfer<\/strong><br \/>\n<strong> \u2013 Credit card<\/strong><\/p>","protected":false},"excerpt":{"rendered":"<p>Versand Alle Bestellungen werden sicher verpackt innerhalb von 1-2 Werktagen nach Zahlungseingang versendet. Die Lieferzeit betr\u00e4gt 1-3 Werktage innerhalb von Deutschland. Die Versandkosten innerhalb Deutschlands betragen 6,50\u20ac. Ab einem Bestellwert von 200\u20ac liefern wir versandkostenfrei. Der Versand erfolgt \u00fcber Deutsche Post \/ DHL. F\u00fcr f\u00fcr weitere Versandm\u00f6glichkeiten kontaktieren Sie uns unter: info@thewhiskykingdom.com Folgende Zahlungsoptionen stehen [&hellip;]<\/p>\n","protected":false},"author":1,"featured_media":412,"parent":0,"menu_order":0,"comment_status":"closed","ping_status":"closed","template":"","meta":{"_crdt_document":"","footnotes":""},"class_list":["post-75","page","type-page","status-publish","has-post-thumbnail","hentry"],"yoast_head":"<!-- This site is optimized with the Yoast SEO plugin v27.1.1 - https:\/\/yoast.com\/product\/yoast-seo-wordpress\/ -->\n<title>Versand und Zahlungsoptionen - The Whisky Kingdom<\/title>\n<meta name=\"description\" content=\"Sie finden hier unsere Zahlungsoptionen und die Versandkosten. Ab einem Einkauf von 150\u20ac verschicken wir versandkostenfrei.\" \/>\n<meta name=\"robots\" content=\"index, follow, max-snippet:-1, max-image-preview:large, max-video-preview:-1\" \/>\n<link rel=\"canonical\" href=\"https:\/\/thewhiskykingdom.com\/en\/versand-und-zahlung\/\" \/>\n<meta property=\"og:locale\" content=\"en_US\" \/>\n<meta property=\"og:type\" content=\"article\" \/>\n<meta property=\"og:title\" content=\"Versand und Zahlungsoptionen - The Whisky Kingdom\" \/>\n<meta property=\"og:description\" content=\"Sie finden hier unsere Zahlungsoptionen und die Versandkosten. Ab einem Einkauf von 150\u20ac verschicken wir versandkostenfrei.\" \/>\n<meta property=\"og:url\" content=\"https:\/\/thewhiskykingdom.com\/en\/versand-und-zahlung\/\" \/>\n<meta property=\"og:site_name\" content=\"The Whisky Kingdom\" \/>\n<meta property=\"article:publisher\" content=\"https:\/\/www.facebook.com\/thewhiskykingdom\/\" \/>\n<meta property=\"article:modified_time\" content=\"2023-08-27T16:20:23+00:00\" \/>\n<meta property=\"og:image\" content=\"https:\/\/thewhiskykingdom.com\/wp-content\/uploads\/2018\/06\/DSCF7924-scaled.jpg\" \/>\n\t<meta property=\"og:image:width\" content=\"2560\" \/>\n\t<meta property=\"og:image:height\" content=\"1439\" \/>\n\t<meta property=\"og:image:type\" content=\"image\/jpeg\" \/>\n<meta name=\"twitter:card\" content=\"summary_large_image\" \/>\n<script type=\"application\/ld+json\" class=\"yoast-schema-graph\">{\"@context\":\"https:\/\/schema.org\",\"@graph\":[{\"@type\":\"WebPage\",\"@id\":\"https:\/\/thewhiskykingdom.com\/versand-und-zahlung\/\",\"url\":\"https:\/\/thewhiskykingdom.com\/versand-und-zahlung\/\",\"name\":\"Versand und Zahlungsoptionen - The Whisky Kingdom\",\"isPartOf\":{\"@id\":\"http:\/\/thewhiskykingdom.com\/en\/#website\"},\"primaryImageOfPage\":{\"@id\":\"https:\/\/thewhiskykingdom.com\/versand-und-zahlung\/#primaryimage\"},\"image\":{\"@id\":\"https:\/\/thewhiskykingdom.com\/versand-und-zahlung\/#primaryimage\"},\"thumbnailUrl\":\"https:\/\/thewhiskykingdom.com\/wp-content\/uploads\/2018\/06\/DSCF7924-scaled.jpg\",\"datePublished\":\"2018-02-18T08:37:49+00:00\",\"dateModified\":\"2023-08-27T16:20:23+00:00\",\"description\":\"Sie finden hier unsere Zahlungsoptionen und die Versandkosten. Ab einem Einkauf von 150\u20ac verschicken wir versandkostenfrei.\",\"breadcrumb\":{\"@id\":\"https:\/\/thewhiskykingdom.com\/versand-und-zahlung\/#breadcrumb\"},\"inLanguage\":\"en-US\",\"potentialAction\":[{\"@type\":\"ReadAction\",\"target\":[\"https:\/\/thewhiskykingdom.com\/versand-und-zahlung\/\"]}]},{\"@type\":\"ImageObject\",\"inLanguage\":\"en-US\",\"@id\":\"https:\/\/thewhiskykingdom.com\/versand-und-zahlung\/#primaryimage\",\"url\":\"https:\/\/thewhiskykingdom.com\/wp-content\/uploads\/2018\/06\/DSCF7924-scaled.jpg\",\"contentUrl\":\"https:\/\/thewhiskykingdom.com\/wp-content\/uploads\/2018\/06\/DSCF7924-scaled.jpg\",\"width\":2560,\"height\":1439},{\"@type\":\"BreadcrumbList\",\"@id\":\"https:\/\/thewhiskykingdom.com\/versand-und-zahlung\/#breadcrumb\",\"itemListElement\":[{\"@type\":\"ListItem\",\"position\":1,\"name\":\"The Whisky Kingdom\",\"item\":\"http:\/\/thewhiskykingdom.com\/en\/\"},{\"@type\":\"ListItem\",\"position\":2,\"name\":\"Versand und Zahlungsoptionen\"}]},{\"@type\":\"WebSite\",\"@id\":\"http:\/\/thewhiskykingdom.com\/en\/#website\",\"url\":\"http:\/\/thewhiskykingdom.com\/en\/\",\"name\":\"The Whisky Kingdom\",\"description\":\"Where whisky is king\",\"publisher\":{\"@id\":\"http:\/\/thewhiskykingdom.com\/en\/#organization\"},\"potentialAction\":[{\"@type\":\"SearchAction\",\"target\":{\"@type\":\"EntryPoint\",\"urlTemplate\":\"http:\/\/thewhiskykingdom.com\/en\/?s={search_term_string}\"},\"query-input\":{\"@type\":\"PropertyValueSpecification\",\"valueRequired\":true,\"valueName\":\"search_term_string\"}}],\"inLanguage\":\"en-US\"},{\"@type\":\"Organization\",\"@id\":\"http:\/\/thewhiskykingdom.com\/en\/#organization\",\"name\":\"The Whisky Kingdom UG\",\"url\":\"http:\/\/thewhiskykingdom.com\/en\/\",\"logo\":{\"@type\":\"ImageObject\",\"inLanguage\":\"en-US\",\"@id\":\"http:\/\/thewhiskykingdom.com\/en\/#\/schema\/logo\/image\/\",\"url\":\"https:\/\/thewhiskykingdom.com\/wp-content\/uploads\/2018\/03\/Logo_WK_750x750px3.jpg\",\"contentUrl\":\"https:\/\/thewhiskykingdom.com\/wp-content\/uploads\/2018\/03\/Logo_WK_750x750px3.jpg\",\"width\":750,\"height\":750,\"caption\":\"The Whisky Kingdom UG\"},\"image\":{\"@id\":\"http:\/\/thewhiskykingdom.com\/en\/#\/schema\/logo\/image\/\"},\"sameAs\":[\"https:\/\/www.facebook.com\/thewhiskykingdom\/\",\"https:\/\/www.instagram.com\/thewhiskykingdom\/\"]}]}<\/script>\n<!-- \/ Yoast SEO plugin. -->","yoast_head_json":{"title":"Versand und Zahlungsoptionen - The Whisky Kingdom","description":"Sie finden hier unsere Zahlungsoptionen und die Versandkosten. Ab einem Einkauf von 150\u20ac verschicken wir versandkostenfrei.","robots":{"index":"index","follow":"follow","max-snippet":"max-snippet:-1","max-image-preview":"max-image-preview:large","max-video-preview":"max-video-preview:-1"},"canonical":"https:\/\/thewhiskykingdom.com\/en\/versand-und-zahlung\/","og_locale":"en_US","og_type":"article","og_title":"Versand und Zahlungsoptionen - The Whisky Kingdom","og_description":"Sie finden hier unsere Zahlungsoptionen und die Versandkosten. Ab einem Einkauf von 150\u20ac verschicken wir versandkostenfrei.","og_url":"https:\/\/thewhiskykingdom.com\/en\/versand-und-zahlung\/","og_site_name":"The Whisky Kingdom","article_publisher":"https:\/\/www.facebook.com\/thewhiskykingdom\/","article_modified_time":"2023-08-27T16:20:23+00:00","og_image":[{"width":2560,"height":1439,"url":"https:\/\/thewhiskykingdom.com\/wp-content\/uploads\/2018\/06\/DSCF7924-scaled.jpg","type":"image\/jpeg"}],"twitter_card":"summary_large_image","schema":{"@context":"https:\/\/schema.org","@graph":[{"@type":"WebPage","@id":"https:\/\/thewhiskykingdom.com\/versand-und-zahlung\/","url":"https:\/\/thewhiskykingdom.com\/versand-und-zahlung\/","name":"Versand und Zahlungsoptionen - The Whisky Kingdom","isPartOf":{"@id":"http:\/\/thewhiskykingdom.com\/en\/#website"},"primaryImageOfPage":{"@id":"https:\/\/thewhiskykingdom.com\/versand-und-zahlung\/#primaryimage"},"image":{"@id":"https:\/\/thewhiskykingdom.com\/versand-und-zahlung\/#primaryimage"},"thumbnailUrl":"https:\/\/thewhiskykingdom.com\/wp-content\/uploads\/2018\/06\/DSCF7924-scaled.jpg","datePublished":"2018-02-18T08:37:49+00:00","dateModified":"2023-08-27T16:20:23+00:00","description":"Sie finden hier unsere Zahlungsoptionen und die Versandkosten. Ab einem Einkauf von 150\u20ac verschicken wir versandkostenfrei.","breadcrumb":{"@id":"https:\/\/thewhiskykingdom.com\/versand-und-zahlung\/#breadcrumb"},"inLanguage":"en-US","potentialAction":[{"@type":"ReadAction","target":["https:\/\/thewhiskykingdom.com\/versand-und-zahlung\/"]}]},{"@type":"ImageObject","inLanguage":"en-US","@id":"https:\/\/thewhiskykingdom.com\/versand-und-zahlung\/#primaryimage","url":"https:\/\/thewhiskykingdom.com\/wp-content\/uploads\/2018\/06\/DSCF7924-scaled.jpg","contentUrl":"https:\/\/thewhiskykingdom.com\/wp-content\/uploads\/2018\/06\/DSCF7924-scaled.jpg","width":2560,"height":1439},{"@type":"BreadcrumbList","@id":"https:\/\/thewhiskykingdom.com\/versand-und-zahlung\/#breadcrumb","itemListElement":[{"@type":"ListItem","position":1,"name":"The Whisky Kingdom","item":"http:\/\/thewhiskykingdom.com\/en\/"},{"@type":"ListItem","position":2,"name":"Versand und Zahlungsoptionen"}]},{"@type":"WebSite","@id":"http:\/\/thewhiskykingdom.com\/en\/#website","url":"http:\/\/thewhiskykingdom.com\/en\/","name":"The Whisky Kingdom","description":"Where whisky is king","publisher":{"@id":"http:\/\/thewhiskykingdom.com\/en\/#organization"},"potentialAction":[{"@type":"SearchAction","target":{"@type":"EntryPoint","urlTemplate":"http:\/\/thewhiskykingdom.com\/en\/?s={search_term_string}"},"query-input":{"@type":"PropertyValueSpecification","valueRequired":true,"valueName":"search_term_string"}}],"inLanguage":"en-US"},{"@type":"Organization","@id":"http:\/\/thewhiskykingdom.com\/en\/#organization","name":"The Whisky Kingdom UG","url":"http:\/\/thewhiskykingdom.com\/en\/","logo":{"@type":"ImageObject","inLanguage":"en-US","@id":"http:\/\/thewhiskykingdom.com\/en\/#\/schema\/logo\/image\/","url":"https:\/\/thewhiskykingdom.com\/wp-content\/uploads\/2018\/03\/Logo_WK_750x750px3.jpg","contentUrl":"https:\/\/thewhiskykingdom.com\/wp-content\/uploads\/2018\/03\/Logo_WK_750x750px3.jpg","width":750,"height":750,"caption":"The Whisky Kingdom UG"},"image":{"@id":"http:\/\/thewhiskykingdom.com\/en\/#\/schema\/logo\/image\/"},"sameAs":["https:\/\/www.facebook.com\/thewhiskykingdom\/","https:\/\/www.instagram.com\/thewhiskykingdom\/"]}]}},"_links":{"self":[{"href":"http:\/\/thewhiskykingdom.com\/en\/wp-json\/wp\/v2\/pages\/75","targetHints":{"allow":["GET"]}}],"collection":[{"href":"http:\/\/thewhiskykingdom.com\/en\/wp-json\/wp\/v2\/pages"}],"about":[{"href":"http:\/\/thewhiskykingdom.com\/en\/wp-json\/wp\/v2\/types\/page"}],"author":[{"embeddable":true,"href":"http:\/\/thewhiskykingdom.com\/en\/wp-json\/wp\/v2\/users\/1"}],"replies":[{"embeddable":true,"href":"http:\/\/thewhiskykingdom.com\/en\/wp-json\/wp\/v2\/comments?post=75"}],"version-history":[{"count":0,"href":"http:\/\/thewhiskykingdom.com\/en\/wp-json\/wp\/v2\/pages\/75\/revisions"}],"wp:featuredmedia":[{"embeddable":true,"href":"http:\/\/thewhiskykingdom.com\/en\/wp-json\/wp\/v2\/media\/412"}],"wp:attachment":[{"href":"http:\/\/thewhiskykingdom.com\/en\/wp-json\/wp\/v2\/media?parent=75"}],"curies":[{"name":"wp","href":"https:\/\/api.w.org\/{rel}","templated":true}]}}