{"id":1065,"date":"2024-05-06T07:59:38","date_gmt":"2024-05-06T05:59:38","guid":{"rendered":"https:\/\/thewhiskykingdom.com\/?post_type=product&#038;p=1065"},"modified":"2025-03-04T19:32:23","modified_gmt":"2025-03-04T18:32:23","slug":"jamaican-blend-wdc","status":"publish","type":"product","link":"http:\/\/thewhiskykingdom.com\/en\/shop\/jamaican-blend-wdc\/","title":{"rendered":"Jamaican Rum Blend 23 Jahre Wu DRAM Clan 57% 0.7L"},"content":{"rendered":"<p><strong>Abf\u00fcller<\/strong>: Duckhammers Handelsgesellschaft mbH, Scheffelweg 1, 77694 Kehl<br \/>\n<strong>Altersangabe<\/strong>: 23 Jahre<br \/>\n<strong>Alcohol strength<\/strong>: 57% Vol.<br \/>\n<strong>Content<\/strong>: 0.7 Liter<br \/>\n<strong>Info<\/strong>: non-chill filtered, uncoloured<\/p>","protected":false},"excerpt":{"rendered":"<p><strong>Jamaican Rum Blend Wu DRAM Clan 57% vol.<\/strong><\/p>\n<p>Der Jamaican Rum Blend von Wu DRAM Clan wurde speziell f\u00fcr die Fans der alten jamaikanischen Rums erschaffen. Das Mindestalter des Blends lautet 23 Jahre, aber zwei Drittel der Bestandteile sind um Einiges \u00e4lter.<\/p>\n<p>Der Abf\u00fcller <strong>Wu DRAM Clan<\/strong> bietet volle Transparenz zum Inhalt des Blends:<\/p>\n<ul>\n<li>40% Monymusk EMB 1995: 23 Jahre tropische Reifung und 6 Jahre kontinentale Reifung<\/li>\n<li>32% Long Pond LPS 2001: 23 Jahre kontinentale Reifung<\/li>\n<li>28% New Yarmouth 1994: 24 Jahre tropische Reifung und 5 Jahre kontinentale Reifung<\/li>\n<\/ul>\n<p>Dieser aussergew\u00f6hnliche Blend wurde exklusiv f\u00fcr Wu DRAM Clan abgef\u00fcllt und ist streng limitiert &#8211; es existieren nur 218 Flaschen. Fast ein Drittel davon ist f\u00fcr den asiatischen Markt gedacht.<\/p>\n<p><strong>Sie finden auch viele andere <a href=\"https:\/\/thewhiskykingdom.com\/en\/product-tag\/wu-dram-clan\/\"><span style=\"color: #ff6600;\">Wu Dram Clan Abf\u00fcllungen<\/span><\/a> im unseren Shop.<\/strong><\/p>\n<p><strong>Alcohol strength<\/strong>: 57% vol.<br \/>\n<strong>Content<\/strong>: 0.7 Liter<\/p>","protected":false},"featured_media":2367,"template":"","meta":{"_crdt_document":""},"product_brand":[],"product_cat":[54],"product_tag":[142,91,139],"class_list":{"0":"post-1065","1":"product","2":"type-product","3":"status-publish","4":"has-post-thumbnail","6":"product_cat-rum","7":"product_tag-blend","8":"product_tag-rum","9":"product_tag-wu-dram-clan","11":"first","12":"outofstock","13":"taxable","14":"shipping-taxable","15":"purchasable","16":"product-type-simple"},"yoast_head":"<!-- This site is optimized with the Yoast SEO plugin v27.1.1 - https:\/\/yoast.com\/product\/yoast-seo-wordpress\/ -->\n<title>Jamaican Rum Blend 23 Jahre Wu DRAM Clan 57% 0.7L - The Whisky Kingdom<\/title>\n<meta name=\"description\" content=\"Ein aussergew\u00f6hnlicher Blend aus jamaikanischen Rums mit 57% abgef\u00fcllt und speziell f\u00fcr Wu DRAM Clan erschaffen. Mindestens 23 Jahre alt.\" \/>\n<meta name=\"robots\" content=\"index, follow, max-snippet:-1, max-image-preview:large, max-video-preview:-1\" \/>\n<link rel=\"canonical\" href=\"https:\/\/thewhiskykingdom.com\/en\/shop\/jamaican-blend-wdc\/\" \/>\n<meta property=\"og:locale\" content=\"en_US\" \/>\n<meta property=\"og:type\" content=\"article\" \/>\n<meta property=\"og:title\" content=\"Jamaican Rum Blend 23 Jahre Wu DRAM Clan 57% 0.7L - The Whisky Kingdom\" \/>\n<meta property=\"og:description\" content=\"Ein aussergew\u00f6hnlicher Blend aus jamaikanischen Rums mit 57% abgef\u00fcllt und speziell f\u00fcr Wu DRAM Clan erschaffen. Mindestens 23 Jahre alt.\" \/>\n<meta property=\"og:url\" content=\"https:\/\/thewhiskykingdom.com\/en\/shop\/jamaican-blend-wdc\/\" \/>\n<meta property=\"og:site_name\" content=\"The Whisky Kingdom\" \/>\n<meta property=\"article:publisher\" content=\"https:\/\/www.facebook.com\/thewhiskykingdom\/\" \/>\n<meta property=\"article:modified_time\" content=\"2025-03-04T18:32:23+00:00\" \/>\n<meta property=\"og:image\" content=\"https:\/\/thewhiskykingdom.com\/wp-content\/uploads\/2020\/09\/Jamaican_Blend_WDC.jpg\" \/>\n\t<meta property=\"og:image:width\" content=\"1920\" \/>\n\t<meta property=\"og:image:height\" content=\"1920\" \/>\n\t<meta property=\"og:image:type\" content=\"image\/jpeg\" \/>\n<meta name=\"twitter:card\" content=\"summary_large_image\" \/>\n<script type=\"application\/ld+json\" class=\"yoast-schema-graph\">{\"@context\":\"https:\/\/schema.org\",\"@graph\":[{\"@type\":\"WebPage\",\"@id\":\"https:\/\/thewhiskykingdom.com\/shop\/jamaican-blend-wdc\/\",\"url\":\"https:\/\/thewhiskykingdom.com\/shop\/jamaican-blend-wdc\/\",\"name\":\"Jamaican Rum Blend 23 Jahre Wu DRAM Clan 57% 0.7L - The Whisky Kingdom\",\"isPartOf\":{\"@id\":\"http:\/\/thewhiskykingdom.com\/en\/#website\"},\"primaryImageOfPage\":{\"@id\":\"https:\/\/thewhiskykingdom.com\/shop\/jamaican-blend-wdc\/#primaryimage\"},\"image\":{\"@id\":\"https:\/\/thewhiskykingdom.com\/shop\/jamaican-blend-wdc\/#primaryimage\"},\"thumbnailUrl\":\"https:\/\/thewhiskykingdom.com\/wp-content\/uploads\/2020\/09\/Jamaican_Blend_WDC.jpg\",\"datePublished\":\"2024-05-06T05:59:38+00:00\",\"dateModified\":\"2025-03-04T18:32:23+00:00\",\"description\":\"Ein aussergew\u00f6hnlicher Blend aus jamaikanischen Rums mit 57% abgef\u00fcllt und speziell f\u00fcr Wu DRAM Clan erschaffen. Mindestens 23 Jahre alt.\",\"breadcrumb\":{\"@id\":\"https:\/\/thewhiskykingdom.com\/shop\/jamaican-blend-wdc\/#breadcrumb\"},\"inLanguage\":\"en-US\",\"potentialAction\":[{\"@type\":\"ReadAction\",\"target\":[\"https:\/\/thewhiskykingdom.com\/shop\/jamaican-blend-wdc\/\"]}]},{\"@type\":\"ImageObject\",\"inLanguage\":\"en-US\",\"@id\":\"https:\/\/thewhiskykingdom.com\/shop\/jamaican-blend-wdc\/#primaryimage\",\"url\":\"https:\/\/thewhiskykingdom.com\/wp-content\/uploads\/2020\/09\/Jamaican_Blend_WDC.jpg\",\"contentUrl\":\"https:\/\/thewhiskykingdom.com\/wp-content\/uploads\/2020\/09\/Jamaican_Blend_WDC.jpg\",\"width\":1920,\"height\":1920,\"caption\":\"Jamaican_Blend_WDC.jpg\"},{\"@type\":\"BreadcrumbList\",\"@id\":\"https:\/\/thewhiskykingdom.com\/shop\/jamaican-blend-wdc\/#breadcrumb\",\"itemListElement\":[{\"@type\":\"ListItem\",\"position\":1,\"name\":\"The Whisky Kingdom\",\"item\":\"http:\/\/thewhiskykingdom.com\/en\/\"},{\"@type\":\"ListItem\",\"position\":2,\"name\":\"Shop\",\"item\":\"http:\/\/thewhiskykingdom.com\/en\/shop\/\"},{\"@type\":\"ListItem\",\"position\":3,\"name\":\"Jamaican Rum Blend 23 Jahre Wu DRAM Clan 57% 0.7L\"}]},{\"@type\":\"WebSite\",\"@id\":\"http:\/\/thewhiskykingdom.com\/en\/#website\",\"url\":\"http:\/\/thewhiskykingdom.com\/en\/\",\"name\":\"The Whisky Kingdom\",\"description\":\"Where whisky is king\",\"publisher\":{\"@id\":\"http:\/\/thewhiskykingdom.com\/en\/#organization\"},\"potentialAction\":[{\"@type\":\"SearchAction\",\"target\":{\"@type\":\"EntryPoint\",\"urlTemplate\":\"http:\/\/thewhiskykingdom.com\/en\/?s={search_term_string}\"},\"query-input\":{\"@type\":\"PropertyValueSpecification\",\"valueRequired\":true,\"valueName\":\"search_term_string\"}}],\"inLanguage\":\"en-US\"},{\"@type\":\"Organization\",\"@id\":\"http:\/\/thewhiskykingdom.com\/en\/#organization\",\"name\":\"The Whisky Kingdom UG\",\"url\":\"http:\/\/thewhiskykingdom.com\/en\/\",\"logo\":{\"@type\":\"ImageObject\",\"inLanguage\":\"en-US\",\"@id\":\"http:\/\/thewhiskykingdom.com\/en\/#\/schema\/logo\/image\/\",\"url\":\"https:\/\/thewhiskykingdom.com\/wp-content\/uploads\/2018\/03\/Logo_WK_750x750px3.jpg\",\"contentUrl\":\"https:\/\/thewhiskykingdom.com\/wp-content\/uploads\/2018\/03\/Logo_WK_750x750px3.jpg\",\"width\":750,\"height\":750,\"caption\":\"The Whisky Kingdom UG\"},\"image\":{\"@id\":\"http:\/\/thewhiskykingdom.com\/en\/#\/schema\/logo\/image\/\"},\"sameAs\":[\"https:\/\/www.facebook.com\/thewhiskykingdom\/\",\"https:\/\/www.instagram.com\/thewhiskykingdom\/\"]}]}<\/script>\n<!-- \/ Yoast SEO plugin. -->","yoast_head_json":{"title":"Jamaican Rum Blend 23 Jahre Wu DRAM Clan 57% 0.7L - The Whisky Kingdom","description":"Ein aussergew\u00f6hnlicher Blend aus jamaikanischen Rums mit 57% abgef\u00fcllt und speziell f\u00fcr Wu DRAM Clan erschaffen. Mindestens 23 Jahre alt.","robots":{"index":"index","follow":"follow","max-snippet":"max-snippet:-1","max-image-preview":"max-image-preview:large","max-video-preview":"max-video-preview:-1"},"canonical":"https:\/\/thewhiskykingdom.com\/en\/shop\/jamaican-blend-wdc\/","og_locale":"en_US","og_type":"article","og_title":"Jamaican Rum Blend 23 Jahre Wu DRAM Clan 57% 0.7L - The Whisky Kingdom","og_description":"Ein aussergew\u00f6hnlicher Blend aus jamaikanischen Rums mit 57% abgef\u00fcllt und speziell f\u00fcr Wu DRAM Clan erschaffen. Mindestens 23 Jahre alt.","og_url":"https:\/\/thewhiskykingdom.com\/en\/shop\/jamaican-blend-wdc\/","og_site_name":"The Whisky Kingdom","article_publisher":"https:\/\/www.facebook.com\/thewhiskykingdom\/","article_modified_time":"2025-03-04T18:32:23+00:00","og_image":[{"width":1920,"height":1920,"url":"https:\/\/thewhiskykingdom.com\/wp-content\/uploads\/2020\/09\/Jamaican_Blend_WDC.jpg","type":"image\/jpeg"}],"twitter_card":"summary_large_image","schema":{"@context":"https:\/\/schema.org","@graph":[{"@type":"WebPage","@id":"https:\/\/thewhiskykingdom.com\/shop\/jamaican-blend-wdc\/","url":"https:\/\/thewhiskykingdom.com\/shop\/jamaican-blend-wdc\/","name":"Jamaican Rum Blend 23 Jahre Wu DRAM Clan 57% 0.7L - The Whisky Kingdom","isPartOf":{"@id":"http:\/\/thewhiskykingdom.com\/en\/#website"},"primaryImageOfPage":{"@id":"https:\/\/thewhiskykingdom.com\/shop\/jamaican-blend-wdc\/#primaryimage"},"image":{"@id":"https:\/\/thewhiskykingdom.com\/shop\/jamaican-blend-wdc\/#primaryimage"},"thumbnailUrl":"https:\/\/thewhiskykingdom.com\/wp-content\/uploads\/2020\/09\/Jamaican_Blend_WDC.jpg","datePublished":"2024-05-06T05:59:38+00:00","dateModified":"2025-03-04T18:32:23+00:00","description":"Ein aussergew\u00f6hnlicher Blend aus jamaikanischen Rums mit 57% abgef\u00fcllt und speziell f\u00fcr Wu DRAM Clan erschaffen. Mindestens 23 Jahre alt.","breadcrumb":{"@id":"https:\/\/thewhiskykingdom.com\/shop\/jamaican-blend-wdc\/#breadcrumb"},"inLanguage":"en-US","potentialAction":[{"@type":"ReadAction","target":["https:\/\/thewhiskykingdom.com\/shop\/jamaican-blend-wdc\/"]}]},{"@type":"ImageObject","inLanguage":"en-US","@id":"https:\/\/thewhiskykingdom.com\/shop\/jamaican-blend-wdc\/#primaryimage","url":"https:\/\/thewhiskykingdom.com\/wp-content\/uploads\/2020\/09\/Jamaican_Blend_WDC.jpg","contentUrl":"https:\/\/thewhiskykingdom.com\/wp-content\/uploads\/2020\/09\/Jamaican_Blend_WDC.jpg","width":1920,"height":1920,"caption":"Jamaican_Blend_WDC.jpg"},{"@type":"BreadcrumbList","@id":"https:\/\/thewhiskykingdom.com\/shop\/jamaican-blend-wdc\/#breadcrumb","itemListElement":[{"@type":"ListItem","position":1,"name":"The Whisky Kingdom","item":"http:\/\/thewhiskykingdom.com\/en\/"},{"@type":"ListItem","position":2,"name":"Shop","item":"http:\/\/thewhiskykingdom.com\/en\/shop\/"},{"@type":"ListItem","position":3,"name":"Jamaican Rum Blend 23 Jahre Wu DRAM Clan 57% 0.7L"}]},{"@type":"WebSite","@id":"http:\/\/thewhiskykingdom.com\/en\/#website","url":"http:\/\/thewhiskykingdom.com\/en\/","name":"The Whisky Kingdom","description":"Where whisky is king","publisher":{"@id":"http:\/\/thewhiskykingdom.com\/en\/#organization"},"potentialAction":[{"@type":"SearchAction","target":{"@type":"EntryPoint","urlTemplate":"http:\/\/thewhiskykingdom.com\/en\/?s={search_term_string}"},"query-input":{"@type":"PropertyValueSpecification","valueRequired":true,"valueName":"search_term_string"}}],"inLanguage":"en-US"},{"@type":"Organization","@id":"http:\/\/thewhiskykingdom.com\/en\/#organization","name":"The Whisky Kingdom UG","url":"http:\/\/thewhiskykingdom.com\/en\/","logo":{"@type":"ImageObject","inLanguage":"en-US","@id":"http:\/\/thewhiskykingdom.com\/en\/#\/schema\/logo\/image\/","url":"https:\/\/thewhiskykingdom.com\/wp-content\/uploads\/2018\/03\/Logo_WK_750x750px3.jpg","contentUrl":"https:\/\/thewhiskykingdom.com\/wp-content\/uploads\/2018\/03\/Logo_WK_750x750px3.jpg","width":750,"height":750,"caption":"The Whisky Kingdom UG"},"image":{"@id":"http:\/\/thewhiskykingdom.com\/en\/#\/schema\/logo\/image\/"},"sameAs":["https:\/\/www.facebook.com\/thewhiskykingdom\/","https:\/\/www.instagram.com\/thewhiskykingdom\/"]}]}},"_links":{"self":[{"href":"http:\/\/thewhiskykingdom.com\/en\/wp-json\/wp\/v2\/product\/1065","targetHints":{"allow":["GET"]}}],"collection":[{"href":"http:\/\/thewhiskykingdom.com\/en\/wp-json\/wp\/v2\/product"}],"about":[{"href":"http:\/\/thewhiskykingdom.com\/en\/wp-json\/wp\/v2\/types\/product"}],"wp:featuredmedia":[{"embeddable":true,"href":"http:\/\/thewhiskykingdom.com\/en\/wp-json\/wp\/v2\/media\/2367"}],"wp:attachment":[{"href":"http:\/\/thewhiskykingdom.com\/en\/wp-json\/wp\/v2\/media?parent=1065"}],"wp:term":[{"taxonomy":"product_brand","embeddable":true,"href":"http:\/\/thewhiskykingdom.com\/en\/wp-json\/wp\/v2\/product_brand?post=1065"},{"taxonomy":"product_cat","embeddable":true,"href":"http:\/\/thewhiskykingdom.com\/en\/wp-json\/wp\/v2\/product_cat?post=1065"},{"taxonomy":"product_tag","embeddable":true,"href":"http:\/\/thewhiskykingdom.com\/en\/wp-json\/wp\/v2\/product_tag?post=1065"}],"curies":[{"name":"wp","href":"https:\/\/api.w.org\/{rel}","templated":true}]}}