{"id":1563,"date":"2020-11-13T18:07:59","date_gmt":"2020-11-13T17:07:59","guid":{"rendered":"https:\/\/thewhiskykingdom.com\/?post_type=product&#038;p=1563"},"modified":"2025-08-25T19:01:21","modified_gmt":"2025-08-25T17:01:21","slug":"armagnac-baraillon-1918","status":"publish","type":"product","link":"http:\/\/thewhiskykingdom.com\/en\/shop\/armagnac-baraillon-1918\/","title":{"rendered":"Armagnac Domaine de Baraillon 1918 41% 0.7L"},"content":{"rendered":"<p><strong>Hersteller<\/strong>: SCEA Claverie, Domaine de Baraillon, 32240 Lannemaignan, Frankreich<br \/>\n<strong>Vintage<\/strong>: 1918<br \/>\n<strong>Abgef\u00fcllt<\/strong>: 2022<br \/>\n<strong>Alcohol strength<\/strong>: 41% Vol.<br \/>\n<strong>Content<\/strong>: 0.7 Liter<br \/>\n<strong>Info<\/strong>: ungef\u00e4rbt<\/p>","protected":false},"excerpt":{"rendered":"<p><strong>Armagnac Domaine der Baraillon 1918\/2022 naturbelassen abgef\u00fcllt.<\/strong><\/p>\n<p>Eine echte Rarit\u00e4t! Wir sind stolz darauf von diesem Armagnac aus 1918 in 2022 ein paar Flaschen abgef\u00fcllt zu haben. Sehr selten und streng limitiert, dies ist ein St\u00fcck fl\u00fcssige Geschichte.<\/p>\n<p><strong>Dieser Jahrgang ist Stand 2025 nicht mehr bei der Domaine bestellbar und dies ist die letzte Flasche in unserem Shop.<\/strong><\/p>\n<p>Dieser Armagnac stammt von Domaine der Baraillon in der Bas-Armagnac Region. Er wurde in 1918 destilliert und in 2022 abgef\u00fcllt.<\/p>\n<p><strong>Serge (whiskyfun.com) hat folgende Bewertung f\u00fcr eine Abf\u00fcllung aus 2019 vom gleichen Batch (damals noch mit 42%) gegeben:<\/strong><\/p>\n<p><em><strong>Domaine de Baraillon 1918\/2019 (42%, OB, Bas-Armagnac) Five stars<\/strong><\/em><br \/>\n<em>That is right, over one hundred years old in theory, but I\u2019ve got confirmation that it was actually lying in demi-johns when they bottled it last year, so it\u2019s not \u2018technically\u2019 a 100 years old. However, some Scottish brands would hire near-bankrupt crystal makers, reawaken obscure photographers or painters, activate embedded influencers and hungry PR people, and slap a price tag with six figures on such juice. But Baraillon would never do that, they would just use a most regular bottle and let the spirit speak for itself. I would add that as WWI only ended on November 11, the men were still at war (or dead) when this vintage was harvested. Which means that 1918 was a women\u2019s vintage \u2013 while women\u2019s vintages have just always been the best. Ever. Sexism in spirits, indeed!<br \/>\n<strong>Colour:<\/strong> deep gold.<br \/>\n<strong>Nose:<\/strong> shh, quiet please\u2026 Oh what a beauty\u2026 First some juicy red peaches, some black earth, some wild mushrooms (Caesar\u2019s mushrooms, best in the world), some precious little sultanas, a little tamarind perhaps, artisan guignolet (bigarreau cherry liqueur)\u2026 Oh how subtle this is! Then we have anything herbal, old chartreuse perhaps, some old pipe tobacco, bits of bergamots, a little caraway and juniper, chestnuts and prunes, wee touches of chen-pi (sun-dried tangerine skin) and a little hoisin sauce (plums), something slightly miso-y (right, osmaz\u00f4me), game, mint, liquorice\u2026 Oh wow oh wow oh wow! I really feel privileged, I don\u2019t think there\u2019s a more glorious way of celebrating the end of the worst war ever.<br \/>\n<strong>Mouth:<\/strong> boy I was afraid this would be too dry. And indeed it is dry \u2013 how and why wouldn\u2019t it be dry &#8211; but feeling, in the deepest centre of your being, these tiny apricots, raisins and peaches still alive and singing is just extraordinary. Now indeed, wood spices and oils are rather having the stage, but without ever getting drying or just \u2018too much\u2019. No over-infused black tea whatsoever! Some adorable notes of chestnut honey, raw cocoa, black teas Russian-style (again, not over-infused), touches of roses, saffron, black tobacco \u2013 they were smoking Gauloises or \u2018gris\u2019 in 1918, chicory coffee\u2026 Well we could go on and on and on. Incredible drop.<br \/>\n<strong>Finish:<\/strong> amazing. I\u2019ll leave it at that.<br \/>\n<strong>Comments:<\/strong> this is life. All the rest, except family and friends, is totally superfluous, including f****g politics and b****y religion. No I don\u2019t feel like I should apologize. Remember, WWI, 20 million deaths.<br \/>\n<strong>SGP:461 &#8211; 94 points.<\/strong><\/em><\/p>\n<p><em><strong>Source<\/strong> <a href=\"http:\/\/www.whiskyfun.com\/2020\/Armagnac-for-maniacs.html\">http:\/\/www.whiskyfun.com\/2020\/Armagnac-for-maniacs.html<\/a><\/em><\/p>\n<p><strong>Alcohol strength<\/strong>: 42% Vol.<br \/>\n<strong>Content<\/strong>: 0.7 Liter<\/p>","protected":false},"featured_media":1748,"template":"","meta":{"_crdt_document":""},"product_brand":[],"product_cat":[107],"product_tag":[109,110],"class_list":{"0":"post-1563","1":"product","2":"type-product","3":"status-publish","4":"has-post-thumbnail","6":"product_cat-armagnac","7":"product_tag-armagnac","8":"product_tag-naturbelassen","10":"first","11":"instock","12":"taxable","13":"shipping-taxable","14":"purchasable","15":"product-type-simple"},"yoast_head":"<!-- This site is optimized with the Yoast SEO plugin v27.1.1 - https:\/\/yoast.com\/product\/yoast-seo-wordpress\/ -->\n<title>Armagnac Domaine de Baraillon 1918 41% 0.7L - The Whisky Kingdom<\/title>\n<meta name=\"description\" content=\"Armagnac Domaine de Baraillon Vintage 1918 abgef\u00fcllt in 2022. Einzelfassabf\u00fcllung in Fassst\u00e4rke. Dieser Jahrgang ist beim Produzenten nicht mehr bestellbar.\" \/>\n<meta name=\"robots\" content=\"index, follow, max-snippet:-1, max-image-preview:large, max-video-preview:-1\" \/>\n<link rel=\"canonical\" href=\"https:\/\/thewhiskykingdom.com\/en\/shop\/armagnac-baraillon-1918\/\" \/>\n<meta property=\"og:locale\" content=\"en_US\" \/>\n<meta property=\"og:type\" content=\"article\" \/>\n<meta property=\"og:title\" content=\"Armagnac Domaine de Baraillon 1918 41% 0.7L - The Whisky Kingdom\" \/>\n<meta property=\"og:description\" content=\"Armagnac Domaine de Baraillon Vintage 1918 abgef\u00fcllt in 2022. Einzelfassabf\u00fcllung in Fassst\u00e4rke. Dieser Jahrgang ist beim Produzenten nicht mehr bestellbar.\" \/>\n<meta property=\"og:url\" content=\"https:\/\/thewhiskykingdom.com\/en\/shop\/armagnac-baraillon-1918\/\" \/>\n<meta property=\"og:site_name\" content=\"The Whisky Kingdom\" \/>\n<meta property=\"article:publisher\" content=\"https:\/\/www.facebook.com\/thewhiskykingdom\/\" \/>\n<meta property=\"article:modified_time\" content=\"2025-08-25T17:01:21+00:00\" \/>\n<meta property=\"og:image\" content=\"https:\/\/thewhiskykingdom.com\/wp-content\/uploads\/2021\/02\/1918.jpg\" \/>\n\t<meta property=\"og:image:width\" content=\"1920\" \/>\n\t<meta property=\"og:image:height\" content=\"1920\" \/>\n\t<meta property=\"og:image:type\" content=\"image\/jpeg\" \/>\n<meta name=\"twitter:card\" content=\"summary_large_image\" \/>\n<script type=\"application\/ld+json\" class=\"yoast-schema-graph\">{\"@context\":\"https:\/\/schema.org\",\"@graph\":[{\"@type\":\"WebPage\",\"@id\":\"https:\/\/thewhiskykingdom.com\/shop\/armagnac-baraillon-1918\/\",\"url\":\"https:\/\/thewhiskykingdom.com\/shop\/armagnac-baraillon-1918\/\",\"name\":\"Armagnac Domaine de Baraillon 1918 41% 0.7L - The Whisky Kingdom\",\"isPartOf\":{\"@id\":\"http:\/\/thewhiskykingdom.com\/en\/#website\"},\"primaryImageOfPage\":{\"@id\":\"https:\/\/thewhiskykingdom.com\/shop\/armagnac-baraillon-1918\/#primaryimage\"},\"image\":{\"@id\":\"https:\/\/thewhiskykingdom.com\/shop\/armagnac-baraillon-1918\/#primaryimage\"},\"thumbnailUrl\":\"https:\/\/thewhiskykingdom.com\/wp-content\/uploads\/2021\/02\/1918.jpg\",\"datePublished\":\"2020-11-13T17:07:59+00:00\",\"dateModified\":\"2025-08-25T17:01:21+00:00\",\"description\":\"Armagnac Domaine de Baraillon Vintage 1918 abgef\u00fcllt in 2022. Einzelfassabf\u00fcllung in Fassst\u00e4rke. Dieser Jahrgang ist beim Produzenten nicht mehr bestellbar.\",\"breadcrumb\":{\"@id\":\"https:\/\/thewhiskykingdom.com\/shop\/armagnac-baraillon-1918\/#breadcrumb\"},\"inLanguage\":\"en-US\",\"potentialAction\":[{\"@type\":\"ReadAction\",\"target\":[\"https:\/\/thewhiskykingdom.com\/shop\/armagnac-baraillon-1918\/\"]}]},{\"@type\":\"ImageObject\",\"inLanguage\":\"en-US\",\"@id\":\"https:\/\/thewhiskykingdom.com\/shop\/armagnac-baraillon-1918\/#primaryimage\",\"url\":\"https:\/\/thewhiskykingdom.com\/wp-content\/uploads\/2021\/02\/1918.jpg\",\"contentUrl\":\"https:\/\/thewhiskykingdom.com\/wp-content\/uploads\/2021\/02\/1918.jpg\",\"width\":1920,\"height\":1920,\"caption\":\"Baraillon 1918\"},{\"@type\":\"BreadcrumbList\",\"@id\":\"https:\/\/thewhiskykingdom.com\/shop\/armagnac-baraillon-1918\/#breadcrumb\",\"itemListElement\":[{\"@type\":\"ListItem\",\"position\":1,\"name\":\"The Whisky Kingdom\",\"item\":\"http:\/\/thewhiskykingdom.com\/en\/\"},{\"@type\":\"ListItem\",\"position\":2,\"name\":\"Shop\",\"item\":\"http:\/\/thewhiskykingdom.com\/en\/shop\/\"},{\"@type\":\"ListItem\",\"position\":3,\"name\":\"Armagnac Domaine de Baraillon 1918 41% 0.7L\"}]},{\"@type\":\"WebSite\",\"@id\":\"http:\/\/thewhiskykingdom.com\/en\/#website\",\"url\":\"http:\/\/thewhiskykingdom.com\/en\/\",\"name\":\"The Whisky Kingdom\",\"description\":\"Where whisky is king\",\"publisher\":{\"@id\":\"http:\/\/thewhiskykingdom.com\/en\/#organization\"},\"potentialAction\":[{\"@type\":\"SearchAction\",\"target\":{\"@type\":\"EntryPoint\",\"urlTemplate\":\"http:\/\/thewhiskykingdom.com\/en\/?s={search_term_string}\"},\"query-input\":{\"@type\":\"PropertyValueSpecification\",\"valueRequired\":true,\"valueName\":\"search_term_string\"}}],\"inLanguage\":\"en-US\"},{\"@type\":\"Organization\",\"@id\":\"http:\/\/thewhiskykingdom.com\/en\/#organization\",\"name\":\"The Whisky Kingdom UG\",\"url\":\"http:\/\/thewhiskykingdom.com\/en\/\",\"logo\":{\"@type\":\"ImageObject\",\"inLanguage\":\"en-US\",\"@id\":\"http:\/\/thewhiskykingdom.com\/en\/#\/schema\/logo\/image\/\",\"url\":\"https:\/\/thewhiskykingdom.com\/wp-content\/uploads\/2018\/03\/Logo_WK_750x750px3.jpg\",\"contentUrl\":\"https:\/\/thewhiskykingdom.com\/wp-content\/uploads\/2018\/03\/Logo_WK_750x750px3.jpg\",\"width\":750,\"height\":750,\"caption\":\"The Whisky Kingdom UG\"},\"image\":{\"@id\":\"http:\/\/thewhiskykingdom.com\/en\/#\/schema\/logo\/image\/\"},\"sameAs\":[\"https:\/\/www.facebook.com\/thewhiskykingdom\/\",\"https:\/\/www.instagram.com\/thewhiskykingdom\/\"]}]}<\/script>\n<!-- \/ Yoast SEO plugin. -->","yoast_head_json":{"title":"Armagnac Domaine de Baraillon 1918 41% 0.7L - The Whisky Kingdom","description":"Armagnac Domaine de Baraillon Vintage 1918 abgef\u00fcllt in 2022. Einzelfassabf\u00fcllung in Fassst\u00e4rke. Dieser Jahrgang ist beim Produzenten nicht mehr bestellbar.","robots":{"index":"index","follow":"follow","max-snippet":"max-snippet:-1","max-image-preview":"max-image-preview:large","max-video-preview":"max-video-preview:-1"},"canonical":"https:\/\/thewhiskykingdom.com\/en\/shop\/armagnac-baraillon-1918\/","og_locale":"en_US","og_type":"article","og_title":"Armagnac Domaine de Baraillon 1918 41% 0.7L - The Whisky Kingdom","og_description":"Armagnac Domaine de Baraillon Vintage 1918 abgef\u00fcllt in 2022. Einzelfassabf\u00fcllung in Fassst\u00e4rke. Dieser Jahrgang ist beim Produzenten nicht mehr bestellbar.","og_url":"https:\/\/thewhiskykingdom.com\/en\/shop\/armagnac-baraillon-1918\/","og_site_name":"The Whisky Kingdom","article_publisher":"https:\/\/www.facebook.com\/thewhiskykingdom\/","article_modified_time":"2025-08-25T17:01:21+00:00","og_image":[{"width":1920,"height":1920,"url":"https:\/\/thewhiskykingdom.com\/wp-content\/uploads\/2021\/02\/1918.jpg","type":"image\/jpeg"}],"twitter_card":"summary_large_image","schema":{"@context":"https:\/\/schema.org","@graph":[{"@type":"WebPage","@id":"https:\/\/thewhiskykingdom.com\/shop\/armagnac-baraillon-1918\/","url":"https:\/\/thewhiskykingdom.com\/shop\/armagnac-baraillon-1918\/","name":"Armagnac Domaine de Baraillon 1918 41% 0.7L - The Whisky Kingdom","isPartOf":{"@id":"http:\/\/thewhiskykingdom.com\/en\/#website"},"primaryImageOfPage":{"@id":"https:\/\/thewhiskykingdom.com\/shop\/armagnac-baraillon-1918\/#primaryimage"},"image":{"@id":"https:\/\/thewhiskykingdom.com\/shop\/armagnac-baraillon-1918\/#primaryimage"},"thumbnailUrl":"https:\/\/thewhiskykingdom.com\/wp-content\/uploads\/2021\/02\/1918.jpg","datePublished":"2020-11-13T17:07:59+00:00","dateModified":"2025-08-25T17:01:21+00:00","description":"Armagnac Domaine de Baraillon Vintage 1918 abgef\u00fcllt in 2022. Einzelfassabf\u00fcllung in Fassst\u00e4rke. Dieser Jahrgang ist beim Produzenten nicht mehr bestellbar.","breadcrumb":{"@id":"https:\/\/thewhiskykingdom.com\/shop\/armagnac-baraillon-1918\/#breadcrumb"},"inLanguage":"en-US","potentialAction":[{"@type":"ReadAction","target":["https:\/\/thewhiskykingdom.com\/shop\/armagnac-baraillon-1918\/"]}]},{"@type":"ImageObject","inLanguage":"en-US","@id":"https:\/\/thewhiskykingdom.com\/shop\/armagnac-baraillon-1918\/#primaryimage","url":"https:\/\/thewhiskykingdom.com\/wp-content\/uploads\/2021\/02\/1918.jpg","contentUrl":"https:\/\/thewhiskykingdom.com\/wp-content\/uploads\/2021\/02\/1918.jpg","width":1920,"height":1920,"caption":"Baraillon 1918"},{"@type":"BreadcrumbList","@id":"https:\/\/thewhiskykingdom.com\/shop\/armagnac-baraillon-1918\/#breadcrumb","itemListElement":[{"@type":"ListItem","position":1,"name":"The Whisky Kingdom","item":"http:\/\/thewhiskykingdom.com\/en\/"},{"@type":"ListItem","position":2,"name":"Shop","item":"http:\/\/thewhiskykingdom.com\/en\/shop\/"},{"@type":"ListItem","position":3,"name":"Armagnac Domaine de Baraillon 1918 41% 0.7L"}]},{"@type":"WebSite","@id":"http:\/\/thewhiskykingdom.com\/en\/#website","url":"http:\/\/thewhiskykingdom.com\/en\/","name":"The Whisky Kingdom","description":"Where whisky is king","publisher":{"@id":"http:\/\/thewhiskykingdom.com\/en\/#organization"},"potentialAction":[{"@type":"SearchAction","target":{"@type":"EntryPoint","urlTemplate":"http:\/\/thewhiskykingdom.com\/en\/?s={search_term_string}"},"query-input":{"@type":"PropertyValueSpecification","valueRequired":true,"valueName":"search_term_string"}}],"inLanguage":"en-US"},{"@type":"Organization","@id":"http:\/\/thewhiskykingdom.com\/en\/#organization","name":"The Whisky Kingdom UG","url":"http:\/\/thewhiskykingdom.com\/en\/","logo":{"@type":"ImageObject","inLanguage":"en-US","@id":"http:\/\/thewhiskykingdom.com\/en\/#\/schema\/logo\/image\/","url":"https:\/\/thewhiskykingdom.com\/wp-content\/uploads\/2018\/03\/Logo_WK_750x750px3.jpg","contentUrl":"https:\/\/thewhiskykingdom.com\/wp-content\/uploads\/2018\/03\/Logo_WK_750x750px3.jpg","width":750,"height":750,"caption":"The Whisky Kingdom UG"},"image":{"@id":"http:\/\/thewhiskykingdom.com\/en\/#\/schema\/logo\/image\/"},"sameAs":["https:\/\/www.facebook.com\/thewhiskykingdom\/","https:\/\/www.instagram.com\/thewhiskykingdom\/"]}]}},"_links":{"self":[{"href":"http:\/\/thewhiskykingdom.com\/en\/wp-json\/wp\/v2\/product\/1563","targetHints":{"allow":["GET"]}}],"collection":[{"href":"http:\/\/thewhiskykingdom.com\/en\/wp-json\/wp\/v2\/product"}],"about":[{"href":"http:\/\/thewhiskykingdom.com\/en\/wp-json\/wp\/v2\/types\/product"}],"wp:featuredmedia":[{"embeddable":true,"href":"http:\/\/thewhiskykingdom.com\/en\/wp-json\/wp\/v2\/media\/1748"}],"wp:attachment":[{"href":"http:\/\/thewhiskykingdom.com\/en\/wp-json\/wp\/v2\/media?parent=1563"}],"wp:term":[{"taxonomy":"product_brand","embeddable":true,"href":"http:\/\/thewhiskykingdom.com\/en\/wp-json\/wp\/v2\/product_brand?post=1563"},{"taxonomy":"product_cat","embeddable":true,"href":"http:\/\/thewhiskykingdom.com\/en\/wp-json\/wp\/v2\/product_cat?post=1563"},{"taxonomy":"product_tag","embeddable":true,"href":"http:\/\/thewhiskykingdom.com\/en\/wp-json\/wp\/v2\/product_tag?post=1563"}],"curies":[{"name":"wp","href":"https:\/\/api.w.org\/{rel}","templated":true}]}}