{"id":2188,"date":"2023-05-16T16:48:03","date_gmt":"2023-05-16T14:48:03","guid":{"rendered":"https:\/\/thewhiskykingdom.com\/?post_type=product&#038;p=2188"},"modified":"2025-07-14T11:10:24","modified_gmt":"2025-07-14T09:10:24","slug":"caol-ila-1982-gm","status":"publish","type":"product","link":"http:\/\/thewhiskykingdom.com\/en\/shop\/caol-ila-1982-gm\/","title":{"rendered":"Caol Ila 1982\/2022 40 Jahre G&#038;M 44.1% 0.7L"},"content":{"rendered":"<p><strong>Herrsteller<\/strong>: Gordon &amp; MacPhail, Boroughbriggs Road, IV30 1JY, Elgin, Vereinigtes K\u00f6nigreich<br \/>\n<strong>Vintage<\/strong>: 09.02.1982<br \/>\n<strong>Abf\u00fclldatum<\/strong>: 22.02.2022<br \/>\n<strong>Alter<\/strong>: 40 Jahre<br \/>\n<strong>Fassart<\/strong>: Refill American Hogshead<br \/>\n<strong>Fassnummer<\/strong>: 697<br \/>\n<strong>Alcohol strength<\/strong>: 44.1% Vol.<br \/>\n<strong>Content<\/strong>: 0.7 Liter<br \/>\n<strong>Info<\/strong>: non-chill filtered, uncoloured<\/p>","protected":false},"excerpt":{"rendered":"<p><strong>Caol Ila 1982\/2022 40 Jahre Refill American Hogshead 44.1%<br \/>\n<\/strong><\/p>\n<p><strong>Dieser Islay Single Malt Whisky von der Destille Caol Ila wurde von Gordon &amp; MacPhail mit 40 Jahren f\u00fcr die Private Collection Serie abgef\u00fcllt. Weltweit gibt es von dieser Abf\u00fcllung nur 50 Flaschen was diesen Whisky zu einer absoluten Rarit\u00e4t macht.<\/strong><\/p>\n<p><strong>40 Jahre im Refill Fass und streng limitiert &#8211; diese Abf\u00fcllung ist genau etwas f\u00fcr die Sammler besonderer Sch\u00e4tzen!<\/strong><\/p>\n<p><strong>Alcohol strength<\/strong>: 44.1% Vol.<br \/>\n<strong>Content<\/strong>: 0.7 Liter<\/p>","protected":false},"featured_media":2195,"template":"","meta":{"_crdt_document":""},"product_brand":[],"product_cat":[37,39,55],"product_tag":[82,50,46,44,123,49],"class_list":{"0":"post-2188","1":"product","2":"type-product","3":"status-publish","4":"has-post-thumbnail","6":"product_cat-schottland","7":"product_cat-single-malt","8":"product_cat-whisky","9":"product_tag-bourbon","10":"product_tag-fassstaerke","11":"product_tag-islay","12":"product_tag-limitiert","13":"product_tag-raritaet","14":"product_tag-torfig","16":"first","17":"instock","18":"taxable","19":"shipping-taxable","20":"purchasable","21":"product-type-simple"},"yoast_head":"<!-- This site is optimized with the Yoast SEO plugin v27.1.1 - https:\/\/yoast.com\/product\/yoast-seo-wordpress\/ -->\n<title>Caol Ila 1982\/2022 40 Jahre G&amp;M 44.1% 0.7L -<\/title>\n<meta name=\"description\" content=\"Caol Ila 1982\/2022 Fass #697 40 Jahre von Gordon &amp; MacPhail in Fassst\u00e4rke abgef\u00fcllt. Exklusive Abf\u00fcllung aus der Private Collection mit nur 50 Flaschen!\" \/>\n<meta name=\"robots\" content=\"index, follow, max-snippet:-1, max-image-preview:large, max-video-preview:-1\" \/>\n<link rel=\"canonical\" href=\"https:\/\/thewhiskykingdom.com\/en\/shop\/caol-ila-1982-gm\/\" \/>\n<meta property=\"og:locale\" content=\"en_US\" \/>\n<meta property=\"og:type\" content=\"article\" \/>\n<meta property=\"og:title\" content=\"Caol Ila 1982\/2022 40 Jahre G&amp;M 44.1% 0.7L -\" \/>\n<meta property=\"og:description\" content=\"Caol Ila 1982\/2022 Fass #697 40 Jahre von Gordon &amp; MacPhail in Fassst\u00e4rke abgef\u00fcllt. Exklusive Abf\u00fcllung aus der Private Collection mit nur 50 Flaschen!\" \/>\n<meta property=\"og:url\" content=\"https:\/\/thewhiskykingdom.com\/en\/shop\/caol-ila-1982-gm\/\" \/>\n<meta property=\"og:site_name\" content=\"The Whisky Kingdom\" \/>\n<meta property=\"article:publisher\" content=\"https:\/\/www.facebook.com\/thewhiskykingdom\/\" \/>\n<meta property=\"article:modified_time\" content=\"2025-07-14T09:10:24+00:00\" \/>\n<meta property=\"og:image\" content=\"https:\/\/thewhiskykingdom.com\/wp-content\/uploads\/2023\/05\/Caol_Ila_1982_GM-1.jpg\" \/>\n\t<meta property=\"og:image:width\" content=\"1920\" \/>\n\t<meta property=\"og:image:height\" content=\"1920\" \/>\n\t<meta property=\"og:image:type\" content=\"image\/jpeg\" \/>\n<meta name=\"twitter:card\" content=\"summary_large_image\" \/>\n<meta name=\"twitter:label1\" content=\"Est. reading time\" \/>\n\t<meta name=\"twitter:data1\" content=\"1 minute\" \/>\n<script type=\"application\/ld+json\" class=\"yoast-schema-graph\">{\"@context\":\"https:\/\/schema.org\",\"@graph\":[{\"@type\":\"WebPage\",\"@id\":\"https:\/\/thewhiskykingdom.com\/shop\/caol-ila-1982-gm\/\",\"url\":\"https:\/\/thewhiskykingdom.com\/shop\/caol-ila-1982-gm\/\",\"name\":\"Caol Ila 1982\/2022 40 Jahre G&M 44.1% 0.7L -\",\"isPartOf\":{\"@id\":\"http:\/\/thewhiskykingdom.com\/en\/#website\"},\"primaryImageOfPage\":{\"@id\":\"https:\/\/thewhiskykingdom.com\/shop\/caol-ila-1982-gm\/#primaryimage\"},\"image\":{\"@id\":\"https:\/\/thewhiskykingdom.com\/shop\/caol-ila-1982-gm\/#primaryimage\"},\"thumbnailUrl\":\"https:\/\/thewhiskykingdom.com\/wp-content\/uploads\/2023\/05\/Caol_Ila_1982_GM-1.jpg\",\"datePublished\":\"2023-05-16T14:48:03+00:00\",\"dateModified\":\"2025-07-14T09:10:24+00:00\",\"description\":\"Caol Ila 1982\/2022 Fass #697 40 Jahre von Gordon & MacPhail in Fassst\u00e4rke abgef\u00fcllt. Exklusive Abf\u00fcllung aus der Private Collection mit nur 50 Flaschen!\",\"breadcrumb\":{\"@id\":\"https:\/\/thewhiskykingdom.com\/shop\/caol-ila-1982-gm\/#breadcrumb\"},\"inLanguage\":\"en-US\",\"potentialAction\":[{\"@type\":\"ReadAction\",\"target\":[\"https:\/\/thewhiskykingdom.com\/shop\/caol-ila-1982-gm\/\"]}]},{\"@type\":\"ImageObject\",\"inLanguage\":\"en-US\",\"@id\":\"https:\/\/thewhiskykingdom.com\/shop\/caol-ila-1982-gm\/#primaryimage\",\"url\":\"https:\/\/thewhiskykingdom.com\/wp-content\/uploads\/2023\/05\/Caol_Ila_1982_GM-1.jpg\",\"contentUrl\":\"https:\/\/thewhiskykingdom.com\/wp-content\/uploads\/2023\/05\/Caol_Ila_1982_GM-1.jpg\",\"width\":1920,\"height\":1920,\"caption\":\"Caol_Ila_1982_GM\"},{\"@type\":\"BreadcrumbList\",\"@id\":\"https:\/\/thewhiskykingdom.com\/shop\/caol-ila-1982-gm\/#breadcrumb\",\"itemListElement\":[{\"@type\":\"ListItem\",\"position\":1,\"name\":\"The Whisky Kingdom\",\"item\":\"http:\/\/thewhiskykingdom.com\/en\/\"},{\"@type\":\"ListItem\",\"position\":2,\"name\":\"Shop\",\"item\":\"http:\/\/thewhiskykingdom.com\/en\/shop\/\"},{\"@type\":\"ListItem\",\"position\":3,\"name\":\"Caol Ila 1982\/2022 40 Jahre G&#038;M 44.1% 0.7L\"}]},{\"@type\":\"WebSite\",\"@id\":\"http:\/\/thewhiskykingdom.com\/en\/#website\",\"url\":\"http:\/\/thewhiskykingdom.com\/en\/\",\"name\":\"The Whisky Kingdom\",\"description\":\"Where whisky is king\",\"publisher\":{\"@id\":\"http:\/\/thewhiskykingdom.com\/en\/#organization\"},\"potentialAction\":[{\"@type\":\"SearchAction\",\"target\":{\"@type\":\"EntryPoint\",\"urlTemplate\":\"http:\/\/thewhiskykingdom.com\/en\/?s={search_term_string}\"},\"query-input\":{\"@type\":\"PropertyValueSpecification\",\"valueRequired\":true,\"valueName\":\"search_term_string\"}}],\"inLanguage\":\"en-US\"},{\"@type\":\"Organization\",\"@id\":\"http:\/\/thewhiskykingdom.com\/en\/#organization\",\"name\":\"The Whisky Kingdom UG\",\"url\":\"http:\/\/thewhiskykingdom.com\/en\/\",\"logo\":{\"@type\":\"ImageObject\",\"inLanguage\":\"en-US\",\"@id\":\"http:\/\/thewhiskykingdom.com\/en\/#\/schema\/logo\/image\/\",\"url\":\"https:\/\/thewhiskykingdom.com\/wp-content\/uploads\/2018\/03\/Logo_WK_750x750px3.jpg\",\"contentUrl\":\"https:\/\/thewhiskykingdom.com\/wp-content\/uploads\/2018\/03\/Logo_WK_750x750px3.jpg\",\"width\":750,\"height\":750,\"caption\":\"The Whisky Kingdom UG\"},\"image\":{\"@id\":\"http:\/\/thewhiskykingdom.com\/en\/#\/schema\/logo\/image\/\"},\"sameAs\":[\"https:\/\/www.facebook.com\/thewhiskykingdom\/\",\"https:\/\/www.instagram.com\/thewhiskykingdom\/\"]}]}<\/script>\n<!-- \/ Yoast SEO plugin. -->","yoast_head_json":{"title":"Caol Ila 1982\/2022 40 Jahre G&M 44.1% 0.7L -","description":"Caol Ila 1982\/2022 Fass #697 40 Jahre von Gordon & MacPhail in Fassst\u00e4rke abgef\u00fcllt. Exklusive Abf\u00fcllung aus der Private Collection mit nur 50 Flaschen!","robots":{"index":"index","follow":"follow","max-snippet":"max-snippet:-1","max-image-preview":"max-image-preview:large","max-video-preview":"max-video-preview:-1"},"canonical":"https:\/\/thewhiskykingdom.com\/en\/shop\/caol-ila-1982-gm\/","og_locale":"en_US","og_type":"article","og_title":"Caol Ila 1982\/2022 40 Jahre G&M 44.1% 0.7L -","og_description":"Caol Ila 1982\/2022 Fass #697 40 Jahre von Gordon & MacPhail in Fassst\u00e4rke abgef\u00fcllt. Exklusive Abf\u00fcllung aus der Private Collection mit nur 50 Flaschen!","og_url":"https:\/\/thewhiskykingdom.com\/en\/shop\/caol-ila-1982-gm\/","og_site_name":"The Whisky Kingdom","article_publisher":"https:\/\/www.facebook.com\/thewhiskykingdom\/","article_modified_time":"2025-07-14T09:10:24+00:00","og_image":[{"width":1920,"height":1920,"url":"https:\/\/thewhiskykingdom.com\/wp-content\/uploads\/2023\/05\/Caol_Ila_1982_GM-1.jpg","type":"image\/jpeg"}],"twitter_card":"summary_large_image","twitter_misc":{"Est. reading time":"1 minute"},"schema":{"@context":"https:\/\/schema.org","@graph":[{"@type":"WebPage","@id":"https:\/\/thewhiskykingdom.com\/shop\/caol-ila-1982-gm\/","url":"https:\/\/thewhiskykingdom.com\/shop\/caol-ila-1982-gm\/","name":"Caol Ila 1982\/2022 40 Jahre G&M 44.1% 0.7L -","isPartOf":{"@id":"http:\/\/thewhiskykingdom.com\/en\/#website"},"primaryImageOfPage":{"@id":"https:\/\/thewhiskykingdom.com\/shop\/caol-ila-1982-gm\/#primaryimage"},"image":{"@id":"https:\/\/thewhiskykingdom.com\/shop\/caol-ila-1982-gm\/#primaryimage"},"thumbnailUrl":"https:\/\/thewhiskykingdom.com\/wp-content\/uploads\/2023\/05\/Caol_Ila_1982_GM-1.jpg","datePublished":"2023-05-16T14:48:03+00:00","dateModified":"2025-07-14T09:10:24+00:00","description":"Caol Ila 1982\/2022 Fass #697 40 Jahre von Gordon & MacPhail in Fassst\u00e4rke abgef\u00fcllt. Exklusive Abf\u00fcllung aus der Private Collection mit nur 50 Flaschen!","breadcrumb":{"@id":"https:\/\/thewhiskykingdom.com\/shop\/caol-ila-1982-gm\/#breadcrumb"},"inLanguage":"en-US","potentialAction":[{"@type":"ReadAction","target":["https:\/\/thewhiskykingdom.com\/shop\/caol-ila-1982-gm\/"]}]},{"@type":"ImageObject","inLanguage":"en-US","@id":"https:\/\/thewhiskykingdom.com\/shop\/caol-ila-1982-gm\/#primaryimage","url":"https:\/\/thewhiskykingdom.com\/wp-content\/uploads\/2023\/05\/Caol_Ila_1982_GM-1.jpg","contentUrl":"https:\/\/thewhiskykingdom.com\/wp-content\/uploads\/2023\/05\/Caol_Ila_1982_GM-1.jpg","width":1920,"height":1920,"caption":"Caol_Ila_1982_GM"},{"@type":"BreadcrumbList","@id":"https:\/\/thewhiskykingdom.com\/shop\/caol-ila-1982-gm\/#breadcrumb","itemListElement":[{"@type":"ListItem","position":1,"name":"The Whisky Kingdom","item":"http:\/\/thewhiskykingdom.com\/en\/"},{"@type":"ListItem","position":2,"name":"Shop","item":"http:\/\/thewhiskykingdom.com\/en\/shop\/"},{"@type":"ListItem","position":3,"name":"Caol Ila 1982\/2022 40 Jahre G&#038;M 44.1% 0.7L"}]},{"@type":"WebSite","@id":"http:\/\/thewhiskykingdom.com\/en\/#website","url":"http:\/\/thewhiskykingdom.com\/en\/","name":"The Whisky Kingdom","description":"Where whisky is king","publisher":{"@id":"http:\/\/thewhiskykingdom.com\/en\/#organization"},"potentialAction":[{"@type":"SearchAction","target":{"@type":"EntryPoint","urlTemplate":"http:\/\/thewhiskykingdom.com\/en\/?s={search_term_string}"},"query-input":{"@type":"PropertyValueSpecification","valueRequired":true,"valueName":"search_term_string"}}],"inLanguage":"en-US"},{"@type":"Organization","@id":"http:\/\/thewhiskykingdom.com\/en\/#organization","name":"The Whisky Kingdom UG","url":"http:\/\/thewhiskykingdom.com\/en\/","logo":{"@type":"ImageObject","inLanguage":"en-US","@id":"http:\/\/thewhiskykingdom.com\/en\/#\/schema\/logo\/image\/","url":"https:\/\/thewhiskykingdom.com\/wp-content\/uploads\/2018\/03\/Logo_WK_750x750px3.jpg","contentUrl":"https:\/\/thewhiskykingdom.com\/wp-content\/uploads\/2018\/03\/Logo_WK_750x750px3.jpg","width":750,"height":750,"caption":"The Whisky Kingdom UG"},"image":{"@id":"http:\/\/thewhiskykingdom.com\/en\/#\/schema\/logo\/image\/"},"sameAs":["https:\/\/www.facebook.com\/thewhiskykingdom\/","https:\/\/www.instagram.com\/thewhiskykingdom\/"]}]}},"_links":{"self":[{"href":"http:\/\/thewhiskykingdom.com\/en\/wp-json\/wp\/v2\/product\/2188","targetHints":{"allow":["GET"]}}],"collection":[{"href":"http:\/\/thewhiskykingdom.com\/en\/wp-json\/wp\/v2\/product"}],"about":[{"href":"http:\/\/thewhiskykingdom.com\/en\/wp-json\/wp\/v2\/types\/product"}],"wp:featuredmedia":[{"embeddable":true,"href":"http:\/\/thewhiskykingdom.com\/en\/wp-json\/wp\/v2\/media\/2195"}],"wp:attachment":[{"href":"http:\/\/thewhiskykingdom.com\/en\/wp-json\/wp\/v2\/media?parent=2188"}],"wp:term":[{"taxonomy":"product_brand","embeddable":true,"href":"http:\/\/thewhiskykingdom.com\/en\/wp-json\/wp\/v2\/product_brand?post=2188"},{"taxonomy":"product_cat","embeddable":true,"href":"http:\/\/thewhiskykingdom.com\/en\/wp-json\/wp\/v2\/product_cat?post=2188"},{"taxonomy":"product_tag","embeddable":true,"href":"http:\/\/thewhiskykingdom.com\/en\/wp-json\/wp\/v2\/product_tag?post=2188"}],"curies":[{"name":"wp","href":"https:\/\/api.w.org\/{rel}","templated":true}]}}