{"id":2288,"date":"2023-11-01T19:39:43","date_gmt":"2023-11-01T18:39:43","guid":{"rendered":"https:\/\/thewhiskykingdom.com\/?post_type=product&#038;p=2288"},"modified":"2025-07-14T11:10:22","modified_gmt":"2025-07-14T09:10:22","slug":"ardbeg-2001-wdc","status":"publish","type":"product","link":"http:\/\/thewhiskykingdom.com\/en\/shop\/ardbeg-2001-wdc\/","title":{"rendered":"Ardbeg 2001 Wu DRAM Clan Single Cask #348 46.6% 0.7L"},"content":{"rendered":"<p><strong>Hersteller<\/strong>: Ardbeg Distillery, Port Ellen, Islay PA42 7EA, United Kingdom<br \/>\n<strong>Fassart<\/strong>: Refill Bourbon Barrel<br \/>\n<strong>Alcohol strength<\/strong>: 46.6% Vol.<br \/>\n<strong>Content<\/strong>: 0.7 Liter<br \/>\n<strong>Info<\/strong>: non-chill filtered, uncoloured<\/p>","protected":false},"excerpt":{"rendered":"<p><strong>Das Ardbeg Einzelfass #348 wurde in 2001 destilliert und in ein Refill Bourbon Fass gef\u00fcllt. Nach 20 Jahren wurde der Whisky in 2021 mit 46.6% vol. f\u00fcr Wu DRAM Clan abgef\u00fcllt als Teil des Private Reserve Programms von Ardbeg.<br \/>\n<\/strong><\/p>\n<p>Streng limitierte Einzelfassabf\u00fcllung von nur 155 Flaschen! Dieser seltene Ardbeg ist auf dem Markt bereits ausverkauft. Wir haben drei Flaschen davon in unserem Lager gefunden und bieten diese tolle Abf\u00fcllung zum damaligen Ausgabepreis an. Dadurch, dass Einzelfassabf\u00fcllungen von Ardbeg fast nicht mehr erscheinen ist dieser Single Malt von Sammlern und Geniessern gleicherma\u00dfen begehrt. Ein richtiges Schmuckst\u00fcck f\u00fcr jeden Ardbeg Sammler.<\/p>\n<p><strong>Serge (whiskyfun.com) hat folgende Bewertung f\u00fcr diese Abf\u00fcllung gegeben:<\/strong><\/p>\n<p><em><strong><span class=\"textenormalfoncegras\"><span class=\"textegrandfoncegras\">Ardbeg 2001\/2021 (46.6%, OB for Wu Dram Clan, bourbon barrel, cask #348, 155 bottles)<\/span><\/span><\/strong><\/em><\/p>\n<p><em><span class=\"TextenormalNEW\">Ardbeg made under new owners Glenmorangie plc. before they had sold on to LVMH who had outbidden Pernod in or around 2004. But enough hi-flyin&#8216; finance\u2026 <\/span><br \/>\n<strong>Colour:<\/strong> <span class=\"TextenormalNEW\">gold<\/span>.<br \/>\n<strong>Nose:<\/strong> <span class=\"TextenormalNEW\">but naturally, fish oils, tar, tyres, lemons and crushed bitter almonds. Look how life is simple! <\/span><br \/>\n<strong>Mouth:<\/strong> <span class=\"TextenormalNEW\">I&#8217;m realising that this more or less bears the age of the first stunning 1970s single casks, and that it&#8217;s got a similar kind of impact on us. Extraordinary fatness, earthiness, herbalness, tarriness, lemonness and lochness (surely the lousiest joke ever on this wee website, I know I need to apologise but this wee &#8218;beg just put me in a great mood). The most striking aspect here is that it is &#8218;one&#8216;. Love the fattish tarry side and yet the light, almost refreshing coastal lemonness. Great combination, pretty &#8218;obvious&#8216;. <\/span><br \/>\n<strong>Finish:<\/strong> <span class=\"TextenormalNEW\">long, rather sublime. Balance is absolutely perfect and I&#8217;m even finding roasted pine nuts in the aftertaste, of which I could wolf down half a ton without blinking an eye. <\/span><br \/>\n<strong>Comments:<\/strong> <span class=\"TextenormalNEW\">the only problem with the great Ardbegs is that, think about it, you can only have your very first one once (really, diving to new lows, S.) A superb cask, Ardbeg is alive! <\/span><span class=\"textenormalgras\"><span style=\"color: #666666; font-family: Arial; font-size: small;\"><br class=\"TextenormalNEW\" \/><\/span><\/span><br \/>\n<strong><span class=\"textenormalgras\">SGP:467 &#8211; 92 points<\/span>.<\/strong><\/em><\/p>\n<p><strong><em>Source<\/em><\/strong> <a href=\"https:\/\/www.whiskyfun.com\/archivefebruary23-1-Port-Ellen-Glenlivet.html#080223\">https:\/\/www.whiskyfun.com\/2021\/Today-ex-barrel-Ardbeg.html<\/a><\/p>\n<p><strong>Sie finden auch viele andere <span style=\"color: #ff6600;\"><a style=\"color: #ff6600;\" href=\"https:\/\/thewhiskykingdom.com\/en\/product-tag\/wu-dram-clan\/\">Wu Dram Clan Abf\u00fcllungen<\/a><\/span> im unseren Shop.<\/strong><\/p>\n<p><strong>Alcohol strength<\/strong>: 46.6% Vol.<br \/>\n<strong>Content<\/strong>: 0.7 Liter<\/p>","protected":false},"featured_media":2291,"template":"","meta":{"_crdt_document":""},"product_brand":[],"product_cat":[37,39,55],"product_tag":[86,82,75,50,44,78,139],"class_list":{"0":"post-2288","1":"product","2":"type-product","3":"status-publish","4":"has-post-thumbnail","6":"product_cat-schottland","7":"product_cat-single-malt","8":"product_cat-whisky","9":"product_tag-ardbeg","10":"product_tag-bourbon","11":"product_tag-einzelfassabfuellung","12":"product_tag-fassstaerke","13":"product_tag-limitiert","14":"product_tag-rauchig","15":"product_tag-wu-dram-clan","17":"first","18":"instock","19":"taxable","20":"shipping-taxable","21":"purchasable","22":"product-type-simple"},"yoast_head":"<!-- This site is optimized with the Yoast SEO plugin v27.1.1 - https:\/\/yoast.com\/product\/yoast-seo-wordpress\/ -->\n<title>Ardbeg 2001 Wu DRAM Clan Single Cask #348 46.6% 0.7L - The Whisky Kingdom<\/title>\n<meta name=\"description\" content=\"Ardbeg 2001 Wu DRAM Clan Single Cask 348 20 Jahre - Streng limitierte Einzelfassabf\u00fcllung von nur 155 Flaschen, die im Handel ausverkauft ist.\" \/>\n<meta name=\"robots\" content=\"index, follow, max-snippet:-1, max-image-preview:large, max-video-preview:-1\" \/>\n<link rel=\"canonical\" href=\"https:\/\/thewhiskykingdom.com\/en\/shop\/ardbeg-2001-wdc\/\" \/>\n<meta property=\"og:locale\" content=\"en_US\" \/>\n<meta property=\"og:type\" content=\"article\" \/>\n<meta property=\"og:title\" content=\"Ardbeg 2001 Wu DRAM Clan Single Cask #348 46.6% 0.7L - The Whisky Kingdom\" \/>\n<meta property=\"og:description\" content=\"Ardbeg 2001 Wu DRAM Clan Single Cask 348 20 Jahre - Streng limitierte Einzelfassabf\u00fcllung von nur 155 Flaschen, die im Handel ausverkauft ist.\" \/>\n<meta property=\"og:url\" content=\"https:\/\/thewhiskykingdom.com\/en\/shop\/ardbeg-2001-wdc\/\" \/>\n<meta property=\"og:site_name\" content=\"The Whisky Kingdom\" \/>\n<meta property=\"article:publisher\" content=\"https:\/\/www.facebook.com\/thewhiskykingdom\/\" \/>\n<meta property=\"article:modified_time\" content=\"2025-07-14T09:10:22+00:00\" \/>\n<meta property=\"og:image\" content=\"https:\/\/thewhiskykingdom.com\/wp-content\/uploads\/2023\/11\/ARDBEG_WDC_HD.jpg\" \/>\n\t<meta property=\"og:image:width\" content=\"1920\" \/>\n\t<meta property=\"og:image:height\" content=\"1919\" \/>\n\t<meta property=\"og:image:type\" content=\"image\/jpeg\" \/>\n<meta name=\"twitter:card\" content=\"summary_large_image\" \/>\n<script type=\"application\/ld+json\" class=\"yoast-schema-graph\">{\"@context\":\"https:\/\/schema.org\",\"@graph\":[{\"@type\":\"WebPage\",\"@id\":\"https:\/\/thewhiskykingdom.com\/shop\/ardbeg-2001-wdc\/\",\"url\":\"https:\/\/thewhiskykingdom.com\/shop\/ardbeg-2001-wdc\/\",\"name\":\"Ardbeg 2001 Wu DRAM Clan Single Cask #348 46.6% 0.7L - The Whisky Kingdom\",\"isPartOf\":{\"@id\":\"http:\/\/thewhiskykingdom.com\/en\/#website\"},\"primaryImageOfPage\":{\"@id\":\"https:\/\/thewhiskykingdom.com\/shop\/ardbeg-2001-wdc\/#primaryimage\"},\"image\":{\"@id\":\"https:\/\/thewhiskykingdom.com\/shop\/ardbeg-2001-wdc\/#primaryimage\"},\"thumbnailUrl\":\"https:\/\/thewhiskykingdom.com\/wp-content\/uploads\/2023\/11\/ARDBEG_WDC_HD.jpg\",\"datePublished\":\"2023-11-01T18:39:43+00:00\",\"dateModified\":\"2025-07-14T09:10:22+00:00\",\"description\":\"Ardbeg 2001 Wu DRAM Clan Single Cask 348 20 Jahre - Streng limitierte Einzelfassabf\u00fcllung von nur 155 Flaschen, die im Handel ausverkauft ist.\",\"breadcrumb\":{\"@id\":\"https:\/\/thewhiskykingdom.com\/shop\/ardbeg-2001-wdc\/#breadcrumb\"},\"inLanguage\":\"en-US\",\"potentialAction\":[{\"@type\":\"ReadAction\",\"target\":[\"https:\/\/thewhiskykingdom.com\/shop\/ardbeg-2001-wdc\/\"]}]},{\"@type\":\"ImageObject\",\"inLanguage\":\"en-US\",\"@id\":\"https:\/\/thewhiskykingdom.com\/shop\/ardbeg-2001-wdc\/#primaryimage\",\"url\":\"https:\/\/thewhiskykingdom.com\/wp-content\/uploads\/2023\/11\/ARDBEG_WDC_HD.jpg\",\"contentUrl\":\"https:\/\/thewhiskykingdom.com\/wp-content\/uploads\/2023\/11\/ARDBEG_WDC_HD.jpg\",\"width\":1920,\"height\":1919,\"caption\":\"ARDBEG_WDC_HD\"},{\"@type\":\"BreadcrumbList\",\"@id\":\"https:\/\/thewhiskykingdom.com\/shop\/ardbeg-2001-wdc\/#breadcrumb\",\"itemListElement\":[{\"@type\":\"ListItem\",\"position\":1,\"name\":\"The Whisky Kingdom\",\"item\":\"http:\/\/thewhiskykingdom.com\/en\/\"},{\"@type\":\"ListItem\",\"position\":2,\"name\":\"Shop\",\"item\":\"http:\/\/thewhiskykingdom.com\/en\/shop\/\"},{\"@type\":\"ListItem\",\"position\":3,\"name\":\"Ardbeg 2001 Wu DRAM Clan Single Cask #348 46.6% 0.7L\"}]},{\"@type\":\"WebSite\",\"@id\":\"http:\/\/thewhiskykingdom.com\/en\/#website\",\"url\":\"http:\/\/thewhiskykingdom.com\/en\/\",\"name\":\"The Whisky Kingdom\",\"description\":\"Where whisky is king\",\"publisher\":{\"@id\":\"http:\/\/thewhiskykingdom.com\/en\/#organization\"},\"potentialAction\":[{\"@type\":\"SearchAction\",\"target\":{\"@type\":\"EntryPoint\",\"urlTemplate\":\"http:\/\/thewhiskykingdom.com\/en\/?s={search_term_string}\"},\"query-input\":{\"@type\":\"PropertyValueSpecification\",\"valueRequired\":true,\"valueName\":\"search_term_string\"}}],\"inLanguage\":\"en-US\"},{\"@type\":\"Organization\",\"@id\":\"http:\/\/thewhiskykingdom.com\/en\/#organization\",\"name\":\"The Whisky Kingdom UG\",\"url\":\"http:\/\/thewhiskykingdom.com\/en\/\",\"logo\":{\"@type\":\"ImageObject\",\"inLanguage\":\"en-US\",\"@id\":\"http:\/\/thewhiskykingdom.com\/en\/#\/schema\/logo\/image\/\",\"url\":\"https:\/\/thewhiskykingdom.com\/wp-content\/uploads\/2018\/03\/Logo_WK_750x750px3.jpg\",\"contentUrl\":\"https:\/\/thewhiskykingdom.com\/wp-content\/uploads\/2018\/03\/Logo_WK_750x750px3.jpg\",\"width\":750,\"height\":750,\"caption\":\"The Whisky Kingdom UG\"},\"image\":{\"@id\":\"http:\/\/thewhiskykingdom.com\/en\/#\/schema\/logo\/image\/\"},\"sameAs\":[\"https:\/\/www.facebook.com\/thewhiskykingdom\/\",\"https:\/\/www.instagram.com\/thewhiskykingdom\/\"]}]}<\/script>\n<!-- \/ Yoast SEO plugin. -->","yoast_head_json":{"title":"Ardbeg 2001 Wu DRAM Clan Single Cask #348 46.6% 0.7L - The Whisky Kingdom","description":"Ardbeg 2001 Wu DRAM Clan Single Cask 348 20 Jahre - Streng limitierte Einzelfassabf\u00fcllung von nur 155 Flaschen, die im Handel ausverkauft ist.","robots":{"index":"index","follow":"follow","max-snippet":"max-snippet:-1","max-image-preview":"max-image-preview:large","max-video-preview":"max-video-preview:-1"},"canonical":"https:\/\/thewhiskykingdom.com\/en\/shop\/ardbeg-2001-wdc\/","og_locale":"en_US","og_type":"article","og_title":"Ardbeg 2001 Wu DRAM Clan Single Cask #348 46.6% 0.7L - The Whisky Kingdom","og_description":"Ardbeg 2001 Wu DRAM Clan Single Cask 348 20 Jahre - Streng limitierte Einzelfassabf\u00fcllung von nur 155 Flaschen, die im Handel ausverkauft ist.","og_url":"https:\/\/thewhiskykingdom.com\/en\/shop\/ardbeg-2001-wdc\/","og_site_name":"The Whisky Kingdom","article_publisher":"https:\/\/www.facebook.com\/thewhiskykingdom\/","article_modified_time":"2025-07-14T09:10:22+00:00","og_image":[{"width":1920,"height":1919,"url":"https:\/\/thewhiskykingdom.com\/wp-content\/uploads\/2023\/11\/ARDBEG_WDC_HD.jpg","type":"image\/jpeg"}],"twitter_card":"summary_large_image","schema":{"@context":"https:\/\/schema.org","@graph":[{"@type":"WebPage","@id":"https:\/\/thewhiskykingdom.com\/shop\/ardbeg-2001-wdc\/","url":"https:\/\/thewhiskykingdom.com\/shop\/ardbeg-2001-wdc\/","name":"Ardbeg 2001 Wu DRAM Clan Single Cask #348 46.6% 0.7L - The Whisky Kingdom","isPartOf":{"@id":"http:\/\/thewhiskykingdom.com\/en\/#website"},"primaryImageOfPage":{"@id":"https:\/\/thewhiskykingdom.com\/shop\/ardbeg-2001-wdc\/#primaryimage"},"image":{"@id":"https:\/\/thewhiskykingdom.com\/shop\/ardbeg-2001-wdc\/#primaryimage"},"thumbnailUrl":"https:\/\/thewhiskykingdom.com\/wp-content\/uploads\/2023\/11\/ARDBEG_WDC_HD.jpg","datePublished":"2023-11-01T18:39:43+00:00","dateModified":"2025-07-14T09:10:22+00:00","description":"Ardbeg 2001 Wu DRAM Clan Single Cask 348 20 Jahre - Streng limitierte Einzelfassabf\u00fcllung von nur 155 Flaschen, die im Handel ausverkauft ist.","breadcrumb":{"@id":"https:\/\/thewhiskykingdom.com\/shop\/ardbeg-2001-wdc\/#breadcrumb"},"inLanguage":"en-US","potentialAction":[{"@type":"ReadAction","target":["https:\/\/thewhiskykingdom.com\/shop\/ardbeg-2001-wdc\/"]}]},{"@type":"ImageObject","inLanguage":"en-US","@id":"https:\/\/thewhiskykingdom.com\/shop\/ardbeg-2001-wdc\/#primaryimage","url":"https:\/\/thewhiskykingdom.com\/wp-content\/uploads\/2023\/11\/ARDBEG_WDC_HD.jpg","contentUrl":"https:\/\/thewhiskykingdom.com\/wp-content\/uploads\/2023\/11\/ARDBEG_WDC_HD.jpg","width":1920,"height":1919,"caption":"ARDBEG_WDC_HD"},{"@type":"BreadcrumbList","@id":"https:\/\/thewhiskykingdom.com\/shop\/ardbeg-2001-wdc\/#breadcrumb","itemListElement":[{"@type":"ListItem","position":1,"name":"The Whisky Kingdom","item":"http:\/\/thewhiskykingdom.com\/en\/"},{"@type":"ListItem","position":2,"name":"Shop","item":"http:\/\/thewhiskykingdom.com\/en\/shop\/"},{"@type":"ListItem","position":3,"name":"Ardbeg 2001 Wu DRAM Clan Single Cask #348 46.6% 0.7L"}]},{"@type":"WebSite","@id":"http:\/\/thewhiskykingdom.com\/en\/#website","url":"http:\/\/thewhiskykingdom.com\/en\/","name":"The Whisky Kingdom","description":"Where whisky is king","publisher":{"@id":"http:\/\/thewhiskykingdom.com\/en\/#organization"},"potentialAction":[{"@type":"SearchAction","target":{"@type":"EntryPoint","urlTemplate":"http:\/\/thewhiskykingdom.com\/en\/?s={search_term_string}"},"query-input":{"@type":"PropertyValueSpecification","valueRequired":true,"valueName":"search_term_string"}}],"inLanguage":"en-US"},{"@type":"Organization","@id":"http:\/\/thewhiskykingdom.com\/en\/#organization","name":"The Whisky Kingdom UG","url":"http:\/\/thewhiskykingdom.com\/en\/","logo":{"@type":"ImageObject","inLanguage":"en-US","@id":"http:\/\/thewhiskykingdom.com\/en\/#\/schema\/logo\/image\/","url":"https:\/\/thewhiskykingdom.com\/wp-content\/uploads\/2018\/03\/Logo_WK_750x750px3.jpg","contentUrl":"https:\/\/thewhiskykingdom.com\/wp-content\/uploads\/2018\/03\/Logo_WK_750x750px3.jpg","width":750,"height":750,"caption":"The Whisky Kingdom UG"},"image":{"@id":"http:\/\/thewhiskykingdom.com\/en\/#\/schema\/logo\/image\/"},"sameAs":["https:\/\/www.facebook.com\/thewhiskykingdom\/","https:\/\/www.instagram.com\/thewhiskykingdom\/"]}]}},"_links":{"self":[{"href":"http:\/\/thewhiskykingdom.com\/en\/wp-json\/wp\/v2\/product\/2288","targetHints":{"allow":["GET"]}}],"collection":[{"href":"http:\/\/thewhiskykingdom.com\/en\/wp-json\/wp\/v2\/product"}],"about":[{"href":"http:\/\/thewhiskykingdom.com\/en\/wp-json\/wp\/v2\/types\/product"}],"wp:featuredmedia":[{"embeddable":true,"href":"http:\/\/thewhiskykingdom.com\/en\/wp-json\/wp\/v2\/media\/2291"}],"wp:attachment":[{"href":"http:\/\/thewhiskykingdom.com\/en\/wp-json\/wp\/v2\/media?parent=2288"}],"wp:term":[{"taxonomy":"product_brand","embeddable":true,"href":"http:\/\/thewhiskykingdom.com\/en\/wp-json\/wp\/v2\/product_brand?post=2288"},{"taxonomy":"product_cat","embeddable":true,"href":"http:\/\/thewhiskykingdom.com\/en\/wp-json\/wp\/v2\/product_cat?post=2288"},{"taxonomy":"product_tag","embeddable":true,"href":"http:\/\/thewhiskykingdom.com\/en\/wp-json\/wp\/v2\/product_tag?post=2288"}],"curies":[{"name":"wp","href":"https:\/\/api.w.org\/{rel}","templated":true}]}}