{"id":1339,"date":"2020-10-02T17:28:19","date_gmt":"2020-10-02T15:28:19","guid":{"rendered":"https:\/\/thewhiskykingdom.com\/?page_id=1339"},"modified":"2020-10-02T17:39:31","modified_gmt":"2020-10-02T15:39:31","slug":"about","status":"publish","type":"page","link":"https:\/\/thewhiskykingdom.com\/en\/about\/","title":{"rendered":"About"},"content":{"rendered":"<h3 class=\"has-text-color wp-block-heading\" style=\"color:#e4680f\"><strong>Hey there!<\/strong><\/h3>\n\n\n\n<p class=\"has-black-color has-text-color wp-block-paragraph\" style=\"font-size:17px\">I'm Boris \u2013 founder of The Whisky Kingdom and long-time whisky aficionado.<\/p>\n\n\n\n<p class=\"has-black-color has-text-color wp-block-paragraph\" style=\"font-size:17px\">I had my very first whisky tasting in 2013. Just shortly after that, I got passionate enough about it to start going to whisky festivals around Europe. For me, very few drinks compare to a dram of smoky Islay whisky. However, it's not a secret that I have a soft spot for one brand in particular. Ever since that day in 2013, I have been an avid Lagavulin fan. For this reason, you can see me at F\u00e8is \u00ccle every spring \u2013 in years when it\u2019s being held, that is.<\/p>\n\n\n\n<div class=\"wp-block-image\"><figure class=\"alignleft size-large is-resized\"><img decoding=\"async\" src=\"https:\/\/thewhiskykingdom.com\/wp-content\/uploads\/2020\/10\/B-cropped-794x1024.jpg\" alt=\"\" class=\"wp-image-1342\" width=\"144\" height=\"185\" srcset=\"https:\/\/thewhiskykingdom.com\/wp-content\/uploads\/2020\/10\/B-cropped-794x1024.jpg 794w, https:\/\/thewhiskykingdom.com\/wp-content\/uploads\/2020\/10\/B-cropped-233x300.jpg 233w, https:\/\/thewhiskykingdom.com\/wp-content\/uploads\/2020\/10\/B-cropped-768x990.jpg 768w, https:\/\/thewhiskykingdom.com\/wp-content\/uploads\/2020\/10\/B-cropped-555x716.jpg 555w, https:\/\/thewhiskykingdom.com\/wp-content\/uploads\/2020\/10\/B-cropped.jpg 1192w\" sizes=\"(max-width: 144px) 100vw, 144px\" \/><\/figure><\/div>\n\n\n\n<p class=\"has-black-color has-text-color wp-block-paragraph\" style=\"font-size:17px\">One thing led to another, and in 2018 I got the chance\u2014and honor\u2014to bottle a single cask of Lagavulin together with several fellow malt enthusiasts. In order to make it happen, I had to start a company. This is how The Whisky Kingdom was born. It was inevitable that my hobby would one day turn into a business, but I\u2019m glad my favorite whisky is what started it all.                                                                                                             <\/p>\n\n\n\n<p class=\"has-black-color has-text-color wp-block-paragraph\" style=\"font-size:17px\">Today, The Whisky Kingdom is a place for exclusive spirits. I make sure to track down bottles of high quality that you won\u2019t typically see in a store. Every cask that I bottle together with Wu Dram Clan needs to convince us with a strong character, from nose to finish. My motto is simple: Quality before quantity.<\/p>\n\n\n\n<p class=\"has-black-color has-text-color wp-block-paragraph\" style=\"font-size:17px\">I\u2019m glad you\u2019ve found your way to my corner of the spirits universe. Take a look around and feel free to get in touch.<br><br>Sl\u00e0inte Mhath!<\/p>","protected":false},"excerpt":{"rendered":"<p>Hey there! Ich bin Boris &#8211; Gr\u00fcnder von The Whisky Kingdom und langj\u00e4hriger Whisky-Liebhaber. Meine allererste Whisky-Verkostung hatte ich 2013. Kurz danach wurde aus dem Interesse eine Leidenschaft, die dazu gef\u00fchrt hat, dass ich in den n\u00e4chsten Jahren Whisky-Festivals in ganz Europa besucht habe. F\u00fcr mich gibt es nur sehr wenige Whiskies, die im Vergleich [&hellip;]<\/p>\n","protected":false},"author":4,"featured_media":0,"parent":0,"menu_order":0,"comment_status":"closed","ping_status":"closed","template":"","meta":{"_crdt_document":"","footnotes":""},"class_list":["post-1339","page","type-page","status-publish","hentry"],"yoast_head":"<!-- This site is optimized with the Yoast SEO plugin v27.1.1 - https:\/\/yoast.com\/product\/yoast-seo-wordpress\/ -->\n<title>About - The Whisky Kingdom<\/title>\n<meta name=\"description\" content=\"Hey there! Ich bin Boris - Gr\u00fcnder von The Whisky Kingdom und langj\u00e4hriger Whisky-Liebhaber. Meine allererste Whisky-Verkostung hatte ich 2013. Kurz\" \/>\n<meta name=\"robots\" content=\"index, follow, max-snippet:-1, max-image-preview:large, max-video-preview:-1\" \/>\n<link rel=\"canonical\" href=\"https:\/\/thewhiskykingdom.com\/en\/about\/\" \/>\n<meta property=\"og:locale\" content=\"en_US\" \/>\n<meta property=\"og:type\" content=\"article\" \/>\n<meta property=\"og:title\" content=\"About - The Whisky Kingdom\" \/>\n<meta property=\"og:description\" content=\"Hey there! Ich bin Boris - Gr\u00fcnder von The Whisky Kingdom und langj\u00e4hriger Whisky-Liebhaber. Meine allererste Whisky-Verkostung hatte ich 2013. Kurz\" \/>\n<meta property=\"og:url\" content=\"https:\/\/thewhiskykingdom.com\/en\/about\/\" \/>\n<meta property=\"og:site_name\" content=\"The Whisky Kingdom\" \/>\n<meta property=\"article:publisher\" content=\"https:\/\/www.facebook.com\/thewhiskykingdom\/\" \/>\n<meta property=\"article:modified_time\" content=\"2020-10-02T15:39:31+00:00\" \/>\n<meta property=\"og:image\" content=\"https:\/\/thewhiskykingdom.com\/wp-content\/uploads\/2020\/10\/B-cropped-794x1024.jpg\" \/>\n<meta name=\"twitter:card\" content=\"summary_large_image\" \/>\n<meta name=\"twitter:label1\" content=\"Est. reading time\" \/>\n\t<meta name=\"twitter:data1\" content=\"1 minute\" \/>\n<script type=\"application\/ld+json\" class=\"yoast-schema-graph\">{\"@context\":\"https:\/\/schema.org\",\"@graph\":[{\"@type\":\"WebPage\",\"@id\":\"https:\/\/thewhiskykingdom.com\/about\/\",\"url\":\"https:\/\/thewhiskykingdom.com\/about\/\",\"name\":\"About - The Whisky Kingdom\",\"isPartOf\":{\"@id\":\"http:\/\/thewhiskykingdom.com\/en\/#website\"},\"primaryImageOfPage\":{\"@id\":\"https:\/\/thewhiskykingdom.com\/about\/#primaryimage\"},\"image\":{\"@id\":\"https:\/\/thewhiskykingdom.com\/about\/#primaryimage\"},\"thumbnailUrl\":\"https:\/\/thewhiskykingdom.com\/wp-content\/uploads\/2020\/10\/B-cropped-794x1024.jpg\",\"datePublished\":\"2020-10-02T15:28:19+00:00\",\"dateModified\":\"2020-10-02T15:39:31+00:00\",\"description\":\"Hey there! Ich bin Boris - Gr\u00fcnder von The Whisky Kingdom und langj\u00e4hriger Whisky-Liebhaber. Meine allererste Whisky-Verkostung hatte ich 2013. Kurz\",\"breadcrumb\":{\"@id\":\"https:\/\/thewhiskykingdom.com\/about\/#breadcrumb\"},\"inLanguage\":\"en-US\",\"potentialAction\":[{\"@type\":\"ReadAction\",\"target\":[\"https:\/\/thewhiskykingdom.com\/about\/\"]}]},{\"@type\":\"ImageObject\",\"inLanguage\":\"en-US\",\"@id\":\"https:\/\/thewhiskykingdom.com\/about\/#primaryimage\",\"url\":\"https:\/\/thewhiskykingdom.com\/wp-content\/uploads\/2020\/10\/B-cropped-794x1024.jpg\",\"contentUrl\":\"https:\/\/thewhiskykingdom.com\/wp-content\/uploads\/2020\/10\/B-cropped-794x1024.jpg\"},{\"@type\":\"BreadcrumbList\",\"@id\":\"https:\/\/thewhiskykingdom.com\/about\/#breadcrumb\",\"itemListElement\":[{\"@type\":\"ListItem\",\"position\":1,\"name\":\"The Whisky Kingdom\",\"item\":\"http:\/\/thewhiskykingdom.com\/en\/\"},{\"@type\":\"ListItem\",\"position\":2,\"name\":\"About\"}]},{\"@type\":\"WebSite\",\"@id\":\"http:\/\/thewhiskykingdom.com\/en\/#website\",\"url\":\"http:\/\/thewhiskykingdom.com\/en\/\",\"name\":\"The Whisky Kingdom\",\"description\":\"Where whisky is king\",\"publisher\":{\"@id\":\"http:\/\/thewhiskykingdom.com\/en\/#organization\"},\"potentialAction\":[{\"@type\":\"SearchAction\",\"target\":{\"@type\":\"EntryPoint\",\"urlTemplate\":\"http:\/\/thewhiskykingdom.com\/en\/?s={search_term_string}\"},\"query-input\":{\"@type\":\"PropertyValueSpecification\",\"valueRequired\":true,\"valueName\":\"search_term_string\"}}],\"inLanguage\":\"en-US\"},{\"@type\":\"Organization\",\"@id\":\"http:\/\/thewhiskykingdom.com\/en\/#organization\",\"name\":\"The Whisky Kingdom UG\",\"url\":\"http:\/\/thewhiskykingdom.com\/en\/\",\"logo\":{\"@type\":\"ImageObject\",\"inLanguage\":\"en-US\",\"@id\":\"http:\/\/thewhiskykingdom.com\/en\/#\/schema\/logo\/image\/\",\"url\":\"https:\/\/thewhiskykingdom.com\/wp-content\/uploads\/2018\/03\/Logo_WK_750x750px3.jpg\",\"contentUrl\":\"https:\/\/thewhiskykingdom.com\/wp-content\/uploads\/2018\/03\/Logo_WK_750x750px3.jpg\",\"width\":750,\"height\":750,\"caption\":\"The Whisky Kingdom UG\"},\"image\":{\"@id\":\"http:\/\/thewhiskykingdom.com\/en\/#\/schema\/logo\/image\/\"},\"sameAs\":[\"https:\/\/www.facebook.com\/thewhiskykingdom\/\",\"https:\/\/www.instagram.com\/thewhiskykingdom\/\"]}]}<\/script>\n<!-- \/ Yoast SEO plugin. -->","yoast_head_json":{"title":"About - The Whisky Kingdom","description":"Hey there! Ich bin Boris - Gr\u00fcnder von The Whisky Kingdom und langj\u00e4hriger Whisky-Liebhaber. Meine allererste Whisky-Verkostung hatte ich 2013. Kurz","robots":{"index":"index","follow":"follow","max-snippet":"max-snippet:-1","max-image-preview":"max-image-preview:large","max-video-preview":"max-video-preview:-1"},"canonical":"https:\/\/thewhiskykingdom.com\/en\/about\/","og_locale":"en_US","og_type":"article","og_title":"About - The Whisky Kingdom","og_description":"Hey there! Ich bin Boris - Gr\u00fcnder von The Whisky Kingdom und langj\u00e4hriger Whisky-Liebhaber. Meine allererste Whisky-Verkostung hatte ich 2013. Kurz","og_url":"https:\/\/thewhiskykingdom.com\/en\/about\/","og_site_name":"The Whisky Kingdom","article_publisher":"https:\/\/www.facebook.com\/thewhiskykingdom\/","article_modified_time":"2020-10-02T15:39:31+00:00","og_image":[{"url":"https:\/\/thewhiskykingdom.com\/wp-content\/uploads\/2020\/10\/B-cropped-794x1024.jpg","type":"","width":"","height":""}],"twitter_card":"summary_large_image","twitter_misc":{"Est. reading time":"1 minute"},"schema":{"@context":"https:\/\/schema.org","@graph":[{"@type":"WebPage","@id":"https:\/\/thewhiskykingdom.com\/about\/","url":"https:\/\/thewhiskykingdom.com\/about\/","name":"About - The Whisky Kingdom","isPartOf":{"@id":"http:\/\/thewhiskykingdom.com\/en\/#website"},"primaryImageOfPage":{"@id":"https:\/\/thewhiskykingdom.com\/about\/#primaryimage"},"image":{"@id":"https:\/\/thewhiskykingdom.com\/about\/#primaryimage"},"thumbnailUrl":"https:\/\/thewhiskykingdom.com\/wp-content\/uploads\/2020\/10\/B-cropped-794x1024.jpg","datePublished":"2020-10-02T15:28:19+00:00","dateModified":"2020-10-02T15:39:31+00:00","description":"Hey there! Ich bin Boris - Gr\u00fcnder von The Whisky Kingdom und langj\u00e4hriger Whisky-Liebhaber. Meine allererste Whisky-Verkostung hatte ich 2013. Kurz","breadcrumb":{"@id":"https:\/\/thewhiskykingdom.com\/about\/#breadcrumb"},"inLanguage":"en-US","potentialAction":[{"@type":"ReadAction","target":["https:\/\/thewhiskykingdom.com\/about\/"]}]},{"@type":"ImageObject","inLanguage":"en-US","@id":"https:\/\/thewhiskykingdom.com\/about\/#primaryimage","url":"https:\/\/thewhiskykingdom.com\/wp-content\/uploads\/2020\/10\/B-cropped-794x1024.jpg","contentUrl":"https:\/\/thewhiskykingdom.com\/wp-content\/uploads\/2020\/10\/B-cropped-794x1024.jpg"},{"@type":"BreadcrumbList","@id":"https:\/\/thewhiskykingdom.com\/about\/#breadcrumb","itemListElement":[{"@type":"ListItem","position":1,"name":"The Whisky Kingdom","item":"http:\/\/thewhiskykingdom.com\/en\/"},{"@type":"ListItem","position":2,"name":"About"}]},{"@type":"WebSite","@id":"http:\/\/thewhiskykingdom.com\/en\/#website","url":"http:\/\/thewhiskykingdom.com\/en\/","name":"The Whisky Kingdom","description":"Where whisky is king","publisher":{"@id":"http:\/\/thewhiskykingdom.com\/en\/#organization"},"potentialAction":[{"@type":"SearchAction","target":{"@type":"EntryPoint","urlTemplate":"http:\/\/thewhiskykingdom.com\/en\/?s={search_term_string}"},"query-input":{"@type":"PropertyValueSpecification","valueRequired":true,"valueName":"search_term_string"}}],"inLanguage":"en-US"},{"@type":"Organization","@id":"http:\/\/thewhiskykingdom.com\/en\/#organization","name":"The Whisky Kingdom UG","url":"http:\/\/thewhiskykingdom.com\/en\/","logo":{"@type":"ImageObject","inLanguage":"en-US","@id":"http:\/\/thewhiskykingdom.com\/en\/#\/schema\/logo\/image\/","url":"https:\/\/thewhiskykingdom.com\/wp-content\/uploads\/2018\/03\/Logo_WK_750x750px3.jpg","contentUrl":"https:\/\/thewhiskykingdom.com\/wp-content\/uploads\/2018\/03\/Logo_WK_750x750px3.jpg","width":750,"height":750,"caption":"The Whisky Kingdom UG"},"image":{"@id":"http:\/\/thewhiskykingdom.com\/en\/#\/schema\/logo\/image\/"},"sameAs":["https:\/\/www.facebook.com\/thewhiskykingdom\/","https:\/\/www.instagram.com\/thewhiskykingdom\/"]}]}},"_links":{"self":[{"href":"https:\/\/thewhiskykingdom.com\/en\/wp-json\/wp\/v2\/pages\/1339","targetHints":{"allow":["GET"]}}],"collection":[{"href":"https:\/\/thewhiskykingdom.com\/en\/wp-json\/wp\/v2\/pages"}],"about":[{"href":"https:\/\/thewhiskykingdom.com\/en\/wp-json\/wp\/v2\/types\/page"}],"author":[{"embeddable":true,"href":"https:\/\/thewhiskykingdom.com\/en\/wp-json\/wp\/v2\/users\/4"}],"replies":[{"embeddable":true,"href":"https:\/\/thewhiskykingdom.com\/en\/wp-json\/wp\/v2\/comments?post=1339"}],"version-history":[{"count":0,"href":"https:\/\/thewhiskykingdom.com\/en\/wp-json\/wp\/v2\/pages\/1339\/revisions"}],"wp:attachment":[{"href":"https:\/\/thewhiskykingdom.com\/en\/wp-json\/wp\/v2\/media?parent=1339"}],"curies":[{"name":"wp","href":"https:\/\/api.w.org\/{rel}","templated":true}]}}