{"id":1621,"date":"2020-12-31T16:19:26","date_gmt":"2020-12-31T15:19:26","guid":{"rendered":"https:\/\/thewhiskykingdom.com\/?page_id=1621"},"modified":"2020-12-31T17:14:16","modified_gmt":"2020-12-31T16:14:16","slug":"wu-dram-clan","status":"publish","type":"page","link":"https:\/\/thewhiskykingdom.com\/en\/wu-dram-clan\/","title":{"rendered":"Wu DRAM Clan"},"content":{"rendered":"\n<figure class=\"wp-block-image size-large is-resized is-style-rounded\"><img decoding=\"async\" src=\"https:\/\/thewhiskykingdom.com\/wp-content\/uploads\/2020\/12\/WU-DRAM-CLAN-1024x842.jpg\" alt=\"WuDramClan\" class=\"wp-image-1632\" width=\"512\" height=\"421\" srcset=\"https:\/\/thewhiskykingdom.com\/wp-content\/uploads\/2020\/12\/WU-DRAM-CLAN-1024x842.jpg 1024w, https:\/\/thewhiskykingdom.com\/wp-content\/uploads\/2020\/12\/WU-DRAM-CLAN-300x247.jpg 300w, https:\/\/thewhiskykingdom.com\/wp-content\/uploads\/2020\/12\/WU-DRAM-CLAN-768x632.jpg 768w\" sizes=\"(max-width: 512px) 100vw, 512px\" \/><\/figure>\n\n\n\n<h2 class=\"has-black-color has-text-color wp-block-heading\">Sie finden die beliebten Abf\u00fcllungen von Wu DRAM Clan bei uns im Shop und bei unseren Partnern:<\/h2>\n\n\n\n<h3 class=\"has-black-color has-text-color wp-block-heading\">Germany <img decoding=\"async\" alt=\"&#x1f1e9;&#x1f1ea;\" src=\"https:\/\/static.xx.fbcdn.net\/images\/emoji.php\/v9\/t16\/1\/16\/1f1e9_1f1ea.png\" width=\"16\" height=\"16\"><\/h3>\n\n\n\n<p class=\"has-black-color has-text-color wp-block-paragraph\">WHIC Whisky Circle <a href=\"http:\/\/www.whic.de\/?fbclid=IwAR2H9_xIOG1MQhpFSkQyjRk-2Q-lkS45kN2vF9VC5l9hA1sCa4mKv4PmQQw\" rel=\"noreferrer noopener\" target=\"_blank\"><span class=\"has-inline-color has-luminous-vivid-orange-color\">www.whic.de<\/span><\/a><\/p>\n\n\n\n<p class=\"has-black-color has-text-color wp-block-paragraph\">WHIZITA Flickenschild Whisky &amp; Zigarren <a href=\"https:\/\/www.whizita.de\/de\/?fbclid=IwAR1N0Os1Mps61rfb5H4s9ityUheWEQ76BBUO7lF_TNwuB9VEeiw2UsOR5wg\" rel=\"noreferrer noopener\" target=\"_blank\"><span class=\"has-inline-color has-luminous-vivid-orange-color\">https:\/\/www.whizita.de\/de\/<\/span><\/a><\/p>\n\n\n\n<p class=\"has-black-color has-text-color wp-block-paragraph\">WHISKYTEMPEL <a href=\"http:\/\/www.whiskytempel.de\/?fbclid=IwAR3buahdpQgxZecqIrL0nM55O872E4nvb7UZp12itB5J36zYdmr3ZwrRgI0\" rel=\"noreferrer noopener\" target=\"_blank\"><span class=\"has-inline-color has-luminous-vivid-orange-color\">www.whiskytempel.de<\/span><\/a><\/p>\n\n\n\n<p class=\"has-black-color has-text-color wp-block-paragraph\">COGNAC-PARADISE <a href=\"https:\/\/www.cognac-paradise.de\/?fbclid=IwAR1mBR65WJuwhCGDTRCWtMWTolkfUg0eUZsntv5mLoKemAHedTg8Y0rDvxI\" rel=\"noreferrer noopener\" target=\"_blank\"><span class=\"has-inline-color has-luminous-vivid-orange-color\">https:\/\/www.cognac-paradise.de\/<\/span><\/a><\/p>\n\n\n\n<p class=\"has-black-color has-text-color wp-block-paragraph\">WHISKY-JACE <a href=\"https:\/\/www.whiskyjace.de\/?fbclid=IwAR2ItJZugt_kFfceABpKuE1pOxgh4Z55csKit8G7XEGOgPPH_TDhTSJ0a7Q\" rel=\"noreferrer noopener\" target=\"_blank\"><span class=\"has-inline-color has-luminous-vivid-orange-color\">https:\/\/www.whiskyjace.de\/<\/span><\/a><\/p>\n\n\n\n<p class=\"has-black-color has-text-color wp-block-paragraph\">DEINWHISKY.de <a href=\"https:\/\/www.deinwhisky.de\/?fbclid=IwAR17ZzAR8auCFs3opXiqd5g0CcNc555XrwVnODREk-sDV4pfg8CcRQCCj_U\" rel=\"noreferrer noopener\" target=\"_blank\"><span class=\"has-inline-color has-luminous-vivid-orange-color\">https:\/\/www.deinwhisky.de\/<\/span><\/a><\/p>\n\n\n\n<p class=\"has-black-color has-text-color wp-block-paragraph\">TARA SPIRITS <a href=\"https:\/\/l.facebook.com\/l.php?u=https%3A%2F%2Ftara-spirits.de%2F%3Ffbclid%3DIwAR2L3F0_jPT9w1d4COVvbzuUhlq4IyakGs_nBrA3qRZHgGGo-6kKFfgziTA&amp;h=AT1-IOwJulFr8_Y3JmHPt-lG-2gFzuqc-UvaVfIax61QbhC8ya83GZMWHS6aXjEHC5gJh30K8sPq3EAye4sn03vEAgqZivcHmICp-HnLwH4KalXg9XdsGMQVOrxWZ6udNGEgRHZYk7uSfuHQXA&amp;__tn__=-UK-y-R&amp;c[0]=AT3GMNwN6u37oPRcjzRRO4n9qEvqtnOdGO3aHjHSFd6SXw9CjdmibabEw0_LRznSTVDLXV32k-i-9EjL2kQfphpQuL_19cZFN5mPytikq7CvQTT-qPoWnw19X4ONmjg5WFrO9Aju9pUHJhL33LJvYji5bQB0MYfUSIRKrsSRsZsBEyylbnzyeSjkLIbagL-kEoc_PbHchI0Yf2utMnOJe3obKiQu510Cm6r6IxN5Mw1WPry21x9_j9-8yijdERa7p2FLp7l3FAqrnu6eU6XA7syvawnROL8\" rel=\"noreferrer noopener\" target=\"_blank\"><span class=\"has-inline-color has-luminous-vivid-orange-color\">https:\/\/tara-spirits.de\/<\/span><\/a><\/p>\n\n\n\n<h3 class=\"has-black-color has-text-color wp-block-heading\">France <img decoding=\"async\" alt=\"&#x1f1eb;&#x1f1f7;\" src=\"https:\/\/static.xx.fbcdn.net\/images\/emoji.php\/v9\/t74\/1\/16\/1f1eb_1f1f7.png\" width=\"16\" height=\"16\"><\/h3>\n\n\n\n<p class=\"has-black-color has-text-color wp-block-paragraph\">Caveau d&#8216; OSTWALD <a href=\"https:\/\/l.facebook.com\/l.php?u=https%3A%2F%2Fwww.caveauostwald.com%2F%3Ffbclid%3DIwAR3snvgOjThMrOIqGs-m10j7Gtk1Uf9LPIXG_qRDhuVZhUp9YR9713TKb_0&amp;h=AT2k5KXWW-RF5XcYw041WC8tGl6HGZau73jHomK2l6AA37buZugyNmVHcHToE1FRryrTbKCVt8d7_0QatmQF58lIqFbrE6bcq305NRrDJ_zOL-Q7mPx-oMeQzGBio7gCSVHjGifbhT7PKbiFZQ&amp;__tn__=-UK-y-R&amp;c[0]=AT3GMNwN6u37oPRcjzRRO4n9qEvqtnOdGO3aHjHSFd6SXw9CjdmibabEw0_LRznSTVDLXV32k-i-9EjL2kQfphpQuL_19cZFN5mPytikq7CvQTT-qPoWnw19X4ONmjg5WFrO9Aju9pUHJhL33LJvYji5bQB0MYfUSIRKrsSRsZsBEyylbnzyeSjkLIbagL-kEoc_PbHchI0Yf2utMnOJe3obKiQu510Cm6r6IxN5Mw1WPry21x9_j9-8yijdERa7p2FLp7l3FAqrnu6eU6XA7syvawnROL8\" rel=\"noreferrer noopener\" target=\"_blank\"><span class=\"has-inline-color has-luminous-vivid-orange-color\">https:\/\/www.caveauostwald.com\/<\/span><\/a><\/p>\n\n\n\n<p class=\"has-black-color has-text-color wp-block-paragraph\">COGNAC GROSPERRIN <a href=\"https:\/\/l.facebook.com\/l.php?u=https%3A%2F%2Fcognac-grosperrin.com%2F%3Ffbclid%3DIwAR3BygtS9x9K97Gc5nazoOUxFpI-ADYD8soklrwlpXyi0n-uhk9xLwUYyvg&amp;h=AT1qWFvF0puHLhbqNqpd9771OaguQP5Ayc67rZQmiIUJB22QNkyCQqKuVXYepp9rsV77OfBFJQ83eBM5BJTHOTILJ3fcR_Ss-j5GUsd8WQHb-Rr616_SDye1s14zz0ygecztKvvK9DCf2XjQmA&amp;__tn__=-UK-y-R&amp;c[0]=AT3GMNwN6u37oPRcjzRRO4n9qEvqtnOdGO3aHjHSFd6SXw9CjdmibabEw0_LRznSTVDLXV32k-i-9EjL2kQfphpQuL_19cZFN5mPytikq7CvQTT-qPoWnw19X4ONmjg5WFrO9Aju9pUHJhL33LJvYji5bQB0MYfUSIRKrsSRsZsBEyylbnzyeSjkLIbagL-kEoc_PbHchI0Yf2utMnOJe3obKiQu510Cm6r6IxN5Mw1WPry21x9_j9-8yijdERa7p2FLp7l3FAqrnu6eU6XA7syvawnROL8\" rel=\"noreferrer noopener\" target=\"_blank\"><span class=\"has-inline-color has-luminous-vivid-orange-color\">https:\/\/cognac-grosperrin.com\/<\/span><\/a><\/p>\n\n\n\n<h3 class=\"has-black-color has-text-color wp-block-heading\">Netherlands <img decoding=\"async\" alt=\"&#x1f1f3;&#x1f1f1;\" src=\"https:\/\/static.xx.fbcdn.net\/images\/emoji.php\/v9\/t5e\/1\/16\/1f1f3_1f1f1.png\" width=\"16\" height=\"16\"><\/h3>\n\n\n\n<p class=\"has-black-color has-text-color wp-block-paragraph\">PASSION FOR WHISKY <a href=\"https:\/\/l.facebook.com\/l.php?u=https%3A%2F%2Fwww.passionforwhisky.com%2Fen%2F%3Ffbclid%3DIwAR0WPJXwHRB5XGRLJmYdRAqi2pQu61ADyUX7O8BVImLkZEsPJ-620eQg0k4&amp;h=AT1NHGEaavsW0ZGaDgR-cce88Nu2SBwIFpMIi0-QI3KaBOJVY9FGem3FImTdtvMnGyxMrpjbC_a6RH0CKKL1X0vsMHTI_5kQGFGTyMXjwiQT87hhwBn5ppiGlQqZeoewNwujgIORqqNDup5HOQ&amp;__tn__=-UK-y-R&amp;c[0]=AT3GMNwN6u37oPRcjzRRO4n9qEvqtnOdGO3aHjHSFd6SXw9CjdmibabEw0_LRznSTVDLXV32k-i-9EjL2kQfphpQuL_19cZFN5mPytikq7CvQTT-qPoWnw19X4ONmjg5WFrO9Aju9pUHJhL33LJvYji5bQB0MYfUSIRKrsSRsZsBEyylbnzyeSjkLIbagL-kEoc_PbHchI0Yf2utMnOJe3obKiQu510Cm6r6IxN5Mw1WPry21x9_j9-8yijdERa7p2FLp7l3FAqrnu6eU6XA7syvawnROL8\" rel=\"noreferrer noopener\" target=\"_blank\"><span class=\"has-inline-color has-luminous-vivid-orange-color\">https:\/\/www.passionforwhisky.com\/en\/<\/span><\/a><\/p>\n\n\n\n<h3 class=\"has-black-color has-text-color wp-block-heading\">Austria <img decoding=\"async\" alt=\"&#x1f1e6;&#x1f1f9;\" src=\"https:\/\/static.xx.fbcdn.net\/images\/emoji.php\/v9\/t4a\/1\/16\/1f1e6_1f1f9.png\" width=\"16\" height=\"16\"><\/h3>\n\n\n\n<p class=\"has-black-color has-text-color wp-block-paragraph\">HIRSCHBRUNNER SPIRITS <a href=\"https:\/\/l.facebook.com\/l.php?u=http%3A%2F%2Fwww.hirschenbrunner.com%2F%3Ffbclid%3DIwAR2CNmroDd0ejDFWrcMTUzEFDioZCASz-ms7tkut5kB_u_3U2eCUrCK-zds&amp;h=AT0GFA09_qZNjVhgy3DyxZENStvJpXZSkKj_uRzUqEJb04Wx7JfczlT8n-NhtEvQatdXdIefdsWDCvz2hsG7ewOzfGOhH085C_kz7jMzZn8idcg74J7UMbBGzXhB65bwvvDaOCrV7ZMj5vYBGA&amp;__tn__=-UK-y-R&amp;c[0]=AT3GMNwN6u37oPRcjzRRO4n9qEvqtnOdGO3aHjHSFd6SXw9CjdmibabEw0_LRznSTVDLXV32k-i-9EjL2kQfphpQuL_19cZFN5mPytikq7CvQTT-qPoWnw19X4ONmjg5WFrO9Aju9pUHJhL33LJvYji5bQB0MYfUSIRKrsSRsZsBEyylbnzyeSjkLIbagL-kEoc_PbHchI0Yf2utMnOJe3obKiQu510Cm6r6IxN5Mw1WPry21x9_j9-8yijdERa7p2FLp7l3FAqrnu6eU6XA7syvawnROL8\" rel=\"noreferrer noopener\" target=\"_blank\"><span class=\"has-inline-color has-luminous-vivid-orange-color\">http:\/\/www.hirschenbrunner.com\/<\/span><\/a><\/p>\n\n\n\n<h3 class=\"has-black-color has-text-color wp-block-heading\">Singapore <img decoding=\"async\" alt=\"&#x1f1f8;&#x1f1ec;\" src=\"https:\/\/static.xx.fbcdn.net\/images\/emoji.php\/v9\/tb6\/1\/16\/1f1f8_1f1ec.png\" width=\"16\" height=\"16\"><\/h3>\n\n\n\n<p class=\"has-black-color has-text-color wp-block-paragraph\">FRIENDS WITH DRAMS <a href=\"https:\/\/friendswithdrams.com\/?fbclid=IwAR1mBR65WJuwhCGDTRCWtMWTolkfUg0eUZsntv5mLoKemAHedTg8Y0rDvxI\" rel=\"noreferrer noopener\" target=\"_blank\"><span class=\"has-inline-color has-luminous-vivid-orange-color\">https:\/\/friendswithdrams.com\/<\/span><\/a><\/p>\n\n\n\n<h3 class=\"has-black-color has-text-color wp-block-heading\">Belgium <img decoding=\"async\" alt=\"&#x1f1e7;&#x1f1ea;\" src=\"https:\/\/static.xx.fbcdn.net\/images\/emoji.php\/v9\/t94\/1\/16\/1f1e7_1f1ea.png\" width=\"16\" height=\"16\"><\/h3>\n\n\n\n<p class=\"has-black-color has-text-color wp-block-paragraph\">OG WHISKY <a href=\"https:\/\/l.facebook.com\/l.php?u=https%3A%2F%2Fwww.ogwhisky.com%2F%3Ffbclid%3DIwAR3StLcU4PuDK2kAPS6vQ3o2v_aVaN3kFQDLlAyrj0_NiAi-JOtfPvVYNfw&amp;h=AT3v9HU7tXIJaeCR0zM7jYcaczgNk0XqnCjQn2VbbLG8ZsijEcflX-QN4BaofVDxbntUDecUjVS9xsEzMVo6nkrgNBLdzuoBU5NvjX8Mf-2gOa_FuMggbwjVp-lKfAzfcN4VD622KrXgdequCg&amp;__tn__=-UK-y-R&amp;c[0]=AT3GMNwN6u37oPRcjzRRO4n9qEvqtnOdGO3aHjHSFd6SXw9CjdmibabEw0_LRznSTVDLXV32k-i-9EjL2kQfphpQuL_19cZFN5mPytikq7CvQTT-qPoWnw19X4ONmjg5WFrO9Aju9pUHJhL33LJvYji5bQB0MYfUSIRKrsSRsZsBEyylbnzyeSjkLIbagL-kEoc_PbHchI0Yf2utMnOJe3obKiQu510Cm6r6IxN5Mw1WPry21x9_j9-8yijdERa7p2FLp7l3FAqrnu6eU6XA7syvawnROL8\" rel=\"noreferrer noopener\" target=\"_blank\"><span class=\"has-inline-color has-luminous-vivid-orange-color\">https:\/\/www.ogwhisky.com\/<\/span><\/a><\/p>\n\n\n\n<h3 class=\"has-black-color has-text-color wp-block-heading\">Japan <img decoding=\"async\" alt=\"&#x1f1ef;&#x1f1f5;\" src=\"https:\/\/static.xx.fbcdn.net\/images\/emoji.php\/v9\/t76\/1\/16\/1f1ef_1f1f5.png\" width=\"16\" height=\"16\"><\/h3>\n\n\n\n<p class=\"has-black-color has-text-color wp-block-paragraph\">KYOTO FINE WINE AND SPIRITS <a href=\"https:\/\/kyotofinewineandspirits.com\"><span class=\"has-inline-color has-luminous-vivid-orange-color\">https:\/\/kyotofinewineandspirits.com<\/span><\/a><\/p>\n\n\n\n<p class=\"wp-block-paragraph\"><\/p>\n\n\n\n<p class=\"wp-block-paragraph\"><\/p>\n","protected":false},"excerpt":{"rendered":"<p>Sie finden die beliebten Abf\u00fcllungen von Wu DRAM Clan bei uns im Shop und bei unseren Partnern: Germany WHIC Whisky Circle www.whic.de WHIZITA Flickenschild Whisky &amp; Zigarren https:\/\/www.whizita.de\/de\/ WHISKYTEMPEL www.whiskytempel.de COGNAC-PARADISE https:\/\/www.cognac-paradise.de\/ WHISKY-JACE https:\/\/www.whiskyjace.de\/ DEINWHISKY.de https:\/\/www.deinwhisky.de\/ TARA SPIRITS https:\/\/tara-spirits.de\/ France Caveau d&#8216; OSTWALD https:\/\/www.caveauostwald.com\/ COGNAC GROSPERRIN https:\/\/cognac-grosperrin.com\/ Netherlands PASSION FOR WHISKY https:\/\/www.passionforwhisky.com\/en\/ Austria HIRSCHBRUNNER SPIRITS [&hellip;]<\/p>\n","protected":false},"author":1,"featured_media":412,"parent":0,"menu_order":0,"comment_status":"closed","ping_status":"closed","template":"","meta":{"_crdt_document":"","footnotes":""},"class_list":["post-1621","page","type-page","status-publish","has-post-thumbnail","hentry"],"yoast_head":"<!-- This site is optimized with the Yoast SEO plugin v27.1.1 - https:\/\/yoast.com\/product\/yoast-seo-wordpress\/ -->\n<title>Wu DRAM Clan - The Whisky Kingdom<\/title>\n<meta name=\"description\" content=\"Wu DRAM Clan ist ein unabh\u00e4ngiger Abf\u00fcller von Single Malt Whisky, Cognac, Armagnac und andere Spirituosen. Wu DRAM Clan steht f\u00fcr Qualit\u00e4t!\" \/>\n<meta name=\"robots\" content=\"index, follow, max-snippet:-1, max-image-preview:large, max-video-preview:-1\" \/>\n<link rel=\"canonical\" href=\"https:\/\/thewhiskykingdom.com\/en\/wu-dram-clan\/\" \/>\n<meta property=\"og:locale\" content=\"en_US\" \/>\n<meta property=\"og:type\" content=\"article\" \/>\n<meta property=\"og:title\" content=\"Wu DRAM Clan - The Whisky Kingdom\" \/>\n<meta property=\"og:description\" content=\"Wu DRAM Clan ist ein unabh\u00e4ngiger Abf\u00fcller von Single Malt Whisky, Cognac, Armagnac und andere Spirituosen. Wu DRAM Clan steht f\u00fcr Qualit\u00e4t!\" \/>\n<meta property=\"og:url\" content=\"https:\/\/thewhiskykingdom.com\/en\/wu-dram-clan\/\" \/>\n<meta property=\"og:site_name\" content=\"The Whisky Kingdom\" \/>\n<meta property=\"article:publisher\" content=\"https:\/\/www.facebook.com\/thewhiskykingdom\/\" \/>\n<meta property=\"article:modified_time\" content=\"2020-12-31T16:14:16+00:00\" \/>\n<meta property=\"og:image\" content=\"https:\/\/thewhiskykingdom.com\/wp-content\/uploads\/2018\/06\/DSCF7924-scaled.jpg\" \/>\n\t<meta property=\"og:image:width\" content=\"2560\" \/>\n\t<meta property=\"og:image:height\" content=\"1439\" \/>\n\t<meta property=\"og:image:type\" content=\"image\/jpeg\" \/>\n<meta name=\"twitter:card\" content=\"summary_large_image\" \/>\n<meta name=\"twitter:label1\" content=\"Est. reading time\" \/>\n\t<meta name=\"twitter:data1\" content=\"1 minute\" \/>\n<script type=\"application\/ld+json\" class=\"yoast-schema-graph\">{\"@context\":\"https:\/\/schema.org\",\"@graph\":[{\"@type\":\"WebPage\",\"@id\":\"https:\/\/thewhiskykingdom.com\/wu-dram-clan\/\",\"url\":\"https:\/\/thewhiskykingdom.com\/wu-dram-clan\/\",\"name\":\"Wu DRAM Clan - The Whisky Kingdom\",\"isPartOf\":{\"@id\":\"http:\/\/thewhiskykingdom.com\/en\/#website\"},\"primaryImageOfPage\":{\"@id\":\"https:\/\/thewhiskykingdom.com\/wu-dram-clan\/#primaryimage\"},\"image\":{\"@id\":\"https:\/\/thewhiskykingdom.com\/wu-dram-clan\/#primaryimage\"},\"thumbnailUrl\":\"https:\/\/thewhiskykingdom.com\/wp-content\/uploads\/2018\/06\/DSCF7924-scaled.jpg\",\"datePublished\":\"2020-12-31T15:19:26+00:00\",\"dateModified\":\"2020-12-31T16:14:16+00:00\",\"description\":\"Wu DRAM Clan ist ein unabh\u00e4ngiger Abf\u00fcller von Single Malt Whisky, Cognac, Armagnac und andere Spirituosen. Wu DRAM Clan steht f\u00fcr Qualit\u00e4t!\",\"breadcrumb\":{\"@id\":\"https:\/\/thewhiskykingdom.com\/wu-dram-clan\/#breadcrumb\"},\"inLanguage\":\"en-US\",\"potentialAction\":[{\"@type\":\"ReadAction\",\"target\":[\"https:\/\/thewhiskykingdom.com\/wu-dram-clan\/\"]}]},{\"@type\":\"ImageObject\",\"inLanguage\":\"en-US\",\"@id\":\"https:\/\/thewhiskykingdom.com\/wu-dram-clan\/#primaryimage\",\"url\":\"https:\/\/thewhiskykingdom.com\/wp-content\/uploads\/2018\/06\/DSCF7924-scaled.jpg\",\"contentUrl\":\"https:\/\/thewhiskykingdom.com\/wp-content\/uploads\/2018\/06\/DSCF7924-scaled.jpg\",\"width\":2560,\"height\":1439},{\"@type\":\"BreadcrumbList\",\"@id\":\"https:\/\/thewhiskykingdom.com\/wu-dram-clan\/#breadcrumb\",\"itemListElement\":[{\"@type\":\"ListItem\",\"position\":1,\"name\":\"The Whisky Kingdom\",\"item\":\"http:\/\/thewhiskykingdom.com\/en\/\"},{\"@type\":\"ListItem\",\"position\":2,\"name\":\"Wu DRAM Clan\"}]},{\"@type\":\"WebSite\",\"@id\":\"http:\/\/thewhiskykingdom.com\/en\/#website\",\"url\":\"http:\/\/thewhiskykingdom.com\/en\/\",\"name\":\"The Whisky Kingdom\",\"description\":\"Where whisky is king\",\"publisher\":{\"@id\":\"http:\/\/thewhiskykingdom.com\/en\/#organization\"},\"potentialAction\":[{\"@type\":\"SearchAction\",\"target\":{\"@type\":\"EntryPoint\",\"urlTemplate\":\"http:\/\/thewhiskykingdom.com\/en\/?s={search_term_string}\"},\"query-input\":{\"@type\":\"PropertyValueSpecification\",\"valueRequired\":true,\"valueName\":\"search_term_string\"}}],\"inLanguage\":\"en-US\"},{\"@type\":\"Organization\",\"@id\":\"http:\/\/thewhiskykingdom.com\/en\/#organization\",\"name\":\"The Whisky Kingdom UG\",\"url\":\"http:\/\/thewhiskykingdom.com\/en\/\",\"logo\":{\"@type\":\"ImageObject\",\"inLanguage\":\"en-US\",\"@id\":\"http:\/\/thewhiskykingdom.com\/en\/#\/schema\/logo\/image\/\",\"url\":\"https:\/\/thewhiskykingdom.com\/wp-content\/uploads\/2018\/03\/Logo_WK_750x750px3.jpg\",\"contentUrl\":\"https:\/\/thewhiskykingdom.com\/wp-content\/uploads\/2018\/03\/Logo_WK_750x750px3.jpg\",\"width\":750,\"height\":750,\"caption\":\"The Whisky Kingdom UG\"},\"image\":{\"@id\":\"http:\/\/thewhiskykingdom.com\/en\/#\/schema\/logo\/image\/\"},\"sameAs\":[\"https:\/\/www.facebook.com\/thewhiskykingdom\/\",\"https:\/\/www.instagram.com\/thewhiskykingdom\/\"]}]}<\/script>\n<!-- \/ Yoast SEO plugin. -->","yoast_head_json":{"title":"Wu DRAM Clan - The Whisky Kingdom","description":"Wu DRAM Clan ist ein unabh\u00e4ngiger Abf\u00fcller von Single Malt Whisky, Cognac, Armagnac und andere Spirituosen. Wu DRAM Clan steht f\u00fcr Qualit\u00e4t!","robots":{"index":"index","follow":"follow","max-snippet":"max-snippet:-1","max-image-preview":"max-image-preview:large","max-video-preview":"max-video-preview:-1"},"canonical":"https:\/\/thewhiskykingdom.com\/en\/wu-dram-clan\/","og_locale":"en_US","og_type":"article","og_title":"Wu DRAM Clan - The Whisky Kingdom","og_description":"Wu DRAM Clan ist ein unabh\u00e4ngiger Abf\u00fcller von Single Malt Whisky, Cognac, Armagnac und andere Spirituosen. Wu DRAM Clan steht f\u00fcr Qualit\u00e4t!","og_url":"https:\/\/thewhiskykingdom.com\/en\/wu-dram-clan\/","og_site_name":"The Whisky Kingdom","article_publisher":"https:\/\/www.facebook.com\/thewhiskykingdom\/","article_modified_time":"2020-12-31T16:14:16+00:00","og_image":[{"width":2560,"height":1439,"url":"https:\/\/thewhiskykingdom.com\/wp-content\/uploads\/2018\/06\/DSCF7924-scaled.jpg","type":"image\/jpeg"}],"twitter_card":"summary_large_image","twitter_misc":{"Est. reading time":"1 minute"},"schema":{"@context":"https:\/\/schema.org","@graph":[{"@type":"WebPage","@id":"https:\/\/thewhiskykingdom.com\/wu-dram-clan\/","url":"https:\/\/thewhiskykingdom.com\/wu-dram-clan\/","name":"Wu DRAM Clan - The Whisky Kingdom","isPartOf":{"@id":"http:\/\/thewhiskykingdom.com\/en\/#website"},"primaryImageOfPage":{"@id":"https:\/\/thewhiskykingdom.com\/wu-dram-clan\/#primaryimage"},"image":{"@id":"https:\/\/thewhiskykingdom.com\/wu-dram-clan\/#primaryimage"},"thumbnailUrl":"https:\/\/thewhiskykingdom.com\/wp-content\/uploads\/2018\/06\/DSCF7924-scaled.jpg","datePublished":"2020-12-31T15:19:26+00:00","dateModified":"2020-12-31T16:14:16+00:00","description":"Wu DRAM Clan ist ein unabh\u00e4ngiger Abf\u00fcller von Single Malt Whisky, Cognac, Armagnac und andere Spirituosen. Wu DRAM Clan steht f\u00fcr Qualit\u00e4t!","breadcrumb":{"@id":"https:\/\/thewhiskykingdom.com\/wu-dram-clan\/#breadcrumb"},"inLanguage":"en-US","potentialAction":[{"@type":"ReadAction","target":["https:\/\/thewhiskykingdom.com\/wu-dram-clan\/"]}]},{"@type":"ImageObject","inLanguage":"en-US","@id":"https:\/\/thewhiskykingdom.com\/wu-dram-clan\/#primaryimage","url":"https:\/\/thewhiskykingdom.com\/wp-content\/uploads\/2018\/06\/DSCF7924-scaled.jpg","contentUrl":"https:\/\/thewhiskykingdom.com\/wp-content\/uploads\/2018\/06\/DSCF7924-scaled.jpg","width":2560,"height":1439},{"@type":"BreadcrumbList","@id":"https:\/\/thewhiskykingdom.com\/wu-dram-clan\/#breadcrumb","itemListElement":[{"@type":"ListItem","position":1,"name":"The Whisky Kingdom","item":"http:\/\/thewhiskykingdom.com\/en\/"},{"@type":"ListItem","position":2,"name":"Wu DRAM Clan"}]},{"@type":"WebSite","@id":"http:\/\/thewhiskykingdom.com\/en\/#website","url":"http:\/\/thewhiskykingdom.com\/en\/","name":"The Whisky Kingdom","description":"Where whisky is king","publisher":{"@id":"http:\/\/thewhiskykingdom.com\/en\/#organization"},"potentialAction":[{"@type":"SearchAction","target":{"@type":"EntryPoint","urlTemplate":"http:\/\/thewhiskykingdom.com\/en\/?s={search_term_string}"},"query-input":{"@type":"PropertyValueSpecification","valueRequired":true,"valueName":"search_term_string"}}],"inLanguage":"en-US"},{"@type":"Organization","@id":"http:\/\/thewhiskykingdom.com\/en\/#organization","name":"The Whisky Kingdom UG","url":"http:\/\/thewhiskykingdom.com\/en\/","logo":{"@type":"ImageObject","inLanguage":"en-US","@id":"http:\/\/thewhiskykingdom.com\/en\/#\/schema\/logo\/image\/","url":"https:\/\/thewhiskykingdom.com\/wp-content\/uploads\/2018\/03\/Logo_WK_750x750px3.jpg","contentUrl":"https:\/\/thewhiskykingdom.com\/wp-content\/uploads\/2018\/03\/Logo_WK_750x750px3.jpg","width":750,"height":750,"caption":"The Whisky Kingdom UG"},"image":{"@id":"http:\/\/thewhiskykingdom.com\/en\/#\/schema\/logo\/image\/"},"sameAs":["https:\/\/www.facebook.com\/thewhiskykingdom\/","https:\/\/www.instagram.com\/thewhiskykingdom\/"]}]}},"_links":{"self":[{"href":"https:\/\/thewhiskykingdom.com\/en\/wp-json\/wp\/v2\/pages\/1621","targetHints":{"allow":["GET"]}}],"collection":[{"href":"https:\/\/thewhiskykingdom.com\/en\/wp-json\/wp\/v2\/pages"}],"about":[{"href":"https:\/\/thewhiskykingdom.com\/en\/wp-json\/wp\/v2\/types\/page"}],"author":[{"embeddable":true,"href":"https:\/\/thewhiskykingdom.com\/en\/wp-json\/wp\/v2\/users\/1"}],"replies":[{"embeddable":true,"href":"https:\/\/thewhiskykingdom.com\/en\/wp-json\/wp\/v2\/comments?post=1621"}],"version-history":[{"count":0,"href":"https:\/\/thewhiskykingdom.com\/en\/wp-json\/wp\/v2\/pages\/1621\/revisions"}],"wp:featuredmedia":[{"embeddable":true,"href":"https:\/\/thewhiskykingdom.com\/en\/wp-json\/wp\/v2\/media\/412"}],"wp:attachment":[{"href":"https:\/\/thewhiskykingdom.com\/en\/wp-json\/wp\/v2\/media?parent=1621"}],"curies":[{"name":"wp","href":"https:\/\/api.w.org\/{rel}","templated":true}]}}