{"id":1971,"date":"2022-03-16T16:56:53","date_gmt":"2022-03-16T15:56:53","guid":{"rendered":"https:\/\/thewhiskykingdom.com\/?page_id=1971"},"modified":"2022-03-22T15:57:45","modified_gmt":"2022-03-22T14:57:45","slug":"domaine-de-baraillon","status":"publish","type":"page","link":"https:\/\/thewhiskykingdom.com\/en\/domaine-de-baraillon\/","title":{"rendered":"Domaine de Baraillon"},"content":{"rendered":"<h1 class=\"has-black-color has-text-color wp-block-heading\">History and facts<\/h1>\n\n\n\n<p class=\"wp-block-paragraph\"><\/p>\n\n\n\n<p class=\"has-black-color has-text-color wp-block-paragraph\" style=\"font-size:19px\">Domaine de Baraillon is one of the oldest and most traditional houses in the Armagnac region. The domain became known as the favourite of Serge Valentin, the most famous whisky blogger in the world. He has tasted many Baraillon vintages and rated them very highly, including the 1985 vintage with 93 points and the 1918 vintage with 94 points. <\/p>\n\n\n\n<p class=\"has-black-color has-text-color wp-block-paragraph\" style=\"font-size:19px\">The Claverie family moved to Lannemaignan in 1748 and a few years later, after buying vineyards, officially became wine and Armagnac producers. The management of the domain was traditionally handed down from father to son. In 1922, Maxime Claverie had 19 hectares of vineyards, but his son Paul expanded this to 370 hectares, of which around 40 hectares were used for the production of Armagnac. He expanded the business and under his management the domain found new markets, including the USA, Belgium, Andorra and the Netherlands.<\/p>\n\n\n\n<p class=\"has-black-color has-text-color wp-block-paragraph\" style=\"font-size:19px\">In 2001, Laurence Claverie, Paul's daughter, took over the domain and has continued the tradition ever since. For the production of Baraillons Bas Armagnac, the grape varieties Folle Blanche, Ugni Blanc and Bacco 22A are used.<\/p>\n\n\n\n<p class=\"has-black-color has-text-color wp-block-paragraph\" style=\"font-size:19px\">Approximately 55 hectolitres of Armagnac are produced per year. This corresponds to 14 barrels with a volume of 400 litres. The alcohol content during distillation fluctuates between 52 and 65 degrees, depending on the requirements. Maturation takes place in barrels made of local French oak. Currently, about 200 barrels are maturing on the estate. Distillation takes place in November and usually lasts a week. <\/p>\n\n\n\n<p class=\"has-black-color has-text-color wp-block-paragraph\" style=\"font-size:19px\">All Armagnacs from the house of Baraillon are natural and at cask strength. No water, colour or sugar is added. <\/p>\n\n\n\n<p class=\"wp-block-paragraph\"><\/p>\n\n\n\n<div class=\"wp-block-columns is-layout-flex wp-container-core-columns-is-layout-8f761849 wp-block-columns-is-layout-flex\">\n<div class=\"wp-block-column is-layout-flow wp-block-column-is-layout-flow\" style=\"flex-basis:100%\">\n<div class=\"wp-block-columns is-layout-flex wp-container-core-columns-is-layout-8f761849 wp-block-columns-is-layout-flex\">\n<div class=\"wp-block-column is-layout-flow wp-block-column-is-layout-flow\">\n<figure class=\"wp-block-image size-large is-resized is-style-default\"><img decoding=\"async\" src=\"https:\/\/thewhiskykingdom.com\/wp-content\/uploads\/2022\/03\/IMG_4129-2-768x1024.jpg\" alt=\"Domaine de Baraillon\" class=\"wp-image-1979\" width=\"274\" height=\"365\" srcset=\"https:\/\/thewhiskykingdom.com\/wp-content\/uploads\/2022\/03\/IMG_4129-2-768x1024.jpg 768w, https:\/\/thewhiskykingdom.com\/wp-content\/uploads\/2022\/03\/IMG_4129-2-225x300.jpg 225w, https:\/\/thewhiskykingdom.com\/wp-content\/uploads\/2022\/03\/IMG_4129-2-1152x1536.jpg 1152w, https:\/\/thewhiskykingdom.com\/wp-content\/uploads\/2022\/03\/IMG_4129-2-9x12.jpg 9w, https:\/\/thewhiskykingdom.com\/wp-content\/uploads\/2022\/03\/IMG_4129-2-555x740.jpg 555w, https:\/\/thewhiskykingdom.com\/wp-content\/uploads\/2022\/03\/IMG_4129-2.jpg 1512w\" sizes=\"(max-width: 274px) 100vw, 274px\" \/><figcaption><strong>Domaine de Baraillon 1918 &amp; more<\/strong><\/figcaption><\/figure>\n<\/div>\n\n\n\n<div class=\"wp-block-column is-layout-flow wp-block-column-is-layout-flow\">\n<figure class=\"wp-block-image size-large is-style-default\"><img decoding=\"async\" width=\"768\" height=\"1024\" src=\"https:\/\/thewhiskykingdom.com\/wp-content\/uploads\/2022\/03\/IMG_4130-1-768x1024.jpg\" alt=\"Domaine de Baraillon\" class=\"wp-image-1980\" srcset=\"https:\/\/thewhiskykingdom.com\/wp-content\/uploads\/2022\/03\/IMG_4130-1-768x1024.jpg 768w, https:\/\/thewhiskykingdom.com\/wp-content\/uploads\/2022\/03\/IMG_4130-1-225x300.jpg 225w, https:\/\/thewhiskykingdom.com\/wp-content\/uploads\/2022\/03\/IMG_4130-1-1152x1536.jpg 1152w, https:\/\/thewhiskykingdom.com\/wp-content\/uploads\/2022\/03\/IMG_4130-1-9x12.jpg 9w, https:\/\/thewhiskykingdom.com\/wp-content\/uploads\/2022\/03\/IMG_4130-1-555x740.jpg 555w, https:\/\/thewhiskykingdom.com\/wp-content\/uploads\/2022\/03\/IMG_4130-1.jpg 1512w\" sizes=\"(max-width: 768px) 100vw, 768px\" \/><\/figure>\n<\/div>\n\n\n\n<div class=\"wp-block-column is-layout-flow wp-block-column-is-layout-flow\">\n<figure class=\"wp-block-image size-large is-style-default\"><img decoding=\"async\" width=\"768\" height=\"1024\" src=\"https:\/\/thewhiskykingdom.com\/wp-content\/uploads\/2022\/03\/IMG_4131-768x1024.jpg\" alt=\"Domaine de Baraillon\" class=\"wp-image-1981\" srcset=\"https:\/\/thewhiskykingdom.com\/wp-content\/uploads\/2022\/03\/IMG_4131-768x1024.jpg 768w, https:\/\/thewhiskykingdom.com\/wp-content\/uploads\/2022\/03\/IMG_4131-225x300.jpg 225w, https:\/\/thewhiskykingdom.com\/wp-content\/uploads\/2022\/03\/IMG_4131-1152x1536.jpg 1152w, https:\/\/thewhiskykingdom.com\/wp-content\/uploads\/2022\/03\/IMG_4131-9x12.jpg 9w, https:\/\/thewhiskykingdom.com\/wp-content\/uploads\/2022\/03\/IMG_4131-555x740.jpg 555w, https:\/\/thewhiskykingdom.com\/wp-content\/uploads\/2022\/03\/IMG_4131.jpg 1512w\" sizes=\"(max-width: 768px) 100vw, 768px\" \/><\/figure>\n<\/div>\n<\/div>\n<\/div>\n<\/div>\n\n\n\n<h2 class=\"has-black-color has-text-color wp-block-heading\">The oldest vintages of Domaine de Baraillon<\/h2>\n\n\n\n<p class=\"wp-block-paragraph\"><\/p>\n\n\n\n<p class=\"has-black-color has-text-color wp-block-paragraph translation-block\" style=\"font-size:19px\">The domain is known for having one of the most impressive Armagnac collections in the region. The oldest vintage sold is from 1900, but there are also vintages like <a href=\"https:\/\/thewhiskykingdom.com\/en\/shop\/armagnac-baraillon-1929\/\" target=\"_blank\" rel=\"noreferrer noopener\">1929 <\/a> or  <a href=\"https:\/\/thewhiskykingdom.com\/en\/shop\/armagnac-baraillon-1918\/\" target=\"_blank\" rel=\"noreferrer noopener\">1918<\/a> of which Serge Valentin says:<\/p>\n\n\n\n<blockquote class=\"wp-block-quote is-style-default is-layout-flow wp-block-quote-is-layout-flow\" style=\"font-size:18px;font-style:italic;font-weight:300\"><p>&#8222;<em>Oh what a beauty\u2026 First some juicy red peaches, some black earth, some wild mushrooms (Caesar\u2019s mushrooms, best in the world), some precious little sultanas, a little tamarind perhaps, artisan guignolet (bigarreau cherry liqueur)\u2026 Oh how subtle this is! Then we have anything herbal, old chartreuse perhaps, some old pipe tobacco, bits of bergamots, a little caraway and juniper, chestnuts and prunes, wee touches of chen-pi (sun-dried tangerine skin) and a little hoisin sauce (plums), something slightly miso-y (right, osmaz\u00f4me), game, mint, liquorice\u2026 Oh wow oh wow oh wow! I really feel privileged, I don\u2019t think there\u2019s a more glorious way of celebrating the end of the worst war ever.<\/em>&#8222;<\/p><cite>Source: http:\/\/www.whiskyfun.com\/2020\/Armagnac-for-maniacs.html<\/cite><\/blockquote>\n\n\n\n<h2 class=\"has-black-color has-text-color wp-block-heading\">Collaboration Domaine de Baraillon x The Whisky Kingdom<\/h2>\n\n\n\n<p class=\"wp-block-paragraph\"><\/p>\n\n\n\n<div class=\"wp-block-columns is-layout-flex wp-container-core-columns-is-layout-8f761849 wp-block-columns-is-layout-flex\">\n<div class=\"wp-block-column is-layout-flow wp-block-column-is-layout-flow\">\n<p class=\"has-black-color has-text-color wp-block-paragraph\" style=\"font-size:19px\">The Whisky Kingdom has been working with Domaine de Baraillon since 2020 and exclusively imports the great Armagnac to Germany. <\/p>\n\n\n\n<p class=\"has-black-color has-text-color wp-block-paragraph translation-block\" style=\"font-size:19px\">It all started with a visit to Domaine de Baraillon, where we were able to taste our way through all the old vintages. We then bottled from the barrels that we found to be the best, and the Armagnac was presented as a <a href=\"https:\/\/thewhiskykingdom.com\/en\/malternatives\/\" target=\"_blank\" rel=\"noreferrer noopener\">Malternative <\/a> to our clients in Germany.<\/p>\n\n\n\n<p class=\"has-black-color has-text-color has-medium-font-size wp-block-paragraph\"><\/p>\n<\/div>\n\n\n\n<div class=\"wp-block-column is-layout-flow wp-block-column-is-layout-flow\">\n<figure class=\"wp-block-image size-large is-style-default\"><img decoding=\"async\" width=\"764\" height=\"1024\" src=\"https:\/\/thewhiskykingdom.com\/wp-content\/uploads\/2022\/03\/IMG_2070-764x1024.jpg\" alt=\"Domaine de Baraillon\" class=\"wp-image-1995\" srcset=\"https:\/\/thewhiskykingdom.com\/wp-content\/uploads\/2022\/03\/IMG_2070-764x1024.jpg 764w, https:\/\/thewhiskykingdom.com\/wp-content\/uploads\/2022\/03\/IMG_2070-224x300.jpg 224w, https:\/\/thewhiskykingdom.com\/wp-content\/uploads\/2022\/03\/IMG_2070-768x1029.jpg 768w, https:\/\/thewhiskykingdom.com\/wp-content\/uploads\/2022\/03\/IMG_2070-1146x1536.jpg 1146w, https:\/\/thewhiskykingdom.com\/wp-content\/uploads\/2022\/03\/IMG_2070-9x12.jpg 9w, https:\/\/thewhiskykingdom.com\/wp-content\/uploads\/2022\/03\/IMG_2070-555x744.jpg 555w, https:\/\/thewhiskykingdom.com\/wp-content\/uploads\/2022\/03\/IMG_2070.jpg 1504w\" sizes=\"(max-width: 764px) 100vw, 764px\" \/><figcaption>Meeting Laurence Claverie in 2020<\/figcaption><\/figure>\n<\/div>\n<\/div>\n\n\n\n<h2 class=\"has-black-color has-text-color wp-block-heading\">Large selection of Vintages at The Whisky Kingdom<\/h2>\n\n\n\n<p class=\"wp-block-paragraph\"><\/p>\n\n\n\n<div class=\"wp-block-columns is-layout-flex wp-container-core-columns-is-layout-8f761849 wp-block-columns-is-layout-flex\">\n<div class=\"wp-block-column is-layout-flow wp-block-column-is-layout-flow\" style=\"flex-basis:100%\">\n<div class=\"wp-block-group\"><div class=\"wp-block-group__inner-container is-layout-flow wp-block-group-is-layout-flow\">\n<div class=\"wp-block-columns is-layout-flex wp-container-core-columns-is-layout-8f761849 wp-block-columns-is-layout-flex\">\n<div class=\"wp-block-column is-layout-flow wp-block-column-is-layout-flow\">\n<p class=\"has-black-color has-text-color wp-block-paragraph\" style=\"font-size:19px\">At our website you will find a huge selection of vintages. Many of them are particularly suitable as gifts for round birthdays in 2022, e.g. 1962, 1972 or 1982. <a href=\"https:\/\/thewhiskykingdom.com\/en\/shop\/armagnac-domaine-de-baraillon-1962\/\" target=\"_blank\" rel=\"noreferrer noopener\">1962<\/a>, <a href=\"https:\/\/thewhiskykingdom.com\/en\/shop\/armagnac-domaine-de-baraillon-1972\/\" target=\"_blank\" rel=\"noreferrer noopener\">1972 <\/a>oder <a href=\"https:\/\/thewhiskykingdom.com\/en\/shop\/armagnac-domaine-de-baraillon-1982\/\" target=\"_blank\" rel=\"noreferrer noopener\">1982<\/a>.<\/p>\n\n\n\n<p class=\"has-black-color has-text-color wp-block-paragraph\" style=\"font-size:19px\">We have also selected special vintages produced 100% from the Folle Blanche grape variety. <\/p>\n\n\n\n<p class=\"has-black-color has-text-color wp-block-paragraph\" style=\"font-size:19px\">You can find our selection from Domaine de Baraillon here:<\/p>\n\n\n\n<div class=\"wp-block-buttons is-layout-flex wp-block-buttons-is-layout-flex\">\n<div class=\"wp-block-button has-custom-font-size has-medium-font-size\"><a class=\"wp-block-button__link has-black-color has-luminous-vivid-amber-background-color has-text-color has-background\" href=\"https:\/\/thewhiskykingdom.com\/en\/?s=baraillon&amp;post_type=product\" style=\"border-radius:35px\">Domaine de Baraillon<\/a><\/div>\n<\/div>\n<\/div>\n\n\n\n<div class=\"wp-block-column is-layout-flow wp-block-column-is-layout-flow\">\n<figure class=\"wp-block-image size-large is-style-default\"><img decoding=\"async\" width=\"768\" height=\"1024\" src=\"https:\/\/thewhiskykingdom.com\/wp-content\/uploads\/2022\/03\/IMG_3722-768x1024.jpg\" alt=\"Domaine de Baraillon The Whisky Kingdom\" class=\"wp-image-1982\" srcset=\"https:\/\/thewhiskykingdom.com\/wp-content\/uploads\/2022\/03\/IMG_3722-768x1024.jpg 768w, https:\/\/thewhiskykingdom.com\/wp-content\/uploads\/2022\/03\/IMG_3722-225x300.jpg 225w, https:\/\/thewhiskykingdom.com\/wp-content\/uploads\/2022\/03\/IMG_3722-1152x1536.jpg 1152w, https:\/\/thewhiskykingdom.com\/wp-content\/uploads\/2022\/03\/IMG_3722-9x12.jpg 9w, https:\/\/thewhiskykingdom.com\/wp-content\/uploads\/2022\/03\/IMG_3722-555x740.jpg 555w, https:\/\/thewhiskykingdom.com\/wp-content\/uploads\/2022\/03\/IMG_3722.jpg 1484w\" sizes=\"(max-width: 768px) 100vw, 768px\" \/><figcaption>Domaine de Baraillon 1962, 1972, 1982<\/figcaption><\/figure>\n<\/div>\n<\/div>\n<\/div><\/div>\n<\/div>\n<\/div>","protected":false},"excerpt":{"rendered":"<p>Geschichte und Fakten Domaine de Baraillon ist eins der \u00e4ltesten und traditionsreichsten H\u00e4user in der Armagnac Region. Bekannt wurde die Dom\u00e4ne als der Liebling von Serge Valentin, den ber\u00fchmtesten Whisky-Blogger der Welt. Er hat sehr viele Baraillon-Jahrg\u00e4nge probiert und sehr hoch bewertet, darunter die Jahrg\u00e4nge 1985 mit 93 Punkten und 1918 mit 94 Punkten. Die [&hellip;]<\/p>\n","protected":false},"author":1,"featured_media":1973,"parent":0,"menu_order":0,"comment_status":"closed","ping_status":"closed","template":"","meta":{"_crdt_document":"","footnotes":""},"class_list":["post-1971","page","type-page","status-publish","has-post-thumbnail","hentry"],"yoast_head":"<!-- This site is optimized with the Yoast SEO plugin v27.1.1 - https:\/\/yoast.com\/product\/yoast-seo-wordpress\/ -->\n<title>Domaine de Baraillon - The Whisky Kingdom<\/title>\n<meta name=\"description\" content=\"Geschichte und Fakten Domaine de Baraillon ist eins der \u00e4ltesten und traditionsreichsten H\u00e4user in der Armagnac Region. Bekannt wurde die Dom\u00e4ne als der\" \/>\n<meta name=\"robots\" content=\"index, follow, max-snippet:-1, max-image-preview:large, max-video-preview:-1\" \/>\n<link rel=\"canonical\" href=\"https:\/\/thewhiskykingdom.com\/en\/domaine-de-baraillon\/\" \/>\n<meta property=\"og:locale\" content=\"en_US\" \/>\n<meta property=\"og:type\" content=\"article\" \/>\n<meta property=\"og:title\" content=\"Domaine de Baraillon - The Whisky Kingdom\" \/>\n<meta property=\"og:description\" content=\"Geschichte und Fakten Domaine de Baraillon ist eins der \u00e4ltesten und traditionsreichsten H\u00e4user in der Armagnac Region. Bekannt wurde die Dom\u00e4ne als der\" \/>\n<meta property=\"og:url\" content=\"https:\/\/thewhiskykingdom.com\/en\/domaine-de-baraillon\/\" \/>\n<meta property=\"og:site_name\" content=\"The Whisky Kingdom\" \/>\n<meta property=\"article:publisher\" content=\"https:\/\/www.facebook.com\/thewhiskykingdom\/\" \/>\n<meta property=\"article:modified_time\" content=\"2022-03-22T14:57:45+00:00\" \/>\n<meta property=\"og:image\" content=\"https:\/\/thewhiskykingdom.com\/wp-content\/uploads\/2022\/03\/IMG_4128.jpg\" \/>\n\t<meta property=\"og:image:width\" content=\"2016\" \/>\n\t<meta property=\"og:image:height\" content=\"1512\" \/>\n\t<meta property=\"og:image:type\" content=\"image\/jpeg\" \/>\n<meta name=\"twitter:card\" content=\"summary_large_image\" \/>\n<meta name=\"twitter:label1\" content=\"Est. reading time\" \/>\n\t<meta name=\"twitter:data1\" content=\"5 minutes\" \/>\n<script type=\"application\/ld+json\" class=\"yoast-schema-graph\">{\"@context\":\"https:\/\/schema.org\",\"@graph\":[{\"@type\":\"WebPage\",\"@id\":\"https:\/\/thewhiskykingdom.com\/domaine-de-baraillon\/\",\"url\":\"https:\/\/thewhiskykingdom.com\/domaine-de-baraillon\/\",\"name\":\"Domaine de Baraillon - The Whisky Kingdom\",\"isPartOf\":{\"@id\":\"http:\/\/thewhiskykingdom.com\/en\/#website\"},\"primaryImageOfPage\":{\"@id\":\"https:\/\/thewhiskykingdom.com\/domaine-de-baraillon\/#primaryimage\"},\"image\":{\"@id\":\"https:\/\/thewhiskykingdom.com\/domaine-de-baraillon\/#primaryimage\"},\"thumbnailUrl\":\"https:\/\/thewhiskykingdom.com\/wp-content\/uploads\/2022\/03\/IMG_4128.jpg\",\"datePublished\":\"2022-03-16T15:56:53+00:00\",\"dateModified\":\"2022-03-22T14:57:45+00:00\",\"description\":\"Geschichte und Fakten Domaine de Baraillon ist eins der \u00e4ltesten und traditionsreichsten H\u00e4user in der Armagnac Region. Bekannt wurde die Dom\u00e4ne als der\",\"breadcrumb\":{\"@id\":\"https:\/\/thewhiskykingdom.com\/domaine-de-baraillon\/#breadcrumb\"},\"inLanguage\":\"en-US\",\"potentialAction\":[{\"@type\":\"ReadAction\",\"target\":[\"https:\/\/thewhiskykingdom.com\/domaine-de-baraillon\/\"]}]},{\"@type\":\"ImageObject\",\"inLanguage\":\"en-US\",\"@id\":\"https:\/\/thewhiskykingdom.com\/domaine-de-baraillon\/#primaryimage\",\"url\":\"https:\/\/thewhiskykingdom.com\/wp-content\/uploads\/2022\/03\/IMG_4128.jpg\",\"contentUrl\":\"https:\/\/thewhiskykingdom.com\/wp-content\/uploads\/2022\/03\/IMG_4128.jpg\",\"width\":2016,\"height\":1512,\"caption\":\"Domaine_de_Baraillon\"},{\"@type\":\"BreadcrumbList\",\"@id\":\"https:\/\/thewhiskykingdom.com\/domaine-de-baraillon\/#breadcrumb\",\"itemListElement\":[{\"@type\":\"ListItem\",\"position\":1,\"name\":\"The Whisky Kingdom\",\"item\":\"http:\/\/thewhiskykingdom.com\/en\/\"},{\"@type\":\"ListItem\",\"position\":2,\"name\":\"Domaine de Baraillon\"}]},{\"@type\":\"WebSite\",\"@id\":\"http:\/\/thewhiskykingdom.com\/en\/#website\",\"url\":\"http:\/\/thewhiskykingdom.com\/en\/\",\"name\":\"The Whisky Kingdom\",\"description\":\"Where whisky is king\",\"publisher\":{\"@id\":\"http:\/\/thewhiskykingdom.com\/en\/#organization\"},\"potentialAction\":[{\"@type\":\"SearchAction\",\"target\":{\"@type\":\"EntryPoint\",\"urlTemplate\":\"http:\/\/thewhiskykingdom.com\/en\/?s={search_term_string}\"},\"query-input\":{\"@type\":\"PropertyValueSpecification\",\"valueRequired\":true,\"valueName\":\"search_term_string\"}}],\"inLanguage\":\"en-US\"},{\"@type\":\"Organization\",\"@id\":\"http:\/\/thewhiskykingdom.com\/en\/#organization\",\"name\":\"The Whisky Kingdom UG\",\"url\":\"http:\/\/thewhiskykingdom.com\/en\/\",\"logo\":{\"@type\":\"ImageObject\",\"inLanguage\":\"en-US\",\"@id\":\"http:\/\/thewhiskykingdom.com\/en\/#\/schema\/logo\/image\/\",\"url\":\"https:\/\/thewhiskykingdom.com\/wp-content\/uploads\/2018\/03\/Logo_WK_750x750px3.jpg\",\"contentUrl\":\"https:\/\/thewhiskykingdom.com\/wp-content\/uploads\/2018\/03\/Logo_WK_750x750px3.jpg\",\"width\":750,\"height\":750,\"caption\":\"The Whisky Kingdom UG\"},\"image\":{\"@id\":\"http:\/\/thewhiskykingdom.com\/en\/#\/schema\/logo\/image\/\"},\"sameAs\":[\"https:\/\/www.facebook.com\/thewhiskykingdom\/\",\"https:\/\/www.instagram.com\/thewhiskykingdom\/\"]}]}<\/script>\n<!-- \/ Yoast SEO plugin. -->","yoast_head_json":{"title":"Domaine de Baraillon - The Whisky Kingdom","description":"Geschichte und Fakten Domaine de Baraillon ist eins der \u00e4ltesten und traditionsreichsten H\u00e4user in der Armagnac Region. Bekannt wurde die Dom\u00e4ne als der","robots":{"index":"index","follow":"follow","max-snippet":"max-snippet:-1","max-image-preview":"max-image-preview:large","max-video-preview":"max-video-preview:-1"},"canonical":"https:\/\/thewhiskykingdom.com\/en\/domaine-de-baraillon\/","og_locale":"en_US","og_type":"article","og_title":"Domaine de Baraillon - The Whisky Kingdom","og_description":"Geschichte und Fakten Domaine de Baraillon ist eins der \u00e4ltesten und traditionsreichsten H\u00e4user in der Armagnac Region. Bekannt wurde die Dom\u00e4ne als der","og_url":"https:\/\/thewhiskykingdom.com\/en\/domaine-de-baraillon\/","og_site_name":"The Whisky Kingdom","article_publisher":"https:\/\/www.facebook.com\/thewhiskykingdom\/","article_modified_time":"2022-03-22T14:57:45+00:00","og_image":[{"width":2016,"height":1512,"url":"https:\/\/thewhiskykingdom.com\/wp-content\/uploads\/2022\/03\/IMG_4128.jpg","type":"image\/jpeg"}],"twitter_card":"summary_large_image","twitter_misc":{"Est. reading time":"5 minutes"},"schema":{"@context":"https:\/\/schema.org","@graph":[{"@type":"WebPage","@id":"https:\/\/thewhiskykingdom.com\/domaine-de-baraillon\/","url":"https:\/\/thewhiskykingdom.com\/domaine-de-baraillon\/","name":"Domaine de Baraillon - The Whisky Kingdom","isPartOf":{"@id":"http:\/\/thewhiskykingdom.com\/en\/#website"},"primaryImageOfPage":{"@id":"https:\/\/thewhiskykingdom.com\/domaine-de-baraillon\/#primaryimage"},"image":{"@id":"https:\/\/thewhiskykingdom.com\/domaine-de-baraillon\/#primaryimage"},"thumbnailUrl":"https:\/\/thewhiskykingdom.com\/wp-content\/uploads\/2022\/03\/IMG_4128.jpg","datePublished":"2022-03-16T15:56:53+00:00","dateModified":"2022-03-22T14:57:45+00:00","description":"Geschichte und Fakten Domaine de Baraillon ist eins der \u00e4ltesten und traditionsreichsten H\u00e4user in der Armagnac Region. Bekannt wurde die Dom\u00e4ne als der","breadcrumb":{"@id":"https:\/\/thewhiskykingdom.com\/domaine-de-baraillon\/#breadcrumb"},"inLanguage":"en-US","potentialAction":[{"@type":"ReadAction","target":["https:\/\/thewhiskykingdom.com\/domaine-de-baraillon\/"]}]},{"@type":"ImageObject","inLanguage":"en-US","@id":"https:\/\/thewhiskykingdom.com\/domaine-de-baraillon\/#primaryimage","url":"https:\/\/thewhiskykingdom.com\/wp-content\/uploads\/2022\/03\/IMG_4128.jpg","contentUrl":"https:\/\/thewhiskykingdom.com\/wp-content\/uploads\/2022\/03\/IMG_4128.jpg","width":2016,"height":1512,"caption":"Domaine_de_Baraillon"},{"@type":"BreadcrumbList","@id":"https:\/\/thewhiskykingdom.com\/domaine-de-baraillon\/#breadcrumb","itemListElement":[{"@type":"ListItem","position":1,"name":"The Whisky Kingdom","item":"http:\/\/thewhiskykingdom.com\/en\/"},{"@type":"ListItem","position":2,"name":"Domaine de Baraillon"}]},{"@type":"WebSite","@id":"http:\/\/thewhiskykingdom.com\/en\/#website","url":"http:\/\/thewhiskykingdom.com\/en\/","name":"The Whisky Kingdom","description":"Where whisky is king","publisher":{"@id":"http:\/\/thewhiskykingdom.com\/en\/#organization"},"potentialAction":[{"@type":"SearchAction","target":{"@type":"EntryPoint","urlTemplate":"http:\/\/thewhiskykingdom.com\/en\/?s={search_term_string}"},"query-input":{"@type":"PropertyValueSpecification","valueRequired":true,"valueName":"search_term_string"}}],"inLanguage":"en-US"},{"@type":"Organization","@id":"http:\/\/thewhiskykingdom.com\/en\/#organization","name":"The Whisky Kingdom UG","url":"http:\/\/thewhiskykingdom.com\/en\/","logo":{"@type":"ImageObject","inLanguage":"en-US","@id":"http:\/\/thewhiskykingdom.com\/en\/#\/schema\/logo\/image\/","url":"https:\/\/thewhiskykingdom.com\/wp-content\/uploads\/2018\/03\/Logo_WK_750x750px3.jpg","contentUrl":"https:\/\/thewhiskykingdom.com\/wp-content\/uploads\/2018\/03\/Logo_WK_750x750px3.jpg","width":750,"height":750,"caption":"The Whisky Kingdom UG"},"image":{"@id":"http:\/\/thewhiskykingdom.com\/en\/#\/schema\/logo\/image\/"},"sameAs":["https:\/\/www.facebook.com\/thewhiskykingdom\/","https:\/\/www.instagram.com\/thewhiskykingdom\/"]}]}},"_links":{"self":[{"href":"https:\/\/thewhiskykingdom.com\/en\/wp-json\/wp\/v2\/pages\/1971","targetHints":{"allow":["GET"]}}],"collection":[{"href":"https:\/\/thewhiskykingdom.com\/en\/wp-json\/wp\/v2\/pages"}],"about":[{"href":"https:\/\/thewhiskykingdom.com\/en\/wp-json\/wp\/v2\/types\/page"}],"author":[{"embeddable":true,"href":"https:\/\/thewhiskykingdom.com\/en\/wp-json\/wp\/v2\/users\/1"}],"replies":[{"embeddable":true,"href":"https:\/\/thewhiskykingdom.com\/en\/wp-json\/wp\/v2\/comments?post=1971"}],"version-history":[{"count":0,"href":"https:\/\/thewhiskykingdom.com\/en\/wp-json\/wp\/v2\/pages\/1971\/revisions"}],"wp:featuredmedia":[{"embeddable":true,"href":"https:\/\/thewhiskykingdom.com\/en\/wp-json\/wp\/v2\/media\/1973"}],"wp:attachment":[{"href":"https:\/\/thewhiskykingdom.com\/en\/wp-json\/wp\/v2\/media?parent=1971"}],"curies":[{"name":"wp","href":"https:\/\/api.w.org\/{rel}","templated":true}]}}