{"id":2440,"date":"2024-12-31T16:06:01","date_gmt":"2024-12-31T15:06:01","guid":{"rendered":"https:\/\/thewhiskykingdom.com\/?page_id=2440"},"modified":"2024-12-31T16:06:02","modified_gmt":"2024-12-31T15:06:02","slug":"whisky-tastings-muenchen","status":"publish","type":"page","link":"https:\/\/thewhiskykingdom.com\/en\/whisky-tastings-muenchen\/","title":{"rendered":"Whisky Tastings in M\u00fcnchen"},"content":{"rendered":"<h2 class=\"wp-block-heading\"><strong>Whisky Tasting in M\u00fcnchen \u2013 ein einzigartiges Erlebnis, perfekt auf Ihre W\u00fcnsche zugeschnitten<\/strong><\/h2>\n\n\n\n<p class=\"wp-block-paragraph\"><\/p>\n\n\n\n<p class=\"wp-block-paragraph\" style=\"font-size:16px\">Erleben Sie die faszinierende Welt des Whiskys mit einem individuell gestalteten Tasting \u2013 entweder bequem bei Ihnen zu Hause oder in einem stilvollen Tasting-Raum in M\u00fcnchen. Egal, ob Sie Whisky-Anf\u00e4nger sind oder bereits fortgeschrittene Kenntnisse haben, wir bieten Ihnen ein ma\u00dfgeschneidertes Whisky-Erlebnis, das genau Ihren Vorstellungen entspricht.<\/p>\n\n\n\n<hr class=\"wp-block-separator has-alpha-channel-opacity\"\/>\n\n\n\n<div class=\"wp-block-media-text is-stacked-on-mobile is-image-fill-element has-luminous-vivid-amber-background-color has-background\"><figure class=\"wp-block-media-text__media\"><img decoding=\"async\" src=\"https:\/\/thewhiskykingdom.com\/wp-content\/uploads\/2024\/09\/Caol-Ila-HR-257-5942.jpg\" alt=\"Boris Borissov Gr\u00fcnder von The Whisky Kingdom\" class=\"wp-image-2441 size-full\" style=\"object-position:50% 50%\"\/><\/figure><div class=\"wp-block-media-text__content\">\n<p class=\"wp-block-paragraph\"><\/p>\n\n\n\n<p class=\"wp-block-paragraph\" style=\"font-size:16px\"><em>Mein Name ist Boris Borissov und ich bin Gr\u00fcnder von The Whisky Kingdom. <\/em><\/p>\n\n\n\n<p class=\"wp-block-paragraph\" style=\"font-size:16px\"><em>Ich besch\u00e4ftige mich seit \u00fcber 10 Jahren mit Whisky und habe mit meinen Partnern von <a href=\"https:\/\/thewhiskykingdom.com\/en\/?s=wu+dram+clan\">Wu DRAM Clan<\/a> mittlerweile \u00fcber 40 Einzelfassabf\u00fcllungen ausgesucht und abgef\u00fcllt. <\/em><\/p>\n\n\n\n<p class=\"wp-block-paragraph\" style=\"font-size:16px\"><em>Als gro\u00dfer Schottland-Fan bin ich mindestens zwei Mal im Jahr vor Ort und habe die meisten Destillen schon mehrfach besucht. Hintergr\u00fcnde und Fakten \u00fcber die Whiskies und Destillen erhalten Sie also immer von erster Hand und witzige Anekdoten gibt es freilich auch dazu!<\/em> <\/p>\n<\/div><\/div>\n\n\n\n<hr class=\"wp-block-separator has-alpha-channel-opacity\"\/>\n\n\n\n<h2 class=\"wp-block-heading\"><strong>Was wir bieten:<\/strong><\/h2>\n\n\n\n<p class=\"wp-block-paragraph\"><\/p>\n\n\n\n<ul class=\"wp-block-list\">\n<li style=\"font-size:16px\"><strong>Individuell nach Ihren W\u00fcnschen<\/strong>: Ob Sie ein bestimmtes Whisky-Thema vertiefen m\u00f6chten \u2013 wie zum Beispiel schottische Single Malts, peated Whiskies oder Whisky aus aller Welt \u2013 oder ein offenes Tasting f\u00fcr Einsteiger planen, wir gestalten das Tasting so, dass es perfekt zu Ihren Interessen passt.<\/li>\n\n\n\n<li style=\"font-size:16px\"><strong>F\u00fcr Anf\u00e4nger und Fortgeschrittene<\/strong>: Unser Whisky Tasting ist sowohl f\u00fcr Einsteiger, die die Grundlagen und die Vielfalt des Whiskys entdecken m\u00f6chten, als auch f\u00fcr erfahrene Genie\u00dfer geeignet, die tiefere Einblicke in spezielle Whiskies suchen.<\/li>\n\n\n\n<li style=\"font-size:16px\"><strong>Thematische Tastings<\/strong>: Entdecken Sie Whiskys aus verschiedenen Regionen, besondere Jahrg\u00e4nge oder lassen Sie sich von einem Thema wie &#8222;Rauchige Whiskies&#8220; oder &#8222;Seltene Abf\u00fcllungen&#8220; inspirieren.<\/li>\n\n\n\n<li style=\"font-size:16px\"><strong>Detaillierte Informationen und Geschichten<\/strong>: Sie erhalten nicht nur die M\u00f6glichkeit, au\u00dfergew\u00f6hnliche Whiskys zu verkosten, sondern auch spannende Informationen \u00fcber die Destillerien, ihre Geschichte und die einzigartigen Besonderheiten jedes Whiskys.<\/li>\n<\/ul>\n\n\n\n<p class=\"wp-block-paragraph\" style=\"font-size:16px\">Unser Angebot ist flexibel und wird auf Ihre W\u00fcnsche und Vorlieben abgestimmt, um Ihnen und Ihren G\u00e4sten ein unvergessliches Whisky-Erlebnis zu bieten. Ob in kleiner Runde oder als besonderes Event \u2013 genie\u00dfen Sie die Vielfalt und Tiefe des Whiskys in einem entspannten und unterhaltsamen Ambiente.<\/p>\n\n\n\n<p class=\"wp-block-paragraph\" style=\"font-size:16px\"><strong>Buchen Sie jetzt Ihr Whisky-Tasting in M\u00fcnchen und erleben Sie ein Geschmackserlebnis der besonderen Art!<\/strong><\/p>","protected":false},"excerpt":{"rendered":"<p>Whisky Tasting in M\u00fcnchen \u2013 ein einzigartiges Erlebnis, perfekt auf Ihre W\u00fcnsche zugeschnitten Erleben Sie die faszinierende Welt des Whiskys mit einem individuell gestalteten Tasting \u2013 entweder bequem bei Ihnen zu Hause oder in einem stilvollen Tasting-Raum in M\u00fcnchen. Egal, ob Sie Whisky-Anf\u00e4nger sind oder bereits fortgeschrittene Kenntnisse haben, wir bieten Ihnen ein ma\u00dfgeschneidertes Whisky-Erlebnis, [&hellip;]<\/p>\n","protected":false},"author":1,"featured_media":0,"parent":0,"menu_order":0,"comment_status":"closed","ping_status":"closed","template":"","meta":{"_crdt_document":"","footnotes":""},"class_list":["post-2440","page","type-page","status-publish","hentry"],"yoast_head":"<!-- This site is optimized with the Yoast SEO plugin v27.1.1 - https:\/\/yoast.com\/product\/yoast-seo-wordpress\/ -->\n<title>Whisky Tastings in M\u00fcnchen - The Whisky Kingdom<\/title>\n<meta name=\"description\" content=\"Erleben Sie ein individuelles Whisky-Tasting in M\u00fcnchen, perfekt angepasst an Ihre W\u00fcnsche \u2013 f\u00fcr Anf\u00e4nger und Fortgeschrittene. Entdecken Sie faszinierende Whiskies und erhalten Sie wertvolle Informationen \u00fcber Destillerien und ihre Geschichte.\" \/>\n<meta name=\"robots\" content=\"index, follow, max-snippet:-1, max-image-preview:large, max-video-preview:-1\" \/>\n<link rel=\"canonical\" href=\"https:\/\/thewhiskykingdom.com\/en\/whisky-tastings-muenchen\/\" \/>\n<meta property=\"og:locale\" content=\"en_US\" \/>\n<meta property=\"og:type\" content=\"article\" \/>\n<meta property=\"og:title\" content=\"Whisky Tastings in M\u00fcnchen - The Whisky Kingdom\" \/>\n<meta property=\"og:description\" content=\"Erleben Sie ein individuelles Whisky-Tasting in M\u00fcnchen, perfekt angepasst an Ihre W\u00fcnsche \u2013 f\u00fcr Anf\u00e4nger und Fortgeschrittene. Entdecken Sie faszinierende Whiskies und erhalten Sie wertvolle Informationen \u00fcber Destillerien und ihre Geschichte.\" \/>\n<meta property=\"og:url\" content=\"https:\/\/thewhiskykingdom.com\/en\/whisky-tastings-muenchen\/\" \/>\n<meta property=\"og:site_name\" content=\"The Whisky Kingdom\" \/>\n<meta property=\"article:publisher\" content=\"https:\/\/www.facebook.com\/thewhiskykingdom\/\" \/>\n<meta property=\"article:modified_time\" content=\"2024-12-31T15:06:02+00:00\" \/>\n<meta property=\"og:image\" content=\"https:\/\/thewhiskykingdom.com\/wp-content\/uploads\/2024\/09\/Caol-Ila-HR-257-5942.jpg\" \/>\n\t<meta property=\"og:image:width\" content=\"1\" \/>\n\t<meta property=\"og:image:height\" content=\"1\" \/>\n\t<meta property=\"og:image:type\" content=\"image\/jpeg\" \/>\n<meta name=\"twitter:card\" content=\"summary_large_image\" \/>\n<meta name=\"twitter:label1\" content=\"Est. reading time\" \/>\n\t<meta name=\"twitter:data1\" content=\"2 minutes\" \/>\n<script type=\"application\/ld+json\" class=\"yoast-schema-graph\">{\"@context\":\"https:\/\/schema.org\",\"@graph\":[{\"@type\":\"WebPage\",\"@id\":\"https:\/\/thewhiskykingdom.com\/whisky-tastings-muenchen\/\",\"url\":\"https:\/\/thewhiskykingdom.com\/whisky-tastings-muenchen\/\",\"name\":\"Whisky Tastings in M\u00fcnchen - The Whisky Kingdom\",\"isPartOf\":{\"@id\":\"http:\/\/thewhiskykingdom.com\/en\/#website\"},\"primaryImageOfPage\":{\"@id\":\"https:\/\/thewhiskykingdom.com\/whisky-tastings-muenchen\/#primaryimage\"},\"image\":{\"@id\":\"https:\/\/thewhiskykingdom.com\/whisky-tastings-muenchen\/#primaryimage\"},\"thumbnailUrl\":\"https:\/\/thewhiskykingdom.com\/wp-content\/uploads\/2024\/09\/Caol-Ila-HR-257-5942.jpg\",\"datePublished\":\"2024-12-31T15:06:01+00:00\",\"dateModified\":\"2024-12-31T15:06:02+00:00\",\"description\":\"Erleben Sie ein individuelles Whisky-Tasting in M\u00fcnchen, perfekt angepasst an Ihre W\u00fcnsche \u2013 f\u00fcr Anf\u00e4nger und Fortgeschrittene. Entdecken Sie faszinierende Whiskies und erhalten Sie wertvolle Informationen \u00fcber Destillerien und ihre Geschichte.\",\"breadcrumb\":{\"@id\":\"https:\/\/thewhiskykingdom.com\/whisky-tastings-muenchen\/#breadcrumb\"},\"inLanguage\":\"en-US\",\"potentialAction\":[{\"@type\":\"ReadAction\",\"target\":[\"https:\/\/thewhiskykingdom.com\/whisky-tastings-muenchen\/\"]}]},{\"@type\":\"ImageObject\",\"inLanguage\":\"en-US\",\"@id\":\"https:\/\/thewhiskykingdom.com\/whisky-tastings-muenchen\/#primaryimage\",\"url\":\"https:\/\/thewhiskykingdom.com\/wp-content\/uploads\/2024\/09\/Caol-Ila-HR-257-5942.jpg\",\"contentUrl\":\"https:\/\/thewhiskykingdom.com\/wp-content\/uploads\/2024\/09\/Caol-Ila-HR-257-5942.jpg\"},{\"@type\":\"BreadcrumbList\",\"@id\":\"https:\/\/thewhiskykingdom.com\/whisky-tastings-muenchen\/#breadcrumb\",\"itemListElement\":[{\"@type\":\"ListItem\",\"position\":1,\"name\":\"The Whisky Kingdom\",\"item\":\"http:\/\/thewhiskykingdom.com\/en\/\"},{\"@type\":\"ListItem\",\"position\":2,\"name\":\"Whisky Tastings in M\u00fcnchen\"}]},{\"@type\":\"WebSite\",\"@id\":\"http:\/\/thewhiskykingdom.com\/en\/#website\",\"url\":\"http:\/\/thewhiskykingdom.com\/en\/\",\"name\":\"The Whisky Kingdom\",\"description\":\"Where whisky is king\",\"publisher\":{\"@id\":\"http:\/\/thewhiskykingdom.com\/en\/#organization\"},\"potentialAction\":[{\"@type\":\"SearchAction\",\"target\":{\"@type\":\"EntryPoint\",\"urlTemplate\":\"http:\/\/thewhiskykingdom.com\/en\/?s={search_term_string}\"},\"query-input\":{\"@type\":\"PropertyValueSpecification\",\"valueRequired\":true,\"valueName\":\"search_term_string\"}}],\"inLanguage\":\"en-US\"},{\"@type\":\"Organization\",\"@id\":\"http:\/\/thewhiskykingdom.com\/en\/#organization\",\"name\":\"The Whisky Kingdom UG\",\"url\":\"http:\/\/thewhiskykingdom.com\/en\/\",\"logo\":{\"@type\":\"ImageObject\",\"inLanguage\":\"en-US\",\"@id\":\"http:\/\/thewhiskykingdom.com\/en\/#\/schema\/logo\/image\/\",\"url\":\"https:\/\/thewhiskykingdom.com\/wp-content\/uploads\/2018\/03\/Logo_WK_750x750px3.jpg\",\"contentUrl\":\"https:\/\/thewhiskykingdom.com\/wp-content\/uploads\/2018\/03\/Logo_WK_750x750px3.jpg\",\"width\":750,\"height\":750,\"caption\":\"The Whisky Kingdom UG\"},\"image\":{\"@id\":\"http:\/\/thewhiskykingdom.com\/en\/#\/schema\/logo\/image\/\"},\"sameAs\":[\"https:\/\/www.facebook.com\/thewhiskykingdom\/\",\"https:\/\/www.instagram.com\/thewhiskykingdom\/\"]}]}<\/script>\n<!-- \/ Yoast SEO plugin. -->","yoast_head_json":{"title":"Whisky Tastings in M\u00fcnchen - The Whisky Kingdom","description":"Erleben Sie ein individuelles Whisky-Tasting in M\u00fcnchen, perfekt angepasst an Ihre W\u00fcnsche \u2013 f\u00fcr Anf\u00e4nger und Fortgeschrittene. Entdecken Sie faszinierende Whiskies und erhalten Sie wertvolle Informationen \u00fcber Destillerien und ihre Geschichte.","robots":{"index":"index","follow":"follow","max-snippet":"max-snippet:-1","max-image-preview":"max-image-preview:large","max-video-preview":"max-video-preview:-1"},"canonical":"https:\/\/thewhiskykingdom.com\/en\/whisky-tastings-muenchen\/","og_locale":"en_US","og_type":"article","og_title":"Whisky Tastings in M\u00fcnchen - The Whisky Kingdom","og_description":"Erleben Sie ein individuelles Whisky-Tasting in M\u00fcnchen, perfekt angepasst an Ihre W\u00fcnsche \u2013 f\u00fcr Anf\u00e4nger und Fortgeschrittene. Entdecken Sie faszinierende Whiskies und erhalten Sie wertvolle Informationen \u00fcber Destillerien und ihre Geschichte.","og_url":"https:\/\/thewhiskykingdom.com\/en\/whisky-tastings-muenchen\/","og_site_name":"The Whisky Kingdom","article_publisher":"https:\/\/www.facebook.com\/thewhiskykingdom\/","article_modified_time":"2024-12-31T15:06:02+00:00","og_image":[{"url":"https:\/\/thewhiskykingdom.com\/wp-content\/uploads\/2024\/09\/Caol-Ila-HR-257-5942.jpg","width":1,"height":1,"type":"image\/jpeg"}],"twitter_card":"summary_large_image","twitter_misc":{"Est. reading time":"2 minutes"},"schema":{"@context":"https:\/\/schema.org","@graph":[{"@type":"WebPage","@id":"https:\/\/thewhiskykingdom.com\/whisky-tastings-muenchen\/","url":"https:\/\/thewhiskykingdom.com\/whisky-tastings-muenchen\/","name":"Whisky Tastings in M\u00fcnchen - The Whisky Kingdom","isPartOf":{"@id":"http:\/\/thewhiskykingdom.com\/en\/#website"},"primaryImageOfPage":{"@id":"https:\/\/thewhiskykingdom.com\/whisky-tastings-muenchen\/#primaryimage"},"image":{"@id":"https:\/\/thewhiskykingdom.com\/whisky-tastings-muenchen\/#primaryimage"},"thumbnailUrl":"https:\/\/thewhiskykingdom.com\/wp-content\/uploads\/2024\/09\/Caol-Ila-HR-257-5942.jpg","datePublished":"2024-12-31T15:06:01+00:00","dateModified":"2024-12-31T15:06:02+00:00","description":"Erleben Sie ein individuelles Whisky-Tasting in M\u00fcnchen, perfekt angepasst an Ihre W\u00fcnsche \u2013 f\u00fcr Anf\u00e4nger und Fortgeschrittene. Entdecken Sie faszinierende Whiskies und erhalten Sie wertvolle Informationen \u00fcber Destillerien und ihre Geschichte.","breadcrumb":{"@id":"https:\/\/thewhiskykingdom.com\/whisky-tastings-muenchen\/#breadcrumb"},"inLanguage":"en-US","potentialAction":[{"@type":"ReadAction","target":["https:\/\/thewhiskykingdom.com\/whisky-tastings-muenchen\/"]}]},{"@type":"ImageObject","inLanguage":"en-US","@id":"https:\/\/thewhiskykingdom.com\/whisky-tastings-muenchen\/#primaryimage","url":"https:\/\/thewhiskykingdom.com\/wp-content\/uploads\/2024\/09\/Caol-Ila-HR-257-5942.jpg","contentUrl":"https:\/\/thewhiskykingdom.com\/wp-content\/uploads\/2024\/09\/Caol-Ila-HR-257-5942.jpg"},{"@type":"BreadcrumbList","@id":"https:\/\/thewhiskykingdom.com\/whisky-tastings-muenchen\/#breadcrumb","itemListElement":[{"@type":"ListItem","position":1,"name":"The Whisky Kingdom","item":"http:\/\/thewhiskykingdom.com\/en\/"},{"@type":"ListItem","position":2,"name":"Whisky Tastings in M\u00fcnchen"}]},{"@type":"WebSite","@id":"http:\/\/thewhiskykingdom.com\/en\/#website","url":"http:\/\/thewhiskykingdom.com\/en\/","name":"The Whisky Kingdom","description":"Where whisky is king","publisher":{"@id":"http:\/\/thewhiskykingdom.com\/en\/#organization"},"potentialAction":[{"@type":"SearchAction","target":{"@type":"EntryPoint","urlTemplate":"http:\/\/thewhiskykingdom.com\/en\/?s={search_term_string}"},"query-input":{"@type":"PropertyValueSpecification","valueRequired":true,"valueName":"search_term_string"}}],"inLanguage":"en-US"},{"@type":"Organization","@id":"http:\/\/thewhiskykingdom.com\/en\/#organization","name":"The Whisky Kingdom UG","url":"http:\/\/thewhiskykingdom.com\/en\/","logo":{"@type":"ImageObject","inLanguage":"en-US","@id":"http:\/\/thewhiskykingdom.com\/en\/#\/schema\/logo\/image\/","url":"https:\/\/thewhiskykingdom.com\/wp-content\/uploads\/2018\/03\/Logo_WK_750x750px3.jpg","contentUrl":"https:\/\/thewhiskykingdom.com\/wp-content\/uploads\/2018\/03\/Logo_WK_750x750px3.jpg","width":750,"height":750,"caption":"The Whisky Kingdom UG"},"image":{"@id":"http:\/\/thewhiskykingdom.com\/en\/#\/schema\/logo\/image\/"},"sameAs":["https:\/\/www.facebook.com\/thewhiskykingdom\/","https:\/\/www.instagram.com\/thewhiskykingdom\/"]}]}},"_links":{"self":[{"href":"https:\/\/thewhiskykingdom.com\/en\/wp-json\/wp\/v2\/pages\/2440","targetHints":{"allow":["GET"]}}],"collection":[{"href":"https:\/\/thewhiskykingdom.com\/en\/wp-json\/wp\/v2\/pages"}],"about":[{"href":"https:\/\/thewhiskykingdom.com\/en\/wp-json\/wp\/v2\/types\/page"}],"author":[{"embeddable":true,"href":"https:\/\/thewhiskykingdom.com\/en\/wp-json\/wp\/v2\/users\/1"}],"replies":[{"embeddable":true,"href":"https:\/\/thewhiskykingdom.com\/en\/wp-json\/wp\/v2\/comments?post=2440"}],"version-history":[{"count":15,"href":"https:\/\/thewhiskykingdom.com\/en\/wp-json\/wp\/v2\/pages\/2440\/revisions"}],"predecessor-version":[{"id":2480,"href":"https:\/\/thewhiskykingdom.com\/en\/wp-json\/wp\/v2\/pages\/2440\/revisions\/2480"}],"wp:attachment":[{"href":"https:\/\/thewhiskykingdom.com\/en\/wp-json\/wp\/v2\/media?parent=2440"}],"curies":[{"name":"wp","href":"https:\/\/api.w.org\/{rel}","templated":true}]}}