{"id":74,"date":"2018-02-18T09:37:48","date_gmt":"2018-02-18T08:37:48","guid":{"rendered":"https:\/\/thewhiskykingdom.com\/revocation\/"},"modified":"2023-06-28T10:33:34","modified_gmt":"2023-06-28T08:33:34","slug":"widerrufsrecht","status":"publish","type":"page","link":"https:\/\/thewhiskykingdom.com\/en\/widerrufsrecht\/","title":{"rendered":"Right of withdrawal"},"content":{"rendered":"<h2>Cancellation policy<\/h2>\n<h4><strong>Right of withdrawal<\/strong><\/h4>\n<p>You have the right to cancel this contract within fourteen days without giving reasons.<\/p>\n<p>The withdrawal period is fourteen days from the day on which you or a third party designated by you, other than the carrier, took or has taken possession of the goods.<\/p>\n<p>Um Ihr Widerrufsrecht auszu\u00fcben, m\u00fcssen Sie uns (The Whisky Kingdom UG (haftungsbeschr\u00e4nkt), Nibelungenstr. 9a, 80639 M\u00fcnchen; Tel.: 017644511192, E-Mail: <a href=\"https:\/\/rechtsanwalt-metzler.de\/widerrufsbelehrung-generator\/#gf_18\">info@thewhiskykingdom.com<\/a> ) mittels einer eindeutigen Erkl\u00e4rung (z. B. ein mit der Post versandter Brief oder E-Mail) \u00fcber Ihren Entschluss, diesen Vertrag zu widerrufen, informieren. Sie k\u00f6nnen daf\u00fcr das beigef\u00fcgte Muster-Widerrufsformular verwenden, das jedoch nicht vorgeschrieben ist.<\/p>\n<p>In order to comply with the revocation period, it is sufficient to send the notification of the exercise of the right of revocation before the end of the revocation period.<\/p>\n<h4><strong>Consequences of revocation<\/strong><\/h4>\n<p>If you revoke this Agreement, we shall reimburse you for all payments we have received from you, including delivery charges (except for additional charges resulting from your choosing a different method of delivery from the cheapest standard delivery offered by us), immediately and no later than fourteen days from the date we receive notification of your revocation of this Agreement. For this refund, we will use the same means of payment that you used for the original transaction, unless expressly agreed otherwise with you; in no case will you be charged for this refund. We may refuse to make a refund until we have received the goods back or until you have provided evidence that you have returned the goods, whichever is the earlier.<\/p>\n<p>You must return or hand over the goods to us without delay and in any event within fourteen days at the latest from the date on which you notify us of the cancellation of this agreement. This period shall be deemed to have been observed if you send the goods before the expiry of the fourteen-day period. You shall bear the direct costs of returning the goods. You shall only be liable for any loss of value of the goods if this loss of value is due to handling of the goods that is not necessary for testing the condition, properties and functionality of the goods.<\/p>\n<h4><strong>General information<br \/>\n<\/strong><\/h4>\n<p>(1) The right of revocation does not apply to the delivery<\/p>\n<p>- of goods which are not prefabricated and for the production of which an individual selection or determination by the consumer is decisive or which are clearly tailored to the personal needs of the consumer (e.g. T-shirts with your photo and your name)<\/p>\n<p>- sealed goods which are not suitable for return for reasons of health protection or hygiene, if their seal has been removed after delivery<\/p>\n<p>- of goods, if these have been inseparably mixed with other goods after delivery due to their nature<\/p>\n<p>(2) avoid damage and contamination. If possible, please return the goods to us in their original packaging with all accessories and with all packaging components. If necessary, use a protective outer packaging. If you no longer have the original packaging, please use suitable packaging to ensure adequate protection against transport damage in order to avoid claims for damages due to damage caused by faulty packaging.<\/p>\n<p>(3) Please note that the modalities mentioned in the preceding paragraphs 2 and 3 are not prerequisites for the effective exercise of the right of withdrawal.<\/p>\n<h4><strong>Draft revocation form<\/strong><\/h4>\n<p>To:<\/p>\n<p>Company:<\/p>\n<p>Address<\/p>\n<p>E-Mail: Fax:<\/p>\n<p>I\/we* hereby revoke the contract concluded by me\/us * for the purchase of the following goods*:<\/p>\n<p>Ordered on*\/received on*<\/p>\n<p>Name of the consumer(s):<\/p>\n<p>Address of the consumer(s):<\/p>\n<p>Signature of the consumer(s) (only for paper notification)<\/p>\n<p>Date<\/p>\n<p>Source <a href=\"https:\/\/rechtsanwalt-metzler.de\">Rechtsanwalt Metzler<\/a> ; Adjustments by website owner<\/p>","protected":false},"excerpt":{"rendered":"<p>Widerrufsbelehrung Widerrufsrecht Sie haben das Recht, binnen vierzehn Tagen ohne Angabe von Gr\u00fcnden diesen Vertrag zu widerrufen. Die Widerrufsfrist betr\u00e4gt vierzehn Tage ab dem Tag an dem Sie oder ein von Ihnen benannter Dritter, der nicht der Bef\u00f6rderer ist, die Waren in Besitz genommen haben bzw. hat. Um Ihr Widerrufsrecht auszu\u00fcben, m\u00fcssen Sie uns (The [&hellip;]<\/p>\n","protected":false},"author":1,"featured_media":421,"parent":0,"menu_order":0,"comment_status":"closed","ping_status":"closed","template":"","meta":{"_crdt_document":"","footnotes":""},"class_list":["post-74","page","type-page","status-publish","has-post-thumbnail","hentry"],"yoast_head":"<!-- This site is optimized with the Yoast SEO plugin v27.1.1 - https:\/\/yoast.com\/product\/yoast-seo-wordpress\/ -->\n<title>Widerrufsrecht - The Whisky Kingdom<\/title>\n<meta name=\"description\" content=\"Ihr Widerrufsrecht: Sie haben das Recht, binnen vierzehn Tagen ohne Angabe von Gr\u00fcnden diesen Vertrag zu widerrufen.\" \/>\n<meta name=\"robots\" content=\"index, follow, max-snippet:-1, max-image-preview:large, max-video-preview:-1\" \/>\n<link rel=\"canonical\" href=\"https:\/\/thewhiskykingdom.com\/en\/widerrufsrecht\/\" \/>\n<meta property=\"og:locale\" content=\"en_US\" \/>\n<meta property=\"og:type\" content=\"article\" \/>\n<meta property=\"og:title\" content=\"Widerrufsrecht - The Whisky Kingdom\" \/>\n<meta property=\"og:description\" content=\"Ihr Widerrufsrecht: Sie haben das Recht, binnen vierzehn Tagen ohne Angabe von Gr\u00fcnden diesen Vertrag zu widerrufen.\" \/>\n<meta property=\"og:url\" content=\"https:\/\/thewhiskykingdom.com\/en\/widerrufsrecht\/\" \/>\n<meta property=\"og:site_name\" content=\"The Whisky Kingdom\" \/>\n<meta property=\"article:publisher\" content=\"https:\/\/www.facebook.com\/thewhiskykingdom\/\" \/>\n<meta property=\"article:modified_time\" content=\"2023-06-28T08:33:34+00:00\" \/>\n<meta property=\"og:image\" content=\"https:\/\/thewhiskykingdom.com\/wp-content\/uploads\/2018\/06\/DSCF8809-scaled.jpg\" \/>\n\t<meta property=\"og:image:width\" content=\"2560\" \/>\n\t<meta property=\"og:image:height\" content=\"1439\" \/>\n\t<meta property=\"og:image:type\" content=\"image\/jpeg\" \/>\n<meta name=\"twitter:card\" content=\"summary_large_image\" \/>\n<meta name=\"twitter:label1\" content=\"Est. reading time\" \/>\n\t<meta name=\"twitter:data1\" content=\"3 minutes\" \/>\n<script type=\"application\/ld+json\" class=\"yoast-schema-graph\">{\"@context\":\"https:\/\/schema.org\",\"@graph\":[{\"@type\":\"WebPage\",\"@id\":\"https:\/\/thewhiskykingdom.com\/widerrufsrecht\/\",\"url\":\"https:\/\/thewhiskykingdom.com\/widerrufsrecht\/\",\"name\":\"Widerrufsrecht - The Whisky Kingdom\",\"isPartOf\":{\"@id\":\"http:\/\/thewhiskykingdom.com\/en\/#website\"},\"primaryImageOfPage\":{\"@id\":\"https:\/\/thewhiskykingdom.com\/widerrufsrecht\/#primaryimage\"},\"image\":{\"@id\":\"https:\/\/thewhiskykingdom.com\/widerrufsrecht\/#primaryimage\"},\"thumbnailUrl\":\"https:\/\/thewhiskykingdom.com\/wp-content\/uploads\/2018\/06\/DSCF8809-scaled.jpg\",\"datePublished\":\"2018-02-18T08:37:48+00:00\",\"dateModified\":\"2023-06-28T08:33:34+00:00\",\"description\":\"Ihr Widerrufsrecht: Sie haben das Recht, binnen vierzehn Tagen ohne Angabe von Gr\u00fcnden diesen Vertrag zu widerrufen.\",\"breadcrumb\":{\"@id\":\"https:\/\/thewhiskykingdom.com\/widerrufsrecht\/#breadcrumb\"},\"inLanguage\":\"en-US\",\"potentialAction\":[{\"@type\":\"ReadAction\",\"target\":[\"https:\/\/thewhiskykingdom.com\/widerrufsrecht\/\"]}]},{\"@type\":\"ImageObject\",\"inLanguage\":\"en-US\",\"@id\":\"https:\/\/thewhiskykingdom.com\/widerrufsrecht\/#primaryimage\",\"url\":\"https:\/\/thewhiskykingdom.com\/wp-content\/uploads\/2018\/06\/DSCF8809-scaled.jpg\",\"contentUrl\":\"https:\/\/thewhiskykingdom.com\/wp-content\/uploads\/2018\/06\/DSCF8809-scaled.jpg\",\"width\":2560,\"height\":1439},{\"@type\":\"BreadcrumbList\",\"@id\":\"https:\/\/thewhiskykingdom.com\/widerrufsrecht\/#breadcrumb\",\"itemListElement\":[{\"@type\":\"ListItem\",\"position\":1,\"name\":\"The Whisky Kingdom\",\"item\":\"http:\/\/thewhiskykingdom.com\/en\/\"},{\"@type\":\"ListItem\",\"position\":2,\"name\":\"Widerrufsrecht\"}]},{\"@type\":\"WebSite\",\"@id\":\"http:\/\/thewhiskykingdom.com\/en\/#website\",\"url\":\"http:\/\/thewhiskykingdom.com\/en\/\",\"name\":\"The Whisky Kingdom\",\"description\":\"Where whisky is king\",\"publisher\":{\"@id\":\"http:\/\/thewhiskykingdom.com\/en\/#organization\"},\"potentialAction\":[{\"@type\":\"SearchAction\",\"target\":{\"@type\":\"EntryPoint\",\"urlTemplate\":\"http:\/\/thewhiskykingdom.com\/en\/?s={search_term_string}\"},\"query-input\":{\"@type\":\"PropertyValueSpecification\",\"valueRequired\":true,\"valueName\":\"search_term_string\"}}],\"inLanguage\":\"en-US\"},{\"@type\":\"Organization\",\"@id\":\"http:\/\/thewhiskykingdom.com\/en\/#organization\",\"name\":\"The Whisky Kingdom UG\",\"url\":\"http:\/\/thewhiskykingdom.com\/en\/\",\"logo\":{\"@type\":\"ImageObject\",\"inLanguage\":\"en-US\",\"@id\":\"http:\/\/thewhiskykingdom.com\/en\/#\/schema\/logo\/image\/\",\"url\":\"https:\/\/thewhiskykingdom.com\/wp-content\/uploads\/2018\/03\/Logo_WK_750x750px3.jpg\",\"contentUrl\":\"https:\/\/thewhiskykingdom.com\/wp-content\/uploads\/2018\/03\/Logo_WK_750x750px3.jpg\",\"width\":750,\"height\":750,\"caption\":\"The Whisky Kingdom UG\"},\"image\":{\"@id\":\"http:\/\/thewhiskykingdom.com\/en\/#\/schema\/logo\/image\/\"},\"sameAs\":[\"https:\/\/www.facebook.com\/thewhiskykingdom\/\",\"https:\/\/www.instagram.com\/thewhiskykingdom\/\"]}]}<\/script>\n<!-- \/ Yoast SEO plugin. -->","yoast_head_json":{"title":"Widerrufsrecht - The Whisky Kingdom","description":"Ihr Widerrufsrecht: Sie haben das Recht, binnen vierzehn Tagen ohne Angabe von Gr\u00fcnden diesen Vertrag zu widerrufen.","robots":{"index":"index","follow":"follow","max-snippet":"max-snippet:-1","max-image-preview":"max-image-preview:large","max-video-preview":"max-video-preview:-1"},"canonical":"https:\/\/thewhiskykingdom.com\/en\/widerrufsrecht\/","og_locale":"en_US","og_type":"article","og_title":"Widerrufsrecht - The Whisky Kingdom","og_description":"Ihr Widerrufsrecht: Sie haben das Recht, binnen vierzehn Tagen ohne Angabe von Gr\u00fcnden diesen Vertrag zu widerrufen.","og_url":"https:\/\/thewhiskykingdom.com\/en\/widerrufsrecht\/","og_site_name":"The Whisky Kingdom","article_publisher":"https:\/\/www.facebook.com\/thewhiskykingdom\/","article_modified_time":"2023-06-28T08:33:34+00:00","og_image":[{"width":2560,"height":1439,"url":"https:\/\/thewhiskykingdom.com\/wp-content\/uploads\/2018\/06\/DSCF8809-scaled.jpg","type":"image\/jpeg"}],"twitter_card":"summary_large_image","twitter_misc":{"Est. reading time":"3 minutes"},"schema":{"@context":"https:\/\/schema.org","@graph":[{"@type":"WebPage","@id":"https:\/\/thewhiskykingdom.com\/widerrufsrecht\/","url":"https:\/\/thewhiskykingdom.com\/widerrufsrecht\/","name":"Widerrufsrecht - The Whisky Kingdom","isPartOf":{"@id":"http:\/\/thewhiskykingdom.com\/en\/#website"},"primaryImageOfPage":{"@id":"https:\/\/thewhiskykingdom.com\/widerrufsrecht\/#primaryimage"},"image":{"@id":"https:\/\/thewhiskykingdom.com\/widerrufsrecht\/#primaryimage"},"thumbnailUrl":"https:\/\/thewhiskykingdom.com\/wp-content\/uploads\/2018\/06\/DSCF8809-scaled.jpg","datePublished":"2018-02-18T08:37:48+00:00","dateModified":"2023-06-28T08:33:34+00:00","description":"Ihr Widerrufsrecht: Sie haben das Recht, binnen vierzehn Tagen ohne Angabe von Gr\u00fcnden diesen Vertrag zu widerrufen.","breadcrumb":{"@id":"https:\/\/thewhiskykingdom.com\/widerrufsrecht\/#breadcrumb"},"inLanguage":"en-US","potentialAction":[{"@type":"ReadAction","target":["https:\/\/thewhiskykingdom.com\/widerrufsrecht\/"]}]},{"@type":"ImageObject","inLanguage":"en-US","@id":"https:\/\/thewhiskykingdom.com\/widerrufsrecht\/#primaryimage","url":"https:\/\/thewhiskykingdom.com\/wp-content\/uploads\/2018\/06\/DSCF8809-scaled.jpg","contentUrl":"https:\/\/thewhiskykingdom.com\/wp-content\/uploads\/2018\/06\/DSCF8809-scaled.jpg","width":2560,"height":1439},{"@type":"BreadcrumbList","@id":"https:\/\/thewhiskykingdom.com\/widerrufsrecht\/#breadcrumb","itemListElement":[{"@type":"ListItem","position":1,"name":"The Whisky Kingdom","item":"http:\/\/thewhiskykingdom.com\/en\/"},{"@type":"ListItem","position":2,"name":"Widerrufsrecht"}]},{"@type":"WebSite","@id":"http:\/\/thewhiskykingdom.com\/en\/#website","url":"http:\/\/thewhiskykingdom.com\/en\/","name":"The Whisky Kingdom","description":"Where whisky is king","publisher":{"@id":"http:\/\/thewhiskykingdom.com\/en\/#organization"},"potentialAction":[{"@type":"SearchAction","target":{"@type":"EntryPoint","urlTemplate":"http:\/\/thewhiskykingdom.com\/en\/?s={search_term_string}"},"query-input":{"@type":"PropertyValueSpecification","valueRequired":true,"valueName":"search_term_string"}}],"inLanguage":"en-US"},{"@type":"Organization","@id":"http:\/\/thewhiskykingdom.com\/en\/#organization","name":"The Whisky Kingdom UG","url":"http:\/\/thewhiskykingdom.com\/en\/","logo":{"@type":"ImageObject","inLanguage":"en-US","@id":"http:\/\/thewhiskykingdom.com\/en\/#\/schema\/logo\/image\/","url":"https:\/\/thewhiskykingdom.com\/wp-content\/uploads\/2018\/03\/Logo_WK_750x750px3.jpg","contentUrl":"https:\/\/thewhiskykingdom.com\/wp-content\/uploads\/2018\/03\/Logo_WK_750x750px3.jpg","width":750,"height":750,"caption":"The Whisky Kingdom UG"},"image":{"@id":"http:\/\/thewhiskykingdom.com\/en\/#\/schema\/logo\/image\/"},"sameAs":["https:\/\/www.facebook.com\/thewhiskykingdom\/","https:\/\/www.instagram.com\/thewhiskykingdom\/"]}]}},"_links":{"self":[{"href":"https:\/\/thewhiskykingdom.com\/en\/wp-json\/wp\/v2\/pages\/74","targetHints":{"allow":["GET"]}}],"collection":[{"href":"https:\/\/thewhiskykingdom.com\/en\/wp-json\/wp\/v2\/pages"}],"about":[{"href":"https:\/\/thewhiskykingdom.com\/en\/wp-json\/wp\/v2\/types\/page"}],"author":[{"embeddable":true,"href":"https:\/\/thewhiskykingdom.com\/en\/wp-json\/wp\/v2\/users\/1"}],"replies":[{"embeddable":true,"href":"https:\/\/thewhiskykingdom.com\/en\/wp-json\/wp\/v2\/comments?post=74"}],"version-history":[{"count":0,"href":"https:\/\/thewhiskykingdom.com\/en\/wp-json\/wp\/v2\/pages\/74\/revisions"}],"wp:featuredmedia":[{"embeddable":true,"href":"https:\/\/thewhiskykingdom.com\/en\/wp-json\/wp\/v2\/media\/421"}],"wp:attachment":[{"href":"https:\/\/thewhiskykingdom.com\/en\/wp-json\/wp\/v2\/media?parent=74"}],"curies":[{"name":"wp","href":"https:\/\/api.w.org\/{rel}","templated":true}]}}