{"id":9,"date":"2018-02-15T21:39:50","date_gmt":"2018-02-15T21:39:50","guid":{"rendered":"https:\/\/thewhiskykingdom.com\/?page_id=9"},"modified":"2025-08-14T16:24:52","modified_gmt":"2025-08-14T14:24:52","slug":"impressum","status":"publish","type":"page","link":"https:\/\/thewhiskykingdom.com\/en\/impressum\/","title":{"rendered":"Imprint"},"content":{"rendered":"<h2 class=\"wp-block-heading\">Imprint<\/h2>\n\n\n\n<p class=\"has-medium-font-size wp-block-paragraph\"><strong>Details in accordance with \u00a7 5 TMG:<\/strong><\/p>\n\n\n\n<p class=\"wp-block-paragraph\">The Whisky Kingdom UG (haftungsbeschr\u00e4nkt)<br>Nibelungenstr. 9a<br>80639 M\u00fcnchen<\/p>\n\n\n\n<p class=\"has-medium-font-size wp-block-paragraph\"><strong>Represented by:<\/strong><\/p>\n\n\n\n<p class=\"wp-block-paragraph\">Managing Director: Boris Borissov<\/p>\n\n\n\n<p class=\"has-medium-font-size wp-block-paragraph\"><strong>Contact:<\/strong><\/p>\n\n\n\n<p class=\"wp-block-paragraph\">Phone: 017644511192<br>Email: info@thewhiskykingdom.com<\/p>\n\n\n\n<p class=\"has-medium-font-size wp-block-paragraph\"><strong>Register entry:<\/strong><\/p>\n\n\n\n<p class=\"wp-block-paragraph\">Entry in the commercial register:<br>Register court: Munich<br>Registration number: HRB 240197<\/p>\n\n\n\n<p class=\"has-medium-font-size wp-block-paragraph\"><strong>VAT information:<\/strong><\/p>\n\n\n\n<p class=\"wp-block-paragraph\">VAT identification number according to \u00a727 a sales tax law: DE318581357<\/p>\n\n\n\n<p class=\"has-medium-font-size wp-block-paragraph\"><strong>Responsible for the content according to \u00a7 55 Abs. 2 RStV<\/strong><\/p>\n\n\n\n<p class=\"wp-block-paragraph\">Boris Borissov<br>Nibelungenstr. 9a<br>80639 M\u00fcnchen<\/p>\n\n\n\n<p class=\"has-medium-font-size wp-block-paragraph\"><strong>Dispute resolution<\/strong><\/p>\n\n\n\n<p class=\"wp-block-paragraph\">The European Commission provides a platform for online dispute resolution (OS):<br><a href=\"https:\/\/ec.europa.eu\/consumers\/odr\" target=\"_blank\" rel=\"noopener noreferrer\">https:\/\/ec.europa.eu\/consumers\/odr<\/a><\/p>\n\n\n\n<p class=\"wp-block-paragraph\">You will find our email address at the top of the imprint.<br>We are not willing or obliged to participate in dispute resolution proceedings before a consumer arbitration board.<\/p>\n\n\n\n<p class=\"has-medium-font-size wp-block-paragraph\"><strong>Liability for contents<\/strong><\/p>\n\n\n\n<p class=\"wp-block-paragraph\">As a service provider, we are responsible for our own content on these pages according to \u00a7 7 para.1 TMG (German Telemedia Act) and general laws. According to \u00a7\u00a7 8 to 10 TMG, we are not obliged to monitor transmitted or stored external information or to investigate circumstances that indicate illegal activity.<\/p>\n\n\n\n<p class=\"wp-block-paragraph\">Obligations to remove or block the use of information according to general laws remain unaffected. However, liability in this respect is only possible from the time of knowledge of a concrete infringement. If we become aware of any such infringements, we will remove these contents immediately.<\/p>\n\n\n\n<p class=\"has-medium-font-size wp-block-paragraph\"><strong>Liability for links<\/strong><\/p>\n\n\n\n<p class=\"wp-block-paragraph\">Our offer contains links to external websites of third parties, on whose contents we have no influence. Therefore we cannot assume any liability for these external contents. The respective provider or operator of the sites is always responsible for the contents of the linked sites. The linked pages were checked for possible legal violations at the time of linking. Illegal contents were not identifiable at the time of linking.<\/p>\n\n\n\n<p class=\"wp-block-paragraph\">A permanent control of the contents of the linked pages is not reasonable without concrete evidence of a violation of law. If we become aware of any infringements, we will remove such links immediately.<\/p>\n\n\n\n<p class=\"has-medium-font-size wp-block-paragraph\"><strong>Copyright<\/strong><\/p>\n\n\n\n<p class=\"wp-block-paragraph\">The contents and works on these pages created by the site operators are subject to German copyright law. The reproduction, editing, distribution and any kind of use outside the limits of copyright law require the written consent of the respective author or creator. Downloads and copies of these pages are only permitted for private, non-commercial use.<\/p>\n\n\n\n<p class=\"wp-block-paragraph\">Insofar as the content on this site was not created by the operator, the copyrights of third parties are respected. In particular, third-party content is identified as such. Should you nevertheless become aware of a copyright infringement, please inform us accordingly. If we become aware of any infringements, we will remove such contents immediately.<\/p>\n\n\n\n<p class=\"wp-block-paragraph\">Source <a href=\"https:\/\/www.e-recht24.de\">e-recht24.de<\/a><\/p>\n\n<div class=\"woocommerce woocommerce-gzd woocommerce-gzd-complaints-shortcode\">\n\t\t\t<h3>Alternative Dispute Resolution in accordance with Art. 14 (1) ODR-VO and \u00a7 36 VSBG:<\/h3>\n\t\nWir sind nicht bereit und nicht verpflichtet an einem Streitbeilegungsverfahren vor einer Verbraucherschlichtungsstelle teilzunehmen.<\/div>","protected":false},"excerpt":{"rendered":"<p>Impressum Angaben gem\u00e4\u00df \u00a7 5 TMG: The Whisky Kingdom UG (haftungsbeschr\u00e4nkt)Nibelungenstr. 9a80639 M\u00fcnchen Vertreten durch: Gesch\u00e4ftsf\u00fchrer: Boris Borissov Kontakt: Telefon: 017644511192E-Mail: info@thewhiskykingdom.com Registereintrag: Eintragung im Handelsregister:Registergericht: M\u00fcnchenRegisternummer: HRB 240197 Umsatzsteuer: Umsatzsteuer-Identifikationsnummer gem\u00e4\u00df \u00a727 a Umsatzsteuergesetz: DE318581357 Verantwortlich f\u00fcr den Inhalt nach \u00a7 55 Abs. 2 RStV: Boris BorissovNibelungenstr. 9a80639 M\u00fcnchen Streitschlichtung Die Europ\u00e4ische Kommission stellt [&hellip;]<\/p>\n","protected":false},"author":1,"featured_media":428,"parent":0,"menu_order":0,"comment_status":"closed","ping_status":"closed","template":"","meta":{"_crdt_document":"","footnotes":""},"class_list":["post-9","page","type-page","status-publish","has-post-thumbnail","hentry"],"yoast_head":"<!-- This site is optimized with the Yoast SEO plugin v27.1.1 - https:\/\/yoast.com\/product\/yoast-seo-wordpress\/ -->\n<title>Impressum - The Whisky Kingdom<\/title>\n<meta name=\"description\" content=\"Impressum der Firma The Whisky Kingdom UG\" \/>\n<meta name=\"robots\" content=\"index, follow, max-snippet:-1, max-image-preview:large, max-video-preview:-1\" \/>\n<link rel=\"canonical\" href=\"https:\/\/thewhiskykingdom.com\/en\/impressum\/\" \/>\n<meta property=\"og:locale\" content=\"en_US\" \/>\n<meta property=\"og:type\" content=\"article\" \/>\n<meta property=\"og:title\" content=\"Impressum - The Whisky Kingdom\" \/>\n<meta property=\"og:description\" content=\"Impressum der Firma The Whisky Kingdom UG\" \/>\n<meta property=\"og:url\" content=\"https:\/\/thewhiskykingdom.com\/en\/impressum\/\" \/>\n<meta property=\"og:site_name\" content=\"The Whisky Kingdom\" \/>\n<meta property=\"article:publisher\" content=\"https:\/\/www.facebook.com\/thewhiskykingdom\/\" \/>\n<meta property=\"article:modified_time\" content=\"2025-08-14T14:24:52+00:00\" \/>\n<meta property=\"og:image\" content=\"https:\/\/thewhiskykingdom.com\/wp-content\/uploads\/2018\/06\/DSCF8682_1-scaled.jpg\" \/>\n\t<meta property=\"og:image:width\" content=\"2560\" \/>\n\t<meta property=\"og:image:height\" content=\"714\" \/>\n\t<meta property=\"og:image:type\" content=\"image\/jpeg\" \/>\n<meta name=\"twitter:card\" content=\"summary_large_image\" \/>\n<meta name=\"twitter:label1\" content=\"Est. reading time\" \/>\n\t<meta name=\"twitter:data1\" content=\"2 minutes\" \/>\n<script type=\"application\/ld+json\" class=\"yoast-schema-graph\">{\"@context\":\"https:\/\/schema.org\",\"@graph\":[{\"@type\":\"WebPage\",\"@id\":\"https:\/\/thewhiskykingdom.com\/impressum\/\",\"url\":\"https:\/\/thewhiskykingdom.com\/impressum\/\",\"name\":\"Impressum - The Whisky Kingdom\",\"isPartOf\":{\"@id\":\"http:\/\/thewhiskykingdom.com\/en\/#website\"},\"primaryImageOfPage\":{\"@id\":\"https:\/\/thewhiskykingdom.com\/impressum\/#primaryimage\"},\"image\":{\"@id\":\"https:\/\/thewhiskykingdom.com\/impressum\/#primaryimage\"},\"thumbnailUrl\":\"https:\/\/thewhiskykingdom.com\/wp-content\/uploads\/2018\/06\/DSCF8682_1-scaled.jpg\",\"datePublished\":\"2018-02-15T21:39:50+00:00\",\"dateModified\":\"2025-08-14T14:24:52+00:00\",\"description\":\"Impressum der Firma The Whisky Kingdom UG\",\"breadcrumb\":{\"@id\":\"https:\/\/thewhiskykingdom.com\/impressum\/#breadcrumb\"},\"inLanguage\":\"en-US\",\"potentialAction\":[{\"@type\":\"ReadAction\",\"target\":[\"https:\/\/thewhiskykingdom.com\/impressum\/\"]}]},{\"@type\":\"ImageObject\",\"inLanguage\":\"en-US\",\"@id\":\"https:\/\/thewhiskykingdom.com\/impressum\/#primaryimage\",\"url\":\"https:\/\/thewhiskykingdom.com\/wp-content\/uploads\/2018\/06\/DSCF8682_1-scaled.jpg\",\"contentUrl\":\"https:\/\/thewhiskykingdom.com\/wp-content\/uploads\/2018\/06\/DSCF8682_1-scaled.jpg\",\"width\":2560,\"height\":714},{\"@type\":\"BreadcrumbList\",\"@id\":\"https:\/\/thewhiskykingdom.com\/impressum\/#breadcrumb\",\"itemListElement\":[{\"@type\":\"ListItem\",\"position\":1,\"name\":\"The Whisky Kingdom\",\"item\":\"http:\/\/thewhiskykingdom.com\/en\/\"},{\"@type\":\"ListItem\",\"position\":2,\"name\":\"Impressum\"}]},{\"@type\":\"WebSite\",\"@id\":\"http:\/\/thewhiskykingdom.com\/en\/#website\",\"url\":\"http:\/\/thewhiskykingdom.com\/en\/\",\"name\":\"The Whisky Kingdom\",\"description\":\"Where whisky is king\",\"publisher\":{\"@id\":\"http:\/\/thewhiskykingdom.com\/en\/#organization\"},\"potentialAction\":[{\"@type\":\"SearchAction\",\"target\":{\"@type\":\"EntryPoint\",\"urlTemplate\":\"http:\/\/thewhiskykingdom.com\/en\/?s={search_term_string}\"},\"query-input\":{\"@type\":\"PropertyValueSpecification\",\"valueRequired\":true,\"valueName\":\"search_term_string\"}}],\"inLanguage\":\"en-US\"},{\"@type\":\"Organization\",\"@id\":\"http:\/\/thewhiskykingdom.com\/en\/#organization\",\"name\":\"The Whisky Kingdom UG\",\"url\":\"http:\/\/thewhiskykingdom.com\/en\/\",\"logo\":{\"@type\":\"ImageObject\",\"inLanguage\":\"en-US\",\"@id\":\"http:\/\/thewhiskykingdom.com\/en\/#\/schema\/logo\/image\/\",\"url\":\"https:\/\/thewhiskykingdom.com\/wp-content\/uploads\/2018\/03\/Logo_WK_750x750px3.jpg\",\"contentUrl\":\"https:\/\/thewhiskykingdom.com\/wp-content\/uploads\/2018\/03\/Logo_WK_750x750px3.jpg\",\"width\":750,\"height\":750,\"caption\":\"The Whisky Kingdom UG\"},\"image\":{\"@id\":\"http:\/\/thewhiskykingdom.com\/en\/#\/schema\/logo\/image\/\"},\"sameAs\":[\"https:\/\/www.facebook.com\/thewhiskykingdom\/\",\"https:\/\/www.instagram.com\/thewhiskykingdom\/\"]}]}<\/script>\n<!-- \/ Yoast SEO plugin. -->","yoast_head_json":{"title":"Impressum - The Whisky Kingdom","description":"Impressum der Firma The Whisky Kingdom UG","robots":{"index":"index","follow":"follow","max-snippet":"max-snippet:-1","max-image-preview":"max-image-preview:large","max-video-preview":"max-video-preview:-1"},"canonical":"https:\/\/thewhiskykingdom.com\/en\/impressum\/","og_locale":"en_US","og_type":"article","og_title":"Impressum - The Whisky Kingdom","og_description":"Impressum der Firma The Whisky Kingdom UG","og_url":"https:\/\/thewhiskykingdom.com\/en\/impressum\/","og_site_name":"The Whisky Kingdom","article_publisher":"https:\/\/www.facebook.com\/thewhiskykingdom\/","article_modified_time":"2025-08-14T14:24:52+00:00","og_image":[{"width":2560,"height":714,"url":"https:\/\/thewhiskykingdom.com\/wp-content\/uploads\/2018\/06\/DSCF8682_1-scaled.jpg","type":"image\/jpeg"}],"twitter_card":"summary_large_image","twitter_misc":{"Est. reading time":"2 minutes"},"schema":{"@context":"https:\/\/schema.org","@graph":[{"@type":"WebPage","@id":"https:\/\/thewhiskykingdom.com\/impressum\/","url":"https:\/\/thewhiskykingdom.com\/impressum\/","name":"Impressum - The Whisky Kingdom","isPartOf":{"@id":"http:\/\/thewhiskykingdom.com\/en\/#website"},"primaryImageOfPage":{"@id":"https:\/\/thewhiskykingdom.com\/impressum\/#primaryimage"},"image":{"@id":"https:\/\/thewhiskykingdom.com\/impressum\/#primaryimage"},"thumbnailUrl":"https:\/\/thewhiskykingdom.com\/wp-content\/uploads\/2018\/06\/DSCF8682_1-scaled.jpg","datePublished":"2018-02-15T21:39:50+00:00","dateModified":"2025-08-14T14:24:52+00:00","description":"Impressum der Firma The Whisky Kingdom UG","breadcrumb":{"@id":"https:\/\/thewhiskykingdom.com\/impressum\/#breadcrumb"},"inLanguage":"en-US","potentialAction":[{"@type":"ReadAction","target":["https:\/\/thewhiskykingdom.com\/impressum\/"]}]},{"@type":"ImageObject","inLanguage":"en-US","@id":"https:\/\/thewhiskykingdom.com\/impressum\/#primaryimage","url":"https:\/\/thewhiskykingdom.com\/wp-content\/uploads\/2018\/06\/DSCF8682_1-scaled.jpg","contentUrl":"https:\/\/thewhiskykingdom.com\/wp-content\/uploads\/2018\/06\/DSCF8682_1-scaled.jpg","width":2560,"height":714},{"@type":"BreadcrumbList","@id":"https:\/\/thewhiskykingdom.com\/impressum\/#breadcrumb","itemListElement":[{"@type":"ListItem","position":1,"name":"The Whisky Kingdom","item":"http:\/\/thewhiskykingdom.com\/en\/"},{"@type":"ListItem","position":2,"name":"Impressum"}]},{"@type":"WebSite","@id":"http:\/\/thewhiskykingdom.com\/en\/#website","url":"http:\/\/thewhiskykingdom.com\/en\/","name":"The Whisky Kingdom","description":"Where whisky is king","publisher":{"@id":"http:\/\/thewhiskykingdom.com\/en\/#organization"},"potentialAction":[{"@type":"SearchAction","target":{"@type":"EntryPoint","urlTemplate":"http:\/\/thewhiskykingdom.com\/en\/?s={search_term_string}"},"query-input":{"@type":"PropertyValueSpecification","valueRequired":true,"valueName":"search_term_string"}}],"inLanguage":"en-US"},{"@type":"Organization","@id":"http:\/\/thewhiskykingdom.com\/en\/#organization","name":"The Whisky Kingdom UG","url":"http:\/\/thewhiskykingdom.com\/en\/","logo":{"@type":"ImageObject","inLanguage":"en-US","@id":"http:\/\/thewhiskykingdom.com\/en\/#\/schema\/logo\/image\/","url":"https:\/\/thewhiskykingdom.com\/wp-content\/uploads\/2018\/03\/Logo_WK_750x750px3.jpg","contentUrl":"https:\/\/thewhiskykingdom.com\/wp-content\/uploads\/2018\/03\/Logo_WK_750x750px3.jpg","width":750,"height":750,"caption":"The Whisky Kingdom UG"},"image":{"@id":"http:\/\/thewhiskykingdom.com\/en\/#\/schema\/logo\/image\/"},"sameAs":["https:\/\/www.facebook.com\/thewhiskykingdom\/","https:\/\/www.instagram.com\/thewhiskykingdom\/"]}]}},"_links":{"self":[{"href":"https:\/\/thewhiskykingdom.com\/en\/wp-json\/wp\/v2\/pages\/9","targetHints":{"allow":["GET"]}}],"collection":[{"href":"https:\/\/thewhiskykingdom.com\/en\/wp-json\/wp\/v2\/pages"}],"about":[{"href":"https:\/\/thewhiskykingdom.com\/en\/wp-json\/wp\/v2\/types\/page"}],"author":[{"embeddable":true,"href":"https:\/\/thewhiskykingdom.com\/en\/wp-json\/wp\/v2\/users\/1"}],"replies":[{"embeddable":true,"href":"https:\/\/thewhiskykingdom.com\/en\/wp-json\/wp\/v2\/comments?post=9"}],"version-history":[{"count":1,"href":"https:\/\/thewhiskykingdom.com\/en\/wp-json\/wp\/v2\/pages\/9\/revisions"}],"predecessor-version":[{"id":2597,"href":"https:\/\/thewhiskykingdom.com\/en\/wp-json\/wp\/v2\/pages\/9\/revisions\/2597"}],"wp:featuredmedia":[{"embeddable":true,"href":"https:\/\/thewhiskykingdom.com\/en\/wp-json\/wp\/v2\/media\/428"}],"wp:attachment":[{"href":"https:\/\/thewhiskykingdom.com\/en\/wp-json\/wp\/v2\/media?parent=9"}],"curies":[{"name":"wp","href":"https:\/\/api.w.org\/{rel}","templated":true}]}}