{"id":1610,"date":"2020-12-11T15:47:32","date_gmt":"2020-12-11T14:47:32","guid":{"rendered":"https:\/\/thewhiskykingdom.com\/?post_type=product&#038;p=1610"},"modified":"2025-07-14T11:10:59","modified_gmt":"2025-07-14T09:10:59","slug":"awakening-gin-wu-dram-clan","status":"publish","type":"product","link":"https:\/\/thewhiskykingdom.com\/en\/shop\/awakening-gin-wu-dram-clan\/","title":{"rendered":"Awakening Gin bottled for Wu DRAM Clan 42% 0.5L"},"content":{"rendered":"<p><strong>Hersteller<\/strong>: Duckhammer&#8217;s Handelsgesellschaft mbH , Fliederweg 5, 77743 Neuried<br \/>\n<strong>Botanicals<\/strong>: Buddhas Hand, Himbeeren, Kr\u00e4uter, Urwaldpfeffer, M\u00e4des\u00fc\u00df, Orangenbl\u00fcten, Cassis<br \/>\n<strong>Geschmack<\/strong>: kr\u00e4ftig &amp; erfischend<br \/>\n<strong>Sorte<\/strong>: Dry Gin<br \/>\n<strong>Alcohol strength<\/strong>: 42% Vol.<br \/>\n<strong>Content<\/strong>: 0.5 Liter<\/p>","protected":false},"excerpt":{"rendered":"<p><strong>Awakening Gin bottled f\u00fcr Wu Dram Clan<\/strong><\/p>\n<p>Ein gemeinsames Projekt mit Edelbrenner und EDELBRAND-SOMMELIER Markus Wurth (Newcomer des Jahres 2019, Nation Sieger des Jahres 2019, Edelbrenner des Jahres 2019) &amp; dem <strong>Wu DRAM Clan<\/strong> entstand dieser fruchtige, erfrischende und balancierte Dry Gin.<\/p>\n<p>Der Dry Gin mit dem Namen &#8222;Awakening&#8220; ist das Ergebnis bester Brennkunst und handverlesenen Zutaten. Der Gin ist dem klassischen Stil nachempfunden. Frische und w\u00fcrzige Noten erh\u00e4lt er aus der frischen Zitronen der Gattung &#8222;Buddhas Hand&#8220;, welche baumreif verarbeitet wurde sowie Himbeeren um das Bouquet fruchtig abzurunden<br \/>\nEin Gin zum Nachschenken!<br \/>\n<strong><br \/>\n&#8222;100% WITHOUT BULLSHIT&#8220;<\/strong><\/p>\n<p>Der Gin ist geschmacklich dem Dry Gin zuzuordnen.<\/p>\n<p>Awakening steht f\u00fcr das Erwachen des Geschmacks!<br \/>\nDie Flaschen sind limitiert auf 200 St\u00fcck<\/p>\n<p>Batch 12\/2020<\/p>\n<p><strong>Sie finden auch viele andere <a href=\"https:\/\/thewhiskykingdom.com\/en\/product-tag\/wu-dram-clan\/\"><span style=\"color: #ff6600;\">Wu Dram Clan Abf\u00fcllungen<\/span><\/a> im unseren Shop.<\/strong><\/p>\n<p><strong>Alcohol strength<\/strong>: 42% Vol.<br \/>\n<strong>Content<\/strong>: 0.5 Liter<\/p>","protected":false},"featured_media":1612,"template":"","meta":{"_crdt_document":""},"product_brand":[],"product_cat":[111],"product_tag":[44,139],"class_list":{"0":"post-1610","1":"product","2":"type-product","3":"status-publish","4":"has-post-thumbnail","6":"product_cat-gin","7":"product_tag-limitiert","8":"product_tag-wu-dram-clan","10":"first","11":"instock","12":"taxable","13":"shipping-taxable","14":"purchasable","15":"product-type-simple"},"yoast_head":"<!-- This site is optimized with the Yoast SEO plugin v27.1.1 - https:\/\/yoast.com\/product\/yoast-seo-wordpress\/ -->\n<title>Awakening Gin bottled for Wu DRAM Clan 42% 0.5L - The Whisky Kingdom<\/title>\n<meta name=\"description\" content=\"Awakening Dry Gin aus Schwarzwald abgef\u00fcllt f\u00fcr Wu Dram Clan. Kr\u00e4ftiger und erfrischender Boutique-Gin f\u00fcr Geniesser.\" \/>\n<meta name=\"robots\" content=\"index, follow, max-snippet:-1, max-image-preview:large, max-video-preview:-1\" \/>\n<link rel=\"canonical\" href=\"https:\/\/thewhiskykingdom.com\/en\/shop\/awakening-gin-wu-dram-clan\/\" \/>\n<meta property=\"og:locale\" content=\"en_US\" \/>\n<meta property=\"og:type\" content=\"article\" \/>\n<meta property=\"og:title\" content=\"Awakening Gin bottled for Wu DRAM Clan 42% 0.5L - The Whisky Kingdom\" \/>\n<meta property=\"og:description\" content=\"Awakening Dry Gin aus Schwarzwald abgef\u00fcllt f\u00fcr Wu Dram Clan. Kr\u00e4ftiger und erfrischender Boutique-Gin f\u00fcr Geniesser.\" \/>\n<meta property=\"og:url\" content=\"https:\/\/thewhiskykingdom.com\/en\/shop\/awakening-gin-wu-dram-clan\/\" \/>\n<meta property=\"og:site_name\" content=\"The Whisky Kingdom\" \/>\n<meta property=\"article:publisher\" content=\"https:\/\/www.facebook.com\/thewhiskykingdom\/\" \/>\n<meta property=\"article:modified_time\" content=\"2025-07-14T09:10:59+00:00\" \/>\n<meta property=\"og:image\" content=\"https:\/\/thewhiskykingdom.com\/wp-content\/uploads\/2020\/12\/gin-1.jpg\" \/>\n\t<meta property=\"og:image:width\" content=\"1920\" \/>\n\t<meta property=\"og:image:height\" content=\"1920\" \/>\n\t<meta property=\"og:image:type\" content=\"image\/jpeg\" \/>\n<meta name=\"twitter:card\" content=\"summary_large_image\" \/>\n<script type=\"application\/ld+json\" class=\"yoast-schema-graph\">{\"@context\":\"https:\/\/schema.org\",\"@graph\":[{\"@type\":\"WebPage\",\"@id\":\"https:\/\/thewhiskykingdom.com\/shop\/awakening-gin-wu-dram-clan\/\",\"url\":\"https:\/\/thewhiskykingdom.com\/shop\/awakening-gin-wu-dram-clan\/\",\"name\":\"Awakening Gin bottled for Wu DRAM Clan 42% 0.5L - The Whisky Kingdom\",\"isPartOf\":{\"@id\":\"http:\/\/thewhiskykingdom.com\/en\/#website\"},\"primaryImageOfPage\":{\"@id\":\"https:\/\/thewhiskykingdom.com\/shop\/awakening-gin-wu-dram-clan\/#primaryimage\"},\"image\":{\"@id\":\"https:\/\/thewhiskykingdom.com\/shop\/awakening-gin-wu-dram-clan\/#primaryimage\"},\"thumbnailUrl\":\"https:\/\/thewhiskykingdom.com\/wp-content\/uploads\/2020\/12\/gin-1.jpg\",\"datePublished\":\"2020-12-11T14:47:32+00:00\",\"dateModified\":\"2025-07-14T09:10:59+00:00\",\"description\":\"Awakening Dry Gin aus Schwarzwald abgef\u00fcllt f\u00fcr Wu Dram Clan. Kr\u00e4ftiger und erfrischender Boutique-Gin f\u00fcr Geniesser.\",\"breadcrumb\":{\"@id\":\"https:\/\/thewhiskykingdom.com\/shop\/awakening-gin-wu-dram-clan\/#breadcrumb\"},\"inLanguage\":\"en-US\",\"potentialAction\":[{\"@type\":\"ReadAction\",\"target\":[\"https:\/\/thewhiskykingdom.com\/shop\/awakening-gin-wu-dram-clan\/\"]}]},{\"@type\":\"ImageObject\",\"inLanguage\":\"en-US\",\"@id\":\"https:\/\/thewhiskykingdom.com\/shop\/awakening-gin-wu-dram-clan\/#primaryimage\",\"url\":\"https:\/\/thewhiskykingdom.com\/wp-content\/uploads\/2020\/12\/gin-1.jpg\",\"contentUrl\":\"https:\/\/thewhiskykingdom.com\/wp-content\/uploads\/2020\/12\/gin-1.jpg\",\"width\":1920,\"height\":1920,\"caption\":\"Awakening Gin\"},{\"@type\":\"BreadcrumbList\",\"@id\":\"https:\/\/thewhiskykingdom.com\/shop\/awakening-gin-wu-dram-clan\/#breadcrumb\",\"itemListElement\":[{\"@type\":\"ListItem\",\"position\":1,\"name\":\"The Whisky Kingdom\",\"item\":\"http:\/\/thewhiskykingdom.com\/en\/\"},{\"@type\":\"ListItem\",\"position\":2,\"name\":\"Shop\",\"item\":\"http:\/\/thewhiskykingdom.com\/en\/shop\/\"},{\"@type\":\"ListItem\",\"position\":3,\"name\":\"Awakening Gin bottled for Wu DRAM Clan 42% 0.5L\"}]},{\"@type\":\"WebSite\",\"@id\":\"http:\/\/thewhiskykingdom.com\/en\/#website\",\"url\":\"http:\/\/thewhiskykingdom.com\/en\/\",\"name\":\"The Whisky Kingdom\",\"description\":\"Where whisky is king\",\"publisher\":{\"@id\":\"http:\/\/thewhiskykingdom.com\/en\/#organization\"},\"potentialAction\":[{\"@type\":\"SearchAction\",\"target\":{\"@type\":\"EntryPoint\",\"urlTemplate\":\"http:\/\/thewhiskykingdom.com\/en\/?s={search_term_string}\"},\"query-input\":{\"@type\":\"PropertyValueSpecification\",\"valueRequired\":true,\"valueName\":\"search_term_string\"}}],\"inLanguage\":\"en-US\"},{\"@type\":\"Organization\",\"@id\":\"http:\/\/thewhiskykingdom.com\/en\/#organization\",\"name\":\"The Whisky Kingdom UG\",\"url\":\"http:\/\/thewhiskykingdom.com\/en\/\",\"logo\":{\"@type\":\"ImageObject\",\"inLanguage\":\"en-US\",\"@id\":\"http:\/\/thewhiskykingdom.com\/en\/#\/schema\/logo\/image\/\",\"url\":\"https:\/\/thewhiskykingdom.com\/wp-content\/uploads\/2018\/03\/Logo_WK_750x750px3.jpg\",\"contentUrl\":\"https:\/\/thewhiskykingdom.com\/wp-content\/uploads\/2018\/03\/Logo_WK_750x750px3.jpg\",\"width\":750,\"height\":750,\"caption\":\"The Whisky Kingdom UG\"},\"image\":{\"@id\":\"http:\/\/thewhiskykingdom.com\/en\/#\/schema\/logo\/image\/\"},\"sameAs\":[\"https:\/\/www.facebook.com\/thewhiskykingdom\/\",\"https:\/\/www.instagram.com\/thewhiskykingdom\/\"]}]}<\/script>\n<!-- \/ Yoast SEO plugin. -->","yoast_head_json":{"title":"Awakening Gin bottled for Wu DRAM Clan 42% 0.5L - The Whisky Kingdom","description":"Awakening Dry Gin aus Schwarzwald abgef\u00fcllt f\u00fcr Wu Dram Clan. Kr\u00e4ftiger und erfrischender Boutique-Gin f\u00fcr Geniesser.","robots":{"index":"index","follow":"follow","max-snippet":"max-snippet:-1","max-image-preview":"max-image-preview:large","max-video-preview":"max-video-preview:-1"},"canonical":"https:\/\/thewhiskykingdom.com\/en\/shop\/awakening-gin-wu-dram-clan\/","og_locale":"en_US","og_type":"article","og_title":"Awakening Gin bottled for Wu DRAM Clan 42% 0.5L - The Whisky Kingdom","og_description":"Awakening Dry Gin aus Schwarzwald abgef\u00fcllt f\u00fcr Wu Dram Clan. Kr\u00e4ftiger und erfrischender Boutique-Gin f\u00fcr Geniesser.","og_url":"https:\/\/thewhiskykingdom.com\/en\/shop\/awakening-gin-wu-dram-clan\/","og_site_name":"The Whisky Kingdom","article_publisher":"https:\/\/www.facebook.com\/thewhiskykingdom\/","article_modified_time":"2025-07-14T09:10:59+00:00","og_image":[{"width":1920,"height":1920,"url":"https:\/\/thewhiskykingdom.com\/wp-content\/uploads\/2020\/12\/gin-1.jpg","type":"image\/jpeg"}],"twitter_card":"summary_large_image","schema":{"@context":"https:\/\/schema.org","@graph":[{"@type":"WebPage","@id":"https:\/\/thewhiskykingdom.com\/shop\/awakening-gin-wu-dram-clan\/","url":"https:\/\/thewhiskykingdom.com\/shop\/awakening-gin-wu-dram-clan\/","name":"Awakening Gin bottled for Wu DRAM Clan 42% 0.5L - The Whisky Kingdom","isPartOf":{"@id":"http:\/\/thewhiskykingdom.com\/en\/#website"},"primaryImageOfPage":{"@id":"https:\/\/thewhiskykingdom.com\/shop\/awakening-gin-wu-dram-clan\/#primaryimage"},"image":{"@id":"https:\/\/thewhiskykingdom.com\/shop\/awakening-gin-wu-dram-clan\/#primaryimage"},"thumbnailUrl":"https:\/\/thewhiskykingdom.com\/wp-content\/uploads\/2020\/12\/gin-1.jpg","datePublished":"2020-12-11T14:47:32+00:00","dateModified":"2025-07-14T09:10:59+00:00","description":"Awakening Dry Gin aus Schwarzwald abgef\u00fcllt f\u00fcr Wu Dram Clan. Kr\u00e4ftiger und erfrischender Boutique-Gin f\u00fcr Geniesser.","breadcrumb":{"@id":"https:\/\/thewhiskykingdom.com\/shop\/awakening-gin-wu-dram-clan\/#breadcrumb"},"inLanguage":"en-US","potentialAction":[{"@type":"ReadAction","target":["https:\/\/thewhiskykingdom.com\/shop\/awakening-gin-wu-dram-clan\/"]}]},{"@type":"ImageObject","inLanguage":"en-US","@id":"https:\/\/thewhiskykingdom.com\/shop\/awakening-gin-wu-dram-clan\/#primaryimage","url":"https:\/\/thewhiskykingdom.com\/wp-content\/uploads\/2020\/12\/gin-1.jpg","contentUrl":"https:\/\/thewhiskykingdom.com\/wp-content\/uploads\/2020\/12\/gin-1.jpg","width":1920,"height":1920,"caption":"Awakening Gin"},{"@type":"BreadcrumbList","@id":"https:\/\/thewhiskykingdom.com\/shop\/awakening-gin-wu-dram-clan\/#breadcrumb","itemListElement":[{"@type":"ListItem","position":1,"name":"The Whisky Kingdom","item":"http:\/\/thewhiskykingdom.com\/en\/"},{"@type":"ListItem","position":2,"name":"Shop","item":"http:\/\/thewhiskykingdom.com\/en\/shop\/"},{"@type":"ListItem","position":3,"name":"Awakening Gin bottled for Wu DRAM Clan 42% 0.5L"}]},{"@type":"WebSite","@id":"http:\/\/thewhiskykingdom.com\/en\/#website","url":"http:\/\/thewhiskykingdom.com\/en\/","name":"The Whisky Kingdom","description":"Where whisky is king","publisher":{"@id":"http:\/\/thewhiskykingdom.com\/en\/#organization"},"potentialAction":[{"@type":"SearchAction","target":{"@type":"EntryPoint","urlTemplate":"http:\/\/thewhiskykingdom.com\/en\/?s={search_term_string}"},"query-input":{"@type":"PropertyValueSpecification","valueRequired":true,"valueName":"search_term_string"}}],"inLanguage":"en-US"},{"@type":"Organization","@id":"http:\/\/thewhiskykingdom.com\/en\/#organization","name":"The Whisky Kingdom UG","url":"http:\/\/thewhiskykingdom.com\/en\/","logo":{"@type":"ImageObject","inLanguage":"en-US","@id":"http:\/\/thewhiskykingdom.com\/en\/#\/schema\/logo\/image\/","url":"https:\/\/thewhiskykingdom.com\/wp-content\/uploads\/2018\/03\/Logo_WK_750x750px3.jpg","contentUrl":"https:\/\/thewhiskykingdom.com\/wp-content\/uploads\/2018\/03\/Logo_WK_750x750px3.jpg","width":750,"height":750,"caption":"The Whisky Kingdom UG"},"image":{"@id":"http:\/\/thewhiskykingdom.com\/en\/#\/schema\/logo\/image\/"},"sameAs":["https:\/\/www.facebook.com\/thewhiskykingdom\/","https:\/\/www.instagram.com\/thewhiskykingdom\/"]}]}},"_links":{"self":[{"href":"https:\/\/thewhiskykingdom.com\/en\/wp-json\/wp\/v2\/product\/1610","targetHints":{"allow":["GET"]}}],"collection":[{"href":"https:\/\/thewhiskykingdom.com\/en\/wp-json\/wp\/v2\/product"}],"about":[{"href":"https:\/\/thewhiskykingdom.com\/en\/wp-json\/wp\/v2\/types\/product"}],"wp:featuredmedia":[{"embeddable":true,"href":"https:\/\/thewhiskykingdom.com\/en\/wp-json\/wp\/v2\/media\/1612"}],"wp:attachment":[{"href":"https:\/\/thewhiskykingdom.com\/en\/wp-json\/wp\/v2\/media?parent=1610"}],"wp:term":[{"taxonomy":"product_brand","embeddable":true,"href":"https:\/\/thewhiskykingdom.com\/en\/wp-json\/wp\/v2\/product_brand?post=1610"},{"taxonomy":"product_cat","embeddable":true,"href":"https:\/\/thewhiskykingdom.com\/en\/wp-json\/wp\/v2\/product_cat?post=1610"},{"taxonomy":"product_tag","embeddable":true,"href":"https:\/\/thewhiskykingdom.com\/en\/wp-json\/wp\/v2\/product_tag?post=1610"}],"curies":[{"name":"wp","href":"https:\/\/api.w.org\/{rel}","templated":true}]}}