{"id":1770,"date":"2021-02-21T17:43:29","date_gmt":"2021-02-21T16:43:29","guid":{"rendered":"https:\/\/thewhiskykingdom.com\/?post_type=product&#038;p=1770"},"modified":"2025-08-25T09:30:19","modified_gmt":"2025-08-25T07:30:19","slug":"armagnac-baraillon-1929","status":"publish","type":"product","link":"https:\/\/thewhiskykingdom.com\/en\/shop\/armagnac-baraillon-1929\/","title":{"rendered":"Armagnac Domaine de Baraillon 1929 40% 0.7L"},"content":{"rendered":"<p><strong>Hersteller<\/strong>: SCEA Claverie, Domaine de Baraillon, 32240 Lannemaignan, Frankreich<br \/>\n<strong>Vintage<\/strong>: 1929<br \/>\n<strong>Abgef\u00fcllt<\/strong>: 2021<br \/>\n<strong>Alcohol strength<\/strong>: 40% Vol.<br \/>\n<strong>Content<\/strong>: 0.7 Liter<br \/>\n<strong>Info<\/strong>: ungef\u00e4rbt <\/p>","protected":false},"excerpt":{"rendered":"<p><strong>Armagnac Domaine der Baraillon 1929\/2021 natubelassen abgef\u00fcllt.<\/p>\n<p>Eine echte Rarit\u00e4t! Wir sind stolz darauf von diesem Armagnac aus 1929 in 2021 ein paar Flaschen abgef\u00fcllt zu haben. Sehr selten und streng limitiert, dies ist ein St\u00fcck fl\u00fcssige Geschichte.<\/p>\n<p>Dieser Armagnac stammt von Domaine der Baraillon in der Bas-Armagnac Region. Er wurde in 1929 destilliert und in 2021 abgef\u00fcllt.<\/strong><\/p>\n<p><strong>Serge (whiskyfun.com) hat folgende Bewertung f\u00fcr eine Abf\u00fcllung aus 2019 vom gleichen Batch gegeben:<\/strong><\/p>\n<p><em><strong>Domaine de Baraillon 1929\/2019 (40%, OB, Bas-armagnac) Five stars<\/strong><\/em><br \/>\n<em>Imagine, 1929. I\u2019m sure this one\u2019s spent some time in demi-johns. As for the vintage here, I sure shan\u2019t mention the Great Depression, rather the fact that it was in 1929 that French Prime Minister Aristide Briand first brought up the subject of an European Federation.<br \/>\n<strong>Colour:<\/strong> red amber.<br \/>\n<strong>Nose:<\/strong>  very delicate and extremely floral this time. Peonies, wallflowers, lilac, nectars and honeys\u2026 I believe this is rather sublime and that lower strengths do go well with this kind of profile. The exception that proves the rule. Old books and furniture, rosewood, cherry jam, viognier (or Condrieu), fig wine, drops of mead, tokay, a little mint and camphor\u2026 This really is a sublime nose.<br \/>\n<strong>Mouth:<\/strong> a tad more gritty and rustic on the palate, almost calavados-y, with notes of sour apples and damson spirit. Vieille prune all over again, chouchen (distilled mead), even \u2018Glenlivet\u2019, some cocoa, black tobacco, overripe apples\u2026 Well let\u2019s not quibble, it\u2019s still excellent, it\u2019s just that the nose was totally out of this world.<br \/>\n<strong>Finish:<\/strong> medium and rather on roasted raisins and burnt brioche.<br \/>\n<strong>Comments:<\/strong>  it is extremely rare that I would go up to 90 just because of a stunning nose. Extremely rare indeed, but not totally unseen. Proof:<br \/>\n<strong>SGP:561 \u2013 90 points.<\/strong><\/em><\/p>\n<p><em><strong>Source<\/strong> <a href=\"http:\/\/www.whiskyfun.com\/archivejanuary21-1-Linkwood-Redbreast.html#010121\">http:\/\/www.whiskyfun.com\/archivejanuary21-1-Linkwood-Redbreast.html#010121<\/a><\/em><\/p>\n<p><strong>Alcohol strength<\/strong>: 40% Vol.<br \/>\n<strong>Content<\/strong>: 0.7 Liter<\/p>","protected":false},"featured_media":1750,"template":"","meta":{"_crdt_document":""},"product_brand":[],"product_cat":[107],"product_tag":[109,110],"class_list":{"0":"post-1770","1":"product","2":"type-product","3":"status-publish","4":"has-post-thumbnail","6":"product_cat-armagnac","7":"product_tag-armagnac","8":"product_tag-naturbelassen","10":"first","11":"instock","12":"taxable","13":"shipping-taxable","14":"purchasable","15":"product-type-simple"},"yoast_head":"<!-- This site is optimized with the Yoast SEO plugin v27.1.1 - https:\/\/yoast.com\/product\/yoast-seo-wordpress\/ -->\n<title>Armagnac Domaine de Baraillon 1929 40% 0.7L - The Whisky Kingdom<\/title>\n<meta name=\"description\" content=\"Armagnac Domaine de Baraillon Vintage 1929 abgef\u00fcllt in 2021. Einzelfassabf\u00fcllung in Fassst\u00e4rke.\" \/>\n<meta name=\"robots\" content=\"index, follow, max-snippet:-1, max-image-preview:large, max-video-preview:-1\" \/>\n<link rel=\"canonical\" href=\"https:\/\/thewhiskykingdom.com\/en\/shop\/armagnac-baraillon-1929\/\" \/>\n<meta property=\"og:locale\" content=\"en_US\" \/>\n<meta property=\"og:type\" content=\"article\" \/>\n<meta property=\"og:title\" content=\"Armagnac Domaine de Baraillon 1929 40% 0.7L - The Whisky Kingdom\" \/>\n<meta property=\"og:description\" content=\"Armagnac Domaine de Baraillon Vintage 1929 abgef\u00fcllt in 2021. Einzelfassabf\u00fcllung in Fassst\u00e4rke.\" \/>\n<meta property=\"og:url\" content=\"https:\/\/thewhiskykingdom.com\/en\/shop\/armagnac-baraillon-1929\/\" \/>\n<meta property=\"og:site_name\" content=\"The Whisky Kingdom\" \/>\n<meta property=\"article:publisher\" content=\"https:\/\/www.facebook.com\/thewhiskykingdom\/\" \/>\n<meta property=\"article:modified_time\" content=\"2025-08-25T07:30:19+00:00\" \/>\n<meta property=\"og:image\" content=\"https:\/\/thewhiskykingdom.com\/wp-content\/uploads\/2021\/02\/1929.jpg\" \/>\n\t<meta property=\"og:image:width\" content=\"1920\" \/>\n\t<meta property=\"og:image:height\" content=\"1920\" \/>\n\t<meta property=\"og:image:type\" content=\"image\/jpeg\" \/>\n<meta name=\"twitter:card\" content=\"summary_large_image\" \/>\n<script type=\"application\/ld+json\" class=\"yoast-schema-graph\">{\"@context\":\"https:\/\/schema.org\",\"@graph\":[{\"@type\":\"WebPage\",\"@id\":\"https:\/\/thewhiskykingdom.com\/shop\/armagnac-baraillon-1929\/\",\"url\":\"https:\/\/thewhiskykingdom.com\/shop\/armagnac-baraillon-1929\/\",\"name\":\"Armagnac Domaine de Baraillon 1929 40% 0.7L - The Whisky Kingdom\",\"isPartOf\":{\"@id\":\"http:\/\/thewhiskykingdom.com\/en\/#website\"},\"primaryImageOfPage\":{\"@id\":\"https:\/\/thewhiskykingdom.com\/shop\/armagnac-baraillon-1929\/#primaryimage\"},\"image\":{\"@id\":\"https:\/\/thewhiskykingdom.com\/shop\/armagnac-baraillon-1929\/#primaryimage\"},\"thumbnailUrl\":\"https:\/\/thewhiskykingdom.com\/wp-content\/uploads\/2021\/02\/1929.jpg\",\"datePublished\":\"2021-02-21T16:43:29+00:00\",\"dateModified\":\"2025-08-25T07:30:19+00:00\",\"description\":\"Armagnac Domaine de Baraillon Vintage 1929 abgef\u00fcllt in 2021. Einzelfassabf\u00fcllung in Fassst\u00e4rke.\",\"breadcrumb\":{\"@id\":\"https:\/\/thewhiskykingdom.com\/shop\/armagnac-baraillon-1929\/#breadcrumb\"},\"inLanguage\":\"en-US\",\"potentialAction\":[{\"@type\":\"ReadAction\",\"target\":[\"https:\/\/thewhiskykingdom.com\/shop\/armagnac-baraillon-1929\/\"]}]},{\"@type\":\"ImageObject\",\"inLanguage\":\"en-US\",\"@id\":\"https:\/\/thewhiskykingdom.com\/shop\/armagnac-baraillon-1929\/#primaryimage\",\"url\":\"https:\/\/thewhiskykingdom.com\/wp-content\/uploads\/2021\/02\/1929.jpg\",\"contentUrl\":\"https:\/\/thewhiskykingdom.com\/wp-content\/uploads\/2021\/02\/1929.jpg\",\"width\":1920,\"height\":1920,\"caption\":\"Baraillon-1929\"},{\"@type\":\"BreadcrumbList\",\"@id\":\"https:\/\/thewhiskykingdom.com\/shop\/armagnac-baraillon-1929\/#breadcrumb\",\"itemListElement\":[{\"@type\":\"ListItem\",\"position\":1,\"name\":\"The Whisky Kingdom\",\"item\":\"http:\/\/thewhiskykingdom.com\/en\/\"},{\"@type\":\"ListItem\",\"position\":2,\"name\":\"Shop\",\"item\":\"http:\/\/thewhiskykingdom.com\/en\/shop\/\"},{\"@type\":\"ListItem\",\"position\":3,\"name\":\"Armagnac Domaine de Baraillon 1929 40% 0.7L\"}]},{\"@type\":\"WebSite\",\"@id\":\"http:\/\/thewhiskykingdom.com\/en\/#website\",\"url\":\"http:\/\/thewhiskykingdom.com\/en\/\",\"name\":\"The Whisky Kingdom\",\"description\":\"Where whisky is king\",\"publisher\":{\"@id\":\"http:\/\/thewhiskykingdom.com\/en\/#organization\"},\"potentialAction\":[{\"@type\":\"SearchAction\",\"target\":{\"@type\":\"EntryPoint\",\"urlTemplate\":\"http:\/\/thewhiskykingdom.com\/en\/?s={search_term_string}\"},\"query-input\":{\"@type\":\"PropertyValueSpecification\",\"valueRequired\":true,\"valueName\":\"search_term_string\"}}],\"inLanguage\":\"en-US\"},{\"@type\":\"Organization\",\"@id\":\"http:\/\/thewhiskykingdom.com\/en\/#organization\",\"name\":\"The Whisky Kingdom UG\",\"url\":\"http:\/\/thewhiskykingdom.com\/en\/\",\"logo\":{\"@type\":\"ImageObject\",\"inLanguage\":\"en-US\",\"@id\":\"http:\/\/thewhiskykingdom.com\/en\/#\/schema\/logo\/image\/\",\"url\":\"https:\/\/thewhiskykingdom.com\/wp-content\/uploads\/2018\/03\/Logo_WK_750x750px3.jpg\",\"contentUrl\":\"https:\/\/thewhiskykingdom.com\/wp-content\/uploads\/2018\/03\/Logo_WK_750x750px3.jpg\",\"width\":750,\"height\":750,\"caption\":\"The Whisky Kingdom UG\"},\"image\":{\"@id\":\"http:\/\/thewhiskykingdom.com\/en\/#\/schema\/logo\/image\/\"},\"sameAs\":[\"https:\/\/www.facebook.com\/thewhiskykingdom\/\",\"https:\/\/www.instagram.com\/thewhiskykingdom\/\"]}]}<\/script>\n<!-- \/ Yoast SEO plugin. -->","yoast_head_json":{"title":"Armagnac Domaine de Baraillon 1929 40% 0.7L - The Whisky Kingdom","description":"Armagnac Domaine de Baraillon Vintage 1929 abgef\u00fcllt in 2021. Einzelfassabf\u00fcllung in Fassst\u00e4rke.","robots":{"index":"index","follow":"follow","max-snippet":"max-snippet:-1","max-image-preview":"max-image-preview:large","max-video-preview":"max-video-preview:-1"},"canonical":"https:\/\/thewhiskykingdom.com\/en\/shop\/armagnac-baraillon-1929\/","og_locale":"en_US","og_type":"article","og_title":"Armagnac Domaine de Baraillon 1929 40% 0.7L - The Whisky Kingdom","og_description":"Armagnac Domaine de Baraillon Vintage 1929 abgef\u00fcllt in 2021. Einzelfassabf\u00fcllung in Fassst\u00e4rke.","og_url":"https:\/\/thewhiskykingdom.com\/en\/shop\/armagnac-baraillon-1929\/","og_site_name":"The Whisky Kingdom","article_publisher":"https:\/\/www.facebook.com\/thewhiskykingdom\/","article_modified_time":"2025-08-25T07:30:19+00:00","og_image":[{"width":1920,"height":1920,"url":"https:\/\/thewhiskykingdom.com\/wp-content\/uploads\/2021\/02\/1929.jpg","type":"image\/jpeg"}],"twitter_card":"summary_large_image","schema":{"@context":"https:\/\/schema.org","@graph":[{"@type":"WebPage","@id":"https:\/\/thewhiskykingdom.com\/shop\/armagnac-baraillon-1929\/","url":"https:\/\/thewhiskykingdom.com\/shop\/armagnac-baraillon-1929\/","name":"Armagnac Domaine de Baraillon 1929 40% 0.7L - The Whisky Kingdom","isPartOf":{"@id":"http:\/\/thewhiskykingdom.com\/en\/#website"},"primaryImageOfPage":{"@id":"https:\/\/thewhiskykingdom.com\/shop\/armagnac-baraillon-1929\/#primaryimage"},"image":{"@id":"https:\/\/thewhiskykingdom.com\/shop\/armagnac-baraillon-1929\/#primaryimage"},"thumbnailUrl":"https:\/\/thewhiskykingdom.com\/wp-content\/uploads\/2021\/02\/1929.jpg","datePublished":"2021-02-21T16:43:29+00:00","dateModified":"2025-08-25T07:30:19+00:00","description":"Armagnac Domaine de Baraillon Vintage 1929 abgef\u00fcllt in 2021. Einzelfassabf\u00fcllung in Fassst\u00e4rke.","breadcrumb":{"@id":"https:\/\/thewhiskykingdom.com\/shop\/armagnac-baraillon-1929\/#breadcrumb"},"inLanguage":"en-US","potentialAction":[{"@type":"ReadAction","target":["https:\/\/thewhiskykingdom.com\/shop\/armagnac-baraillon-1929\/"]}]},{"@type":"ImageObject","inLanguage":"en-US","@id":"https:\/\/thewhiskykingdom.com\/shop\/armagnac-baraillon-1929\/#primaryimage","url":"https:\/\/thewhiskykingdom.com\/wp-content\/uploads\/2021\/02\/1929.jpg","contentUrl":"https:\/\/thewhiskykingdom.com\/wp-content\/uploads\/2021\/02\/1929.jpg","width":1920,"height":1920,"caption":"Baraillon-1929"},{"@type":"BreadcrumbList","@id":"https:\/\/thewhiskykingdom.com\/shop\/armagnac-baraillon-1929\/#breadcrumb","itemListElement":[{"@type":"ListItem","position":1,"name":"The Whisky Kingdom","item":"http:\/\/thewhiskykingdom.com\/en\/"},{"@type":"ListItem","position":2,"name":"Shop","item":"http:\/\/thewhiskykingdom.com\/en\/shop\/"},{"@type":"ListItem","position":3,"name":"Armagnac Domaine de Baraillon 1929 40% 0.7L"}]},{"@type":"WebSite","@id":"http:\/\/thewhiskykingdom.com\/en\/#website","url":"http:\/\/thewhiskykingdom.com\/en\/","name":"The Whisky Kingdom","description":"Where whisky is king","publisher":{"@id":"http:\/\/thewhiskykingdom.com\/en\/#organization"},"potentialAction":[{"@type":"SearchAction","target":{"@type":"EntryPoint","urlTemplate":"http:\/\/thewhiskykingdom.com\/en\/?s={search_term_string}"},"query-input":{"@type":"PropertyValueSpecification","valueRequired":true,"valueName":"search_term_string"}}],"inLanguage":"en-US"},{"@type":"Organization","@id":"http:\/\/thewhiskykingdom.com\/en\/#organization","name":"The Whisky Kingdom UG","url":"http:\/\/thewhiskykingdom.com\/en\/","logo":{"@type":"ImageObject","inLanguage":"en-US","@id":"http:\/\/thewhiskykingdom.com\/en\/#\/schema\/logo\/image\/","url":"https:\/\/thewhiskykingdom.com\/wp-content\/uploads\/2018\/03\/Logo_WK_750x750px3.jpg","contentUrl":"https:\/\/thewhiskykingdom.com\/wp-content\/uploads\/2018\/03\/Logo_WK_750x750px3.jpg","width":750,"height":750,"caption":"The Whisky Kingdom UG"},"image":{"@id":"http:\/\/thewhiskykingdom.com\/en\/#\/schema\/logo\/image\/"},"sameAs":["https:\/\/www.facebook.com\/thewhiskykingdom\/","https:\/\/www.instagram.com\/thewhiskykingdom\/"]}]}},"_links":{"self":[{"href":"https:\/\/thewhiskykingdom.com\/en\/wp-json\/wp\/v2\/product\/1770","targetHints":{"allow":["GET"]}}],"collection":[{"href":"https:\/\/thewhiskykingdom.com\/en\/wp-json\/wp\/v2\/product"}],"about":[{"href":"https:\/\/thewhiskykingdom.com\/en\/wp-json\/wp\/v2\/types\/product"}],"wp:featuredmedia":[{"embeddable":true,"href":"https:\/\/thewhiskykingdom.com\/en\/wp-json\/wp\/v2\/media\/1750"}],"wp:attachment":[{"href":"https:\/\/thewhiskykingdom.com\/en\/wp-json\/wp\/v2\/media?parent=1770"}],"wp:term":[{"taxonomy":"product_brand","embeddable":true,"href":"https:\/\/thewhiskykingdom.com\/en\/wp-json\/wp\/v2\/product_brand?post=1770"},{"taxonomy":"product_cat","embeddable":true,"href":"https:\/\/thewhiskykingdom.com\/en\/wp-json\/wp\/v2\/product_cat?post=1770"},{"taxonomy":"product_tag","embeddable":true,"href":"https:\/\/thewhiskykingdom.com\/en\/wp-json\/wp\/v2\/product_tag?post=1770"}],"curies":[{"name":"wp","href":"https:\/\/api.w.org\/{rel}","templated":true}]}}