{"id":1959,"date":"2022-02-23T19:40:49","date_gmt":"2022-02-23T18:40:49","guid":{"rendered":"https:\/\/thewhiskykingdom.com\/?post_type=product&#038;p=1959"},"modified":"2025-07-14T11:10:56","modified_gmt":"2025-07-14T09:10:56","slug":"invergordon-1965-wdc","status":"publish","type":"product","link":"https:\/\/thewhiskykingdom.com\/en\/shop\/invergordon-1965-wdc\/","title":{"rendered":"Invergordon 1965\/2021 55 Jahre WDC 40% 0.7L"},"content":{"rendered":"<p><strong>Hersteller<\/strong>: Duckhammers GmbH, Scheffelweg 1, 77694 Kehl<br \/>\n<strong>Vingage<\/strong>: 1965<br \/>\n<strong>Abgef\u00fcllt<\/strong>: 2021<br \/>\n<strong>Alcohol strength<\/strong>: 40% Vol.<br \/>\n<strong>Content<\/strong>: 0.7 Liter<br \/>\n<strong>Info<\/strong>: non-chill filtered, uncoloured<\/p>","protected":false},"excerpt":{"rendered":"<p>&nbsp;<\/p>\n<p><strong>Invergordon 1965\/2021 55 Jahre Wu DRAM Clan &amp; Kirsch Import 40%<br \/>\nLimitierte Abf\u00fcllung von nur 228 Flaschen<\/strong><\/p>\n<p>Takesada Oji aus Japan, Sebastian J\u00e4ger aus dem Schwarzwald und Boris Borrisov aus M\u00fcnchen sind daf\u00fcr bekannt, mit ihren unabh\u00e4ngigen Abf\u00fcllungen Leuchtfeuer zu z\u00fcnden. Im Rahmen der neuen \u201eLighthouse Series\u201c hat der Wu Dram Clan nun exklusiv f\u00fcr Kirsch Import einen Dram aufgest\u00f6bert, der weithin sichtbare Signale in die Whiskylandschaft sendet: Invergordon 1965\/2021 ist der \u00e4lteste je abgef\u00fcllte Single Grain Scotch Whisky der Brennerei.<\/p>\n<p>Mit einem unfassbaren Volumen von \u00fcber 30 Millionen Litern pro Jahr ist Invergordon die gr\u00f6\u00dfte Grain Distillery Schottlands. Dennoch: Unabh\u00e4ngige Abf\u00fcllungen der 1960 gegr\u00fcndeten Highland-Brennerei sind rar. Wer sich eine der 228 Flaschen des 55 Jahre alten Single Grain Scotch Whiskys sichern kann, wird mit einem herrlichen Oldschool-Aroma in Kombination mit einer \u00fcberraschenden Frische belohnt.<\/p>\n<p>Zu weichen, runden Getreide- und Eichennoten sto\u00dfen mit angenehmer Leichtigkeit Noten von Minze, Kokos, Banane und Ananas<\/p>\n<p><strong>Sie finden auch viele andere <a href=\"https:\/\/thewhiskykingdom.com\/en\/product-tag\/wu-dram-clan\/\"><span style=\"color: #ff6600;\">Wu Dram Clan Abf\u00fcllungen<\/span><\/a> im unseren Shop.<\/strong><\/p>\n<p><strong>Alcohol strength<\/strong>: 40% Vol.<br \/>\n<strong>Content<\/strong>: 0.7 Liter<\/p>","protected":false},"featured_media":1949,"template":"","meta":{"_crdt_document":""},"product_brand":[],"product_cat":[37,112,55],"product_tag":[75,44,113,139],"class_list":{"0":"post-1959","1":"product","2":"type-product","3":"status-publish","4":"has-post-thumbnail","6":"product_cat-schottland","7":"product_cat-single-grain-whisky","8":"product_cat-whisky","9":"product_tag-einzelfassabfuellung","10":"product_tag-limitiert","11":"product_tag-single-grain-whisky","12":"product_tag-wu-dram-clan","14":"first","15":"instock","16":"taxable","17":"shipping-taxable","18":"purchasable","19":"product-type-simple"},"yoast_head":"<!-- This site is optimized with the Yoast SEO plugin v27.1.1 - https:\/\/yoast.com\/product\/yoast-seo-wordpress\/ -->\n<title>Invergordon 1965\/2021 55 Jahre WDC 40% 0.7L - The Whisky Kingdom<\/title>\n<meta name=\"description\" content=\"Limitierte Abf\u00fcllung der Invergordon Distillery - der \u00e4lteste Invergordon Grain Whisky aller Zeiten - 55 Jahre\" \/>\n<meta name=\"robots\" content=\"index, follow, max-snippet:-1, max-image-preview:large, max-video-preview:-1\" \/>\n<link rel=\"canonical\" href=\"https:\/\/thewhiskykingdom.com\/en\/shop\/invergordon-1965-wdc\/\" \/>\n<meta property=\"og:locale\" content=\"en_US\" \/>\n<meta property=\"og:type\" content=\"article\" \/>\n<meta property=\"og:title\" content=\"Invergordon 1965\/2021 55 Jahre WDC 40% 0.7L - The Whisky Kingdom\" \/>\n<meta property=\"og:description\" content=\"Limitierte Abf\u00fcllung der Invergordon Distillery - der \u00e4lteste Invergordon Grain Whisky aller Zeiten - 55 Jahre\" \/>\n<meta property=\"og:url\" content=\"https:\/\/thewhiskykingdom.com\/en\/shop\/invergordon-1965-wdc\/\" \/>\n<meta property=\"og:site_name\" content=\"The Whisky Kingdom\" \/>\n<meta property=\"article:publisher\" content=\"https:\/\/www.facebook.com\/thewhiskykingdom\/\" \/>\n<meta property=\"article:modified_time\" content=\"2025-07-14T09:10:56+00:00\" \/>\n<meta property=\"og:image\" content=\"https:\/\/thewhiskykingdom.com\/wp-content\/uploads\/2022\/02\/Invergordon_55yo.jpg\" \/>\n\t<meta property=\"og:image:width\" content=\"1920\" \/>\n\t<meta property=\"og:image:height\" content=\"1920\" \/>\n\t<meta property=\"og:image:type\" content=\"image\/jpeg\" \/>\n<meta name=\"twitter:card\" content=\"summary_large_image\" \/>\n<meta name=\"twitter:label1\" content=\"Est. reading time\" \/>\n\t<meta name=\"twitter:data1\" content=\"1 minute\" \/>\n<script type=\"application\/ld+json\" class=\"yoast-schema-graph\">{\"@context\":\"https:\/\/schema.org\",\"@graph\":[{\"@type\":\"WebPage\",\"@id\":\"https:\/\/thewhiskykingdom.com\/shop\/invergordon-1965-wdc\/\",\"url\":\"https:\/\/thewhiskykingdom.com\/shop\/invergordon-1965-wdc\/\",\"name\":\"Invergordon 1965\/2021 55 Jahre WDC 40% 0.7L - The Whisky Kingdom\",\"isPartOf\":{\"@id\":\"http:\/\/thewhiskykingdom.com\/en\/#website\"},\"primaryImageOfPage\":{\"@id\":\"https:\/\/thewhiskykingdom.com\/shop\/invergordon-1965-wdc\/#primaryimage\"},\"image\":{\"@id\":\"https:\/\/thewhiskykingdom.com\/shop\/invergordon-1965-wdc\/#primaryimage\"},\"thumbnailUrl\":\"https:\/\/thewhiskykingdom.com\/wp-content\/uploads\/2022\/02\/Invergordon_55yo.jpg\",\"datePublished\":\"2022-02-23T18:40:49+00:00\",\"dateModified\":\"2025-07-14T09:10:56+00:00\",\"description\":\"Limitierte Abf\u00fcllung der Invergordon Distillery - der \u00e4lteste Invergordon Grain Whisky aller Zeiten - 55 Jahre\",\"breadcrumb\":{\"@id\":\"https:\/\/thewhiskykingdom.com\/shop\/invergordon-1965-wdc\/#breadcrumb\"},\"inLanguage\":\"en-US\",\"potentialAction\":[{\"@type\":\"ReadAction\",\"target\":[\"https:\/\/thewhiskykingdom.com\/shop\/invergordon-1965-wdc\/\"]}]},{\"@type\":\"ImageObject\",\"inLanguage\":\"en-US\",\"@id\":\"https:\/\/thewhiskykingdom.com\/shop\/invergordon-1965-wdc\/#primaryimage\",\"url\":\"https:\/\/thewhiskykingdom.com\/wp-content\/uploads\/2022\/02\/Invergordon_55yo.jpg\",\"contentUrl\":\"https:\/\/thewhiskykingdom.com\/wp-content\/uploads\/2022\/02\/Invergordon_55yo.jpg\",\"width\":1920,\"height\":1920,\"caption\":\"Invergordon_55yo\"},{\"@type\":\"BreadcrumbList\",\"@id\":\"https:\/\/thewhiskykingdom.com\/shop\/invergordon-1965-wdc\/#breadcrumb\",\"itemListElement\":[{\"@type\":\"ListItem\",\"position\":1,\"name\":\"The Whisky Kingdom\",\"item\":\"http:\/\/thewhiskykingdom.com\/en\/\"},{\"@type\":\"ListItem\",\"position\":2,\"name\":\"Shop\",\"item\":\"http:\/\/thewhiskykingdom.com\/en\/shop\/\"},{\"@type\":\"ListItem\",\"position\":3,\"name\":\"Invergordon 1965\/2021 55 Jahre WDC 40% 0.7L\"}]},{\"@type\":\"WebSite\",\"@id\":\"http:\/\/thewhiskykingdom.com\/en\/#website\",\"url\":\"http:\/\/thewhiskykingdom.com\/en\/\",\"name\":\"The Whisky Kingdom\",\"description\":\"Where whisky is king\",\"publisher\":{\"@id\":\"http:\/\/thewhiskykingdom.com\/en\/#organization\"},\"potentialAction\":[{\"@type\":\"SearchAction\",\"target\":{\"@type\":\"EntryPoint\",\"urlTemplate\":\"http:\/\/thewhiskykingdom.com\/en\/?s={search_term_string}\"},\"query-input\":{\"@type\":\"PropertyValueSpecification\",\"valueRequired\":true,\"valueName\":\"search_term_string\"}}],\"inLanguage\":\"en-US\"},{\"@type\":\"Organization\",\"@id\":\"http:\/\/thewhiskykingdom.com\/en\/#organization\",\"name\":\"The Whisky Kingdom UG\",\"url\":\"http:\/\/thewhiskykingdom.com\/en\/\",\"logo\":{\"@type\":\"ImageObject\",\"inLanguage\":\"en-US\",\"@id\":\"http:\/\/thewhiskykingdom.com\/en\/#\/schema\/logo\/image\/\",\"url\":\"https:\/\/thewhiskykingdom.com\/wp-content\/uploads\/2018\/03\/Logo_WK_750x750px3.jpg\",\"contentUrl\":\"https:\/\/thewhiskykingdom.com\/wp-content\/uploads\/2018\/03\/Logo_WK_750x750px3.jpg\",\"width\":750,\"height\":750,\"caption\":\"The Whisky Kingdom UG\"},\"image\":{\"@id\":\"http:\/\/thewhiskykingdom.com\/en\/#\/schema\/logo\/image\/\"},\"sameAs\":[\"https:\/\/www.facebook.com\/thewhiskykingdom\/\",\"https:\/\/www.instagram.com\/thewhiskykingdom\/\"]}]}<\/script>\n<!-- \/ Yoast SEO plugin. -->","yoast_head_json":{"title":"Invergordon 1965\/2021 55 Jahre WDC 40% 0.7L - The Whisky Kingdom","description":"Limitierte Abf\u00fcllung der Invergordon Distillery - der \u00e4lteste Invergordon Grain Whisky aller Zeiten - 55 Jahre","robots":{"index":"index","follow":"follow","max-snippet":"max-snippet:-1","max-image-preview":"max-image-preview:large","max-video-preview":"max-video-preview:-1"},"canonical":"https:\/\/thewhiskykingdom.com\/en\/shop\/invergordon-1965-wdc\/","og_locale":"en_US","og_type":"article","og_title":"Invergordon 1965\/2021 55 Jahre WDC 40% 0.7L - The Whisky Kingdom","og_description":"Limitierte Abf\u00fcllung der Invergordon Distillery - der \u00e4lteste Invergordon Grain Whisky aller Zeiten - 55 Jahre","og_url":"https:\/\/thewhiskykingdom.com\/en\/shop\/invergordon-1965-wdc\/","og_site_name":"The Whisky Kingdom","article_publisher":"https:\/\/www.facebook.com\/thewhiskykingdom\/","article_modified_time":"2025-07-14T09:10:56+00:00","og_image":[{"width":1920,"height":1920,"url":"https:\/\/thewhiskykingdom.com\/wp-content\/uploads\/2022\/02\/Invergordon_55yo.jpg","type":"image\/jpeg"}],"twitter_card":"summary_large_image","twitter_misc":{"Est. reading time":"1 minute"},"schema":{"@context":"https:\/\/schema.org","@graph":[{"@type":"WebPage","@id":"https:\/\/thewhiskykingdom.com\/shop\/invergordon-1965-wdc\/","url":"https:\/\/thewhiskykingdom.com\/shop\/invergordon-1965-wdc\/","name":"Invergordon 1965\/2021 55 Jahre WDC 40% 0.7L - The Whisky Kingdom","isPartOf":{"@id":"http:\/\/thewhiskykingdom.com\/en\/#website"},"primaryImageOfPage":{"@id":"https:\/\/thewhiskykingdom.com\/shop\/invergordon-1965-wdc\/#primaryimage"},"image":{"@id":"https:\/\/thewhiskykingdom.com\/shop\/invergordon-1965-wdc\/#primaryimage"},"thumbnailUrl":"https:\/\/thewhiskykingdom.com\/wp-content\/uploads\/2022\/02\/Invergordon_55yo.jpg","datePublished":"2022-02-23T18:40:49+00:00","dateModified":"2025-07-14T09:10:56+00:00","description":"Limitierte Abf\u00fcllung der Invergordon Distillery - der \u00e4lteste Invergordon Grain Whisky aller Zeiten - 55 Jahre","breadcrumb":{"@id":"https:\/\/thewhiskykingdom.com\/shop\/invergordon-1965-wdc\/#breadcrumb"},"inLanguage":"en-US","potentialAction":[{"@type":"ReadAction","target":["https:\/\/thewhiskykingdom.com\/shop\/invergordon-1965-wdc\/"]}]},{"@type":"ImageObject","inLanguage":"en-US","@id":"https:\/\/thewhiskykingdom.com\/shop\/invergordon-1965-wdc\/#primaryimage","url":"https:\/\/thewhiskykingdom.com\/wp-content\/uploads\/2022\/02\/Invergordon_55yo.jpg","contentUrl":"https:\/\/thewhiskykingdom.com\/wp-content\/uploads\/2022\/02\/Invergordon_55yo.jpg","width":1920,"height":1920,"caption":"Invergordon_55yo"},{"@type":"BreadcrumbList","@id":"https:\/\/thewhiskykingdom.com\/shop\/invergordon-1965-wdc\/#breadcrumb","itemListElement":[{"@type":"ListItem","position":1,"name":"The Whisky Kingdom","item":"http:\/\/thewhiskykingdom.com\/en\/"},{"@type":"ListItem","position":2,"name":"Shop","item":"http:\/\/thewhiskykingdom.com\/en\/shop\/"},{"@type":"ListItem","position":3,"name":"Invergordon 1965\/2021 55 Jahre WDC 40% 0.7L"}]},{"@type":"WebSite","@id":"http:\/\/thewhiskykingdom.com\/en\/#website","url":"http:\/\/thewhiskykingdom.com\/en\/","name":"The Whisky Kingdom","description":"Where whisky is king","publisher":{"@id":"http:\/\/thewhiskykingdom.com\/en\/#organization"},"potentialAction":[{"@type":"SearchAction","target":{"@type":"EntryPoint","urlTemplate":"http:\/\/thewhiskykingdom.com\/en\/?s={search_term_string}"},"query-input":{"@type":"PropertyValueSpecification","valueRequired":true,"valueName":"search_term_string"}}],"inLanguage":"en-US"},{"@type":"Organization","@id":"http:\/\/thewhiskykingdom.com\/en\/#organization","name":"The Whisky Kingdom UG","url":"http:\/\/thewhiskykingdom.com\/en\/","logo":{"@type":"ImageObject","inLanguage":"en-US","@id":"http:\/\/thewhiskykingdom.com\/en\/#\/schema\/logo\/image\/","url":"https:\/\/thewhiskykingdom.com\/wp-content\/uploads\/2018\/03\/Logo_WK_750x750px3.jpg","contentUrl":"https:\/\/thewhiskykingdom.com\/wp-content\/uploads\/2018\/03\/Logo_WK_750x750px3.jpg","width":750,"height":750,"caption":"The Whisky Kingdom UG"},"image":{"@id":"http:\/\/thewhiskykingdom.com\/en\/#\/schema\/logo\/image\/"},"sameAs":["https:\/\/www.facebook.com\/thewhiskykingdom\/","https:\/\/www.instagram.com\/thewhiskykingdom\/"]}]}},"_links":{"self":[{"href":"https:\/\/thewhiskykingdom.com\/en\/wp-json\/wp\/v2\/product\/1959","targetHints":{"allow":["GET"]}}],"collection":[{"href":"https:\/\/thewhiskykingdom.com\/en\/wp-json\/wp\/v2\/product"}],"about":[{"href":"https:\/\/thewhiskykingdom.com\/en\/wp-json\/wp\/v2\/types\/product"}],"wp:featuredmedia":[{"embeddable":true,"href":"https:\/\/thewhiskykingdom.com\/en\/wp-json\/wp\/v2\/media\/1949"}],"wp:attachment":[{"href":"https:\/\/thewhiskykingdom.com\/en\/wp-json\/wp\/v2\/media?parent=1959"}],"wp:term":[{"taxonomy":"product_brand","embeddable":true,"href":"https:\/\/thewhiskykingdom.com\/en\/wp-json\/wp\/v2\/product_brand?post=1959"},{"taxonomy":"product_cat","embeddable":true,"href":"https:\/\/thewhiskykingdom.com\/en\/wp-json\/wp\/v2\/product_cat?post=1959"},{"taxonomy":"product_tag","embeddable":true,"href":"https:\/\/thewhiskykingdom.com\/en\/wp-json\/wp\/v2\/product_tag?post=1959"}],"curies":[{"name":"wp","href":"https:\/\/api.w.org\/{rel}","templated":true}]}}