{"id":1964,"date":"2022-02-23T20:27:38","date_gmt":"2022-02-23T19:27:38","guid":{"rendered":"https:\/\/thewhiskykingdom.com\/?post_type=product&#038;p=1964"},"modified":"2024-09-07T16:42:01","modified_gmt":"2024-09-07T14:42:01","slug":"knappogue-castle-1994","status":"publish","type":"product","link":"https:\/\/thewhiskykingdom.com\/en\/shop\/knappogue-castle-1994\/","title":{"rendered":"Knappogue Castle 1994 27 Jahre Ex Libris 51.1% 0.7L"},"content":{"rendered":"<p><strong>Herrsteller<\/strong>: Castle Brands Spirits, Suite 16, Beacon Court, Sandyford, Dublin 18, Irland<br \/>\n<strong>Alterangabe<\/strong>: 27 Jahre<br \/>\n<strong>Fassart<\/strong>: Bourbon Cask<br \/>\n<strong>Fassnummer<\/strong>: 888142<br \/>\n<strong>Alcohol strength<\/strong>: 51.1% Vol.<br \/>\n<strong>Content<\/strong>: 0.7 Liter<br \/>\n<strong>Info<\/strong>: non-chill filtered, uncoloured<\/p>","protected":false},"excerpt":{"rendered":"<p>&nbsp;<\/p>\n<p><strong>Knappogue Castle 1994 27 Jahre Ex Libris The Selfish Giant, selected by Kirsch Import 51.1%<\/strong><\/p>\n<p>Ein Schloss, die Geschichte eines Riesen, ein rarer 27 Jahre alter Irish Whiskey \u2013 diese Abf\u00fcllung ist wie aus dem M\u00e4rchen. Knappogue Castle 1994\/2021 ist Teil der neuen Serie Ex Libris von La Maison du Whisky, jedoch exklusiv ausgew\u00e4hlt und abgef\u00fcllt f\u00fcr Kirsch Import. Die Reihe widmet sich ganz dem World Whisky, wobei die Etiketten den Titelseiten gro\u00dfer literarischer Klassiker nachempfunden und die Abf\u00fcllungen nach Schl\u00fcsselwerken aus ihren Herkunftsl\u00e4ndern benannt sind. Sie umfasst einen sehr alten Roggenwhiskey aus Kanada sowie drei irische Single Malts aus den Jahren 1994, 1995 und 1996, die unter dem Markennamen Knappogue (ausgesprochen Nah\u2019 Pogue) Castle abgef\u00fcllt wurden.<\/p>\n<p>Das Knappogue Castle kann man besuchen. Eine Destillerie findet man am Standort der Burg aus dem 15. Jahrhundert aber nicht. Deren Whiskeygeschichte begann erst Mitte der 1960er \u2013 als die irische Whiskeyproduktion auf einem absoluten Tiefstand war. Der damalige Besitzer der Burg, Marc Andrews, kaufte Restbest\u00e4nde geschlossener Brennereien und legte den Grundstein f\u00fcr die Marke Knappogue Castle. Was Andrews f\u00fcr den Privatgebrauch begann, f\u00fchrte sein Sohn erfolgreich fort. Den Whiskey f\u00fcr seine Abf\u00fcllungen bezieht er von verschiedenen irischen Destillerien \u2013 wie auch f\u00fcr Knappogue Castle 1994, dessen honigs\u00fc\u00dfer, dreifach destillierter Whiskey aus der wohl \u00e4ltesten Destillerie des Landes stammt.<\/p>\n<p><strong>Alcohol strength<\/strong>: 51.1% Vol.<br \/>\n<strong>Content<\/strong>: 0.7 Liter<\/p>","protected":false},"featured_media":1950,"template":"","meta":{"_crdt_document":""},"product_brand":[],"product_cat":[43,55],"product_tag":[82,50,114,115,44],"class_list":{"0":"post-1964","1":"product","2":"type-product","3":"status-publish","4":"has-post-thumbnail","6":"product_cat-international","7":"product_cat-whisky","8":"product_tag-bourbon","9":"product_tag-fassstaerke","10":"product_tag-fruchtig","11":"product_tag-irland","12":"product_tag-limitiert","14":"first","15":"outofstock","16":"taxable","17":"shipping-taxable","18":"purchasable","19":"product-type-simple"},"yoast_head":"<!-- This site is optimized with the Yoast SEO plugin v27.1.1 - https:\/\/yoast.com\/product\/yoast-seo-wordpress\/ -->\n<title>Knappogue Castle 1994 27 Jahre Ex Libris 51.1% 0.7L - The Whisky Kingdom<\/title>\n<meta name=\"description\" content=\"Knappogue Castle 1994\/2021 27 Jahre Ex Libris von Kirsch Import selektiert und in Fassst\u00e4rke abgef\u00fcllt. Limitiert auf nur 196 Flaschen.\" \/>\n<meta name=\"robots\" content=\"index, follow, max-snippet:-1, max-image-preview:large, max-video-preview:-1\" \/>\n<link rel=\"canonical\" href=\"https:\/\/thewhiskykingdom.com\/en\/shop\/knappogue-castle-1994\/\" \/>\n<meta property=\"og:locale\" content=\"en_US\" \/>\n<meta property=\"og:type\" content=\"article\" \/>\n<meta property=\"og:title\" content=\"Knappogue Castle 1994 27 Jahre Ex Libris 51.1% 0.7L - The Whisky Kingdom\" \/>\n<meta property=\"og:description\" content=\"Knappogue Castle 1994\/2021 27 Jahre Ex Libris von Kirsch Import selektiert und in Fassst\u00e4rke abgef\u00fcllt. Limitiert auf nur 196 Flaschen.\" \/>\n<meta property=\"og:url\" content=\"https:\/\/thewhiskykingdom.com\/en\/shop\/knappogue-castle-1994\/\" \/>\n<meta property=\"og:site_name\" content=\"The Whisky Kingdom\" \/>\n<meta property=\"article:publisher\" content=\"https:\/\/www.facebook.com\/thewhiskykingdom\/\" \/>\n<meta property=\"article:modified_time\" content=\"2024-09-07T14:42:01+00:00\" \/>\n<meta property=\"og:image\" content=\"https:\/\/thewhiskykingdom.com\/wp-content\/uploads\/2022\/02\/Knappogue_1.jpg\" \/>\n\t<meta property=\"og:image:width\" content=\"1920\" \/>\n\t<meta property=\"og:image:height\" content=\"1920\" \/>\n\t<meta property=\"og:image:type\" content=\"image\/jpeg\" \/>\n<meta name=\"twitter:card\" content=\"summary_large_image\" \/>\n<meta name=\"twitter:label1\" content=\"Est. reading time\" \/>\n\t<meta name=\"twitter:data1\" content=\"1 minute\" \/>\n<script type=\"application\/ld+json\" class=\"yoast-schema-graph\">{\"@context\":\"https:\/\/schema.org\",\"@graph\":[{\"@type\":\"WebPage\",\"@id\":\"https:\/\/thewhiskykingdom.com\/shop\/knappogue-castle-1994\/\",\"url\":\"https:\/\/thewhiskykingdom.com\/shop\/knappogue-castle-1994\/\",\"name\":\"Knappogue Castle 1994 27 Jahre Ex Libris 51.1% 0.7L - The Whisky Kingdom\",\"isPartOf\":{\"@id\":\"http:\/\/thewhiskykingdom.com\/en\/#website\"},\"primaryImageOfPage\":{\"@id\":\"https:\/\/thewhiskykingdom.com\/shop\/knappogue-castle-1994\/#primaryimage\"},\"image\":{\"@id\":\"https:\/\/thewhiskykingdom.com\/shop\/knappogue-castle-1994\/#primaryimage\"},\"thumbnailUrl\":\"https:\/\/thewhiskykingdom.com\/wp-content\/uploads\/2022\/02\/Knappogue_1.jpg\",\"datePublished\":\"2022-02-23T19:27:38+00:00\",\"dateModified\":\"2024-09-07T14:42:01+00:00\",\"description\":\"Knappogue Castle 1994\/2021 27 Jahre Ex Libris von Kirsch Import selektiert und in Fassst\u00e4rke abgef\u00fcllt. Limitiert auf nur 196 Flaschen.\",\"breadcrumb\":{\"@id\":\"https:\/\/thewhiskykingdom.com\/shop\/knappogue-castle-1994\/#breadcrumb\"},\"inLanguage\":\"en-US\",\"potentialAction\":[{\"@type\":\"ReadAction\",\"target\":[\"https:\/\/thewhiskykingdom.com\/shop\/knappogue-castle-1994\/\"]}]},{\"@type\":\"ImageObject\",\"inLanguage\":\"en-US\",\"@id\":\"https:\/\/thewhiskykingdom.com\/shop\/knappogue-castle-1994\/#primaryimage\",\"url\":\"https:\/\/thewhiskykingdom.com\/wp-content\/uploads\/2022\/02\/Knappogue_1.jpg\",\"contentUrl\":\"https:\/\/thewhiskykingdom.com\/wp-content\/uploads\/2022\/02\/Knappogue_1.jpg\",\"width\":1920,\"height\":1920,\"caption\":\"Knappogue_1994\"},{\"@type\":\"BreadcrumbList\",\"@id\":\"https:\/\/thewhiskykingdom.com\/shop\/knappogue-castle-1994\/#breadcrumb\",\"itemListElement\":[{\"@type\":\"ListItem\",\"position\":1,\"name\":\"The Whisky Kingdom\",\"item\":\"http:\/\/thewhiskykingdom.com\/en\/\"},{\"@type\":\"ListItem\",\"position\":2,\"name\":\"Shop\",\"item\":\"http:\/\/thewhiskykingdom.com\/en\/shop\/\"},{\"@type\":\"ListItem\",\"position\":3,\"name\":\"Knappogue Castle 1994 27 Jahre Ex Libris 51.1% 0.7L\"}]},{\"@type\":\"WebSite\",\"@id\":\"http:\/\/thewhiskykingdom.com\/en\/#website\",\"url\":\"http:\/\/thewhiskykingdom.com\/en\/\",\"name\":\"The Whisky Kingdom\",\"description\":\"Where whisky is king\",\"publisher\":{\"@id\":\"http:\/\/thewhiskykingdom.com\/en\/#organization\"},\"potentialAction\":[{\"@type\":\"SearchAction\",\"target\":{\"@type\":\"EntryPoint\",\"urlTemplate\":\"http:\/\/thewhiskykingdom.com\/en\/?s={search_term_string}\"},\"query-input\":{\"@type\":\"PropertyValueSpecification\",\"valueRequired\":true,\"valueName\":\"search_term_string\"}}],\"inLanguage\":\"en-US\"},{\"@type\":\"Organization\",\"@id\":\"http:\/\/thewhiskykingdom.com\/en\/#organization\",\"name\":\"The Whisky Kingdom UG\",\"url\":\"http:\/\/thewhiskykingdom.com\/en\/\",\"logo\":{\"@type\":\"ImageObject\",\"inLanguage\":\"en-US\",\"@id\":\"http:\/\/thewhiskykingdom.com\/en\/#\/schema\/logo\/image\/\",\"url\":\"https:\/\/thewhiskykingdom.com\/wp-content\/uploads\/2018\/03\/Logo_WK_750x750px3.jpg\",\"contentUrl\":\"https:\/\/thewhiskykingdom.com\/wp-content\/uploads\/2018\/03\/Logo_WK_750x750px3.jpg\",\"width\":750,\"height\":750,\"caption\":\"The Whisky Kingdom UG\"},\"image\":{\"@id\":\"http:\/\/thewhiskykingdom.com\/en\/#\/schema\/logo\/image\/\"},\"sameAs\":[\"https:\/\/www.facebook.com\/thewhiskykingdom\/\",\"https:\/\/www.instagram.com\/thewhiskykingdom\/\"]}]}<\/script>\n<!-- \/ Yoast SEO plugin. -->","yoast_head_json":{"title":"Knappogue Castle 1994 27 Jahre Ex Libris 51.1% 0.7L - The Whisky Kingdom","description":"Knappogue Castle 1994\/2021 27 Jahre Ex Libris von Kirsch Import selektiert und in Fassst\u00e4rke abgef\u00fcllt. Limitiert auf nur 196 Flaschen.","robots":{"index":"index","follow":"follow","max-snippet":"max-snippet:-1","max-image-preview":"max-image-preview:large","max-video-preview":"max-video-preview:-1"},"canonical":"https:\/\/thewhiskykingdom.com\/en\/shop\/knappogue-castle-1994\/","og_locale":"en_US","og_type":"article","og_title":"Knappogue Castle 1994 27 Jahre Ex Libris 51.1% 0.7L - The Whisky Kingdom","og_description":"Knappogue Castle 1994\/2021 27 Jahre Ex Libris von Kirsch Import selektiert und in Fassst\u00e4rke abgef\u00fcllt. Limitiert auf nur 196 Flaschen.","og_url":"https:\/\/thewhiskykingdom.com\/en\/shop\/knappogue-castle-1994\/","og_site_name":"The Whisky Kingdom","article_publisher":"https:\/\/www.facebook.com\/thewhiskykingdom\/","article_modified_time":"2024-09-07T14:42:01+00:00","og_image":[{"width":1920,"height":1920,"url":"https:\/\/thewhiskykingdom.com\/wp-content\/uploads\/2022\/02\/Knappogue_1.jpg","type":"image\/jpeg"}],"twitter_card":"summary_large_image","twitter_misc":{"Est. reading time":"1 minute"},"schema":{"@context":"https:\/\/schema.org","@graph":[{"@type":"WebPage","@id":"https:\/\/thewhiskykingdom.com\/shop\/knappogue-castle-1994\/","url":"https:\/\/thewhiskykingdom.com\/shop\/knappogue-castle-1994\/","name":"Knappogue Castle 1994 27 Jahre Ex Libris 51.1% 0.7L - The Whisky Kingdom","isPartOf":{"@id":"http:\/\/thewhiskykingdom.com\/en\/#website"},"primaryImageOfPage":{"@id":"https:\/\/thewhiskykingdom.com\/shop\/knappogue-castle-1994\/#primaryimage"},"image":{"@id":"https:\/\/thewhiskykingdom.com\/shop\/knappogue-castle-1994\/#primaryimage"},"thumbnailUrl":"https:\/\/thewhiskykingdom.com\/wp-content\/uploads\/2022\/02\/Knappogue_1.jpg","datePublished":"2022-02-23T19:27:38+00:00","dateModified":"2024-09-07T14:42:01+00:00","description":"Knappogue Castle 1994\/2021 27 Jahre Ex Libris von Kirsch Import selektiert und in Fassst\u00e4rke abgef\u00fcllt. Limitiert auf nur 196 Flaschen.","breadcrumb":{"@id":"https:\/\/thewhiskykingdom.com\/shop\/knappogue-castle-1994\/#breadcrumb"},"inLanguage":"en-US","potentialAction":[{"@type":"ReadAction","target":["https:\/\/thewhiskykingdom.com\/shop\/knappogue-castle-1994\/"]}]},{"@type":"ImageObject","inLanguage":"en-US","@id":"https:\/\/thewhiskykingdom.com\/shop\/knappogue-castle-1994\/#primaryimage","url":"https:\/\/thewhiskykingdom.com\/wp-content\/uploads\/2022\/02\/Knappogue_1.jpg","contentUrl":"https:\/\/thewhiskykingdom.com\/wp-content\/uploads\/2022\/02\/Knappogue_1.jpg","width":1920,"height":1920,"caption":"Knappogue_1994"},{"@type":"BreadcrumbList","@id":"https:\/\/thewhiskykingdom.com\/shop\/knappogue-castle-1994\/#breadcrumb","itemListElement":[{"@type":"ListItem","position":1,"name":"The Whisky Kingdom","item":"http:\/\/thewhiskykingdom.com\/en\/"},{"@type":"ListItem","position":2,"name":"Shop","item":"http:\/\/thewhiskykingdom.com\/en\/shop\/"},{"@type":"ListItem","position":3,"name":"Knappogue Castle 1994 27 Jahre Ex Libris 51.1% 0.7L"}]},{"@type":"WebSite","@id":"http:\/\/thewhiskykingdom.com\/en\/#website","url":"http:\/\/thewhiskykingdom.com\/en\/","name":"The Whisky Kingdom","description":"Where whisky is king","publisher":{"@id":"http:\/\/thewhiskykingdom.com\/en\/#organization"},"potentialAction":[{"@type":"SearchAction","target":{"@type":"EntryPoint","urlTemplate":"http:\/\/thewhiskykingdom.com\/en\/?s={search_term_string}"},"query-input":{"@type":"PropertyValueSpecification","valueRequired":true,"valueName":"search_term_string"}}],"inLanguage":"en-US"},{"@type":"Organization","@id":"http:\/\/thewhiskykingdom.com\/en\/#organization","name":"The Whisky Kingdom UG","url":"http:\/\/thewhiskykingdom.com\/en\/","logo":{"@type":"ImageObject","inLanguage":"en-US","@id":"http:\/\/thewhiskykingdom.com\/en\/#\/schema\/logo\/image\/","url":"https:\/\/thewhiskykingdom.com\/wp-content\/uploads\/2018\/03\/Logo_WK_750x750px3.jpg","contentUrl":"https:\/\/thewhiskykingdom.com\/wp-content\/uploads\/2018\/03\/Logo_WK_750x750px3.jpg","width":750,"height":750,"caption":"The Whisky Kingdom UG"},"image":{"@id":"http:\/\/thewhiskykingdom.com\/en\/#\/schema\/logo\/image\/"},"sameAs":["https:\/\/www.facebook.com\/thewhiskykingdom\/","https:\/\/www.instagram.com\/thewhiskykingdom\/"]}]}},"_links":{"self":[{"href":"https:\/\/thewhiskykingdom.com\/en\/wp-json\/wp\/v2\/product\/1964","targetHints":{"allow":["GET"]}}],"collection":[{"href":"https:\/\/thewhiskykingdom.com\/en\/wp-json\/wp\/v2\/product"}],"about":[{"href":"https:\/\/thewhiskykingdom.com\/en\/wp-json\/wp\/v2\/types\/product"}],"wp:featuredmedia":[{"embeddable":true,"href":"https:\/\/thewhiskykingdom.com\/en\/wp-json\/wp\/v2\/media\/1950"}],"wp:attachment":[{"href":"https:\/\/thewhiskykingdom.com\/en\/wp-json\/wp\/v2\/media?parent=1964"}],"wp:term":[{"taxonomy":"product_brand","embeddable":true,"href":"https:\/\/thewhiskykingdom.com\/en\/wp-json\/wp\/v2\/product_brand?post=1964"},{"taxonomy":"product_cat","embeddable":true,"href":"https:\/\/thewhiskykingdom.com\/en\/wp-json\/wp\/v2\/product_cat?post=1964"},{"taxonomy":"product_tag","embeddable":true,"href":"https:\/\/thewhiskykingdom.com\/en\/wp-json\/wp\/v2\/product_tag?post=1964"}],"curies":[{"name":"wp","href":"https:\/\/api.w.org\/{rel}","templated":true}]}}