{"id":2062,"date":"2022-06-13T19:38:00","date_gmt":"2022-06-13T17:38:00","guid":{"rendered":"https:\/\/thewhiskykingdom.com\/?post_type=product&#038;p=2062"},"modified":"2025-01-11T23:46:51","modified_gmt":"2025-01-11T22:46:51","slug":"unnamed-islay-malt-1991","status":"publish","type":"product","link":"https:\/\/thewhiskykingdom.com\/en\/shop\/unnamed-islay-malt-1991\/","title":{"rendered":"Unnamed Islay Malt 1991\/2022 Fass 2650 51.6% 0.7L"},"content":{"rendered":"<p><strong>Herrsteller<\/strong>: Signatory Vintage, Edradour Distillery, PH16 5JP Pitlochry, Vereinigtes K\u00f6nigreich<br \/>\n<strong>Alterangabe<\/strong>: 28 Jahre<br \/>\n<strong>Fassart<\/strong>: Bourbon Barrels<br \/>\n<strong>Fassnummer<\/strong>: 2650<br \/>\n<strong>Alcohol strength<\/strong>: 51.6% Vol.<br \/>\n<strong>Content<\/strong>: 0.7 Liter<br \/>\n<strong>Info<\/strong>: non-chill filtered, uncoloured<\/p>","protected":false},"excerpt":{"rendered":"<p>&nbsp;<\/p>\n<p><strong>Unnamed Islay Malt 1991\/2022 Fass #2650 51.6%<br \/>\n<\/strong><\/p>\n<p><strong>Dieser Islay Single Malt aus Bourbon Barrels wurde von Signatory Vintage mit 30 Jahren f\u00fcr Kirsch Import abgef\u00fcllt. Wer Lagavulin Whisky gerne trinkt wird sicher eine \u00c4hnlichkeit bei dieser Abf\u00fcllung erkennen.<\/strong><\/p>\n<p><strong>Alcohol strength<\/strong>: 51.6% Vol.<br \/>\n<strong>Content<\/strong>: 0.7 Liter<\/p>","protected":false},"featured_media":2066,"template":"","meta":{"_crdt_document":""},"product_brand":[],"product_cat":[37,39,55],"product_tag":[82,50,79,44,78],"class_list":{"0":"post-2062","1":"product","2":"type-product","3":"status-publish","4":"has-post-thumbnail","6":"product_cat-schottland","7":"product_cat-single-malt","8":"product_cat-whisky","9":"product_tag-bourbon","10":"product_tag-fassstaerke","11":"product_tag-lagavulin","12":"product_tag-limitiert","13":"product_tag-rauchig","15":"first","16":"outofstock","17":"taxable","18":"shipping-taxable","19":"purchasable","20":"product-type-simple"},"yoast_head":"<!-- This site is optimized with the Yoast SEO plugin v27.1.1 - https:\/\/yoast.com\/product\/yoast-seo-wordpress\/ -->\n<title>Unnamed Islay Malt 1991\/2022 Fass 2650 51.6% 0.7L - The Whisky Kingdom<\/title>\n<meta name=\"description\" content=\"Unnamed Islay Malt 1991\/2022 Fass #2650 30 Jahren von Signatory Vintage in Fassst\u00e4rke abgef\u00fcllt. Limitiert auf nur 239 Flaschen.\" \/>\n<meta name=\"robots\" content=\"index, follow, max-snippet:-1, max-image-preview:large, max-video-preview:-1\" \/>\n<link rel=\"canonical\" href=\"https:\/\/thewhiskykingdom.com\/en\/shop\/unnamed-islay-malt-1991\/\" \/>\n<meta property=\"og:locale\" content=\"en_US\" \/>\n<meta property=\"og:type\" content=\"article\" \/>\n<meta property=\"og:title\" content=\"Unnamed Islay Malt 1991\/2022 Fass 2650 51.6% 0.7L - The Whisky Kingdom\" \/>\n<meta property=\"og:description\" content=\"Unnamed Islay Malt 1991\/2022 Fass #2650 30 Jahren von Signatory Vintage in Fassst\u00e4rke abgef\u00fcllt. Limitiert auf nur 239 Flaschen.\" \/>\n<meta property=\"og:url\" content=\"https:\/\/thewhiskykingdom.com\/en\/shop\/unnamed-islay-malt-1991\/\" \/>\n<meta property=\"og:site_name\" content=\"The Whisky Kingdom\" \/>\n<meta property=\"article:publisher\" content=\"https:\/\/www.facebook.com\/thewhiskykingdom\/\" \/>\n<meta property=\"article:modified_time\" content=\"2025-01-11T22:46:51+00:00\" \/>\n<meta property=\"og:image\" content=\"https:\/\/thewhiskykingdom.com\/wp-content\/uploads\/2022\/06\/unnamed_2650.jpg\" \/>\n\t<meta property=\"og:image:width\" content=\"1920\" \/>\n\t<meta property=\"og:image:height\" content=\"1920\" \/>\n\t<meta property=\"og:image:type\" content=\"image\/jpeg\" \/>\n<meta name=\"twitter:card\" content=\"summary_large_image\" \/>\n<meta name=\"twitter:label1\" content=\"Est. reading time\" \/>\n\t<meta name=\"twitter:data1\" content=\"1 minute\" \/>\n<script type=\"application\/ld+json\" class=\"yoast-schema-graph\">{\"@context\":\"https:\/\/schema.org\",\"@graph\":[{\"@type\":\"WebPage\",\"@id\":\"https:\/\/thewhiskykingdom.com\/shop\/unnamed-islay-malt-1991\/\",\"url\":\"https:\/\/thewhiskykingdom.com\/shop\/unnamed-islay-malt-1991\/\",\"name\":\"Unnamed Islay Malt 1991\/2022 Fass 2650 51.6% 0.7L - The Whisky Kingdom\",\"isPartOf\":{\"@id\":\"http:\/\/thewhiskykingdom.com\/en\/#website\"},\"primaryImageOfPage\":{\"@id\":\"https:\/\/thewhiskykingdom.com\/shop\/unnamed-islay-malt-1991\/#primaryimage\"},\"image\":{\"@id\":\"https:\/\/thewhiskykingdom.com\/shop\/unnamed-islay-malt-1991\/#primaryimage\"},\"thumbnailUrl\":\"https:\/\/thewhiskykingdom.com\/wp-content\/uploads\/2022\/06\/unnamed_2650.jpg\",\"datePublished\":\"2022-06-13T17:38:00+00:00\",\"dateModified\":\"2025-01-11T22:46:51+00:00\",\"description\":\"Unnamed Islay Malt 1991\/2022 Fass #2650 30 Jahren von Signatory Vintage in Fassst\u00e4rke abgef\u00fcllt. Limitiert auf nur 239 Flaschen.\",\"breadcrumb\":{\"@id\":\"https:\/\/thewhiskykingdom.com\/shop\/unnamed-islay-malt-1991\/#breadcrumb\"},\"inLanguage\":\"en-US\",\"potentialAction\":[{\"@type\":\"ReadAction\",\"target\":[\"https:\/\/thewhiskykingdom.com\/shop\/unnamed-islay-malt-1991\/\"]}]},{\"@type\":\"ImageObject\",\"inLanguage\":\"en-US\",\"@id\":\"https:\/\/thewhiskykingdom.com\/shop\/unnamed-islay-malt-1991\/#primaryimage\",\"url\":\"https:\/\/thewhiskykingdom.com\/wp-content\/uploads\/2022\/06\/unnamed_2650.jpg\",\"contentUrl\":\"https:\/\/thewhiskykingdom.com\/wp-content\/uploads\/2022\/06\/unnamed_2650.jpg\",\"width\":1920,\"height\":1920,\"caption\":\"unnamed_islay_1991\"},{\"@type\":\"BreadcrumbList\",\"@id\":\"https:\/\/thewhiskykingdom.com\/shop\/unnamed-islay-malt-1991\/#breadcrumb\",\"itemListElement\":[{\"@type\":\"ListItem\",\"position\":1,\"name\":\"The Whisky Kingdom\",\"item\":\"http:\/\/thewhiskykingdom.com\/en\/\"},{\"@type\":\"ListItem\",\"position\":2,\"name\":\"Shop\",\"item\":\"http:\/\/thewhiskykingdom.com\/en\/shop\/\"},{\"@type\":\"ListItem\",\"position\":3,\"name\":\"Unnamed Islay Malt 1991\/2022 Fass 2650 51.6% 0.7L\"}]},{\"@type\":\"WebSite\",\"@id\":\"http:\/\/thewhiskykingdom.com\/en\/#website\",\"url\":\"http:\/\/thewhiskykingdom.com\/en\/\",\"name\":\"The Whisky Kingdom\",\"description\":\"Where whisky is king\",\"publisher\":{\"@id\":\"http:\/\/thewhiskykingdom.com\/en\/#organization\"},\"potentialAction\":[{\"@type\":\"SearchAction\",\"target\":{\"@type\":\"EntryPoint\",\"urlTemplate\":\"http:\/\/thewhiskykingdom.com\/en\/?s={search_term_string}\"},\"query-input\":{\"@type\":\"PropertyValueSpecification\",\"valueRequired\":true,\"valueName\":\"search_term_string\"}}],\"inLanguage\":\"en-US\"},{\"@type\":\"Organization\",\"@id\":\"http:\/\/thewhiskykingdom.com\/en\/#organization\",\"name\":\"The Whisky Kingdom UG\",\"url\":\"http:\/\/thewhiskykingdom.com\/en\/\",\"logo\":{\"@type\":\"ImageObject\",\"inLanguage\":\"en-US\",\"@id\":\"http:\/\/thewhiskykingdom.com\/en\/#\/schema\/logo\/image\/\",\"url\":\"https:\/\/thewhiskykingdom.com\/wp-content\/uploads\/2018\/03\/Logo_WK_750x750px3.jpg\",\"contentUrl\":\"https:\/\/thewhiskykingdom.com\/wp-content\/uploads\/2018\/03\/Logo_WK_750x750px3.jpg\",\"width\":750,\"height\":750,\"caption\":\"The Whisky Kingdom UG\"},\"image\":{\"@id\":\"http:\/\/thewhiskykingdom.com\/en\/#\/schema\/logo\/image\/\"},\"sameAs\":[\"https:\/\/www.facebook.com\/thewhiskykingdom\/\",\"https:\/\/www.instagram.com\/thewhiskykingdom\/\"]}]}<\/script>\n<!-- \/ Yoast SEO plugin. -->","yoast_head_json":{"title":"Unnamed Islay Malt 1991\/2022 Fass 2650 51.6% 0.7L - The Whisky Kingdom","description":"Unnamed Islay Malt 1991\/2022 Fass #2650 30 Jahren von Signatory Vintage in Fassst\u00e4rke abgef\u00fcllt. Limitiert auf nur 239 Flaschen.","robots":{"index":"index","follow":"follow","max-snippet":"max-snippet:-1","max-image-preview":"max-image-preview:large","max-video-preview":"max-video-preview:-1"},"canonical":"https:\/\/thewhiskykingdom.com\/en\/shop\/unnamed-islay-malt-1991\/","og_locale":"en_US","og_type":"article","og_title":"Unnamed Islay Malt 1991\/2022 Fass 2650 51.6% 0.7L - The Whisky Kingdom","og_description":"Unnamed Islay Malt 1991\/2022 Fass #2650 30 Jahren von Signatory Vintage in Fassst\u00e4rke abgef\u00fcllt. Limitiert auf nur 239 Flaschen.","og_url":"https:\/\/thewhiskykingdom.com\/en\/shop\/unnamed-islay-malt-1991\/","og_site_name":"The Whisky Kingdom","article_publisher":"https:\/\/www.facebook.com\/thewhiskykingdom\/","article_modified_time":"2025-01-11T22:46:51+00:00","og_image":[{"width":1920,"height":1920,"url":"https:\/\/thewhiskykingdom.com\/wp-content\/uploads\/2022\/06\/unnamed_2650.jpg","type":"image\/jpeg"}],"twitter_card":"summary_large_image","twitter_misc":{"Est. reading time":"1 minute"},"schema":{"@context":"https:\/\/schema.org","@graph":[{"@type":"WebPage","@id":"https:\/\/thewhiskykingdom.com\/shop\/unnamed-islay-malt-1991\/","url":"https:\/\/thewhiskykingdom.com\/shop\/unnamed-islay-malt-1991\/","name":"Unnamed Islay Malt 1991\/2022 Fass 2650 51.6% 0.7L - The Whisky Kingdom","isPartOf":{"@id":"http:\/\/thewhiskykingdom.com\/en\/#website"},"primaryImageOfPage":{"@id":"https:\/\/thewhiskykingdom.com\/shop\/unnamed-islay-malt-1991\/#primaryimage"},"image":{"@id":"https:\/\/thewhiskykingdom.com\/shop\/unnamed-islay-malt-1991\/#primaryimage"},"thumbnailUrl":"https:\/\/thewhiskykingdom.com\/wp-content\/uploads\/2022\/06\/unnamed_2650.jpg","datePublished":"2022-06-13T17:38:00+00:00","dateModified":"2025-01-11T22:46:51+00:00","description":"Unnamed Islay Malt 1991\/2022 Fass #2650 30 Jahren von Signatory Vintage in Fassst\u00e4rke abgef\u00fcllt. Limitiert auf nur 239 Flaschen.","breadcrumb":{"@id":"https:\/\/thewhiskykingdom.com\/shop\/unnamed-islay-malt-1991\/#breadcrumb"},"inLanguage":"en-US","potentialAction":[{"@type":"ReadAction","target":["https:\/\/thewhiskykingdom.com\/shop\/unnamed-islay-malt-1991\/"]}]},{"@type":"ImageObject","inLanguage":"en-US","@id":"https:\/\/thewhiskykingdom.com\/shop\/unnamed-islay-malt-1991\/#primaryimage","url":"https:\/\/thewhiskykingdom.com\/wp-content\/uploads\/2022\/06\/unnamed_2650.jpg","contentUrl":"https:\/\/thewhiskykingdom.com\/wp-content\/uploads\/2022\/06\/unnamed_2650.jpg","width":1920,"height":1920,"caption":"unnamed_islay_1991"},{"@type":"BreadcrumbList","@id":"https:\/\/thewhiskykingdom.com\/shop\/unnamed-islay-malt-1991\/#breadcrumb","itemListElement":[{"@type":"ListItem","position":1,"name":"The Whisky Kingdom","item":"http:\/\/thewhiskykingdom.com\/en\/"},{"@type":"ListItem","position":2,"name":"Shop","item":"http:\/\/thewhiskykingdom.com\/en\/shop\/"},{"@type":"ListItem","position":3,"name":"Unnamed Islay Malt 1991\/2022 Fass 2650 51.6% 0.7L"}]},{"@type":"WebSite","@id":"http:\/\/thewhiskykingdom.com\/en\/#website","url":"http:\/\/thewhiskykingdom.com\/en\/","name":"The Whisky Kingdom","description":"Where whisky is king","publisher":{"@id":"http:\/\/thewhiskykingdom.com\/en\/#organization"},"potentialAction":[{"@type":"SearchAction","target":{"@type":"EntryPoint","urlTemplate":"http:\/\/thewhiskykingdom.com\/en\/?s={search_term_string}"},"query-input":{"@type":"PropertyValueSpecification","valueRequired":true,"valueName":"search_term_string"}}],"inLanguage":"en-US"},{"@type":"Organization","@id":"http:\/\/thewhiskykingdom.com\/en\/#organization","name":"The Whisky Kingdom UG","url":"http:\/\/thewhiskykingdom.com\/en\/","logo":{"@type":"ImageObject","inLanguage":"en-US","@id":"http:\/\/thewhiskykingdom.com\/en\/#\/schema\/logo\/image\/","url":"https:\/\/thewhiskykingdom.com\/wp-content\/uploads\/2018\/03\/Logo_WK_750x750px3.jpg","contentUrl":"https:\/\/thewhiskykingdom.com\/wp-content\/uploads\/2018\/03\/Logo_WK_750x750px3.jpg","width":750,"height":750,"caption":"The Whisky Kingdom UG"},"image":{"@id":"http:\/\/thewhiskykingdom.com\/en\/#\/schema\/logo\/image\/"},"sameAs":["https:\/\/www.facebook.com\/thewhiskykingdom\/","https:\/\/www.instagram.com\/thewhiskykingdom\/"]}]}},"_links":{"self":[{"href":"https:\/\/thewhiskykingdom.com\/en\/wp-json\/wp\/v2\/product\/2062","targetHints":{"allow":["GET"]}}],"collection":[{"href":"https:\/\/thewhiskykingdom.com\/en\/wp-json\/wp\/v2\/product"}],"about":[{"href":"https:\/\/thewhiskykingdom.com\/en\/wp-json\/wp\/v2\/types\/product"}],"wp:featuredmedia":[{"embeddable":true,"href":"https:\/\/thewhiskykingdom.com\/en\/wp-json\/wp\/v2\/media\/2066"}],"wp:attachment":[{"href":"https:\/\/thewhiskykingdom.com\/en\/wp-json\/wp\/v2\/media?parent=2062"}],"wp:term":[{"taxonomy":"product_brand","embeddable":true,"href":"https:\/\/thewhiskykingdom.com\/en\/wp-json\/wp\/v2\/product_brand?post=2062"},{"taxonomy":"product_cat","embeddable":true,"href":"https:\/\/thewhiskykingdom.com\/en\/wp-json\/wp\/v2\/product_cat?post=2062"},{"taxonomy":"product_tag","embeddable":true,"href":"https:\/\/thewhiskykingdom.com\/en\/wp-json\/wp\/v2\/product_tag?post=2062"}],"curies":[{"name":"wp","href":"https:\/\/api.w.org\/{rel}","templated":true}]}}