{"id":2067,"date":"2022-06-13T19:50:23","date_gmt":"2022-06-13T17:50:23","guid":{"rendered":"https:\/\/thewhiskykingdom.com\/?post_type=product&#038;p=2067"},"modified":"2025-07-14T11:10:56","modified_gmt":"2025-07-14T09:10:56","slug":"imperial-1989-32-jahre","status":"publish","type":"product","link":"https:\/\/thewhiskykingdom.com\/en\/shop\/imperial-1989-32-jahre\/","title":{"rendered":"Imperial 1989\/2022 32 Jahre 49.6% 0.7L"},"content":{"rendered":"<p><strong>Herrsteller<\/strong>: Signatory Vintage, Edradour Distillery, PH16 5JP Pitlochry, Vereinigtes K\u00f6nigreich<br \/>\n<strong>Alterangabe<\/strong>: 32 Jahre<br \/>\n<strong>Fassart<\/strong>: Bourbon Barrel<br \/>\n<strong>Fassnummer<\/strong>: 2076<br \/>\n<strong>Alcohol strength<\/strong>: 49.6% Vol.<br \/>\n<strong>Content<\/strong>: 0.7 Liter<br \/>\n<strong>Info<\/strong>: non-chill filtered, uncoloured<\/p>","protected":false},"excerpt":{"rendered":"<p><strong>Imperial 1989\/2022 32 Jahre Fass #2076 49.6%<br \/>\n<\/strong><\/p>\n<p><strong>Dieser Speyside Single Malt aus von der geschlossenen Destille Imperial wurde von Signatory Vintage mit 32 Jahren exklusiv f\u00fcr Kirsch Import abgef\u00fcllt. Es wurde ein klassisches Bourbon Fass abgef\u00fcllt und nach 32 Jahren sind daraus genau 127 Flaschen rausgekommen.<\/strong><\/p>\n<p><strong>Closed Distillery und streng limitiert &#8211; diese Abf\u00fcllung ist genau etwas f\u00fcr die Sammler besonderer Sch\u00e4tzen!<\/strong><\/p>\n<p><strong>Alcohol strength<\/strong>: 49.6% Vol.<br \/>\n<strong>Content<\/strong>: 0.7 Liter<\/p>","protected":false},"featured_media":2065,"template":"","meta":{"_crdt_document":""},"product_brand":[],"product_cat":[37,39,55],"product_tag":[82,50,44,121],"class_list":{"0":"post-2067","1":"product","2":"type-product","3":"status-publish","4":"has-post-thumbnail","6":"product_cat-schottland","7":"product_cat-single-malt","8":"product_cat-whisky","9":"product_tag-bourbon","10":"product_tag-fassstaerke","11":"product_tag-limitiert","12":"product_tag-speyside","14":"first","15":"instock","16":"sale","17":"taxable","18":"shipping-taxable","19":"purchasable","20":"product-type-simple"},"yoast_head":"<!-- This site is optimized with the Yoast SEO plugin v27.1.1 - https:\/\/yoast.com\/product\/yoast-seo-wordpress\/ -->\n<title>Imperial 1989\/2022 32 Jahre 49.6% 0.7L - The Whisky Kingdom<\/title>\n<meta name=\"description\" content=\"Imperial 1989\/2022 Fass #2076 32 Jahre von Signatory Vintage in Fassst\u00e4rke abgef\u00fcllt. Limitiert auf nur 127 Flaschen.\" \/>\n<meta name=\"robots\" content=\"index, follow, max-snippet:-1, max-image-preview:large, max-video-preview:-1\" \/>\n<link rel=\"canonical\" href=\"https:\/\/thewhiskykingdom.com\/en\/shop\/imperial-1989-32-jahre\/\" \/>\n<meta property=\"og:locale\" content=\"en_US\" \/>\n<meta property=\"og:type\" content=\"article\" \/>\n<meta property=\"og:title\" content=\"Imperial 1989\/2022 32 Jahre 49.6% 0.7L - The Whisky Kingdom\" \/>\n<meta property=\"og:description\" content=\"Imperial 1989\/2022 Fass #2076 32 Jahre von Signatory Vintage in Fassst\u00e4rke abgef\u00fcllt. Limitiert auf nur 127 Flaschen.\" \/>\n<meta property=\"og:url\" content=\"https:\/\/thewhiskykingdom.com\/en\/shop\/imperial-1989-32-jahre\/\" \/>\n<meta property=\"og:site_name\" content=\"The Whisky Kingdom\" \/>\n<meta property=\"article:publisher\" content=\"https:\/\/www.facebook.com\/thewhiskykingdom\/\" \/>\n<meta property=\"article:modified_time\" content=\"2025-07-14T09:10:56+00:00\" \/>\n<meta property=\"og:image\" content=\"https:\/\/thewhiskykingdom.com\/wp-content\/uploads\/2022\/06\/imperial_1989.jpg\" \/>\n\t<meta property=\"og:image:width\" content=\"1920\" \/>\n\t<meta property=\"og:image:height\" content=\"1920\" \/>\n\t<meta property=\"og:image:type\" content=\"image\/jpeg\" \/>\n<meta name=\"twitter:card\" content=\"summary_large_image\" \/>\n<meta name=\"twitter:label1\" content=\"Est. reading time\" \/>\n\t<meta name=\"twitter:data1\" content=\"1 minute\" \/>\n<script type=\"application\/ld+json\" class=\"yoast-schema-graph\">{\"@context\":\"https:\/\/schema.org\",\"@graph\":[{\"@type\":\"WebPage\",\"@id\":\"https:\/\/thewhiskykingdom.com\/shop\/imperial-1989-32-jahre\/\",\"url\":\"https:\/\/thewhiskykingdom.com\/shop\/imperial-1989-32-jahre\/\",\"name\":\"Imperial 1989\/2022 32 Jahre 49.6% 0.7L - The Whisky Kingdom\",\"isPartOf\":{\"@id\":\"http:\/\/thewhiskykingdom.com\/en\/#website\"},\"primaryImageOfPage\":{\"@id\":\"https:\/\/thewhiskykingdom.com\/shop\/imperial-1989-32-jahre\/#primaryimage\"},\"image\":{\"@id\":\"https:\/\/thewhiskykingdom.com\/shop\/imperial-1989-32-jahre\/#primaryimage\"},\"thumbnailUrl\":\"https:\/\/thewhiskykingdom.com\/wp-content\/uploads\/2022\/06\/imperial_1989.jpg\",\"datePublished\":\"2022-06-13T17:50:23+00:00\",\"dateModified\":\"2025-07-14T09:10:56+00:00\",\"description\":\"Imperial 1989\/2022 Fass #2076 32 Jahre von Signatory Vintage in Fassst\u00e4rke abgef\u00fcllt. Limitiert auf nur 127 Flaschen.\",\"breadcrumb\":{\"@id\":\"https:\/\/thewhiskykingdom.com\/shop\/imperial-1989-32-jahre\/#breadcrumb\"},\"inLanguage\":\"en-US\",\"potentialAction\":[{\"@type\":\"ReadAction\",\"target\":[\"https:\/\/thewhiskykingdom.com\/shop\/imperial-1989-32-jahre\/\"]}]},{\"@type\":\"ImageObject\",\"inLanguage\":\"en-US\",\"@id\":\"https:\/\/thewhiskykingdom.com\/shop\/imperial-1989-32-jahre\/#primaryimage\",\"url\":\"https:\/\/thewhiskykingdom.com\/wp-content\/uploads\/2022\/06\/imperial_1989.jpg\",\"contentUrl\":\"https:\/\/thewhiskykingdom.com\/wp-content\/uploads\/2022\/06\/imperial_1989.jpg\",\"width\":1920,\"height\":1920,\"caption\":\"imperial_1989\"},{\"@type\":\"BreadcrumbList\",\"@id\":\"https:\/\/thewhiskykingdom.com\/shop\/imperial-1989-32-jahre\/#breadcrumb\",\"itemListElement\":[{\"@type\":\"ListItem\",\"position\":1,\"name\":\"The Whisky Kingdom\",\"item\":\"http:\/\/thewhiskykingdom.com\/en\/\"},{\"@type\":\"ListItem\",\"position\":2,\"name\":\"Shop\",\"item\":\"http:\/\/thewhiskykingdom.com\/en\/shop\/\"},{\"@type\":\"ListItem\",\"position\":3,\"name\":\"Imperial 1989\/2022 32 Jahre 49.6% 0.7L\"}]},{\"@type\":\"WebSite\",\"@id\":\"http:\/\/thewhiskykingdom.com\/en\/#website\",\"url\":\"http:\/\/thewhiskykingdom.com\/en\/\",\"name\":\"The Whisky Kingdom\",\"description\":\"Where whisky is king\",\"publisher\":{\"@id\":\"http:\/\/thewhiskykingdom.com\/en\/#organization\"},\"potentialAction\":[{\"@type\":\"SearchAction\",\"target\":{\"@type\":\"EntryPoint\",\"urlTemplate\":\"http:\/\/thewhiskykingdom.com\/en\/?s={search_term_string}\"},\"query-input\":{\"@type\":\"PropertyValueSpecification\",\"valueRequired\":true,\"valueName\":\"search_term_string\"}}],\"inLanguage\":\"en-US\"},{\"@type\":\"Organization\",\"@id\":\"http:\/\/thewhiskykingdom.com\/en\/#organization\",\"name\":\"The Whisky Kingdom UG\",\"url\":\"http:\/\/thewhiskykingdom.com\/en\/\",\"logo\":{\"@type\":\"ImageObject\",\"inLanguage\":\"en-US\",\"@id\":\"http:\/\/thewhiskykingdom.com\/en\/#\/schema\/logo\/image\/\",\"url\":\"https:\/\/thewhiskykingdom.com\/wp-content\/uploads\/2018\/03\/Logo_WK_750x750px3.jpg\",\"contentUrl\":\"https:\/\/thewhiskykingdom.com\/wp-content\/uploads\/2018\/03\/Logo_WK_750x750px3.jpg\",\"width\":750,\"height\":750,\"caption\":\"The Whisky Kingdom UG\"},\"image\":{\"@id\":\"http:\/\/thewhiskykingdom.com\/en\/#\/schema\/logo\/image\/\"},\"sameAs\":[\"https:\/\/www.facebook.com\/thewhiskykingdom\/\",\"https:\/\/www.instagram.com\/thewhiskykingdom\/\"]}]}<\/script>\n<!-- \/ Yoast SEO plugin. -->","yoast_head_json":{"title":"Imperial 1989\/2022 32 Jahre 49.6% 0.7L - The Whisky Kingdom","description":"Imperial 1989\/2022 Fass #2076 32 Jahre von Signatory Vintage in Fassst\u00e4rke abgef\u00fcllt. Limitiert auf nur 127 Flaschen.","robots":{"index":"index","follow":"follow","max-snippet":"max-snippet:-1","max-image-preview":"max-image-preview:large","max-video-preview":"max-video-preview:-1"},"canonical":"https:\/\/thewhiskykingdom.com\/en\/shop\/imperial-1989-32-jahre\/","og_locale":"en_US","og_type":"article","og_title":"Imperial 1989\/2022 32 Jahre 49.6% 0.7L - The Whisky Kingdom","og_description":"Imperial 1989\/2022 Fass #2076 32 Jahre von Signatory Vintage in Fassst\u00e4rke abgef\u00fcllt. Limitiert auf nur 127 Flaschen.","og_url":"https:\/\/thewhiskykingdom.com\/en\/shop\/imperial-1989-32-jahre\/","og_site_name":"The Whisky Kingdom","article_publisher":"https:\/\/www.facebook.com\/thewhiskykingdom\/","article_modified_time":"2025-07-14T09:10:56+00:00","og_image":[{"width":1920,"height":1920,"url":"https:\/\/thewhiskykingdom.com\/wp-content\/uploads\/2022\/06\/imperial_1989.jpg","type":"image\/jpeg"}],"twitter_card":"summary_large_image","twitter_misc":{"Est. reading time":"1 minute"},"schema":{"@context":"https:\/\/schema.org","@graph":[{"@type":"WebPage","@id":"https:\/\/thewhiskykingdom.com\/shop\/imperial-1989-32-jahre\/","url":"https:\/\/thewhiskykingdom.com\/shop\/imperial-1989-32-jahre\/","name":"Imperial 1989\/2022 32 Jahre 49.6% 0.7L - The Whisky Kingdom","isPartOf":{"@id":"http:\/\/thewhiskykingdom.com\/en\/#website"},"primaryImageOfPage":{"@id":"https:\/\/thewhiskykingdom.com\/shop\/imperial-1989-32-jahre\/#primaryimage"},"image":{"@id":"https:\/\/thewhiskykingdom.com\/shop\/imperial-1989-32-jahre\/#primaryimage"},"thumbnailUrl":"https:\/\/thewhiskykingdom.com\/wp-content\/uploads\/2022\/06\/imperial_1989.jpg","datePublished":"2022-06-13T17:50:23+00:00","dateModified":"2025-07-14T09:10:56+00:00","description":"Imperial 1989\/2022 Fass #2076 32 Jahre von Signatory Vintage in Fassst\u00e4rke abgef\u00fcllt. Limitiert auf nur 127 Flaschen.","breadcrumb":{"@id":"https:\/\/thewhiskykingdom.com\/shop\/imperial-1989-32-jahre\/#breadcrumb"},"inLanguage":"en-US","potentialAction":[{"@type":"ReadAction","target":["https:\/\/thewhiskykingdom.com\/shop\/imperial-1989-32-jahre\/"]}]},{"@type":"ImageObject","inLanguage":"en-US","@id":"https:\/\/thewhiskykingdom.com\/shop\/imperial-1989-32-jahre\/#primaryimage","url":"https:\/\/thewhiskykingdom.com\/wp-content\/uploads\/2022\/06\/imperial_1989.jpg","contentUrl":"https:\/\/thewhiskykingdom.com\/wp-content\/uploads\/2022\/06\/imperial_1989.jpg","width":1920,"height":1920,"caption":"imperial_1989"},{"@type":"BreadcrumbList","@id":"https:\/\/thewhiskykingdom.com\/shop\/imperial-1989-32-jahre\/#breadcrumb","itemListElement":[{"@type":"ListItem","position":1,"name":"The Whisky Kingdom","item":"http:\/\/thewhiskykingdom.com\/en\/"},{"@type":"ListItem","position":2,"name":"Shop","item":"http:\/\/thewhiskykingdom.com\/en\/shop\/"},{"@type":"ListItem","position":3,"name":"Imperial 1989\/2022 32 Jahre 49.6% 0.7L"}]},{"@type":"WebSite","@id":"http:\/\/thewhiskykingdom.com\/en\/#website","url":"http:\/\/thewhiskykingdom.com\/en\/","name":"The Whisky Kingdom","description":"Where whisky is king","publisher":{"@id":"http:\/\/thewhiskykingdom.com\/en\/#organization"},"potentialAction":[{"@type":"SearchAction","target":{"@type":"EntryPoint","urlTemplate":"http:\/\/thewhiskykingdom.com\/en\/?s={search_term_string}"},"query-input":{"@type":"PropertyValueSpecification","valueRequired":true,"valueName":"search_term_string"}}],"inLanguage":"en-US"},{"@type":"Organization","@id":"http:\/\/thewhiskykingdom.com\/en\/#organization","name":"The Whisky Kingdom UG","url":"http:\/\/thewhiskykingdom.com\/en\/","logo":{"@type":"ImageObject","inLanguage":"en-US","@id":"http:\/\/thewhiskykingdom.com\/en\/#\/schema\/logo\/image\/","url":"https:\/\/thewhiskykingdom.com\/wp-content\/uploads\/2018\/03\/Logo_WK_750x750px3.jpg","contentUrl":"https:\/\/thewhiskykingdom.com\/wp-content\/uploads\/2018\/03\/Logo_WK_750x750px3.jpg","width":750,"height":750,"caption":"The Whisky Kingdom UG"},"image":{"@id":"http:\/\/thewhiskykingdom.com\/en\/#\/schema\/logo\/image\/"},"sameAs":["https:\/\/www.facebook.com\/thewhiskykingdom\/","https:\/\/www.instagram.com\/thewhiskykingdom\/"]}]}},"_links":{"self":[{"href":"https:\/\/thewhiskykingdom.com\/en\/wp-json\/wp\/v2\/product\/2067","targetHints":{"allow":["GET"]}}],"collection":[{"href":"https:\/\/thewhiskykingdom.com\/en\/wp-json\/wp\/v2\/product"}],"about":[{"href":"https:\/\/thewhiskykingdom.com\/en\/wp-json\/wp\/v2\/types\/product"}],"wp:featuredmedia":[{"embeddable":true,"href":"https:\/\/thewhiskykingdom.com\/en\/wp-json\/wp\/v2\/media\/2065"}],"wp:attachment":[{"href":"https:\/\/thewhiskykingdom.com\/en\/wp-json\/wp\/v2\/media?parent=2067"}],"wp:term":[{"taxonomy":"product_brand","embeddable":true,"href":"https:\/\/thewhiskykingdom.com\/en\/wp-json\/wp\/v2\/product_brand?post=2067"},{"taxonomy":"product_cat","embeddable":true,"href":"https:\/\/thewhiskykingdom.com\/en\/wp-json\/wp\/v2\/product_cat?post=2067"},{"taxonomy":"product_tag","embeddable":true,"href":"https:\/\/thewhiskykingdom.com\/en\/wp-json\/wp\/v2\/product_tag?post=2067"}],"curies":[{"name":"wp","href":"https:\/\/api.w.org\/{rel}","templated":true}]}}