{"id":2068,"date":"2022-06-13T20:17:05","date_gmt":"2022-06-13T18:17:05","guid":{"rendered":"https:\/\/thewhiskykingdom.com\/?post_type=product&#038;p=2068"},"modified":"2025-07-14T11:10:56","modified_gmt":"2025-07-14T09:10:56","slug":"ardbeg-single-cask-3150","status":"publish","type":"product","link":"https:\/\/thewhiskykingdom.com\/en\/shop\/ardbeg-single-cask-3150\/","title":{"rendered":"Ardbeg 2010 Single Cask #3150 57% 0.7L"},"content":{"rendered":"<p><strong>Hersteller<\/strong>: Ardbeg Distillery, Port Ellen, Islay PA42 7EA, United Kingdom<br \/>\n<strong>Fassart<\/strong>: Refill Bourbon<br \/>\n<strong>Alcohol strength<\/strong>: 57% Vol.<br \/>\n<strong>Content<\/strong>: 0.7 Liter<br \/>\n<strong>Info<\/strong>: non-chill filtered, uncoloured<\/p>","protected":false},"excerpt":{"rendered":"<p><strong>Das Ardbeg Einzelfass #3150 wurde am 20.10.2010 destilliert und in ein Refill Bourbon Fass gef\u00fcllt. Nach 9 Jahren wurde der Whisky am 07.02.2020 zum Abschied vom langj\u00e4hrigen Distillery Manager Mickey Heads mit 57% vol. abgef\u00fcllt. Das war das Lieblingsfass von Mickey Heads im Lager von Ardbeg und es wurde von ihm ausgesucht, da es den klassischen Charakter von Ardbeg hervorzeigt.<br \/>\n<\/strong><\/p>\n<p>Streng limitierte Einzelfassabf\u00fcllung von nur 247 Flaschen! Dieser seltene Ardbeg wurde nur in der Destille vor Ort verkauft. Die ersten 100 Flaschen wurden von Mickey Heads unterzeichnet. Dadurch, dass Einzelfassabf\u00fcllungen von Ardbeg fast nicht mehr erscheinen ist dieser Single Malt von Sammlern und Geniessern gleicherma\u00dfen begehrt. Ein richtiges Schmuckst\u00fcck f\u00fcr jeden Ardbeg Sammler.<\/p>\n<p><em>Note: This article is subject to differential taxation according to \u00a7 25a UStG, VAT is not shown on the invoice.<\/em><\/p>\n<p><strong>Alcohol strength<\/strong>: 57% Vol.<br \/>\n<strong>Content<\/strong>: 0.7 Liter<\/p>\n<p><strong>Offizielle Tasting Notes:<\/strong><\/p>\n<p><em><strong>Cask Number 3150<\/strong><\/em><br \/>\n<em>Matured in a single refill bourbon cask, the rich oak has imparted a unique sweetness to this bottling. Fragrant, complex and smoky, this is an especially rare whisky.<\/em><\/p>\n<p><em><strong>Colour:<\/strong> Pale Gold.<\/em><\/p>\n<p><em><strong>Aroma:<\/strong> On the nose, powerful smoke and soot rush the senses. Supple leather, pine resin and more nutty aromas &#8211; such as baked Brazil nuts &#8211; follow closely behind.<\/em><\/p>\n<p><em>A drop of water releases a wave of fresh, salty seaspray, along with a bold herbal top note.<\/em><\/p>\n<p><em><strong>Taste:<\/strong> Take a sip and experience a silky, smooth, peppery mouthfeel &#8211; followed closely by captivating notes of sweet barley malt, cool peppermint toffee and gentle hints of smoked fish.<\/em><\/p>\n<p><em><strong>Finish:<\/strong> A long tongue-tinglinig finish with a bittersweet, sooty aftertaste <\/em><\/p>","protected":false},"featured_media":2071,"template":"","meta":{"_crdt_document":""},"product_brand":[],"product_cat":[37,39,55],"product_tag":[86,82,75,50,44,78],"class_list":{"0":"post-2068","1":"product","2":"type-product","3":"status-publish","4":"has-post-thumbnail","6":"product_cat-schottland","7":"product_cat-single-malt","8":"product_cat-whisky","9":"product_tag-ardbeg","10":"product_tag-bourbon","11":"product_tag-einzelfassabfuellung","12":"product_tag-fassstaerke","13":"product_tag-limitiert","14":"product_tag-rauchig","16":"first","17":"instock","18":"purchasable","19":"product-type-simple"},"yoast_head":"<!-- This site is optimized with the Yoast SEO plugin v27.1.1 - https:\/\/yoast.com\/product\/yoast-seo-wordpress\/ -->\n<title>Ardbeg 2010 Single Cask #3150 57% 0.7L - The Whisky Kingdom<\/title>\n<meta name=\"description\" content=\"Ardbeg 2010 Single Cask 3150 9 Jahre - Streng limitierte Einzelfassabf\u00fcllung von nur 247 Flaschen. Distillery exklusive.\" \/>\n<meta name=\"robots\" content=\"index, follow, max-snippet:-1, max-image-preview:large, max-video-preview:-1\" \/>\n<link rel=\"canonical\" href=\"https:\/\/thewhiskykingdom.com\/en\/shop\/ardbeg-single-cask-3150\/\" \/>\n<meta property=\"og:locale\" content=\"en_US\" \/>\n<meta property=\"og:type\" content=\"article\" \/>\n<meta property=\"og:title\" content=\"Ardbeg 2010 Single Cask #3150 57% 0.7L - The Whisky Kingdom\" \/>\n<meta property=\"og:description\" content=\"Ardbeg 2010 Single Cask 3150 9 Jahre - Streng limitierte Einzelfassabf\u00fcllung von nur 247 Flaschen. Distillery exklusive.\" \/>\n<meta property=\"og:url\" content=\"https:\/\/thewhiskykingdom.com\/en\/shop\/ardbeg-single-cask-3150\/\" \/>\n<meta property=\"og:site_name\" content=\"The Whisky Kingdom\" \/>\n<meta property=\"article:publisher\" content=\"https:\/\/www.facebook.com\/thewhiskykingdom\/\" \/>\n<meta property=\"article:modified_time\" content=\"2025-07-14T09:10:56+00:00\" \/>\n<meta property=\"og:image\" content=\"https:\/\/thewhiskykingdom.com\/wp-content\/uploads\/2022\/06\/ardbeg_2010.jpg\" \/>\n\t<meta property=\"og:image:width\" content=\"1920\" \/>\n\t<meta property=\"og:image:height\" content=\"1920\" \/>\n\t<meta property=\"og:image:type\" content=\"image\/jpeg\" \/>\n<meta name=\"twitter:card\" content=\"summary_large_image\" \/>\n<script type=\"application\/ld+json\" class=\"yoast-schema-graph\">{\"@context\":\"https:\/\/schema.org\",\"@graph\":[{\"@type\":\"WebPage\",\"@id\":\"https:\/\/thewhiskykingdom.com\/shop\/ardbeg-single-cask-3150\/\",\"url\":\"https:\/\/thewhiskykingdom.com\/shop\/ardbeg-single-cask-3150\/\",\"name\":\"Ardbeg 2010 Single Cask #3150 57% 0.7L - The Whisky Kingdom\",\"isPartOf\":{\"@id\":\"http:\/\/thewhiskykingdom.com\/en\/#website\"},\"primaryImageOfPage\":{\"@id\":\"https:\/\/thewhiskykingdom.com\/shop\/ardbeg-single-cask-3150\/#primaryimage\"},\"image\":{\"@id\":\"https:\/\/thewhiskykingdom.com\/shop\/ardbeg-single-cask-3150\/#primaryimage\"},\"thumbnailUrl\":\"https:\/\/thewhiskykingdom.com\/wp-content\/uploads\/2022\/06\/ardbeg_2010.jpg\",\"datePublished\":\"2022-06-13T18:17:05+00:00\",\"dateModified\":\"2025-07-14T09:10:56+00:00\",\"description\":\"Ardbeg 2010 Single Cask 3150 9 Jahre - Streng limitierte Einzelfassabf\u00fcllung von nur 247 Flaschen. Distillery exklusive.\",\"breadcrumb\":{\"@id\":\"https:\/\/thewhiskykingdom.com\/shop\/ardbeg-single-cask-3150\/#breadcrumb\"},\"inLanguage\":\"en-US\",\"potentialAction\":[{\"@type\":\"ReadAction\",\"target\":[\"https:\/\/thewhiskykingdom.com\/shop\/ardbeg-single-cask-3150\/\"]}]},{\"@type\":\"ImageObject\",\"inLanguage\":\"en-US\",\"@id\":\"https:\/\/thewhiskykingdom.com\/shop\/ardbeg-single-cask-3150\/#primaryimage\",\"url\":\"https:\/\/thewhiskykingdom.com\/wp-content\/uploads\/2022\/06\/ardbeg_2010.jpg\",\"contentUrl\":\"https:\/\/thewhiskykingdom.com\/wp-content\/uploads\/2022\/06\/ardbeg_2010.jpg\",\"width\":1920,\"height\":1920,\"caption\":\"ardbeg_2010_SC\"},{\"@type\":\"BreadcrumbList\",\"@id\":\"https:\/\/thewhiskykingdom.com\/shop\/ardbeg-single-cask-3150\/#breadcrumb\",\"itemListElement\":[{\"@type\":\"ListItem\",\"position\":1,\"name\":\"The Whisky Kingdom\",\"item\":\"http:\/\/thewhiskykingdom.com\/en\/\"},{\"@type\":\"ListItem\",\"position\":2,\"name\":\"Shop\",\"item\":\"http:\/\/thewhiskykingdom.com\/en\/shop\/\"},{\"@type\":\"ListItem\",\"position\":3,\"name\":\"Ardbeg 2010 Single Cask #3150 57% 0.7L\"}]},{\"@type\":\"WebSite\",\"@id\":\"http:\/\/thewhiskykingdom.com\/en\/#website\",\"url\":\"http:\/\/thewhiskykingdom.com\/en\/\",\"name\":\"The Whisky Kingdom\",\"description\":\"Where whisky is king\",\"publisher\":{\"@id\":\"http:\/\/thewhiskykingdom.com\/en\/#organization\"},\"potentialAction\":[{\"@type\":\"SearchAction\",\"target\":{\"@type\":\"EntryPoint\",\"urlTemplate\":\"http:\/\/thewhiskykingdom.com\/en\/?s={search_term_string}\"},\"query-input\":{\"@type\":\"PropertyValueSpecification\",\"valueRequired\":true,\"valueName\":\"search_term_string\"}}],\"inLanguage\":\"en-US\"},{\"@type\":\"Organization\",\"@id\":\"http:\/\/thewhiskykingdom.com\/en\/#organization\",\"name\":\"The Whisky Kingdom UG\",\"url\":\"http:\/\/thewhiskykingdom.com\/en\/\",\"logo\":{\"@type\":\"ImageObject\",\"inLanguage\":\"en-US\",\"@id\":\"http:\/\/thewhiskykingdom.com\/en\/#\/schema\/logo\/image\/\",\"url\":\"https:\/\/thewhiskykingdom.com\/wp-content\/uploads\/2018\/03\/Logo_WK_750x750px3.jpg\",\"contentUrl\":\"https:\/\/thewhiskykingdom.com\/wp-content\/uploads\/2018\/03\/Logo_WK_750x750px3.jpg\",\"width\":750,\"height\":750,\"caption\":\"The Whisky Kingdom UG\"},\"image\":{\"@id\":\"http:\/\/thewhiskykingdom.com\/en\/#\/schema\/logo\/image\/\"},\"sameAs\":[\"https:\/\/www.facebook.com\/thewhiskykingdom\/\",\"https:\/\/www.instagram.com\/thewhiskykingdom\/\"]}]}<\/script>\n<!-- \/ Yoast SEO plugin. -->","yoast_head_json":{"title":"Ardbeg 2010 Single Cask #3150 57% 0.7L - The Whisky Kingdom","description":"Ardbeg 2010 Single Cask 3150 9 Jahre - Streng limitierte Einzelfassabf\u00fcllung von nur 247 Flaschen. Distillery exklusive.","robots":{"index":"index","follow":"follow","max-snippet":"max-snippet:-1","max-image-preview":"max-image-preview:large","max-video-preview":"max-video-preview:-1"},"canonical":"https:\/\/thewhiskykingdom.com\/en\/shop\/ardbeg-single-cask-3150\/","og_locale":"en_US","og_type":"article","og_title":"Ardbeg 2010 Single Cask #3150 57% 0.7L - The Whisky Kingdom","og_description":"Ardbeg 2010 Single Cask 3150 9 Jahre - Streng limitierte Einzelfassabf\u00fcllung von nur 247 Flaschen. Distillery exklusive.","og_url":"https:\/\/thewhiskykingdom.com\/en\/shop\/ardbeg-single-cask-3150\/","og_site_name":"The Whisky Kingdom","article_publisher":"https:\/\/www.facebook.com\/thewhiskykingdom\/","article_modified_time":"2025-07-14T09:10:56+00:00","og_image":[{"width":1920,"height":1920,"url":"https:\/\/thewhiskykingdom.com\/wp-content\/uploads\/2022\/06\/ardbeg_2010.jpg","type":"image\/jpeg"}],"twitter_card":"summary_large_image","schema":{"@context":"https:\/\/schema.org","@graph":[{"@type":"WebPage","@id":"https:\/\/thewhiskykingdom.com\/shop\/ardbeg-single-cask-3150\/","url":"https:\/\/thewhiskykingdom.com\/shop\/ardbeg-single-cask-3150\/","name":"Ardbeg 2010 Single Cask #3150 57% 0.7L - The Whisky Kingdom","isPartOf":{"@id":"http:\/\/thewhiskykingdom.com\/en\/#website"},"primaryImageOfPage":{"@id":"https:\/\/thewhiskykingdom.com\/shop\/ardbeg-single-cask-3150\/#primaryimage"},"image":{"@id":"https:\/\/thewhiskykingdom.com\/shop\/ardbeg-single-cask-3150\/#primaryimage"},"thumbnailUrl":"https:\/\/thewhiskykingdom.com\/wp-content\/uploads\/2022\/06\/ardbeg_2010.jpg","datePublished":"2022-06-13T18:17:05+00:00","dateModified":"2025-07-14T09:10:56+00:00","description":"Ardbeg 2010 Single Cask 3150 9 Jahre - Streng limitierte Einzelfassabf\u00fcllung von nur 247 Flaschen. Distillery exklusive.","breadcrumb":{"@id":"https:\/\/thewhiskykingdom.com\/shop\/ardbeg-single-cask-3150\/#breadcrumb"},"inLanguage":"en-US","potentialAction":[{"@type":"ReadAction","target":["https:\/\/thewhiskykingdom.com\/shop\/ardbeg-single-cask-3150\/"]}]},{"@type":"ImageObject","inLanguage":"en-US","@id":"https:\/\/thewhiskykingdom.com\/shop\/ardbeg-single-cask-3150\/#primaryimage","url":"https:\/\/thewhiskykingdom.com\/wp-content\/uploads\/2022\/06\/ardbeg_2010.jpg","contentUrl":"https:\/\/thewhiskykingdom.com\/wp-content\/uploads\/2022\/06\/ardbeg_2010.jpg","width":1920,"height":1920,"caption":"ardbeg_2010_SC"},{"@type":"BreadcrumbList","@id":"https:\/\/thewhiskykingdom.com\/shop\/ardbeg-single-cask-3150\/#breadcrumb","itemListElement":[{"@type":"ListItem","position":1,"name":"The Whisky Kingdom","item":"http:\/\/thewhiskykingdom.com\/en\/"},{"@type":"ListItem","position":2,"name":"Shop","item":"http:\/\/thewhiskykingdom.com\/en\/shop\/"},{"@type":"ListItem","position":3,"name":"Ardbeg 2010 Single Cask #3150 57% 0.7L"}]},{"@type":"WebSite","@id":"http:\/\/thewhiskykingdom.com\/en\/#website","url":"http:\/\/thewhiskykingdom.com\/en\/","name":"The Whisky Kingdom","description":"Where whisky is king","publisher":{"@id":"http:\/\/thewhiskykingdom.com\/en\/#organization"},"potentialAction":[{"@type":"SearchAction","target":{"@type":"EntryPoint","urlTemplate":"http:\/\/thewhiskykingdom.com\/en\/?s={search_term_string}"},"query-input":{"@type":"PropertyValueSpecification","valueRequired":true,"valueName":"search_term_string"}}],"inLanguage":"en-US"},{"@type":"Organization","@id":"http:\/\/thewhiskykingdom.com\/en\/#organization","name":"The Whisky Kingdom UG","url":"http:\/\/thewhiskykingdom.com\/en\/","logo":{"@type":"ImageObject","inLanguage":"en-US","@id":"http:\/\/thewhiskykingdom.com\/en\/#\/schema\/logo\/image\/","url":"https:\/\/thewhiskykingdom.com\/wp-content\/uploads\/2018\/03\/Logo_WK_750x750px3.jpg","contentUrl":"https:\/\/thewhiskykingdom.com\/wp-content\/uploads\/2018\/03\/Logo_WK_750x750px3.jpg","width":750,"height":750,"caption":"The Whisky Kingdom UG"},"image":{"@id":"http:\/\/thewhiskykingdom.com\/en\/#\/schema\/logo\/image\/"},"sameAs":["https:\/\/www.facebook.com\/thewhiskykingdom\/","https:\/\/www.instagram.com\/thewhiskykingdom\/"]}]}},"_links":{"self":[{"href":"https:\/\/thewhiskykingdom.com\/en\/wp-json\/wp\/v2\/product\/2068","targetHints":{"allow":["GET"]}}],"collection":[{"href":"https:\/\/thewhiskykingdom.com\/en\/wp-json\/wp\/v2\/product"}],"about":[{"href":"https:\/\/thewhiskykingdom.com\/en\/wp-json\/wp\/v2\/types\/product"}],"wp:featuredmedia":[{"embeddable":true,"href":"https:\/\/thewhiskykingdom.com\/en\/wp-json\/wp\/v2\/media\/2071"}],"wp:attachment":[{"href":"https:\/\/thewhiskykingdom.com\/en\/wp-json\/wp\/v2\/media?parent=2068"}],"wp:term":[{"taxonomy":"product_brand","embeddable":true,"href":"https:\/\/thewhiskykingdom.com\/en\/wp-json\/wp\/v2\/product_brand?post=2068"},{"taxonomy":"product_cat","embeddable":true,"href":"https:\/\/thewhiskykingdom.com\/en\/wp-json\/wp\/v2\/product_cat?post=2068"},{"taxonomy":"product_tag","embeddable":true,"href":"https:\/\/thewhiskykingdom.com\/en\/wp-json\/wp\/v2\/product_tag?post=2068"}],"curies":[{"name":"wp","href":"https:\/\/api.w.org\/{rel}","templated":true}]}}