{"id":2084,"date":"2022-06-15T17:45:46","date_gmt":"2022-06-15T15:45:46","guid":{"rendered":"https:\/\/thewhiskykingdom.com\/?post_type=product&#038;p=2084"},"modified":"2025-07-14T11:10:25","modified_gmt":"2025-07-14T09:10:25","slug":"caol-ila-1984-zagattis-choice","status":"publish","type":"product","link":"https:\/\/thewhiskykingdom.com\/en\/shop\/caol-ila-1984-zagattis-choice\/","title":{"rendered":"Caol Ila 1984 24 Jahre 46% 0.7L"},"content":{"rendered":"<p><strong>Hersteller<\/strong>: Caol Ila Distillery, Port Askaig, Isle of Islay PA46 7RL, UK<br \/>\n<strong>Vintage<\/strong>: 1984<br \/>\n<strong>Abgef\u00fcllt<\/strong>: 2008<br \/>\n<strong>Alcohol strength<\/strong>: 46% Vol.<br \/>\n<strong>Content<\/strong>: 0.7 Liter<br \/>\n<strong>Info<\/strong>: non-chill filtered, uncoloured<\/p>","protected":false},"excerpt":{"rendered":"<p><strong>Caol Ila 1984 High Spirits Collection<br \/>\nLimitierte und sehr seltene Abf\u00fcllung, die vom unabh\u00e4ngigen Abf\u00fcller High Spirits f\u00fcr das 50. Jubil\u00e4um als Whisky Sammler von Valentino Zagatti abgef\u00fcllt wurde. Das Fass wurde von Herr Zagatti pers\u00f6nlich ausgesucht.<\/strong><\/p>\n<p><strong>Dieses Einzelfass ist in 2008 abgef\u00fcllt worden und hat somit ein Alter von 24 Jahren. <\/strong><\/p>\n<p><strong>Alcohol strength<\/strong>: 46% Vol.<br \/>\n<strong>Content<\/strong>: 0.7 Liter<\/p>","protected":false},"featured_media":2081,"template":"","meta":{"_crdt_document":""},"product_brand":[],"product_cat":[37,39,55],"product_tag":[122,75,44,123,78],"class_list":{"0":"post-2084","1":"product","2":"type-product","3":"status-publish","4":"has-post-thumbnail","6":"product_cat-schottland","7":"product_cat-single-malt","8":"product_cat-whisky","9":"product_tag-caol-ila","10":"product_tag-einzelfassabfuellung","11":"product_tag-limitiert","12":"product_tag-raritaet","13":"product_tag-rauchig","15":"first","16":"instock","17":"taxable","18":"shipping-taxable","19":"purchasable","20":"product-type-simple"},"yoast_head":"<!-- This site is optimized with the Yoast SEO plugin v27.1.1 - https:\/\/yoast.com\/product\/yoast-seo-wordpress\/ -->\n<title>Caol Ila 1984 24 Jahre 46% 0.7L - The Whisky Kingdom<\/title>\n<meta name=\"description\" content=\"Caol Ila 1984\/2008 - limitierte und seltene Abf\u00fcllung, die pers\u00f6nlich von Valentino Zagatti zu 50 Jahren Whisky Sammeln ausgesucht wurde.\" \/>\n<meta name=\"robots\" content=\"index, follow, max-snippet:-1, max-image-preview:large, max-video-preview:-1\" \/>\n<link rel=\"canonical\" href=\"https:\/\/thewhiskykingdom.com\/en\/shop\/caol-ila-1984-zagattis-choice\/\" \/>\n<meta property=\"og:locale\" content=\"en_US\" \/>\n<meta property=\"og:type\" content=\"article\" \/>\n<meta property=\"og:title\" content=\"Caol Ila 1984 24 Jahre 46% 0.7L - The Whisky Kingdom\" \/>\n<meta property=\"og:description\" content=\"Caol Ila 1984\/2008 - limitierte und seltene Abf\u00fcllung, die pers\u00f6nlich von Valentino Zagatti zu 50 Jahren Whisky Sammeln ausgesucht wurde.\" \/>\n<meta property=\"og:url\" content=\"https:\/\/thewhiskykingdom.com\/en\/shop\/caol-ila-1984-zagattis-choice\/\" \/>\n<meta property=\"og:site_name\" content=\"The Whisky Kingdom\" \/>\n<meta property=\"article:publisher\" content=\"https:\/\/www.facebook.com\/thewhiskykingdom\/\" \/>\n<meta property=\"article:modified_time\" content=\"2025-07-14T09:10:25+00:00\" \/>\n<meta property=\"og:image\" content=\"https:\/\/thewhiskykingdom.com\/wp-content\/uploads\/2022\/06\/caol_ila_zagatti.jpg\" \/>\n\t<meta property=\"og:image:width\" content=\"1920\" \/>\n\t<meta property=\"og:image:height\" content=\"1920\" \/>\n\t<meta property=\"og:image:type\" content=\"image\/jpeg\" \/>\n<meta name=\"twitter:card\" content=\"summary_large_image\" \/>\n<script type=\"application\/ld+json\" class=\"yoast-schema-graph\">{\"@context\":\"https:\/\/schema.org\",\"@graph\":[{\"@type\":\"WebPage\",\"@id\":\"https:\/\/thewhiskykingdom.com\/shop\/caol-ila-1984-zagattis-choice\/\",\"url\":\"https:\/\/thewhiskykingdom.com\/shop\/caol-ila-1984-zagattis-choice\/\",\"name\":\"Caol Ila 1984 24 Jahre 46% 0.7L - The Whisky Kingdom\",\"isPartOf\":{\"@id\":\"http:\/\/thewhiskykingdom.com\/en\/#website\"},\"primaryImageOfPage\":{\"@id\":\"https:\/\/thewhiskykingdom.com\/shop\/caol-ila-1984-zagattis-choice\/#primaryimage\"},\"image\":{\"@id\":\"https:\/\/thewhiskykingdom.com\/shop\/caol-ila-1984-zagattis-choice\/#primaryimage\"},\"thumbnailUrl\":\"https:\/\/thewhiskykingdom.com\/wp-content\/uploads\/2022\/06\/caol_ila_zagatti.jpg\",\"datePublished\":\"2022-06-15T15:45:46+00:00\",\"dateModified\":\"2025-07-14T09:10:25+00:00\",\"description\":\"Caol Ila 1984\/2008 - limitierte und seltene Abf\u00fcllung, die pers\u00f6nlich von Valentino Zagatti zu 50 Jahren Whisky Sammeln ausgesucht wurde.\",\"breadcrumb\":{\"@id\":\"https:\/\/thewhiskykingdom.com\/shop\/caol-ila-1984-zagattis-choice\/#breadcrumb\"},\"inLanguage\":\"en-US\",\"potentialAction\":[{\"@type\":\"ReadAction\",\"target\":[\"https:\/\/thewhiskykingdom.com\/shop\/caol-ila-1984-zagattis-choice\/\"]}]},{\"@type\":\"ImageObject\",\"inLanguage\":\"en-US\",\"@id\":\"https:\/\/thewhiskykingdom.com\/shop\/caol-ila-1984-zagattis-choice\/#primaryimage\",\"url\":\"https:\/\/thewhiskykingdom.com\/wp-content\/uploads\/2022\/06\/caol_ila_zagatti.jpg\",\"contentUrl\":\"https:\/\/thewhiskykingdom.com\/wp-content\/uploads\/2022\/06\/caol_ila_zagatti.jpg\",\"width\":1920,\"height\":1920,\"caption\":\"caol_ila_zagatti\"},{\"@type\":\"BreadcrumbList\",\"@id\":\"https:\/\/thewhiskykingdom.com\/shop\/caol-ila-1984-zagattis-choice\/#breadcrumb\",\"itemListElement\":[{\"@type\":\"ListItem\",\"position\":1,\"name\":\"The Whisky Kingdom\",\"item\":\"http:\/\/thewhiskykingdom.com\/en\/\"},{\"@type\":\"ListItem\",\"position\":2,\"name\":\"Shop\",\"item\":\"http:\/\/thewhiskykingdom.com\/en\/shop\/\"},{\"@type\":\"ListItem\",\"position\":3,\"name\":\"Caol Ila 1984 24 Jahre 46% 0.7L\"}]},{\"@type\":\"WebSite\",\"@id\":\"http:\/\/thewhiskykingdom.com\/en\/#website\",\"url\":\"http:\/\/thewhiskykingdom.com\/en\/\",\"name\":\"The Whisky Kingdom\",\"description\":\"Where whisky is king\",\"publisher\":{\"@id\":\"http:\/\/thewhiskykingdom.com\/en\/#organization\"},\"potentialAction\":[{\"@type\":\"SearchAction\",\"target\":{\"@type\":\"EntryPoint\",\"urlTemplate\":\"http:\/\/thewhiskykingdom.com\/en\/?s={search_term_string}\"},\"query-input\":{\"@type\":\"PropertyValueSpecification\",\"valueRequired\":true,\"valueName\":\"search_term_string\"}}],\"inLanguage\":\"en-US\"},{\"@type\":\"Organization\",\"@id\":\"http:\/\/thewhiskykingdom.com\/en\/#organization\",\"name\":\"The Whisky Kingdom UG\",\"url\":\"http:\/\/thewhiskykingdom.com\/en\/\",\"logo\":{\"@type\":\"ImageObject\",\"inLanguage\":\"en-US\",\"@id\":\"http:\/\/thewhiskykingdom.com\/en\/#\/schema\/logo\/image\/\",\"url\":\"https:\/\/thewhiskykingdom.com\/wp-content\/uploads\/2018\/03\/Logo_WK_750x750px3.jpg\",\"contentUrl\":\"https:\/\/thewhiskykingdom.com\/wp-content\/uploads\/2018\/03\/Logo_WK_750x750px3.jpg\",\"width\":750,\"height\":750,\"caption\":\"The Whisky Kingdom UG\"},\"image\":{\"@id\":\"http:\/\/thewhiskykingdom.com\/en\/#\/schema\/logo\/image\/\"},\"sameAs\":[\"https:\/\/www.facebook.com\/thewhiskykingdom\/\",\"https:\/\/www.instagram.com\/thewhiskykingdom\/\"]}]}<\/script>\n<!-- \/ Yoast SEO plugin. -->","yoast_head_json":{"title":"Caol Ila 1984 24 Jahre 46% 0.7L - The Whisky Kingdom","description":"Caol Ila 1984\/2008 - limitierte und seltene Abf\u00fcllung, die pers\u00f6nlich von Valentino Zagatti zu 50 Jahren Whisky Sammeln ausgesucht wurde.","robots":{"index":"index","follow":"follow","max-snippet":"max-snippet:-1","max-image-preview":"max-image-preview:large","max-video-preview":"max-video-preview:-1"},"canonical":"https:\/\/thewhiskykingdom.com\/en\/shop\/caol-ila-1984-zagattis-choice\/","og_locale":"en_US","og_type":"article","og_title":"Caol Ila 1984 24 Jahre 46% 0.7L - The Whisky Kingdom","og_description":"Caol Ila 1984\/2008 - limitierte und seltene Abf\u00fcllung, die pers\u00f6nlich von Valentino Zagatti zu 50 Jahren Whisky Sammeln ausgesucht wurde.","og_url":"https:\/\/thewhiskykingdom.com\/en\/shop\/caol-ila-1984-zagattis-choice\/","og_site_name":"The Whisky Kingdom","article_publisher":"https:\/\/www.facebook.com\/thewhiskykingdom\/","article_modified_time":"2025-07-14T09:10:25+00:00","og_image":[{"width":1920,"height":1920,"url":"https:\/\/thewhiskykingdom.com\/wp-content\/uploads\/2022\/06\/caol_ila_zagatti.jpg","type":"image\/jpeg"}],"twitter_card":"summary_large_image","schema":{"@context":"https:\/\/schema.org","@graph":[{"@type":"WebPage","@id":"https:\/\/thewhiskykingdom.com\/shop\/caol-ila-1984-zagattis-choice\/","url":"https:\/\/thewhiskykingdom.com\/shop\/caol-ila-1984-zagattis-choice\/","name":"Caol Ila 1984 24 Jahre 46% 0.7L - The Whisky Kingdom","isPartOf":{"@id":"http:\/\/thewhiskykingdom.com\/en\/#website"},"primaryImageOfPage":{"@id":"https:\/\/thewhiskykingdom.com\/shop\/caol-ila-1984-zagattis-choice\/#primaryimage"},"image":{"@id":"https:\/\/thewhiskykingdom.com\/shop\/caol-ila-1984-zagattis-choice\/#primaryimage"},"thumbnailUrl":"https:\/\/thewhiskykingdom.com\/wp-content\/uploads\/2022\/06\/caol_ila_zagatti.jpg","datePublished":"2022-06-15T15:45:46+00:00","dateModified":"2025-07-14T09:10:25+00:00","description":"Caol Ila 1984\/2008 - limitierte und seltene Abf\u00fcllung, die pers\u00f6nlich von Valentino Zagatti zu 50 Jahren Whisky Sammeln ausgesucht wurde.","breadcrumb":{"@id":"https:\/\/thewhiskykingdom.com\/shop\/caol-ila-1984-zagattis-choice\/#breadcrumb"},"inLanguage":"en-US","potentialAction":[{"@type":"ReadAction","target":["https:\/\/thewhiskykingdom.com\/shop\/caol-ila-1984-zagattis-choice\/"]}]},{"@type":"ImageObject","inLanguage":"en-US","@id":"https:\/\/thewhiskykingdom.com\/shop\/caol-ila-1984-zagattis-choice\/#primaryimage","url":"https:\/\/thewhiskykingdom.com\/wp-content\/uploads\/2022\/06\/caol_ila_zagatti.jpg","contentUrl":"https:\/\/thewhiskykingdom.com\/wp-content\/uploads\/2022\/06\/caol_ila_zagatti.jpg","width":1920,"height":1920,"caption":"caol_ila_zagatti"},{"@type":"BreadcrumbList","@id":"https:\/\/thewhiskykingdom.com\/shop\/caol-ila-1984-zagattis-choice\/#breadcrumb","itemListElement":[{"@type":"ListItem","position":1,"name":"The Whisky Kingdom","item":"http:\/\/thewhiskykingdom.com\/en\/"},{"@type":"ListItem","position":2,"name":"Shop","item":"http:\/\/thewhiskykingdom.com\/en\/shop\/"},{"@type":"ListItem","position":3,"name":"Caol Ila 1984 24 Jahre 46% 0.7L"}]},{"@type":"WebSite","@id":"http:\/\/thewhiskykingdom.com\/en\/#website","url":"http:\/\/thewhiskykingdom.com\/en\/","name":"The Whisky Kingdom","description":"Where whisky is king","publisher":{"@id":"http:\/\/thewhiskykingdom.com\/en\/#organization"},"potentialAction":[{"@type":"SearchAction","target":{"@type":"EntryPoint","urlTemplate":"http:\/\/thewhiskykingdom.com\/en\/?s={search_term_string}"},"query-input":{"@type":"PropertyValueSpecification","valueRequired":true,"valueName":"search_term_string"}}],"inLanguage":"en-US"},{"@type":"Organization","@id":"http:\/\/thewhiskykingdom.com\/en\/#organization","name":"The Whisky Kingdom UG","url":"http:\/\/thewhiskykingdom.com\/en\/","logo":{"@type":"ImageObject","inLanguage":"en-US","@id":"http:\/\/thewhiskykingdom.com\/en\/#\/schema\/logo\/image\/","url":"https:\/\/thewhiskykingdom.com\/wp-content\/uploads\/2018\/03\/Logo_WK_750x750px3.jpg","contentUrl":"https:\/\/thewhiskykingdom.com\/wp-content\/uploads\/2018\/03\/Logo_WK_750x750px3.jpg","width":750,"height":750,"caption":"The Whisky Kingdom UG"},"image":{"@id":"http:\/\/thewhiskykingdom.com\/en\/#\/schema\/logo\/image\/"},"sameAs":["https:\/\/www.facebook.com\/thewhiskykingdom\/","https:\/\/www.instagram.com\/thewhiskykingdom\/"]}]}},"_links":{"self":[{"href":"https:\/\/thewhiskykingdom.com\/en\/wp-json\/wp\/v2\/product\/2084","targetHints":{"allow":["GET"]}}],"collection":[{"href":"https:\/\/thewhiskykingdom.com\/en\/wp-json\/wp\/v2\/product"}],"about":[{"href":"https:\/\/thewhiskykingdom.com\/en\/wp-json\/wp\/v2\/types\/product"}],"wp:featuredmedia":[{"embeddable":true,"href":"https:\/\/thewhiskykingdom.com\/en\/wp-json\/wp\/v2\/media\/2081"}],"wp:attachment":[{"href":"https:\/\/thewhiskykingdom.com\/en\/wp-json\/wp\/v2\/media?parent=2084"}],"wp:term":[{"taxonomy":"product_brand","embeddable":true,"href":"https:\/\/thewhiskykingdom.com\/en\/wp-json\/wp\/v2\/product_brand?post=2084"},{"taxonomy":"product_cat","embeddable":true,"href":"https:\/\/thewhiskykingdom.com\/en\/wp-json\/wp\/v2\/product_cat?post=2084"},{"taxonomy":"product_tag","embeddable":true,"href":"https:\/\/thewhiskykingdom.com\/en\/wp-json\/wp\/v2\/product_tag?post=2084"}],"curies":[{"name":"wp","href":"https:\/\/api.w.org\/{rel}","templated":true}]}}