{"id":2086,"date":"2022-06-15T17:58:30","date_gmt":"2022-06-15T15:58:30","guid":{"rendered":"https:\/\/thewhiskykingdom.com\/?post_type=product&#038;p=2086"},"modified":"2025-07-14T11:10:25","modified_gmt":"2025-07-14T09:10:25","slug":"caol-ila-1982-jm","status":"publish","type":"product","link":"https:\/\/thewhiskykingdom.com\/en\/shop\/caol-ila-1982-jm\/","title":{"rendered":"Caol Ila 1982 25 Jahre 55.5% 0.7L"},"content":{"rendered":"<p><strong>Hersteller<\/strong>: Caol Ila Distillery, Port Askaig, Isle of Islay PA46 7RL, UK<br \/>\n<strong>Vintage<\/strong>: 1982<br \/>\n<strong>Abgef\u00fcllt<\/strong>: 2007<br \/>\n<strong>Fassnummer<\/strong>: 731<br \/>\n<strong>Alcohol strength<\/strong>: 55.5% Vol.<br \/>\n<strong>Content<\/strong>: 0.7 Liter<br \/>\n<strong>Info<\/strong>: non-chill filtered, uncoloured<\/p>","protected":false},"excerpt":{"rendered":"<p><strong>Caol Ila 1982 Old Masters Special Reserve<br \/>\nLimitierte Einzelfassabf\u00fcllung von nur 213 Flaschen, die vom unabh\u00e4ngigen Abf\u00fcller James MacArthur f\u00fcr die Old Masters Serie im edlen Dekanter abgef\u00fcllt wurde.<br \/>\nDieses Einzelfass ist in 2007 abgef\u00fcllt worden und hat somit ein Alter von 25 Jahren. <\/strong><\/p>\n<p><strong>Alcohol strength<\/strong>: 55.5% Vol.<br \/>\n<strong>Content<\/strong>: 0.7 Liter<\/p>","protected":false},"featured_media":2076,"template":"","meta":{"_crdt_document":""},"product_brand":[],"product_cat":[37,39,55],"product_tag":[122,75,44,123,78],"class_list":{"0":"post-2086","1":"product","2":"type-product","3":"status-publish","4":"has-post-thumbnail","6":"product_cat-schottland","7":"product_cat-single-malt","8":"product_cat-whisky","9":"product_tag-caol-ila","10":"product_tag-einzelfassabfuellung","11":"product_tag-limitiert","12":"product_tag-raritaet","13":"product_tag-rauchig","15":"first","16":"instock","17":"taxable","18":"shipping-taxable","19":"purchasable","20":"product-type-simple"},"yoast_head":"<!-- This site is optimized with the Yoast SEO plugin v27.1.1 - https:\/\/yoast.com\/product\/yoast-seo-wordpress\/ -->\n<title>Caol Ila 1982 25 Jahre 55.5% 0.7L - The Whisky Kingdom<\/title>\n<meta name=\"description\" content=\"Caol Ila 1982\/2007 - limitierte Einzelfassabf\u00fcllung von nur 213 Flaschen. Dieser Caol Ila wurde f\u00fcr die Old Masters Serie abgef\u00fcllt.\" \/>\n<meta name=\"robots\" content=\"index, follow, max-snippet:-1, max-image-preview:large, max-video-preview:-1\" \/>\n<link rel=\"canonical\" href=\"https:\/\/thewhiskykingdom.com\/en\/shop\/caol-ila-1982-jm\/\" \/>\n<meta property=\"og:locale\" content=\"en_US\" \/>\n<meta property=\"og:type\" content=\"article\" \/>\n<meta property=\"og:title\" content=\"Caol Ila 1982 25 Jahre 55.5% 0.7L - The Whisky Kingdom\" \/>\n<meta property=\"og:description\" content=\"Caol Ila 1982\/2007 - limitierte Einzelfassabf\u00fcllung von nur 213 Flaschen. Dieser Caol Ila wurde f\u00fcr die Old Masters Serie abgef\u00fcllt.\" \/>\n<meta property=\"og:url\" content=\"https:\/\/thewhiskykingdom.com\/en\/shop\/caol-ila-1982-jm\/\" \/>\n<meta property=\"og:site_name\" content=\"The Whisky Kingdom\" \/>\n<meta property=\"article:publisher\" content=\"https:\/\/www.facebook.com\/thewhiskykingdom\/\" \/>\n<meta property=\"article:modified_time\" content=\"2025-07-14T09:10:25+00:00\" \/>\n<meta property=\"og:image\" content=\"https:\/\/thewhiskykingdom.com\/wp-content\/uploads\/2022\/06\/caol_ila_25yo.jpg\" \/>\n\t<meta property=\"og:image:width\" content=\"1920\" \/>\n\t<meta property=\"og:image:height\" content=\"1920\" \/>\n\t<meta property=\"og:image:type\" content=\"image\/jpeg\" \/>\n<meta name=\"twitter:card\" content=\"summary_large_image\" \/>\n<script type=\"application\/ld+json\" class=\"yoast-schema-graph\">{\"@context\":\"https:\/\/schema.org\",\"@graph\":[{\"@type\":\"WebPage\",\"@id\":\"https:\/\/thewhiskykingdom.com\/shop\/caol-ila-1982-jm\/\",\"url\":\"https:\/\/thewhiskykingdom.com\/shop\/caol-ila-1982-jm\/\",\"name\":\"Caol Ila 1982 25 Jahre 55.5% 0.7L - The Whisky Kingdom\",\"isPartOf\":{\"@id\":\"http:\/\/thewhiskykingdom.com\/en\/#website\"},\"primaryImageOfPage\":{\"@id\":\"https:\/\/thewhiskykingdom.com\/shop\/caol-ila-1982-jm\/#primaryimage\"},\"image\":{\"@id\":\"https:\/\/thewhiskykingdom.com\/shop\/caol-ila-1982-jm\/#primaryimage\"},\"thumbnailUrl\":\"https:\/\/thewhiskykingdom.com\/wp-content\/uploads\/2022\/06\/caol_ila_25yo.jpg\",\"datePublished\":\"2022-06-15T15:58:30+00:00\",\"dateModified\":\"2025-07-14T09:10:25+00:00\",\"description\":\"Caol Ila 1982\/2007 - limitierte Einzelfassabf\u00fcllung von nur 213 Flaschen. Dieser Caol Ila wurde f\u00fcr die Old Masters Serie abgef\u00fcllt.\",\"breadcrumb\":{\"@id\":\"https:\/\/thewhiskykingdom.com\/shop\/caol-ila-1982-jm\/#breadcrumb\"},\"inLanguage\":\"en-US\",\"potentialAction\":[{\"@type\":\"ReadAction\",\"target\":[\"https:\/\/thewhiskykingdom.com\/shop\/caol-ila-1982-jm\/\"]}]},{\"@type\":\"ImageObject\",\"inLanguage\":\"en-US\",\"@id\":\"https:\/\/thewhiskykingdom.com\/shop\/caol-ila-1982-jm\/#primaryimage\",\"url\":\"https:\/\/thewhiskykingdom.com\/wp-content\/uploads\/2022\/06\/caol_ila_25yo.jpg\",\"contentUrl\":\"https:\/\/thewhiskykingdom.com\/wp-content\/uploads\/2022\/06\/caol_ila_25yo.jpg\",\"width\":1920,\"height\":1920,\"caption\":\"caol_ila_25yo\"},{\"@type\":\"BreadcrumbList\",\"@id\":\"https:\/\/thewhiskykingdom.com\/shop\/caol-ila-1982-jm\/#breadcrumb\",\"itemListElement\":[{\"@type\":\"ListItem\",\"position\":1,\"name\":\"The Whisky Kingdom\",\"item\":\"http:\/\/thewhiskykingdom.com\/en\/\"},{\"@type\":\"ListItem\",\"position\":2,\"name\":\"Shop\",\"item\":\"http:\/\/thewhiskykingdom.com\/en\/shop\/\"},{\"@type\":\"ListItem\",\"position\":3,\"name\":\"Caol Ila 1982 25 Jahre 55.5% 0.7L\"}]},{\"@type\":\"WebSite\",\"@id\":\"http:\/\/thewhiskykingdom.com\/en\/#website\",\"url\":\"http:\/\/thewhiskykingdom.com\/en\/\",\"name\":\"The Whisky Kingdom\",\"description\":\"Where whisky is king\",\"publisher\":{\"@id\":\"http:\/\/thewhiskykingdom.com\/en\/#organization\"},\"potentialAction\":[{\"@type\":\"SearchAction\",\"target\":{\"@type\":\"EntryPoint\",\"urlTemplate\":\"http:\/\/thewhiskykingdom.com\/en\/?s={search_term_string}\"},\"query-input\":{\"@type\":\"PropertyValueSpecification\",\"valueRequired\":true,\"valueName\":\"search_term_string\"}}],\"inLanguage\":\"en-US\"},{\"@type\":\"Organization\",\"@id\":\"http:\/\/thewhiskykingdom.com\/en\/#organization\",\"name\":\"The Whisky Kingdom UG\",\"url\":\"http:\/\/thewhiskykingdom.com\/en\/\",\"logo\":{\"@type\":\"ImageObject\",\"inLanguage\":\"en-US\",\"@id\":\"http:\/\/thewhiskykingdom.com\/en\/#\/schema\/logo\/image\/\",\"url\":\"https:\/\/thewhiskykingdom.com\/wp-content\/uploads\/2018\/03\/Logo_WK_750x750px3.jpg\",\"contentUrl\":\"https:\/\/thewhiskykingdom.com\/wp-content\/uploads\/2018\/03\/Logo_WK_750x750px3.jpg\",\"width\":750,\"height\":750,\"caption\":\"The Whisky Kingdom UG\"},\"image\":{\"@id\":\"http:\/\/thewhiskykingdom.com\/en\/#\/schema\/logo\/image\/\"},\"sameAs\":[\"https:\/\/www.facebook.com\/thewhiskykingdom\/\",\"https:\/\/www.instagram.com\/thewhiskykingdom\/\"]}]}<\/script>\n<!-- \/ Yoast SEO plugin. -->","yoast_head_json":{"title":"Caol Ila 1982 25 Jahre 55.5% 0.7L - The Whisky Kingdom","description":"Caol Ila 1982\/2007 - limitierte Einzelfassabf\u00fcllung von nur 213 Flaschen. Dieser Caol Ila wurde f\u00fcr die Old Masters Serie abgef\u00fcllt.","robots":{"index":"index","follow":"follow","max-snippet":"max-snippet:-1","max-image-preview":"max-image-preview:large","max-video-preview":"max-video-preview:-1"},"canonical":"https:\/\/thewhiskykingdom.com\/en\/shop\/caol-ila-1982-jm\/","og_locale":"en_US","og_type":"article","og_title":"Caol Ila 1982 25 Jahre 55.5% 0.7L - The Whisky Kingdom","og_description":"Caol Ila 1982\/2007 - limitierte Einzelfassabf\u00fcllung von nur 213 Flaschen. Dieser Caol Ila wurde f\u00fcr die Old Masters Serie abgef\u00fcllt.","og_url":"https:\/\/thewhiskykingdom.com\/en\/shop\/caol-ila-1982-jm\/","og_site_name":"The Whisky Kingdom","article_publisher":"https:\/\/www.facebook.com\/thewhiskykingdom\/","article_modified_time":"2025-07-14T09:10:25+00:00","og_image":[{"width":1920,"height":1920,"url":"https:\/\/thewhiskykingdom.com\/wp-content\/uploads\/2022\/06\/caol_ila_25yo.jpg","type":"image\/jpeg"}],"twitter_card":"summary_large_image","schema":{"@context":"https:\/\/schema.org","@graph":[{"@type":"WebPage","@id":"https:\/\/thewhiskykingdom.com\/shop\/caol-ila-1982-jm\/","url":"https:\/\/thewhiskykingdom.com\/shop\/caol-ila-1982-jm\/","name":"Caol Ila 1982 25 Jahre 55.5% 0.7L - The Whisky Kingdom","isPartOf":{"@id":"http:\/\/thewhiskykingdom.com\/en\/#website"},"primaryImageOfPage":{"@id":"https:\/\/thewhiskykingdom.com\/shop\/caol-ila-1982-jm\/#primaryimage"},"image":{"@id":"https:\/\/thewhiskykingdom.com\/shop\/caol-ila-1982-jm\/#primaryimage"},"thumbnailUrl":"https:\/\/thewhiskykingdom.com\/wp-content\/uploads\/2022\/06\/caol_ila_25yo.jpg","datePublished":"2022-06-15T15:58:30+00:00","dateModified":"2025-07-14T09:10:25+00:00","description":"Caol Ila 1982\/2007 - limitierte Einzelfassabf\u00fcllung von nur 213 Flaschen. Dieser Caol Ila wurde f\u00fcr die Old Masters Serie abgef\u00fcllt.","breadcrumb":{"@id":"https:\/\/thewhiskykingdom.com\/shop\/caol-ila-1982-jm\/#breadcrumb"},"inLanguage":"en-US","potentialAction":[{"@type":"ReadAction","target":["https:\/\/thewhiskykingdom.com\/shop\/caol-ila-1982-jm\/"]}]},{"@type":"ImageObject","inLanguage":"en-US","@id":"https:\/\/thewhiskykingdom.com\/shop\/caol-ila-1982-jm\/#primaryimage","url":"https:\/\/thewhiskykingdom.com\/wp-content\/uploads\/2022\/06\/caol_ila_25yo.jpg","contentUrl":"https:\/\/thewhiskykingdom.com\/wp-content\/uploads\/2022\/06\/caol_ila_25yo.jpg","width":1920,"height":1920,"caption":"caol_ila_25yo"},{"@type":"BreadcrumbList","@id":"https:\/\/thewhiskykingdom.com\/shop\/caol-ila-1982-jm\/#breadcrumb","itemListElement":[{"@type":"ListItem","position":1,"name":"The Whisky Kingdom","item":"http:\/\/thewhiskykingdom.com\/en\/"},{"@type":"ListItem","position":2,"name":"Shop","item":"http:\/\/thewhiskykingdom.com\/en\/shop\/"},{"@type":"ListItem","position":3,"name":"Caol Ila 1982 25 Jahre 55.5% 0.7L"}]},{"@type":"WebSite","@id":"http:\/\/thewhiskykingdom.com\/en\/#website","url":"http:\/\/thewhiskykingdom.com\/en\/","name":"The Whisky Kingdom","description":"Where whisky is king","publisher":{"@id":"http:\/\/thewhiskykingdom.com\/en\/#organization"},"potentialAction":[{"@type":"SearchAction","target":{"@type":"EntryPoint","urlTemplate":"http:\/\/thewhiskykingdom.com\/en\/?s={search_term_string}"},"query-input":{"@type":"PropertyValueSpecification","valueRequired":true,"valueName":"search_term_string"}}],"inLanguage":"en-US"},{"@type":"Organization","@id":"http:\/\/thewhiskykingdom.com\/en\/#organization","name":"The Whisky Kingdom UG","url":"http:\/\/thewhiskykingdom.com\/en\/","logo":{"@type":"ImageObject","inLanguage":"en-US","@id":"http:\/\/thewhiskykingdom.com\/en\/#\/schema\/logo\/image\/","url":"https:\/\/thewhiskykingdom.com\/wp-content\/uploads\/2018\/03\/Logo_WK_750x750px3.jpg","contentUrl":"https:\/\/thewhiskykingdom.com\/wp-content\/uploads\/2018\/03\/Logo_WK_750x750px3.jpg","width":750,"height":750,"caption":"The Whisky Kingdom UG"},"image":{"@id":"http:\/\/thewhiskykingdom.com\/en\/#\/schema\/logo\/image\/"},"sameAs":["https:\/\/www.facebook.com\/thewhiskykingdom\/","https:\/\/www.instagram.com\/thewhiskykingdom\/"]}]}},"_links":{"self":[{"href":"https:\/\/thewhiskykingdom.com\/en\/wp-json\/wp\/v2\/product\/2086","targetHints":{"allow":["GET"]}}],"collection":[{"href":"https:\/\/thewhiskykingdom.com\/en\/wp-json\/wp\/v2\/product"}],"about":[{"href":"https:\/\/thewhiskykingdom.com\/en\/wp-json\/wp\/v2\/types\/product"}],"wp:featuredmedia":[{"embeddable":true,"href":"https:\/\/thewhiskykingdom.com\/en\/wp-json\/wp\/v2\/media\/2076"}],"wp:attachment":[{"href":"https:\/\/thewhiskykingdom.com\/en\/wp-json\/wp\/v2\/media?parent=2086"}],"wp:term":[{"taxonomy":"product_brand","embeddable":true,"href":"https:\/\/thewhiskykingdom.com\/en\/wp-json\/wp\/v2\/product_brand?post=2086"},{"taxonomy":"product_cat","embeddable":true,"href":"https:\/\/thewhiskykingdom.com\/en\/wp-json\/wp\/v2\/product_cat?post=2086"},{"taxonomy":"product_tag","embeddable":true,"href":"https:\/\/thewhiskykingdom.com\/en\/wp-json\/wp\/v2\/product_tag?post=2086"}],"curies":[{"name":"wp","href":"https:\/\/api.w.org\/{rel}","templated":true}]}}