{"id":2154,"date":"2023-03-31T20:29:30","date_gmt":"2023-03-31T18:29:30","guid":{"rendered":"https:\/\/thewhiskykingdom.com\/?post_type=product&#038;p=2154"},"modified":"2025-07-14T11:10:25","modified_gmt":"2025-07-14T09:10:25","slug":"ardbeg-2002","status":"publish","type":"product","link":"https:\/\/thewhiskykingdom.com\/en\/shop\/ardbeg-2002\/","title":{"rendered":"Ardbeg 2002 Single Cask #3308 49.6% 0.7L"},"content":{"rendered":"<p><strong>Hersteller<\/strong>: Ardbeg Distillery, Port Ellen, Islay PA42 7EA, United Kingdom<br \/>\n<strong>Fassart<\/strong>: 2nd Fill Bourbon Hogshead<br \/>\n<strong>Alcohol strength<\/strong>: 49.6% Vol.<br \/>\n<strong>Content<\/strong>: 0.7 Liter<br \/>\n<strong>Info<\/strong>: non-chill filtered, uncoloured<\/p>","protected":false},"excerpt":{"rendered":"<p><strong>Das Ardbeg Einzelfass #3308 wurde in 2002\u00a0 destilliert und in ein 2nd Fill Bourbon Fass gef\u00fcllt. Nach 18 Jahren wurde der Whisky in 2021 mit 57% vol. f\u00fcr MH Private Europe abgef\u00fcllt.<br \/>\n<\/strong><\/p>\n<p>Streng limitierte Einzelfassabf\u00fcllung von nur 250 Flaschen! Dieser seltene Ardbeg wird nicht auf dem Markt kommen und nur wenige Flaschen wergen \u00f6ffentlich verkauft. Dadurch, dass Einzelfassabf\u00fcllungen von Ardbeg fast nicht mehr erscheinen ist dieser Single Malt von Sammlern und Geniessern gleicherma\u00dfen begehrt. Ein richtiges Schmuckst\u00fcck f\u00fcr jeden Ardbeg Sammler.<\/p>\n<p><strong>Alcohol strength<\/strong>: 49.6% Vol.<br \/>\n<strong>Content<\/strong>: 0.7 Liter<\/p>\n<p><strong>Offizielle Tasting Notes:<\/strong><\/p>\n<p><em><strong>Cask Number 3308<\/strong><\/em><br \/>\nA creamy, zesty Ardbeg with a savoury twist!<\/p>\n<p><em><strong>Colour:<\/strong> Bright Gold<br \/>\n<\/em><\/p>\n<p><em><strong>Aroma:<\/strong> A singular bouquet, both creamy and unexpectedly savoury, with gentle musky hints. A splash of water releases more classic Ardbeg notes of menthol,carbolic soap, zesty lime and pine resin, with a hint of sea spray.<br \/>\n<\/em><\/p>\n<p><em><strong>Taste:<\/strong> Powerfully peppery on the palate, with waves of tar, soot, aniseed and a suggestion of old-fashioned boiled sweets flavoured with cinnamon and peppermint.<br \/>\n<\/em><\/p>\n<p><em><strong>Finish:<\/strong> Creamy, sweet vanilla notes from the cask balance delectably with Ardbeg\u2019s peaty intensity.<br \/>\n<\/em><\/p>","protected":false},"featured_media":2155,"template":"","meta":{"_crdt_document":""},"product_brand":[],"product_cat":[37,39,55],"product_tag":[86,82,75,50,44,78],"class_list":{"0":"post-2154","1":"product","2":"type-product","3":"status-publish","4":"has-post-thumbnail","6":"product_cat-schottland","7":"product_cat-single-malt","8":"product_cat-whisky","9":"product_tag-ardbeg","10":"product_tag-bourbon","11":"product_tag-einzelfassabfuellung","12":"product_tag-fassstaerke","13":"product_tag-limitiert","14":"product_tag-rauchig","16":"first","17":"instock","18":"sale","19":"taxable","20":"shipping-taxable","21":"purchasable","22":"product-type-simple"},"yoast_head":"<!-- This site is optimized with the Yoast SEO plugin v27.1.1 - https:\/\/yoast.com\/product\/yoast-seo-wordpress\/ -->\n<title>Ardbeg 2002 Single Cask #3308 49.6% 0.7L - The Whisky Kingdom<\/title>\n<meta name=\"description\" content=\"Ardbeg 2002 Single Cask 3308 18 Jahre - Streng limitierte Einzelfassabf\u00fcllung von nur 250 Flaschen. MH Private Europe Exclusive.\" \/>\n<meta name=\"robots\" content=\"index, follow, max-snippet:-1, max-image-preview:large, max-video-preview:-1\" \/>\n<link rel=\"canonical\" href=\"https:\/\/thewhiskykingdom.com\/en\/shop\/ardbeg-2002\/\" \/>\n<meta property=\"og:locale\" content=\"en_US\" \/>\n<meta property=\"og:type\" content=\"article\" \/>\n<meta property=\"og:title\" content=\"Ardbeg 2002 Single Cask #3308 49.6% 0.7L - The Whisky Kingdom\" \/>\n<meta property=\"og:description\" content=\"Ardbeg 2002 Single Cask 3308 18 Jahre - Streng limitierte Einzelfassabf\u00fcllung von nur 250 Flaschen. MH Private Europe Exclusive.\" \/>\n<meta property=\"og:url\" content=\"https:\/\/thewhiskykingdom.com\/en\/shop\/ardbeg-2002\/\" \/>\n<meta property=\"og:site_name\" content=\"The Whisky Kingdom\" \/>\n<meta property=\"article:publisher\" content=\"https:\/\/www.facebook.com\/thewhiskykingdom\/\" \/>\n<meta property=\"article:modified_time\" content=\"2025-07-14T09:10:25+00:00\" \/>\n<meta property=\"og:image\" content=\"https:\/\/thewhiskykingdom.com\/wp-content\/uploads\/2023\/03\/Ardbeg_3308.jpg\" \/>\n\t<meta property=\"og:image:width\" content=\"1920\" \/>\n\t<meta property=\"og:image:height\" content=\"1920\" \/>\n\t<meta property=\"og:image:type\" content=\"image\/jpeg\" \/>\n<meta name=\"twitter:card\" content=\"summary_large_image\" \/>\n<script type=\"application\/ld+json\" class=\"yoast-schema-graph\">{\"@context\":\"https:\/\/schema.org\",\"@graph\":[{\"@type\":\"WebPage\",\"@id\":\"https:\/\/thewhiskykingdom.com\/shop\/ardbeg-2002\/\",\"url\":\"https:\/\/thewhiskykingdom.com\/shop\/ardbeg-2002\/\",\"name\":\"Ardbeg 2002 Single Cask #3308 49.6% 0.7L - The Whisky Kingdom\",\"isPartOf\":{\"@id\":\"http:\/\/thewhiskykingdom.com\/en\/#website\"},\"primaryImageOfPage\":{\"@id\":\"https:\/\/thewhiskykingdom.com\/shop\/ardbeg-2002\/#primaryimage\"},\"image\":{\"@id\":\"https:\/\/thewhiskykingdom.com\/shop\/ardbeg-2002\/#primaryimage\"},\"thumbnailUrl\":\"https:\/\/thewhiskykingdom.com\/wp-content\/uploads\/2023\/03\/Ardbeg_3308.jpg\",\"datePublished\":\"2023-03-31T18:29:30+00:00\",\"dateModified\":\"2025-07-14T09:10:25+00:00\",\"description\":\"Ardbeg 2002 Single Cask 3308 18 Jahre - Streng limitierte Einzelfassabf\u00fcllung von nur 250 Flaschen. MH Private Europe Exclusive.\",\"breadcrumb\":{\"@id\":\"https:\/\/thewhiskykingdom.com\/shop\/ardbeg-2002\/#breadcrumb\"},\"inLanguage\":\"en-US\",\"potentialAction\":[{\"@type\":\"ReadAction\",\"target\":[\"https:\/\/thewhiskykingdom.com\/shop\/ardbeg-2002\/\"]}]},{\"@type\":\"ImageObject\",\"inLanguage\":\"en-US\",\"@id\":\"https:\/\/thewhiskykingdom.com\/shop\/ardbeg-2002\/#primaryimage\",\"url\":\"https:\/\/thewhiskykingdom.com\/wp-content\/uploads\/2023\/03\/Ardbeg_3308.jpg\",\"contentUrl\":\"https:\/\/thewhiskykingdom.com\/wp-content\/uploads\/2023\/03\/Ardbeg_3308.jpg\",\"width\":1920,\"height\":1920,\"caption\":\"ardbeg_3308\"},{\"@type\":\"BreadcrumbList\",\"@id\":\"https:\/\/thewhiskykingdom.com\/shop\/ardbeg-2002\/#breadcrumb\",\"itemListElement\":[{\"@type\":\"ListItem\",\"position\":1,\"name\":\"The Whisky Kingdom\",\"item\":\"http:\/\/thewhiskykingdom.com\/en\/\"},{\"@type\":\"ListItem\",\"position\":2,\"name\":\"Shop\",\"item\":\"http:\/\/thewhiskykingdom.com\/en\/shop\/\"},{\"@type\":\"ListItem\",\"position\":3,\"name\":\"Ardbeg 2002 Single Cask #3308 49.6% 0.7L\"}]},{\"@type\":\"WebSite\",\"@id\":\"http:\/\/thewhiskykingdom.com\/en\/#website\",\"url\":\"http:\/\/thewhiskykingdom.com\/en\/\",\"name\":\"The Whisky Kingdom\",\"description\":\"Where whisky is king\",\"publisher\":{\"@id\":\"http:\/\/thewhiskykingdom.com\/en\/#organization\"},\"potentialAction\":[{\"@type\":\"SearchAction\",\"target\":{\"@type\":\"EntryPoint\",\"urlTemplate\":\"http:\/\/thewhiskykingdom.com\/en\/?s={search_term_string}\"},\"query-input\":{\"@type\":\"PropertyValueSpecification\",\"valueRequired\":true,\"valueName\":\"search_term_string\"}}],\"inLanguage\":\"en-US\"},{\"@type\":\"Organization\",\"@id\":\"http:\/\/thewhiskykingdom.com\/en\/#organization\",\"name\":\"The Whisky Kingdom UG\",\"url\":\"http:\/\/thewhiskykingdom.com\/en\/\",\"logo\":{\"@type\":\"ImageObject\",\"inLanguage\":\"en-US\",\"@id\":\"http:\/\/thewhiskykingdom.com\/en\/#\/schema\/logo\/image\/\",\"url\":\"https:\/\/thewhiskykingdom.com\/wp-content\/uploads\/2018\/03\/Logo_WK_750x750px3.jpg\",\"contentUrl\":\"https:\/\/thewhiskykingdom.com\/wp-content\/uploads\/2018\/03\/Logo_WK_750x750px3.jpg\",\"width\":750,\"height\":750,\"caption\":\"The Whisky Kingdom UG\"},\"image\":{\"@id\":\"http:\/\/thewhiskykingdom.com\/en\/#\/schema\/logo\/image\/\"},\"sameAs\":[\"https:\/\/www.facebook.com\/thewhiskykingdom\/\",\"https:\/\/www.instagram.com\/thewhiskykingdom\/\"]}]}<\/script>\n<!-- \/ Yoast SEO plugin. -->","yoast_head_json":{"title":"Ardbeg 2002 Single Cask #3308 49.6% 0.7L - The Whisky Kingdom","description":"Ardbeg 2002 Single Cask 3308 18 Jahre - Streng limitierte Einzelfassabf\u00fcllung von nur 250 Flaschen. MH Private Europe Exclusive.","robots":{"index":"index","follow":"follow","max-snippet":"max-snippet:-1","max-image-preview":"max-image-preview:large","max-video-preview":"max-video-preview:-1"},"canonical":"https:\/\/thewhiskykingdom.com\/en\/shop\/ardbeg-2002\/","og_locale":"en_US","og_type":"article","og_title":"Ardbeg 2002 Single Cask #3308 49.6% 0.7L - The Whisky Kingdom","og_description":"Ardbeg 2002 Single Cask 3308 18 Jahre - Streng limitierte Einzelfassabf\u00fcllung von nur 250 Flaschen. MH Private Europe Exclusive.","og_url":"https:\/\/thewhiskykingdom.com\/en\/shop\/ardbeg-2002\/","og_site_name":"The Whisky Kingdom","article_publisher":"https:\/\/www.facebook.com\/thewhiskykingdom\/","article_modified_time":"2025-07-14T09:10:25+00:00","og_image":[{"width":1920,"height":1920,"url":"https:\/\/thewhiskykingdom.com\/wp-content\/uploads\/2023\/03\/Ardbeg_3308.jpg","type":"image\/jpeg"}],"twitter_card":"summary_large_image","schema":{"@context":"https:\/\/schema.org","@graph":[{"@type":"WebPage","@id":"https:\/\/thewhiskykingdom.com\/shop\/ardbeg-2002\/","url":"https:\/\/thewhiskykingdom.com\/shop\/ardbeg-2002\/","name":"Ardbeg 2002 Single Cask #3308 49.6% 0.7L - The Whisky Kingdom","isPartOf":{"@id":"http:\/\/thewhiskykingdom.com\/en\/#website"},"primaryImageOfPage":{"@id":"https:\/\/thewhiskykingdom.com\/shop\/ardbeg-2002\/#primaryimage"},"image":{"@id":"https:\/\/thewhiskykingdom.com\/shop\/ardbeg-2002\/#primaryimage"},"thumbnailUrl":"https:\/\/thewhiskykingdom.com\/wp-content\/uploads\/2023\/03\/Ardbeg_3308.jpg","datePublished":"2023-03-31T18:29:30+00:00","dateModified":"2025-07-14T09:10:25+00:00","description":"Ardbeg 2002 Single Cask 3308 18 Jahre - Streng limitierte Einzelfassabf\u00fcllung von nur 250 Flaschen. MH Private Europe Exclusive.","breadcrumb":{"@id":"https:\/\/thewhiskykingdom.com\/shop\/ardbeg-2002\/#breadcrumb"},"inLanguage":"en-US","potentialAction":[{"@type":"ReadAction","target":["https:\/\/thewhiskykingdom.com\/shop\/ardbeg-2002\/"]}]},{"@type":"ImageObject","inLanguage":"en-US","@id":"https:\/\/thewhiskykingdom.com\/shop\/ardbeg-2002\/#primaryimage","url":"https:\/\/thewhiskykingdom.com\/wp-content\/uploads\/2023\/03\/Ardbeg_3308.jpg","contentUrl":"https:\/\/thewhiskykingdom.com\/wp-content\/uploads\/2023\/03\/Ardbeg_3308.jpg","width":1920,"height":1920,"caption":"ardbeg_3308"},{"@type":"BreadcrumbList","@id":"https:\/\/thewhiskykingdom.com\/shop\/ardbeg-2002\/#breadcrumb","itemListElement":[{"@type":"ListItem","position":1,"name":"The Whisky Kingdom","item":"http:\/\/thewhiskykingdom.com\/en\/"},{"@type":"ListItem","position":2,"name":"Shop","item":"http:\/\/thewhiskykingdom.com\/en\/shop\/"},{"@type":"ListItem","position":3,"name":"Ardbeg 2002 Single Cask #3308 49.6% 0.7L"}]},{"@type":"WebSite","@id":"http:\/\/thewhiskykingdom.com\/en\/#website","url":"http:\/\/thewhiskykingdom.com\/en\/","name":"The Whisky Kingdom","description":"Where whisky is king","publisher":{"@id":"http:\/\/thewhiskykingdom.com\/en\/#organization"},"potentialAction":[{"@type":"SearchAction","target":{"@type":"EntryPoint","urlTemplate":"http:\/\/thewhiskykingdom.com\/en\/?s={search_term_string}"},"query-input":{"@type":"PropertyValueSpecification","valueRequired":true,"valueName":"search_term_string"}}],"inLanguage":"en-US"},{"@type":"Organization","@id":"http:\/\/thewhiskykingdom.com\/en\/#organization","name":"The Whisky Kingdom UG","url":"http:\/\/thewhiskykingdom.com\/en\/","logo":{"@type":"ImageObject","inLanguage":"en-US","@id":"http:\/\/thewhiskykingdom.com\/en\/#\/schema\/logo\/image\/","url":"https:\/\/thewhiskykingdom.com\/wp-content\/uploads\/2018\/03\/Logo_WK_750x750px3.jpg","contentUrl":"https:\/\/thewhiskykingdom.com\/wp-content\/uploads\/2018\/03\/Logo_WK_750x750px3.jpg","width":750,"height":750,"caption":"The Whisky Kingdom UG"},"image":{"@id":"http:\/\/thewhiskykingdom.com\/en\/#\/schema\/logo\/image\/"},"sameAs":["https:\/\/www.facebook.com\/thewhiskykingdom\/","https:\/\/www.instagram.com\/thewhiskykingdom\/"]}]}},"_links":{"self":[{"href":"https:\/\/thewhiskykingdom.com\/en\/wp-json\/wp\/v2\/product\/2154","targetHints":{"allow":["GET"]}}],"collection":[{"href":"https:\/\/thewhiskykingdom.com\/en\/wp-json\/wp\/v2\/product"}],"about":[{"href":"https:\/\/thewhiskykingdom.com\/en\/wp-json\/wp\/v2\/types\/product"}],"wp:featuredmedia":[{"embeddable":true,"href":"https:\/\/thewhiskykingdom.com\/en\/wp-json\/wp\/v2\/media\/2155"}],"wp:attachment":[{"href":"https:\/\/thewhiskykingdom.com\/en\/wp-json\/wp\/v2\/media?parent=2154"}],"wp:term":[{"taxonomy":"product_brand","embeddable":true,"href":"https:\/\/thewhiskykingdom.com\/en\/wp-json\/wp\/v2\/product_brand?post=2154"},{"taxonomy":"product_cat","embeddable":true,"href":"https:\/\/thewhiskykingdom.com\/en\/wp-json\/wp\/v2\/product_cat?post=2154"},{"taxonomy":"product_tag","embeddable":true,"href":"https:\/\/thewhiskykingdom.com\/en\/wp-json\/wp\/v2\/product_tag?post=2154"}],"curies":[{"name":"wp","href":"https:\/\/api.w.org\/{rel}","templated":true}]}}