{"id":2227,"date":"2023-06-09T14:56:40","date_gmt":"2023-06-09T12:56:40","guid":{"rendered":"https:\/\/thewhiskykingdom.com\/?post_type=product&#038;p=2227"},"modified":"2025-12-01T22:06:16","modified_gmt":"2025-12-01T21:06:16","slug":"bowmore-1997-br","status":"publish","type":"product","link":"https:\/\/thewhiskykingdom.com\/en\/shop\/bowmore-1997-br\/","title":{"rendered":"Bowmore 1997 BR Kirsch Exclusive 53.2% 0.7L"},"content":{"rendered":"<p><strong>Hersteller<\/strong>: Berry Bros &amp; Rudd, London Shop, 63 Pall Mall, London SW1Y 5HZ, GB<br \/>\n<strong>Inverkehrbringer<\/strong>: Kirsch Import e.K. Mackenstedter Str. 7 28816 Stuhr, DE<br \/>\n<strong>Vintage<\/strong>: 1997<br \/>\n<strong>Fassart<\/strong>: Sherry Butt<br \/>\n<strong>Fassnummer<\/strong>: 79<br \/>\n<strong>Alcohol strength<\/strong>: 53.2% Vol<br \/>\n<strong>Content<\/strong>: 0.7 Liter<br \/>\n<strong>Info<\/strong>: ungef\u00e4rbt<\/p>","protected":false},"excerpt":{"rendered":"<p>&nbsp;<\/p>\n<p><strong>Bowmore 1997\/2022 Kirsch Exklusiv 53,2% vol.<br \/>\nLimitierte Abf\u00fcllung von <strong>nur 515 Flaschen exklusiv f\u00fcr Deutschland<\/strong>.<\/strong><\/p>\n<p>Ein Bowmore aus dem legend\u00e4ren Jahrgang 1997, der eine Vollreifung in ein Sherry Butt hatte und in 2022 exklusiv f\u00fcr Kirsch Import abgef\u00fcllt wurde.<\/p>\n<p><strong>Serge (whiskyfun.com) hat folgende Bewertung f\u00fcr diese Abf\u00fcllung gegeben:<\/strong><\/p>\n<p><em><strong><span class=\"textenormalfoncegras\"><span class=\"textegrandfoncegras\">Bowmore 1997\/2022 (53.2%, Berry Bros. &amp; Rudd for Kirsch Import, sherry butt, cask #79, 515 bottles)<\/span><\/span><\/strong><\/em><\/p>\n<p><em><span class=\"TextenormalNEW\">I love it that BBR would now proudly add this mention to their labels when appropriate; Finish: NONE. Wonderful selling point, I say! Colour: gold. <\/span><br \/>\n<strong>Colour:<\/strong> <span class=\"TextenormalNEW\">gold<\/span>.<br \/>\n<strong>Nose:<\/strong> <span class=\"TextenormalNEW\">91 points. Indeed this is embarrassing, despite a sherriness that&#8217;s a tad more present and a little fatter, this is another straight Bowmore that&#8217;s got everything you need, and nothing you don&#8217;t need. See what I mean? Wax, sourdough, shoe polish, chalk, new tweed, riesling, oysters, seawater, peat smoke, lemon\u2026 etc. With water: emphasis on seawater and raw chalk and wool. The most stunning smoky porridge, when they add a nip of\u2026 Bowmore, for an even better breakfast. My friends here in France believe that&#8217;s part of a &#8218;full Scottish breakfast&#8216; anyway. Ha, the French. <\/span><br \/>\n<strong>Mouth:<\/strong> <span class=\"TextenormalNEW\">perhaps a little simpler, but even more perfect. Someone&#8217;s just decided to smoke some citron liqueur using peat. With water: does the peacock&#8217;s tail, with mango, passion fruit, seawater, lapsang souchong, oysters, bitter almonds, whelks, apple peel, fresh walnuts, etc., etc., etc.<\/span><br \/>\n<strong>Finish:<\/strong> <span class=\"TextenormalNEW\"> pretty long, a tad more peppery, although the whole would have been rather rounder than the two other 1997s.<\/span><br \/>\n<strong>Comments:<\/strong> <span class=\"TextenormalNEW\">this one too brought me back to vintages such as 1967-1972. I think we&#8217;re about to double-check that\u2026 <\/span><br \/>\n<strong>SGP:654 &#8211; 91 points.<\/strong><\/em><\/p>\n<p><strong><em>Source<\/em><\/strong> <a href=\"https:\/\/www.whiskyfun.com\/archivefebruary23-1-Port-Ellen-Glenlivet.html#080223\">https:\/\/www.whiskyfun.com\/archivefebruary23-1-Port-Ellen-Glenlivet.html#080223<\/a><\/p>\n<p><strong>Alcohol strength<\/strong>: 53.2% Vol.<br \/>\n<strong>Content<\/strong>: 0.7 Liter<\/p>","protected":false},"featured_media":2230,"template":"","meta":{"_crdt_document":""},"product_brand":[],"product_cat":[37,39,55],"product_tag":[72,46,74,92,49],"class_list":{"0":"post-2227","1":"product","2":"type-product","3":"status-publish","4":"has-post-thumbnail","6":"product_cat-schottland","7":"product_cat-single-malt","8":"product_cat-whisky","9":"product_tag-bowmore","10":"product_tag-islay","11":"product_tag-sherry","12":"product_tag-single-malt","13":"product_tag-torfig","15":"first","16":"outofstock","17":"sale","18":"taxable","19":"shipping-taxable","20":"purchasable","21":"product-type-simple"},"yoast_head":"<!-- This site is optimized with the Yoast SEO plugin v27.1.1 - https:\/\/yoast.com\/product\/yoast-seo-wordpress\/ -->\n<title>Bowmore 1997 BR Kirsch Exclusive 53.2% 0.7L<\/title>\n<meta name=\"description\" content=\"Bowmore 1997\/2022 Sherry Butt Kirsch Exclusive 53.2% vol. Exkusivabf\u00fcllung f\u00fcr Deutschland. Eine von nur 515 Flaschen. 91 Punkte von Serge!\" \/>\n<meta name=\"robots\" content=\"index, follow, max-snippet:-1, max-image-preview:large, max-video-preview:-1\" \/>\n<link rel=\"canonical\" href=\"https:\/\/thewhiskykingdom.com\/en\/shop\/bowmore-1997-br\/\" \/>\n<meta property=\"og:locale\" content=\"en_US\" \/>\n<meta property=\"og:type\" content=\"article\" \/>\n<meta property=\"og:title\" content=\"Bowmore 1997 BR Kirsch Exclusive 53.2% 0.7L\" \/>\n<meta property=\"og:description\" content=\"Bowmore 1997\/2022 Sherry Butt Kirsch Exclusive 53.2% vol. Exkusivabf\u00fcllung f\u00fcr Deutschland. Eine von nur 515 Flaschen. 91 Punkte von Serge!\" \/>\n<meta property=\"og:url\" content=\"https:\/\/thewhiskykingdom.com\/en\/shop\/bowmore-1997-br\/\" \/>\n<meta property=\"og:site_name\" content=\"The Whisky Kingdom\" \/>\n<meta property=\"article:publisher\" content=\"https:\/\/www.facebook.com\/thewhiskykingdom\/\" \/>\n<meta property=\"article:modified_time\" content=\"2025-12-01T21:06:16+00:00\" \/>\n<meta property=\"og:image\" content=\"https:\/\/thewhiskykingdom.com\/wp-content\/uploads\/2023\/06\/Bowmore_1997_BR1.jpg\" \/>\n\t<meta property=\"og:image:width\" content=\"1920\" \/>\n\t<meta property=\"og:image:height\" content=\"1920\" \/>\n\t<meta property=\"og:image:type\" content=\"image\/jpeg\" \/>\n<meta name=\"twitter:card\" content=\"summary_large_image\" \/>\n<script type=\"application\/ld+json\" class=\"yoast-schema-graph\">{\"@context\":\"https:\/\/schema.org\",\"@graph\":[{\"@type\":\"WebPage\",\"@id\":\"https:\/\/thewhiskykingdom.com\/shop\/bowmore-1997-br\/\",\"url\":\"https:\/\/thewhiskykingdom.com\/shop\/bowmore-1997-br\/\",\"name\":\"Bowmore 1997 BR Kirsch Exclusive 53.2% 0.7L\",\"isPartOf\":{\"@id\":\"http:\/\/thewhiskykingdom.com\/en\/#website\"},\"primaryImageOfPage\":{\"@id\":\"https:\/\/thewhiskykingdom.com\/shop\/bowmore-1997-br\/#primaryimage\"},\"image\":{\"@id\":\"https:\/\/thewhiskykingdom.com\/shop\/bowmore-1997-br\/#primaryimage\"},\"thumbnailUrl\":\"https:\/\/thewhiskykingdom.com\/wp-content\/uploads\/2023\/06\/Bowmore_1997_BR1.jpg\",\"datePublished\":\"2023-06-09T12:56:40+00:00\",\"dateModified\":\"2025-12-01T21:06:16+00:00\",\"description\":\"Bowmore 1997\/2022 Sherry Butt Kirsch Exclusive 53.2% vol. Exkusivabf\u00fcllung f\u00fcr Deutschland. Eine von nur 515 Flaschen. 91 Punkte von Serge!\",\"breadcrumb\":{\"@id\":\"https:\/\/thewhiskykingdom.com\/shop\/bowmore-1997-br\/#breadcrumb\"},\"inLanguage\":\"en-US\",\"potentialAction\":[{\"@type\":\"ReadAction\",\"target\":[\"https:\/\/thewhiskykingdom.com\/shop\/bowmore-1997-br\/\"]}]},{\"@type\":\"ImageObject\",\"inLanguage\":\"en-US\",\"@id\":\"https:\/\/thewhiskykingdom.com\/shop\/bowmore-1997-br\/#primaryimage\",\"url\":\"https:\/\/thewhiskykingdom.com\/wp-content\/uploads\/2023\/06\/Bowmore_1997_BR1.jpg\",\"contentUrl\":\"https:\/\/thewhiskykingdom.com\/wp-content\/uploads\/2023\/06\/Bowmore_1997_BR1.jpg\",\"width\":1920,\"height\":1920,\"caption\":\"Bowmore_1997_BR1\"},{\"@type\":\"BreadcrumbList\",\"@id\":\"https:\/\/thewhiskykingdom.com\/shop\/bowmore-1997-br\/#breadcrumb\",\"itemListElement\":[{\"@type\":\"ListItem\",\"position\":1,\"name\":\"The Whisky Kingdom\",\"item\":\"http:\/\/thewhiskykingdom.com\/en\/\"},{\"@type\":\"ListItem\",\"position\":2,\"name\":\"Shop\",\"item\":\"http:\/\/thewhiskykingdom.com\/en\/shop\/\"},{\"@type\":\"ListItem\",\"position\":3,\"name\":\"Bowmore 1997 BR Kirsch Exclusive 53.2% 0.7L\"}]},{\"@type\":\"WebSite\",\"@id\":\"http:\/\/thewhiskykingdom.com\/en\/#website\",\"url\":\"http:\/\/thewhiskykingdom.com\/en\/\",\"name\":\"The Whisky Kingdom\",\"description\":\"Where whisky is king\",\"publisher\":{\"@id\":\"http:\/\/thewhiskykingdom.com\/en\/#organization\"},\"potentialAction\":[{\"@type\":\"SearchAction\",\"target\":{\"@type\":\"EntryPoint\",\"urlTemplate\":\"http:\/\/thewhiskykingdom.com\/en\/?s={search_term_string}\"},\"query-input\":{\"@type\":\"PropertyValueSpecification\",\"valueRequired\":true,\"valueName\":\"search_term_string\"}}],\"inLanguage\":\"en-US\"},{\"@type\":\"Organization\",\"@id\":\"http:\/\/thewhiskykingdom.com\/en\/#organization\",\"name\":\"The Whisky Kingdom UG\",\"url\":\"http:\/\/thewhiskykingdom.com\/en\/\",\"logo\":{\"@type\":\"ImageObject\",\"inLanguage\":\"en-US\",\"@id\":\"http:\/\/thewhiskykingdom.com\/en\/#\/schema\/logo\/image\/\",\"url\":\"https:\/\/thewhiskykingdom.com\/wp-content\/uploads\/2018\/03\/Logo_WK_750x750px3.jpg\",\"contentUrl\":\"https:\/\/thewhiskykingdom.com\/wp-content\/uploads\/2018\/03\/Logo_WK_750x750px3.jpg\",\"width\":750,\"height\":750,\"caption\":\"The Whisky Kingdom UG\"},\"image\":{\"@id\":\"http:\/\/thewhiskykingdom.com\/en\/#\/schema\/logo\/image\/\"},\"sameAs\":[\"https:\/\/www.facebook.com\/thewhiskykingdom\/\",\"https:\/\/www.instagram.com\/thewhiskykingdom\/\"]}]}<\/script>\n<!-- \/ Yoast SEO plugin. -->","yoast_head_json":{"title":"Bowmore 1997 BR Kirsch Exclusive 53.2% 0.7L","description":"Bowmore 1997\/2022 Sherry Butt Kirsch Exclusive 53.2% vol. Exkusivabf\u00fcllung f\u00fcr Deutschland. Eine von nur 515 Flaschen. 91 Punkte von Serge!","robots":{"index":"index","follow":"follow","max-snippet":"max-snippet:-1","max-image-preview":"max-image-preview:large","max-video-preview":"max-video-preview:-1"},"canonical":"https:\/\/thewhiskykingdom.com\/en\/shop\/bowmore-1997-br\/","og_locale":"en_US","og_type":"article","og_title":"Bowmore 1997 BR Kirsch Exclusive 53.2% 0.7L","og_description":"Bowmore 1997\/2022 Sherry Butt Kirsch Exclusive 53.2% vol. Exkusivabf\u00fcllung f\u00fcr Deutschland. Eine von nur 515 Flaschen. 91 Punkte von Serge!","og_url":"https:\/\/thewhiskykingdom.com\/en\/shop\/bowmore-1997-br\/","og_site_name":"The Whisky Kingdom","article_publisher":"https:\/\/www.facebook.com\/thewhiskykingdom\/","article_modified_time":"2025-12-01T21:06:16+00:00","og_image":[{"width":1920,"height":1920,"url":"https:\/\/thewhiskykingdom.com\/wp-content\/uploads\/2023\/06\/Bowmore_1997_BR1.jpg","type":"image\/jpeg"}],"twitter_card":"summary_large_image","schema":{"@context":"https:\/\/schema.org","@graph":[{"@type":"WebPage","@id":"https:\/\/thewhiskykingdom.com\/shop\/bowmore-1997-br\/","url":"https:\/\/thewhiskykingdom.com\/shop\/bowmore-1997-br\/","name":"Bowmore 1997 BR Kirsch Exclusive 53.2% 0.7L","isPartOf":{"@id":"http:\/\/thewhiskykingdom.com\/en\/#website"},"primaryImageOfPage":{"@id":"https:\/\/thewhiskykingdom.com\/shop\/bowmore-1997-br\/#primaryimage"},"image":{"@id":"https:\/\/thewhiskykingdom.com\/shop\/bowmore-1997-br\/#primaryimage"},"thumbnailUrl":"https:\/\/thewhiskykingdom.com\/wp-content\/uploads\/2023\/06\/Bowmore_1997_BR1.jpg","datePublished":"2023-06-09T12:56:40+00:00","dateModified":"2025-12-01T21:06:16+00:00","description":"Bowmore 1997\/2022 Sherry Butt Kirsch Exclusive 53.2% vol. Exkusivabf\u00fcllung f\u00fcr Deutschland. Eine von nur 515 Flaschen. 91 Punkte von Serge!","breadcrumb":{"@id":"https:\/\/thewhiskykingdom.com\/shop\/bowmore-1997-br\/#breadcrumb"},"inLanguage":"en-US","potentialAction":[{"@type":"ReadAction","target":["https:\/\/thewhiskykingdom.com\/shop\/bowmore-1997-br\/"]}]},{"@type":"ImageObject","inLanguage":"en-US","@id":"https:\/\/thewhiskykingdom.com\/shop\/bowmore-1997-br\/#primaryimage","url":"https:\/\/thewhiskykingdom.com\/wp-content\/uploads\/2023\/06\/Bowmore_1997_BR1.jpg","contentUrl":"https:\/\/thewhiskykingdom.com\/wp-content\/uploads\/2023\/06\/Bowmore_1997_BR1.jpg","width":1920,"height":1920,"caption":"Bowmore_1997_BR1"},{"@type":"BreadcrumbList","@id":"https:\/\/thewhiskykingdom.com\/shop\/bowmore-1997-br\/#breadcrumb","itemListElement":[{"@type":"ListItem","position":1,"name":"The Whisky Kingdom","item":"http:\/\/thewhiskykingdom.com\/en\/"},{"@type":"ListItem","position":2,"name":"Shop","item":"http:\/\/thewhiskykingdom.com\/en\/shop\/"},{"@type":"ListItem","position":3,"name":"Bowmore 1997 BR Kirsch Exclusive 53.2% 0.7L"}]},{"@type":"WebSite","@id":"http:\/\/thewhiskykingdom.com\/en\/#website","url":"http:\/\/thewhiskykingdom.com\/en\/","name":"The Whisky Kingdom","description":"Where whisky is king","publisher":{"@id":"http:\/\/thewhiskykingdom.com\/en\/#organization"},"potentialAction":[{"@type":"SearchAction","target":{"@type":"EntryPoint","urlTemplate":"http:\/\/thewhiskykingdom.com\/en\/?s={search_term_string}"},"query-input":{"@type":"PropertyValueSpecification","valueRequired":true,"valueName":"search_term_string"}}],"inLanguage":"en-US"},{"@type":"Organization","@id":"http:\/\/thewhiskykingdom.com\/en\/#organization","name":"The Whisky Kingdom UG","url":"http:\/\/thewhiskykingdom.com\/en\/","logo":{"@type":"ImageObject","inLanguage":"en-US","@id":"http:\/\/thewhiskykingdom.com\/en\/#\/schema\/logo\/image\/","url":"https:\/\/thewhiskykingdom.com\/wp-content\/uploads\/2018\/03\/Logo_WK_750x750px3.jpg","contentUrl":"https:\/\/thewhiskykingdom.com\/wp-content\/uploads\/2018\/03\/Logo_WK_750x750px3.jpg","width":750,"height":750,"caption":"The Whisky Kingdom UG"},"image":{"@id":"http:\/\/thewhiskykingdom.com\/en\/#\/schema\/logo\/image\/"},"sameAs":["https:\/\/www.facebook.com\/thewhiskykingdom\/","https:\/\/www.instagram.com\/thewhiskykingdom\/"]}]}},"_links":{"self":[{"href":"https:\/\/thewhiskykingdom.com\/en\/wp-json\/wp\/v2\/product\/2227","targetHints":{"allow":["GET"]}}],"collection":[{"href":"https:\/\/thewhiskykingdom.com\/en\/wp-json\/wp\/v2\/product"}],"about":[{"href":"https:\/\/thewhiskykingdom.com\/en\/wp-json\/wp\/v2\/types\/product"}],"wp:featuredmedia":[{"embeddable":true,"href":"https:\/\/thewhiskykingdom.com\/en\/wp-json\/wp\/v2\/media\/2230"}],"wp:attachment":[{"href":"https:\/\/thewhiskykingdom.com\/en\/wp-json\/wp\/v2\/media?parent=2227"}],"wp:term":[{"taxonomy":"product_brand","embeddable":true,"href":"https:\/\/thewhiskykingdom.com\/en\/wp-json\/wp\/v2\/product_brand?post=2227"},{"taxonomy":"product_cat","embeddable":true,"href":"https:\/\/thewhiskykingdom.com\/en\/wp-json\/wp\/v2\/product_cat?post=2227"},{"taxonomy":"product_tag","embeddable":true,"href":"https:\/\/thewhiskykingdom.com\/en\/wp-json\/wp\/v2\/product_tag?post=2227"}],"curies":[{"name":"wp","href":"https:\/\/api.w.org\/{rel}","templated":true}]}}