{"id":2262,"date":"2023-09-27T13:42:35","date_gmt":"2023-09-27T11:42:35","guid":{"rendered":"https:\/\/thewhiskykingdom.com\/?post_type=product&#038;p=2262"},"modified":"2025-07-14T11:10:23","modified_gmt":"2025-07-14T09:10:23","slug":"armagnac-domaine-de-baraillon-1993","status":"publish","type":"product","link":"https:\/\/thewhiskykingdom.com\/en\/shop\/armagnac-domaine-de-baraillon-1993\/","title":{"rendered":"Armagnac Domaine de Baraillon 1993 47% 0.7L"},"content":{"rendered":"<p><strong>Hersteller<\/strong>: SCEA Claverie, Domaine de Baraillon, 32240 Lannemaignan, Frankreich<br \/>\n<strong>Vintage<\/strong>: 1993<br \/>\n<strong>Abgef\u00fcllt<\/strong>: 2022<br \/>\n<strong>Alcohol strength<\/strong>: 47% Vol.<br \/>\n<strong>Content<\/strong>: 0.7 Liter<br \/>\n<strong>Info<\/strong>: ungef\u00e4rbt<\/p>","protected":false},"excerpt":{"rendered":"<p><strong>Armagnac Domaine der Baraillon 1993\/2022 natubelassen abgef\u00fcllt.<\/strong><\/p>\n<p>Dieser Armagnac stammt von Domaine der Baraillon in der Bas-Armagnac Region. Er wurde in 1993 destilliert und in 2022 abgef\u00fcllt.<\/p>\n<p><strong>Alcohol strength<\/strong>: 47% Vol.<br \/>\n<strong>Content<\/strong>: 0.7 Liter<\/p>","protected":false},"featured_media":2265,"template":"","meta":{"_crdt_document":""},"product_brand":[],"product_cat":[107],"product_tag":[109,110],"class_list":{"0":"post-2262","1":"product","2":"type-product","3":"status-publish","4":"has-post-thumbnail","6":"product_cat-armagnac","7":"product_tag-armagnac","8":"product_tag-naturbelassen","10":"first","11":"instock","12":"taxable","13":"shipping-taxable","14":"purchasable","15":"product-type-simple"},"yoast_head":"<!-- This site is optimized with the Yoast SEO plugin v27.1.1 - https:\/\/yoast.com\/product\/yoast-seo-wordpress\/ -->\n<title>Armagnac Domaine de Baraillon 1993 47% 0.7L - The Whisky Kingdom<\/title>\n<meta name=\"description\" content=\"Armagnac Domaine de Baraillon Vintage 1993 abgef\u00fcllt in 2022. Einzelfassabf\u00fcllung in Fassst\u00e4rke. Perfekt f\u00fcr Weihnachten oder Jubil\u00e4um 2023\" \/>\n<meta name=\"robots\" content=\"index, follow, max-snippet:-1, max-image-preview:large, max-video-preview:-1\" \/>\n<link rel=\"canonical\" href=\"https:\/\/thewhiskykingdom.com\/en\/shop\/armagnac-domaine-de-baraillon-1993\/\" \/>\n<meta property=\"og:locale\" content=\"en_US\" \/>\n<meta property=\"og:type\" content=\"article\" \/>\n<meta property=\"og:title\" content=\"Armagnac Domaine de Baraillon 1993 47% 0.7L - The Whisky Kingdom\" \/>\n<meta property=\"og:description\" content=\"Armagnac Domaine de Baraillon Vintage 1993 abgef\u00fcllt in 2022. Einzelfassabf\u00fcllung in Fassst\u00e4rke. Perfekt f\u00fcr Weihnachten oder Jubil\u00e4um 2023\" \/>\n<meta property=\"og:url\" content=\"https:\/\/thewhiskykingdom.com\/en\/shop\/armagnac-domaine-de-baraillon-1993\/\" \/>\n<meta property=\"og:site_name\" content=\"The Whisky Kingdom\" \/>\n<meta property=\"article:publisher\" content=\"https:\/\/www.facebook.com\/thewhiskykingdom\/\" \/>\n<meta property=\"article:modified_time\" content=\"2025-07-14T09:10:23+00:00\" \/>\n<meta property=\"og:image\" content=\"https:\/\/thewhiskykingdom.com\/wp-content\/uploads\/2023\/09\/Baraillon_1993.jpg\" \/>\n\t<meta property=\"og:image:width\" content=\"1920\" \/>\n\t<meta property=\"og:image:height\" content=\"1920\" \/>\n\t<meta property=\"og:image:type\" content=\"image\/jpeg\" \/>\n<meta name=\"twitter:card\" content=\"summary_large_image\" \/>\n<script type=\"application\/ld+json\" class=\"yoast-schema-graph\">{\"@context\":\"https:\/\/schema.org\",\"@graph\":[{\"@type\":\"WebPage\",\"@id\":\"https:\/\/thewhiskykingdom.com\/shop\/armagnac-domaine-de-baraillon-1993\/\",\"url\":\"https:\/\/thewhiskykingdom.com\/shop\/armagnac-domaine-de-baraillon-1993\/\",\"name\":\"Armagnac Domaine de Baraillon 1993 47% 0.7L - The Whisky Kingdom\",\"isPartOf\":{\"@id\":\"http:\/\/thewhiskykingdom.com\/en\/#website\"},\"primaryImageOfPage\":{\"@id\":\"https:\/\/thewhiskykingdom.com\/shop\/armagnac-domaine-de-baraillon-1993\/#primaryimage\"},\"image\":{\"@id\":\"https:\/\/thewhiskykingdom.com\/shop\/armagnac-domaine-de-baraillon-1993\/#primaryimage\"},\"thumbnailUrl\":\"https:\/\/thewhiskykingdom.com\/wp-content\/uploads\/2023\/09\/Baraillon_1993.jpg\",\"datePublished\":\"2023-09-27T11:42:35+00:00\",\"dateModified\":\"2025-07-14T09:10:23+00:00\",\"description\":\"Armagnac Domaine de Baraillon Vintage 1993 abgef\u00fcllt in 2022. Einzelfassabf\u00fcllung in Fassst\u00e4rke. Perfekt f\u00fcr Weihnachten oder Jubil\u00e4um 2023\",\"breadcrumb\":{\"@id\":\"https:\/\/thewhiskykingdom.com\/shop\/armagnac-domaine-de-baraillon-1993\/#breadcrumb\"},\"inLanguage\":\"en-US\",\"potentialAction\":[{\"@type\":\"ReadAction\",\"target\":[\"https:\/\/thewhiskykingdom.com\/shop\/armagnac-domaine-de-baraillon-1993\/\"]}]},{\"@type\":\"ImageObject\",\"inLanguage\":\"en-US\",\"@id\":\"https:\/\/thewhiskykingdom.com\/shop\/armagnac-domaine-de-baraillon-1993\/#primaryimage\",\"url\":\"https:\/\/thewhiskykingdom.com\/wp-content\/uploads\/2023\/09\/Baraillon_1993.jpg\",\"contentUrl\":\"https:\/\/thewhiskykingdom.com\/wp-content\/uploads\/2023\/09\/Baraillon_1993.jpg\",\"width\":1920,\"height\":1920,\"caption\":\"Baraillon_1993\"},{\"@type\":\"BreadcrumbList\",\"@id\":\"https:\/\/thewhiskykingdom.com\/shop\/armagnac-domaine-de-baraillon-1993\/#breadcrumb\",\"itemListElement\":[{\"@type\":\"ListItem\",\"position\":1,\"name\":\"The Whisky Kingdom\",\"item\":\"http:\/\/thewhiskykingdom.com\/en\/\"},{\"@type\":\"ListItem\",\"position\":2,\"name\":\"Shop\",\"item\":\"http:\/\/thewhiskykingdom.com\/en\/shop\/\"},{\"@type\":\"ListItem\",\"position\":3,\"name\":\"Armagnac Domaine de Baraillon 1993 47% 0.7L\"}]},{\"@type\":\"WebSite\",\"@id\":\"http:\/\/thewhiskykingdom.com\/en\/#website\",\"url\":\"http:\/\/thewhiskykingdom.com\/en\/\",\"name\":\"The Whisky Kingdom\",\"description\":\"Where whisky is king\",\"publisher\":{\"@id\":\"http:\/\/thewhiskykingdom.com\/en\/#organization\"},\"potentialAction\":[{\"@type\":\"SearchAction\",\"target\":{\"@type\":\"EntryPoint\",\"urlTemplate\":\"http:\/\/thewhiskykingdom.com\/en\/?s={search_term_string}\"},\"query-input\":{\"@type\":\"PropertyValueSpecification\",\"valueRequired\":true,\"valueName\":\"search_term_string\"}}],\"inLanguage\":\"en-US\"},{\"@type\":\"Organization\",\"@id\":\"http:\/\/thewhiskykingdom.com\/en\/#organization\",\"name\":\"The Whisky Kingdom UG\",\"url\":\"http:\/\/thewhiskykingdom.com\/en\/\",\"logo\":{\"@type\":\"ImageObject\",\"inLanguage\":\"en-US\",\"@id\":\"http:\/\/thewhiskykingdom.com\/en\/#\/schema\/logo\/image\/\",\"url\":\"https:\/\/thewhiskykingdom.com\/wp-content\/uploads\/2018\/03\/Logo_WK_750x750px3.jpg\",\"contentUrl\":\"https:\/\/thewhiskykingdom.com\/wp-content\/uploads\/2018\/03\/Logo_WK_750x750px3.jpg\",\"width\":750,\"height\":750,\"caption\":\"The Whisky Kingdom UG\"},\"image\":{\"@id\":\"http:\/\/thewhiskykingdom.com\/en\/#\/schema\/logo\/image\/\"},\"sameAs\":[\"https:\/\/www.facebook.com\/thewhiskykingdom\/\",\"https:\/\/www.instagram.com\/thewhiskykingdom\/\"]}]}<\/script>\n<!-- \/ Yoast SEO plugin. -->","yoast_head_json":{"title":"Armagnac Domaine de Baraillon 1993 47% 0.7L - The Whisky Kingdom","description":"Armagnac Domaine de Baraillon Vintage 1993 abgef\u00fcllt in 2022. Einzelfassabf\u00fcllung in Fassst\u00e4rke. Perfekt f\u00fcr Weihnachten oder Jubil\u00e4um 2023","robots":{"index":"index","follow":"follow","max-snippet":"max-snippet:-1","max-image-preview":"max-image-preview:large","max-video-preview":"max-video-preview:-1"},"canonical":"https:\/\/thewhiskykingdom.com\/en\/shop\/armagnac-domaine-de-baraillon-1993\/","og_locale":"en_US","og_type":"article","og_title":"Armagnac Domaine de Baraillon 1993 47% 0.7L - The Whisky Kingdom","og_description":"Armagnac Domaine de Baraillon Vintage 1993 abgef\u00fcllt in 2022. Einzelfassabf\u00fcllung in Fassst\u00e4rke. Perfekt f\u00fcr Weihnachten oder Jubil\u00e4um 2023","og_url":"https:\/\/thewhiskykingdom.com\/en\/shop\/armagnac-domaine-de-baraillon-1993\/","og_site_name":"The Whisky Kingdom","article_publisher":"https:\/\/www.facebook.com\/thewhiskykingdom\/","article_modified_time":"2025-07-14T09:10:23+00:00","og_image":[{"width":1920,"height":1920,"url":"https:\/\/thewhiskykingdom.com\/wp-content\/uploads\/2023\/09\/Baraillon_1993.jpg","type":"image\/jpeg"}],"twitter_card":"summary_large_image","schema":{"@context":"https:\/\/schema.org","@graph":[{"@type":"WebPage","@id":"https:\/\/thewhiskykingdom.com\/shop\/armagnac-domaine-de-baraillon-1993\/","url":"https:\/\/thewhiskykingdom.com\/shop\/armagnac-domaine-de-baraillon-1993\/","name":"Armagnac Domaine de Baraillon 1993 47% 0.7L - The Whisky Kingdom","isPartOf":{"@id":"http:\/\/thewhiskykingdom.com\/en\/#website"},"primaryImageOfPage":{"@id":"https:\/\/thewhiskykingdom.com\/shop\/armagnac-domaine-de-baraillon-1993\/#primaryimage"},"image":{"@id":"https:\/\/thewhiskykingdom.com\/shop\/armagnac-domaine-de-baraillon-1993\/#primaryimage"},"thumbnailUrl":"https:\/\/thewhiskykingdom.com\/wp-content\/uploads\/2023\/09\/Baraillon_1993.jpg","datePublished":"2023-09-27T11:42:35+00:00","dateModified":"2025-07-14T09:10:23+00:00","description":"Armagnac Domaine de Baraillon Vintage 1993 abgef\u00fcllt in 2022. Einzelfassabf\u00fcllung in Fassst\u00e4rke. Perfekt f\u00fcr Weihnachten oder Jubil\u00e4um 2023","breadcrumb":{"@id":"https:\/\/thewhiskykingdom.com\/shop\/armagnac-domaine-de-baraillon-1993\/#breadcrumb"},"inLanguage":"en-US","potentialAction":[{"@type":"ReadAction","target":["https:\/\/thewhiskykingdom.com\/shop\/armagnac-domaine-de-baraillon-1993\/"]}]},{"@type":"ImageObject","inLanguage":"en-US","@id":"https:\/\/thewhiskykingdom.com\/shop\/armagnac-domaine-de-baraillon-1993\/#primaryimage","url":"https:\/\/thewhiskykingdom.com\/wp-content\/uploads\/2023\/09\/Baraillon_1993.jpg","contentUrl":"https:\/\/thewhiskykingdom.com\/wp-content\/uploads\/2023\/09\/Baraillon_1993.jpg","width":1920,"height":1920,"caption":"Baraillon_1993"},{"@type":"BreadcrumbList","@id":"https:\/\/thewhiskykingdom.com\/shop\/armagnac-domaine-de-baraillon-1993\/#breadcrumb","itemListElement":[{"@type":"ListItem","position":1,"name":"The Whisky Kingdom","item":"http:\/\/thewhiskykingdom.com\/en\/"},{"@type":"ListItem","position":2,"name":"Shop","item":"http:\/\/thewhiskykingdom.com\/en\/shop\/"},{"@type":"ListItem","position":3,"name":"Armagnac Domaine de Baraillon 1993 47% 0.7L"}]},{"@type":"WebSite","@id":"http:\/\/thewhiskykingdom.com\/en\/#website","url":"http:\/\/thewhiskykingdom.com\/en\/","name":"The Whisky Kingdom","description":"Where whisky is king","publisher":{"@id":"http:\/\/thewhiskykingdom.com\/en\/#organization"},"potentialAction":[{"@type":"SearchAction","target":{"@type":"EntryPoint","urlTemplate":"http:\/\/thewhiskykingdom.com\/en\/?s={search_term_string}"},"query-input":{"@type":"PropertyValueSpecification","valueRequired":true,"valueName":"search_term_string"}}],"inLanguage":"en-US"},{"@type":"Organization","@id":"http:\/\/thewhiskykingdom.com\/en\/#organization","name":"The Whisky Kingdom UG","url":"http:\/\/thewhiskykingdom.com\/en\/","logo":{"@type":"ImageObject","inLanguage":"en-US","@id":"http:\/\/thewhiskykingdom.com\/en\/#\/schema\/logo\/image\/","url":"https:\/\/thewhiskykingdom.com\/wp-content\/uploads\/2018\/03\/Logo_WK_750x750px3.jpg","contentUrl":"https:\/\/thewhiskykingdom.com\/wp-content\/uploads\/2018\/03\/Logo_WK_750x750px3.jpg","width":750,"height":750,"caption":"The Whisky Kingdom UG"},"image":{"@id":"http:\/\/thewhiskykingdom.com\/en\/#\/schema\/logo\/image\/"},"sameAs":["https:\/\/www.facebook.com\/thewhiskykingdom\/","https:\/\/www.instagram.com\/thewhiskykingdom\/"]}]}},"_links":{"self":[{"href":"https:\/\/thewhiskykingdom.com\/en\/wp-json\/wp\/v2\/product\/2262","targetHints":{"allow":["GET"]}}],"collection":[{"href":"https:\/\/thewhiskykingdom.com\/en\/wp-json\/wp\/v2\/product"}],"about":[{"href":"https:\/\/thewhiskykingdom.com\/en\/wp-json\/wp\/v2\/types\/product"}],"wp:featuredmedia":[{"embeddable":true,"href":"https:\/\/thewhiskykingdom.com\/en\/wp-json\/wp\/v2\/media\/2265"}],"wp:attachment":[{"href":"https:\/\/thewhiskykingdom.com\/en\/wp-json\/wp\/v2\/media?parent=2262"}],"wp:term":[{"taxonomy":"product_brand","embeddable":true,"href":"https:\/\/thewhiskykingdom.com\/en\/wp-json\/wp\/v2\/product_brand?post=2262"},{"taxonomy":"product_cat","embeddable":true,"href":"https:\/\/thewhiskykingdom.com\/en\/wp-json\/wp\/v2\/product_cat?post=2262"},{"taxonomy":"product_tag","embeddable":true,"href":"https:\/\/thewhiskykingdom.com\/en\/wp-json\/wp\/v2\/product_tag?post=2262"}],"curies":[{"name":"wp","href":"https:\/\/api.w.org\/{rel}","templated":true}]}}