{"id":2274,"date":"2023-09-27T13:56:21","date_gmt":"2023-09-27T11:56:21","guid":{"rendered":"https:\/\/thewhiskykingdom.com\/?post_type=product&#038;p=2274"},"modified":"2025-07-14T11:10:23","modified_gmt":"2025-07-14T09:10:23","slug":"torabhaig-batch-strength","status":"publish","type":"product","link":"https:\/\/thewhiskykingdom.com\/en\/shop\/torabhaig-batch-strength\/","title":{"rendered":"Torabhaig Allt Gleann Batch Strength 61.1% 0.7L"},"content":{"rendered":"<p><strong>Inverkehrbringer<\/strong>: Marussia Beverages Germany GmbH, Am alten S\u00e4gewerk 4, 95349 Thurnau, Germany<br \/>\n<strong>Alcohol strength<\/strong>: 61.1% Vol.<br \/>\n<strong>Content<\/strong>: 0.7 Liter<br \/>\n<strong>Info<\/strong>: non-chill filtered, uncoloured<\/p>","protected":false},"excerpt":{"rendered":"<p>Als Torabhaig mit der Destillation begann, war es die erste neue Brennerei auf der Isle of Skye seit 190 Jahren und erst die zweite, die sich auf Single Malt konzentrierte. Nach vielen Renovierungen und Experimenten hat ihr charakteristischer, gut ausbalancierter Torfstil wirklich Form angenommen und robusten Single Malt mit Noten von Rauch und Salz hervorgebracht.<\/p>\n<p>Die nat\u00fcrliche St\u00e4rke betr\u00e4gt beeindruckende 61,1% mit einem unvergesslichen Punch dahinter. Torabhaigs Allt Gleann Batch Strength sch\u00f6pft seine Inspiration aus der dramatischen Landschaft von brechenden Wellen und salziger, von Meeresalgen duftender Luft und erfasst somit wahrhaftig die Essenz der Insel.<\/p>\n<p>Limitierte Abf\u00fcllung in Fassst\u00e4rke, die das beste von dem Charakter von Torabhaig hervorzeigt.<\/p>\n<p><strong>Alcohol strength<\/strong>: 61.1% Vol.<br \/>\n<strong>Content<\/strong>: 0.7 Liter<\/p>","protected":false},"featured_media":2270,"template":"","meta":{"_crdt_document":""},"product_brand":[],"product_cat":[37,39,55],"product_tag":[50,131,44,132,49],"class_list":{"0":"post-2274","1":"product","2":"type-product","3":"status-publish","4":"has-post-thumbnail","6":"product_cat-schottland","7":"product_cat-single-malt","8":"product_cat-whisky","9":"product_tag-fassstaerke","10":"product_tag-isle-of-skye","11":"product_tag-limitiert","12":"product_tag-neu","13":"product_tag-torfig","15":"first","16":"instock","17":"sale","18":"taxable","19":"shipping-taxable","20":"purchasable","21":"product-type-simple"},"yoast_head":"<!-- This site is optimized with the Yoast SEO plugin v27.1.1 - https:\/\/yoast.com\/product\/yoast-seo-wordpress\/ -->\n<title>Torabhaig Allt Gleann Batch Strength 61.1% 0.7L -<\/title>\n<meta name=\"description\" content=\"Torabhaig Allt Gleann Batch Strength 61.1% in Fassst\u00e4rke abgef\u00fcllt. Streng limitierte Abf\u00fcllung von nur 4200 Flaschen f\u00fcr Deutschland.\" \/>\n<meta name=\"robots\" content=\"index, follow, max-snippet:-1, max-image-preview:large, max-video-preview:-1\" \/>\n<link rel=\"canonical\" href=\"https:\/\/thewhiskykingdom.com\/en\/shop\/torabhaig-batch-strength\/\" \/>\n<meta property=\"og:locale\" content=\"en_US\" \/>\n<meta property=\"og:type\" content=\"article\" \/>\n<meta property=\"og:title\" content=\"Torabhaig Allt Gleann Batch Strength 61.1% 0.7L -\" \/>\n<meta property=\"og:description\" content=\"Torabhaig Allt Gleann Batch Strength 61.1% in Fassst\u00e4rke abgef\u00fcllt. Streng limitierte Abf\u00fcllung von nur 4200 Flaschen f\u00fcr Deutschland.\" \/>\n<meta property=\"og:url\" content=\"https:\/\/thewhiskykingdom.com\/en\/shop\/torabhaig-batch-strength\/\" \/>\n<meta property=\"og:site_name\" content=\"The Whisky Kingdom\" \/>\n<meta property=\"article:publisher\" content=\"https:\/\/www.facebook.com\/thewhiskykingdom\/\" \/>\n<meta property=\"article:modified_time\" content=\"2025-07-14T09:10:23+00:00\" \/>\n<meta property=\"og:image\" content=\"https:\/\/thewhiskykingdom.com\/wp-content\/uploads\/2023\/09\/Torabhaig_611.jpg\" \/>\n\t<meta property=\"og:image:width\" content=\"1920\" \/>\n\t<meta property=\"og:image:height\" content=\"1920\" \/>\n\t<meta property=\"og:image:type\" content=\"image\/jpeg\" \/>\n<meta name=\"twitter:card\" content=\"summary_large_image\" \/>\n<meta name=\"twitter:label1\" content=\"Est. reading time\" \/>\n\t<meta name=\"twitter:data1\" content=\"1 minute\" \/>\n<script type=\"application\/ld+json\" class=\"yoast-schema-graph\">{\"@context\":\"https:\/\/schema.org\",\"@graph\":[{\"@type\":\"WebPage\",\"@id\":\"https:\/\/thewhiskykingdom.com\/shop\/torabhaig-batch-strength\/\",\"url\":\"https:\/\/thewhiskykingdom.com\/shop\/torabhaig-batch-strength\/\",\"name\":\"Torabhaig Allt Gleann Batch Strength 61.1% 0.7L -\",\"isPartOf\":{\"@id\":\"http:\/\/thewhiskykingdom.com\/en\/#website\"},\"primaryImageOfPage\":{\"@id\":\"https:\/\/thewhiskykingdom.com\/shop\/torabhaig-batch-strength\/#primaryimage\"},\"image\":{\"@id\":\"https:\/\/thewhiskykingdom.com\/shop\/torabhaig-batch-strength\/#primaryimage\"},\"thumbnailUrl\":\"https:\/\/thewhiskykingdom.com\/wp-content\/uploads\/2023\/09\/Torabhaig_611.jpg\",\"datePublished\":\"2023-09-27T11:56:21+00:00\",\"dateModified\":\"2025-07-14T09:10:23+00:00\",\"description\":\"Torabhaig Allt Gleann Batch Strength 61.1% in Fassst\u00e4rke abgef\u00fcllt. Streng limitierte Abf\u00fcllung von nur 4200 Flaschen f\u00fcr Deutschland.\",\"breadcrumb\":{\"@id\":\"https:\/\/thewhiskykingdom.com\/shop\/torabhaig-batch-strength\/#breadcrumb\"},\"inLanguage\":\"en-US\",\"potentialAction\":[{\"@type\":\"ReadAction\",\"target\":[\"https:\/\/thewhiskykingdom.com\/shop\/torabhaig-batch-strength\/\"]}]},{\"@type\":\"ImageObject\",\"inLanguage\":\"en-US\",\"@id\":\"https:\/\/thewhiskykingdom.com\/shop\/torabhaig-batch-strength\/#primaryimage\",\"url\":\"https:\/\/thewhiskykingdom.com\/wp-content\/uploads\/2023\/09\/Torabhaig_611.jpg\",\"contentUrl\":\"https:\/\/thewhiskykingdom.com\/wp-content\/uploads\/2023\/09\/Torabhaig_611.jpg\",\"width\":1920,\"height\":1920,\"caption\":\"Torabhaig_611\"},{\"@type\":\"BreadcrumbList\",\"@id\":\"https:\/\/thewhiskykingdom.com\/shop\/torabhaig-batch-strength\/#breadcrumb\",\"itemListElement\":[{\"@type\":\"ListItem\",\"position\":1,\"name\":\"The Whisky Kingdom\",\"item\":\"http:\/\/thewhiskykingdom.com\/en\/\"},{\"@type\":\"ListItem\",\"position\":2,\"name\":\"Shop\",\"item\":\"http:\/\/thewhiskykingdom.com\/en\/shop\/\"},{\"@type\":\"ListItem\",\"position\":3,\"name\":\"Torabhaig Allt Gleann Batch Strength 61.1% 0.7L\"}]},{\"@type\":\"WebSite\",\"@id\":\"http:\/\/thewhiskykingdom.com\/en\/#website\",\"url\":\"http:\/\/thewhiskykingdom.com\/en\/\",\"name\":\"The Whisky Kingdom\",\"description\":\"Where whisky is king\",\"publisher\":{\"@id\":\"http:\/\/thewhiskykingdom.com\/en\/#organization\"},\"potentialAction\":[{\"@type\":\"SearchAction\",\"target\":{\"@type\":\"EntryPoint\",\"urlTemplate\":\"http:\/\/thewhiskykingdom.com\/en\/?s={search_term_string}\"},\"query-input\":{\"@type\":\"PropertyValueSpecification\",\"valueRequired\":true,\"valueName\":\"search_term_string\"}}],\"inLanguage\":\"en-US\"},{\"@type\":\"Organization\",\"@id\":\"http:\/\/thewhiskykingdom.com\/en\/#organization\",\"name\":\"The Whisky Kingdom UG\",\"url\":\"http:\/\/thewhiskykingdom.com\/en\/\",\"logo\":{\"@type\":\"ImageObject\",\"inLanguage\":\"en-US\",\"@id\":\"http:\/\/thewhiskykingdom.com\/en\/#\/schema\/logo\/image\/\",\"url\":\"https:\/\/thewhiskykingdom.com\/wp-content\/uploads\/2018\/03\/Logo_WK_750x750px3.jpg\",\"contentUrl\":\"https:\/\/thewhiskykingdom.com\/wp-content\/uploads\/2018\/03\/Logo_WK_750x750px3.jpg\",\"width\":750,\"height\":750,\"caption\":\"The Whisky Kingdom UG\"},\"image\":{\"@id\":\"http:\/\/thewhiskykingdom.com\/en\/#\/schema\/logo\/image\/\"},\"sameAs\":[\"https:\/\/www.facebook.com\/thewhiskykingdom\/\",\"https:\/\/www.instagram.com\/thewhiskykingdom\/\"]}]}<\/script>\n<!-- \/ Yoast SEO plugin. -->","yoast_head_json":{"title":"Torabhaig Allt Gleann Batch Strength 61.1% 0.7L -","description":"Torabhaig Allt Gleann Batch Strength 61.1% in Fassst\u00e4rke abgef\u00fcllt. Streng limitierte Abf\u00fcllung von nur 4200 Flaschen f\u00fcr Deutschland.","robots":{"index":"index","follow":"follow","max-snippet":"max-snippet:-1","max-image-preview":"max-image-preview:large","max-video-preview":"max-video-preview:-1"},"canonical":"https:\/\/thewhiskykingdom.com\/en\/shop\/torabhaig-batch-strength\/","og_locale":"en_US","og_type":"article","og_title":"Torabhaig Allt Gleann Batch Strength 61.1% 0.7L -","og_description":"Torabhaig Allt Gleann Batch Strength 61.1% in Fassst\u00e4rke abgef\u00fcllt. Streng limitierte Abf\u00fcllung von nur 4200 Flaschen f\u00fcr Deutschland.","og_url":"https:\/\/thewhiskykingdom.com\/en\/shop\/torabhaig-batch-strength\/","og_site_name":"The Whisky Kingdom","article_publisher":"https:\/\/www.facebook.com\/thewhiskykingdom\/","article_modified_time":"2025-07-14T09:10:23+00:00","og_image":[{"width":1920,"height":1920,"url":"https:\/\/thewhiskykingdom.com\/wp-content\/uploads\/2023\/09\/Torabhaig_611.jpg","type":"image\/jpeg"}],"twitter_card":"summary_large_image","twitter_misc":{"Est. reading time":"1 minute"},"schema":{"@context":"https:\/\/schema.org","@graph":[{"@type":"WebPage","@id":"https:\/\/thewhiskykingdom.com\/shop\/torabhaig-batch-strength\/","url":"https:\/\/thewhiskykingdom.com\/shop\/torabhaig-batch-strength\/","name":"Torabhaig Allt Gleann Batch Strength 61.1% 0.7L -","isPartOf":{"@id":"http:\/\/thewhiskykingdom.com\/en\/#website"},"primaryImageOfPage":{"@id":"https:\/\/thewhiskykingdom.com\/shop\/torabhaig-batch-strength\/#primaryimage"},"image":{"@id":"https:\/\/thewhiskykingdom.com\/shop\/torabhaig-batch-strength\/#primaryimage"},"thumbnailUrl":"https:\/\/thewhiskykingdom.com\/wp-content\/uploads\/2023\/09\/Torabhaig_611.jpg","datePublished":"2023-09-27T11:56:21+00:00","dateModified":"2025-07-14T09:10:23+00:00","description":"Torabhaig Allt Gleann Batch Strength 61.1% in Fassst\u00e4rke abgef\u00fcllt. Streng limitierte Abf\u00fcllung von nur 4200 Flaschen f\u00fcr Deutschland.","breadcrumb":{"@id":"https:\/\/thewhiskykingdom.com\/shop\/torabhaig-batch-strength\/#breadcrumb"},"inLanguage":"en-US","potentialAction":[{"@type":"ReadAction","target":["https:\/\/thewhiskykingdom.com\/shop\/torabhaig-batch-strength\/"]}]},{"@type":"ImageObject","inLanguage":"en-US","@id":"https:\/\/thewhiskykingdom.com\/shop\/torabhaig-batch-strength\/#primaryimage","url":"https:\/\/thewhiskykingdom.com\/wp-content\/uploads\/2023\/09\/Torabhaig_611.jpg","contentUrl":"https:\/\/thewhiskykingdom.com\/wp-content\/uploads\/2023\/09\/Torabhaig_611.jpg","width":1920,"height":1920,"caption":"Torabhaig_611"},{"@type":"BreadcrumbList","@id":"https:\/\/thewhiskykingdom.com\/shop\/torabhaig-batch-strength\/#breadcrumb","itemListElement":[{"@type":"ListItem","position":1,"name":"The Whisky Kingdom","item":"http:\/\/thewhiskykingdom.com\/en\/"},{"@type":"ListItem","position":2,"name":"Shop","item":"http:\/\/thewhiskykingdom.com\/en\/shop\/"},{"@type":"ListItem","position":3,"name":"Torabhaig Allt Gleann Batch Strength 61.1% 0.7L"}]},{"@type":"WebSite","@id":"http:\/\/thewhiskykingdom.com\/en\/#website","url":"http:\/\/thewhiskykingdom.com\/en\/","name":"The Whisky Kingdom","description":"Where whisky is king","publisher":{"@id":"http:\/\/thewhiskykingdom.com\/en\/#organization"},"potentialAction":[{"@type":"SearchAction","target":{"@type":"EntryPoint","urlTemplate":"http:\/\/thewhiskykingdom.com\/en\/?s={search_term_string}"},"query-input":{"@type":"PropertyValueSpecification","valueRequired":true,"valueName":"search_term_string"}}],"inLanguage":"en-US"},{"@type":"Organization","@id":"http:\/\/thewhiskykingdom.com\/en\/#organization","name":"The Whisky Kingdom UG","url":"http:\/\/thewhiskykingdom.com\/en\/","logo":{"@type":"ImageObject","inLanguage":"en-US","@id":"http:\/\/thewhiskykingdom.com\/en\/#\/schema\/logo\/image\/","url":"https:\/\/thewhiskykingdom.com\/wp-content\/uploads\/2018\/03\/Logo_WK_750x750px3.jpg","contentUrl":"https:\/\/thewhiskykingdom.com\/wp-content\/uploads\/2018\/03\/Logo_WK_750x750px3.jpg","width":750,"height":750,"caption":"The Whisky Kingdom UG"},"image":{"@id":"http:\/\/thewhiskykingdom.com\/en\/#\/schema\/logo\/image\/"},"sameAs":["https:\/\/www.facebook.com\/thewhiskykingdom\/","https:\/\/www.instagram.com\/thewhiskykingdom\/"]}]}},"_links":{"self":[{"href":"https:\/\/thewhiskykingdom.com\/en\/wp-json\/wp\/v2\/product\/2274","targetHints":{"allow":["GET"]}}],"collection":[{"href":"https:\/\/thewhiskykingdom.com\/en\/wp-json\/wp\/v2\/product"}],"about":[{"href":"https:\/\/thewhiskykingdom.com\/en\/wp-json\/wp\/v2\/types\/product"}],"wp:featuredmedia":[{"embeddable":true,"href":"https:\/\/thewhiskykingdom.com\/en\/wp-json\/wp\/v2\/media\/2270"}],"wp:attachment":[{"href":"https:\/\/thewhiskykingdom.com\/en\/wp-json\/wp\/v2\/media?parent=2274"}],"wp:term":[{"taxonomy":"product_brand","embeddable":true,"href":"https:\/\/thewhiskykingdom.com\/en\/wp-json\/wp\/v2\/product_brand?post=2274"},{"taxonomy":"product_cat","embeddable":true,"href":"https:\/\/thewhiskykingdom.com\/en\/wp-json\/wp\/v2\/product_cat?post=2274"},{"taxonomy":"product_tag","embeddable":true,"href":"https:\/\/thewhiskykingdom.com\/en\/wp-json\/wp\/v2\/product_tag?post=2274"}],"curies":[{"name":"wp","href":"https:\/\/api.w.org\/{rel}","templated":true}]}}