{"id":2359,"date":"2024-04-18T18:02:30","date_gmt":"2024-04-18T16:02:30","guid":{"rendered":"https:\/\/thewhiskykingdom.com\/?post_type=product&#038;p=2359"},"modified":"2025-01-11T16:23:26","modified_gmt":"2025-01-11T15:23:26","slug":"cragganmore-1985-wu-dram-clan","status":"publish","type":"product","link":"https:\/\/thewhiskykingdom.com\/en\/shop\/cragganmore-1985-wu-dram-clan\/","title":{"rendered":"Cragganmore 1985 Wu DRAM Clan CoD 38 Jahre 45.3% 0.7L"},"content":{"rendered":"<p><strong>Hersteller<\/strong>: Craggamore Distillery, Ballindalloch, Banffshire AB37 9AB, United Kingdom<br \/>\n<strong>Fassart<\/strong>: Refill American Oak Hogshead<br \/>\n<strong>Alcohol strength<\/strong>: 45.3% Vol.<br \/>\n<strong>Content<\/strong>: 0.7 Liter<br \/>\n<strong>Info<\/strong>: non-chill filtered, uncoloured<\/p>","protected":false},"excerpt":{"rendered":"<p><strong>Das Cragganmore Einzelfass #601269 wurde in 1985 destilliert und in ein Refill American Oak Hogshead gef\u00fcllt. Nach 38 Jahren wurde der Whisky in 2023 mit 45.3% vol. f\u00fcr Wu DRAM Clan und Hong Kong Whisky Fellows abgef\u00fcllt als Teil des Cask of Distinction Programms von Diageo.<br \/>\n<\/strong><\/p>\n<p>Streng limitierte Einzelfassabf\u00fcllung von nur 174 Flaschen! F\u00fcr Deutschland sind am Ende 36 Flaschen geblieben, die meisten davon bereits an Sammler und Geniesser verkauft.<\/p>\n<p><strong>Whiskynotes.be hat folgende Bewertung f\u00fcr diese Abf\u00fcllung gegeben:<\/strong><\/p>\n<h5 class=\"product-main__name\"><em><strong>Cragganmore 38 yo 1985 (45,3%, OB \u2018Cask of Distinction\u2019 for Hong Kong Whisky Fellows + Wu Dram Clan 2023, refill hogshead #601269, 174 btl.)<\/strong><\/em><\/h5>\n<p><em><strong>Nose:<\/strong> a round and seductive profile, with a prominent role for beeswax and light breakfast honey, almond milk and soft vanilla cake. Waxed paper. Hints of chamomile tea, a creamy maltiness and subtle guava. Then some pollen, drops of vegetal oil and a little lime peelings. The feeling of \u2018old vanilla\u2019 grows stronger over time. Total beauty.<\/em><\/p>\n<p><em><strong>Mouth:<\/strong> this lovely beehive-y character is here again, in full force. Stunning oozing waxy notes, paraffin and honey (acacia?). Then a cake-y sweetness, even a hint of pastel de nata. Back to resins, yellow jam and dried wildflowers \u2013 maybe potpourri like you get in 50+ year old malts sometimes. Just a hint of creamy chalk, somehow, with mango yoghurt.<\/em><\/p>\n<p><em><strong>Finish:<\/strong> long, back to light resinous notes, light syrupy notes, natural corn flakes, pollen and surprisingly mild oak spice.<\/em><\/p>\n<p><em>The waxy and balmy texture is just perfect. The intangible fruity echoes too. You know, some of the nicest old malts I\u2019ve had were not overtly fruity so it\u2019s not a must. Overall this is a complex, inviting old malt. I thought I had one of the nicest Cragganmore releases in my own collection (the <a class=\"affl\" href=\"https:\/\/www.thewhiskyexchange.com\/aff\/4431885\/p\/1488\/cragganmore-1973-29-year-old\" target=\"_blank\" rel=\"noopener\">top-ranked 1973 Special Release<\/a>) but this is better.<\/em><\/p>\n<p><em><strong><span class=\"textenormalgras\">92 points<\/span><\/strong><\/em><\/p>\n<p><strong><em>Source<\/em><\/strong> <a href=\"https:\/\/www.whiskynotes.be\/2024\/cragganmore\/cragganmore-1985-cask-of-distinction-wu-dram-clan\/\">https:\/\/www.whiskynotes.be\/2024\/cragganmore\/cragganmore-1985-cask-of-distinction-wu-dram-clan\/<\/a><\/p>\n<p><strong>Sie finden auch viele andere <span style=\"color: #ff6600;\"><a style=\"color: #ff6600;\" href=\"https:\/\/thewhiskykingdom.com\/en\/product-tag\/wu-dram-clan\/\">Wu Dram Clan Abf\u00fcllungen<\/a><\/span> im unseren Shop.<\/strong><\/p>\n<p><strong>Alcohol strength<\/strong>: 45.3% Vol.<br \/>\n<strong>Content<\/strong>: 0.7 Liter<\/p>","protected":false},"featured_media":2360,"template":"","meta":{"_crdt_document":""},"product_brand":[],"product_cat":[37,39,55],"product_tag":[82,141,75,50,44,139],"class_list":{"0":"post-2359","1":"product","2":"type-product","3":"status-publish","4":"has-post-thumbnail","6":"product_cat-schottland","7":"product_cat-single-malt","8":"product_cat-whisky","9":"product_tag-bourbon","10":"product_tag-cragganmore","11":"product_tag-einzelfassabfuellung","12":"product_tag-fassstaerke","13":"product_tag-limitiert","14":"product_tag-wu-dram-clan","16":"first","17":"outofstock","18":"taxable","19":"shipping-taxable","20":"purchasable","21":"product-type-simple"},"yoast_head":"<!-- This site is optimized with the Yoast SEO plugin v27.1.1 - https:\/\/yoast.com\/product\/yoast-seo-wordpress\/ -->\n<title>Cragganmore 1985 Wu DRAM Clan CoD 38 Jahre 45.3% 0.7L - The Whisky Kingdom<\/title>\n<meta name=\"description\" content=\"Cragganmore 1985 Wu DRAM Clan Cask of Distinction 38 Jahre - Streng limitierte Einzelfassabf\u00fcllung von nur 174 Flaschen, eine echte Rarit\u00e4t.\" \/>\n<meta name=\"robots\" content=\"index, follow, max-snippet:-1, max-image-preview:large, max-video-preview:-1\" \/>\n<link rel=\"canonical\" href=\"https:\/\/thewhiskykingdom.com\/en\/shop\/cragganmore-1985-wu-dram-clan\/\" \/>\n<meta property=\"og:locale\" content=\"en_US\" \/>\n<meta property=\"og:type\" content=\"article\" \/>\n<meta property=\"og:title\" content=\"Cragganmore 1985 Wu DRAM Clan CoD 38 Jahre 45.3% 0.7L - The Whisky Kingdom\" \/>\n<meta property=\"og:description\" content=\"Cragganmore 1985 Wu DRAM Clan Cask of Distinction 38 Jahre - Streng limitierte Einzelfassabf\u00fcllung von nur 174 Flaschen, eine echte Rarit\u00e4t.\" \/>\n<meta property=\"og:url\" content=\"https:\/\/thewhiskykingdom.com\/en\/shop\/cragganmore-1985-wu-dram-clan\/\" \/>\n<meta property=\"og:site_name\" content=\"The Whisky Kingdom\" \/>\n<meta property=\"article:publisher\" content=\"https:\/\/www.facebook.com\/thewhiskykingdom\/\" \/>\n<meta property=\"article:modified_time\" content=\"2025-01-11T15:23:26+00:00\" \/>\n<meta property=\"og:image\" content=\"https:\/\/thewhiskykingdom.com\/wp-content\/uploads\/2024\/04\/Craggamore_WDC.jpg\" \/>\n\t<meta property=\"og:image:width\" content=\"1920\" \/>\n\t<meta property=\"og:image:height\" content=\"1920\" \/>\n\t<meta property=\"og:image:type\" content=\"image\/jpeg\" \/>\n<meta name=\"twitter:card\" content=\"summary_large_image\" \/>\n<script type=\"application\/ld+json\" class=\"yoast-schema-graph\">{\"@context\":\"https:\/\/schema.org\",\"@graph\":[{\"@type\":\"WebPage\",\"@id\":\"https:\/\/thewhiskykingdom.com\/shop\/cragganmore-1985-wu-dram-clan\/\",\"url\":\"https:\/\/thewhiskykingdom.com\/shop\/cragganmore-1985-wu-dram-clan\/\",\"name\":\"Cragganmore 1985 Wu DRAM Clan CoD 38 Jahre 45.3% 0.7L - The Whisky Kingdom\",\"isPartOf\":{\"@id\":\"http:\/\/thewhiskykingdom.com\/en\/#website\"},\"primaryImageOfPage\":{\"@id\":\"https:\/\/thewhiskykingdom.com\/shop\/cragganmore-1985-wu-dram-clan\/#primaryimage\"},\"image\":{\"@id\":\"https:\/\/thewhiskykingdom.com\/shop\/cragganmore-1985-wu-dram-clan\/#primaryimage\"},\"thumbnailUrl\":\"https:\/\/thewhiskykingdom.com\/wp-content\/uploads\/2024\/04\/Craggamore_WDC.jpg\",\"datePublished\":\"2024-04-18T16:02:30+00:00\",\"dateModified\":\"2025-01-11T15:23:26+00:00\",\"description\":\"Cragganmore 1985 Wu DRAM Clan Cask of Distinction 38 Jahre - Streng limitierte Einzelfassabf\u00fcllung von nur 174 Flaschen, eine echte Rarit\u00e4t.\",\"breadcrumb\":{\"@id\":\"https:\/\/thewhiskykingdom.com\/shop\/cragganmore-1985-wu-dram-clan\/#breadcrumb\"},\"inLanguage\":\"en-US\",\"potentialAction\":[{\"@type\":\"ReadAction\",\"target\":[\"https:\/\/thewhiskykingdom.com\/shop\/cragganmore-1985-wu-dram-clan\/\"]}]},{\"@type\":\"ImageObject\",\"inLanguage\":\"en-US\",\"@id\":\"https:\/\/thewhiskykingdom.com\/shop\/cragganmore-1985-wu-dram-clan\/#primaryimage\",\"url\":\"https:\/\/thewhiskykingdom.com\/wp-content\/uploads\/2024\/04\/Craggamore_WDC.jpg\",\"contentUrl\":\"https:\/\/thewhiskykingdom.com\/wp-content\/uploads\/2024\/04\/Craggamore_WDC.jpg\",\"width\":1920,\"height\":1920,\"caption\":\"Craggamore_WDC\"},{\"@type\":\"BreadcrumbList\",\"@id\":\"https:\/\/thewhiskykingdom.com\/shop\/cragganmore-1985-wu-dram-clan\/#breadcrumb\",\"itemListElement\":[{\"@type\":\"ListItem\",\"position\":1,\"name\":\"The Whisky Kingdom\",\"item\":\"http:\/\/thewhiskykingdom.com\/en\/\"},{\"@type\":\"ListItem\",\"position\":2,\"name\":\"Shop\",\"item\":\"http:\/\/thewhiskykingdom.com\/en\/shop\/\"},{\"@type\":\"ListItem\",\"position\":3,\"name\":\"Cragganmore 1985 Wu DRAM Clan CoD 38 Jahre 45.3% 0.7L\"}]},{\"@type\":\"WebSite\",\"@id\":\"http:\/\/thewhiskykingdom.com\/en\/#website\",\"url\":\"http:\/\/thewhiskykingdom.com\/en\/\",\"name\":\"The Whisky Kingdom\",\"description\":\"Where whisky is king\",\"publisher\":{\"@id\":\"http:\/\/thewhiskykingdom.com\/en\/#organization\"},\"potentialAction\":[{\"@type\":\"SearchAction\",\"target\":{\"@type\":\"EntryPoint\",\"urlTemplate\":\"http:\/\/thewhiskykingdom.com\/en\/?s={search_term_string}\"},\"query-input\":{\"@type\":\"PropertyValueSpecification\",\"valueRequired\":true,\"valueName\":\"search_term_string\"}}],\"inLanguage\":\"en-US\"},{\"@type\":\"Organization\",\"@id\":\"http:\/\/thewhiskykingdom.com\/en\/#organization\",\"name\":\"The Whisky Kingdom UG\",\"url\":\"http:\/\/thewhiskykingdom.com\/en\/\",\"logo\":{\"@type\":\"ImageObject\",\"inLanguage\":\"en-US\",\"@id\":\"http:\/\/thewhiskykingdom.com\/en\/#\/schema\/logo\/image\/\",\"url\":\"https:\/\/thewhiskykingdom.com\/wp-content\/uploads\/2018\/03\/Logo_WK_750x750px3.jpg\",\"contentUrl\":\"https:\/\/thewhiskykingdom.com\/wp-content\/uploads\/2018\/03\/Logo_WK_750x750px3.jpg\",\"width\":750,\"height\":750,\"caption\":\"The Whisky Kingdom UG\"},\"image\":{\"@id\":\"http:\/\/thewhiskykingdom.com\/en\/#\/schema\/logo\/image\/\"},\"sameAs\":[\"https:\/\/www.facebook.com\/thewhiskykingdom\/\",\"https:\/\/www.instagram.com\/thewhiskykingdom\/\"]}]}<\/script>\n<!-- \/ Yoast SEO plugin. -->","yoast_head_json":{"title":"Cragganmore 1985 Wu DRAM Clan CoD 38 Jahre 45.3% 0.7L - The Whisky Kingdom","description":"Cragganmore 1985 Wu DRAM Clan Cask of Distinction 38 Jahre - Streng limitierte Einzelfassabf\u00fcllung von nur 174 Flaschen, eine echte Rarit\u00e4t.","robots":{"index":"index","follow":"follow","max-snippet":"max-snippet:-1","max-image-preview":"max-image-preview:large","max-video-preview":"max-video-preview:-1"},"canonical":"https:\/\/thewhiskykingdom.com\/en\/shop\/cragganmore-1985-wu-dram-clan\/","og_locale":"en_US","og_type":"article","og_title":"Cragganmore 1985 Wu DRAM Clan CoD 38 Jahre 45.3% 0.7L - The Whisky Kingdom","og_description":"Cragganmore 1985 Wu DRAM Clan Cask of Distinction 38 Jahre - Streng limitierte Einzelfassabf\u00fcllung von nur 174 Flaschen, eine echte Rarit\u00e4t.","og_url":"https:\/\/thewhiskykingdom.com\/en\/shop\/cragganmore-1985-wu-dram-clan\/","og_site_name":"The Whisky Kingdom","article_publisher":"https:\/\/www.facebook.com\/thewhiskykingdom\/","article_modified_time":"2025-01-11T15:23:26+00:00","og_image":[{"width":1920,"height":1920,"url":"https:\/\/thewhiskykingdom.com\/wp-content\/uploads\/2024\/04\/Craggamore_WDC.jpg","type":"image\/jpeg"}],"twitter_card":"summary_large_image","schema":{"@context":"https:\/\/schema.org","@graph":[{"@type":"WebPage","@id":"https:\/\/thewhiskykingdom.com\/shop\/cragganmore-1985-wu-dram-clan\/","url":"https:\/\/thewhiskykingdom.com\/shop\/cragganmore-1985-wu-dram-clan\/","name":"Cragganmore 1985 Wu DRAM Clan CoD 38 Jahre 45.3% 0.7L - The Whisky Kingdom","isPartOf":{"@id":"http:\/\/thewhiskykingdom.com\/en\/#website"},"primaryImageOfPage":{"@id":"https:\/\/thewhiskykingdom.com\/shop\/cragganmore-1985-wu-dram-clan\/#primaryimage"},"image":{"@id":"https:\/\/thewhiskykingdom.com\/shop\/cragganmore-1985-wu-dram-clan\/#primaryimage"},"thumbnailUrl":"https:\/\/thewhiskykingdom.com\/wp-content\/uploads\/2024\/04\/Craggamore_WDC.jpg","datePublished":"2024-04-18T16:02:30+00:00","dateModified":"2025-01-11T15:23:26+00:00","description":"Cragganmore 1985 Wu DRAM Clan Cask of Distinction 38 Jahre - Streng limitierte Einzelfassabf\u00fcllung von nur 174 Flaschen, eine echte Rarit\u00e4t.","breadcrumb":{"@id":"https:\/\/thewhiskykingdom.com\/shop\/cragganmore-1985-wu-dram-clan\/#breadcrumb"},"inLanguage":"en-US","potentialAction":[{"@type":"ReadAction","target":["https:\/\/thewhiskykingdom.com\/shop\/cragganmore-1985-wu-dram-clan\/"]}]},{"@type":"ImageObject","inLanguage":"en-US","@id":"https:\/\/thewhiskykingdom.com\/shop\/cragganmore-1985-wu-dram-clan\/#primaryimage","url":"https:\/\/thewhiskykingdom.com\/wp-content\/uploads\/2024\/04\/Craggamore_WDC.jpg","contentUrl":"https:\/\/thewhiskykingdom.com\/wp-content\/uploads\/2024\/04\/Craggamore_WDC.jpg","width":1920,"height":1920,"caption":"Craggamore_WDC"},{"@type":"BreadcrumbList","@id":"https:\/\/thewhiskykingdom.com\/shop\/cragganmore-1985-wu-dram-clan\/#breadcrumb","itemListElement":[{"@type":"ListItem","position":1,"name":"The Whisky Kingdom","item":"http:\/\/thewhiskykingdom.com\/en\/"},{"@type":"ListItem","position":2,"name":"Shop","item":"http:\/\/thewhiskykingdom.com\/en\/shop\/"},{"@type":"ListItem","position":3,"name":"Cragganmore 1985 Wu DRAM Clan CoD 38 Jahre 45.3% 0.7L"}]},{"@type":"WebSite","@id":"http:\/\/thewhiskykingdom.com\/en\/#website","url":"http:\/\/thewhiskykingdom.com\/en\/","name":"The Whisky Kingdom","description":"Where whisky is king","publisher":{"@id":"http:\/\/thewhiskykingdom.com\/en\/#organization"},"potentialAction":[{"@type":"SearchAction","target":{"@type":"EntryPoint","urlTemplate":"http:\/\/thewhiskykingdom.com\/en\/?s={search_term_string}"},"query-input":{"@type":"PropertyValueSpecification","valueRequired":true,"valueName":"search_term_string"}}],"inLanguage":"en-US"},{"@type":"Organization","@id":"http:\/\/thewhiskykingdom.com\/en\/#organization","name":"The Whisky Kingdom UG","url":"http:\/\/thewhiskykingdom.com\/en\/","logo":{"@type":"ImageObject","inLanguage":"en-US","@id":"http:\/\/thewhiskykingdom.com\/en\/#\/schema\/logo\/image\/","url":"https:\/\/thewhiskykingdom.com\/wp-content\/uploads\/2018\/03\/Logo_WK_750x750px3.jpg","contentUrl":"https:\/\/thewhiskykingdom.com\/wp-content\/uploads\/2018\/03\/Logo_WK_750x750px3.jpg","width":750,"height":750,"caption":"The Whisky Kingdom UG"},"image":{"@id":"http:\/\/thewhiskykingdom.com\/en\/#\/schema\/logo\/image\/"},"sameAs":["https:\/\/www.facebook.com\/thewhiskykingdom\/","https:\/\/www.instagram.com\/thewhiskykingdom\/"]}]}},"_links":{"self":[{"href":"https:\/\/thewhiskykingdom.com\/en\/wp-json\/wp\/v2\/product\/2359","targetHints":{"allow":["GET"]}}],"collection":[{"href":"https:\/\/thewhiskykingdom.com\/en\/wp-json\/wp\/v2\/product"}],"about":[{"href":"https:\/\/thewhiskykingdom.com\/en\/wp-json\/wp\/v2\/types\/product"}],"wp:featuredmedia":[{"embeddable":true,"href":"https:\/\/thewhiskykingdom.com\/en\/wp-json\/wp\/v2\/media\/2360"}],"wp:attachment":[{"href":"https:\/\/thewhiskykingdom.com\/en\/wp-json\/wp\/v2\/media?parent=2359"}],"wp:term":[{"taxonomy":"product_brand","embeddable":true,"href":"https:\/\/thewhiskykingdom.com\/en\/wp-json\/wp\/v2\/product_brand?post=2359"},{"taxonomy":"product_cat","embeddable":true,"href":"https:\/\/thewhiskykingdom.com\/en\/wp-json\/wp\/v2\/product_cat?post=2359"},{"taxonomy":"product_tag","embeddable":true,"href":"https:\/\/thewhiskykingdom.com\/en\/wp-json\/wp\/v2\/product_tag?post=2359"}],"curies":[{"name":"wp","href":"https:\/\/api.w.org\/{rel}","templated":true}]}}