{"id":2470,"date":"2024-12-17T22:32:34","date_gmt":"2024-12-17T21:32:34","guid":{"rendered":"https:\/\/thewhiskykingdom.com\/?post_type=product&#038;p=2470"},"modified":"2026-01-15T14:13:58","modified_gmt":"2026-01-15T13:13:58","slug":"indiana-rye-wdc","status":"publish","type":"product","link":"https:\/\/thewhiskykingdom.com\/en\/shop\/indiana-rye-wdc\/","title":{"rendered":"Indiana Rye Whiskey 6 Jahre Wu DRAM Clan 46% 0.7L"},"content":{"rendered":"<p><strong>Inverkehrbringer<\/strong>: Duckhammers Handeslges. mbH, Scheffelweg 1, 77694 Kehl, Deutschland<br \/>\n<strong>Fassart<\/strong>: Single Barrel<br \/>\n<strong>Alcohol strength<\/strong>: 46% Vol.<br \/>\n<strong>Content<\/strong>: 0.7 Liter<br \/>\n<strong>Info<\/strong>: non-chill filtered, uncoloured<\/p>","protected":false},"excerpt":{"rendered":"<p>&nbsp;<\/p>\n<p><strong>RYE WHISKEY The Liquid Crew Vol.3<\/strong><\/p>\n<p>Nach dem \u00fcberw\u00e4ltigenden Erfolg unserer ersten beiden Releases, einem Tennessee und einem Bourbon Whiskey, freuen wir uns, Ihnen nun ein wahres Highlight der amerikanischen Whisk(e)y-Kunst pr\u00e4sentieren zu d\u00fcrfen: einen <em>Single Barrel Rye Whiskey<\/em>.<\/p>\n<p>Mit dieser exklusiven Serie wollen wir Whisk(e)y-Liebhaber auf eine Geschmacksreise durch die USA mitnehmen. Aber was macht Rye Whiskey so besonders? Im Gegensatz zu anderen Whisk(e)y-Sorten wird Rye Whiskey haupts\u00e4chlich aus Roggen hergestellt, wobei der Roggenanteil gesetzlich mindestens 51 % betragen muss. Unser Rye geht noch einen Schritt weiter: Mit einem beeindruckenden Roggenanteil von bis zu 90 % verspricht er ein au\u00dfergew\u00f6hnlich w\u00fcrziges und komplexes Geschmackserlebnis, das Kenner ins Schw\u00e4rmen bringt.<\/p>\n<p>Dieser Rye Whiskey wurde direkt aus einem Single Barrel abgef\u00fcllt \u2013 mit einer limitierten Auflage von nur 294 Flaschen. Die Lagerung in neuen, ausgebrannten Eichenf\u00e4ssern verleiht ihm intensive Noten von Pfeffer, Gew\u00fcrzen, Zitrusfr\u00fcchten und einem Hauch von Minze. Mit 46 % Volumen bietet er die perfekte Balance zwischen Kraft und Genuss.<\/p>\n<p>Von dieser limitierten Einzelfassabf\u00fcllung werden nur 170 Flaschen in Europa verf\u00fcgbar sein!<\/p>\n<p><strong>Sie finden auch viele andere <span style=\"color: #ff6600;\"><a style=\"color: #ff6600;\" href=\"https:\/\/thewhiskykingdom.com\/en\/product-tag\/wu-dram-clan\/\">Wu Dram Clan Abf\u00fcllungen<\/a><\/span> im unseren Shop.<\/strong><\/p>\n<p><strong>Alcohol strength<\/strong>: 46% Vol.<br \/>\n<strong>Content<\/strong>: 0.7 Liter<\/p>","protected":false},"featured_media":2471,"template":"","meta":{"_crdt_document":""},"product_brand":[],"product_cat":[43,55],"product_tag":[],"class_list":{"0":"post-2470","1":"product","2":"type-product","3":"status-publish","4":"has-post-thumbnail","6":"product_cat-international","7":"product_cat-whisky","9":"first","10":"instock","11":"sale","12":"taxable","13":"shipping-taxable","14":"purchasable","15":"product-type-simple"},"yoast_head":"<!-- This site is optimized with the Yoast SEO plugin v27.1.1 - https:\/\/yoast.com\/product\/yoast-seo-wordpress\/ -->\n<title>Indiana Rye Whiskey 6 Jahre Wu DRAM Clan 46% 0.7L - The Whisky Kingdom<\/title>\n<meta name=\"description\" content=\"Dieser Rye Whiskey wurde direkt aus einem Single Barrel abgef\u00fcllt \u2013 mit einer limitierten Auflage von nur 294 Flaschen. Davon nur 170 St\u00fcck f\u00fcr Europa!\" \/>\n<meta name=\"robots\" content=\"index, follow, max-snippet:-1, max-image-preview:large, max-video-preview:-1\" \/>\n<link rel=\"canonical\" href=\"https:\/\/thewhiskykingdom.com\/en\/shop\/indiana-rye-wdc\/\" \/>\n<meta property=\"og:locale\" content=\"en_US\" \/>\n<meta property=\"og:type\" content=\"article\" \/>\n<meta property=\"og:title\" content=\"Indiana Rye Whiskey 6 Jahre Wu DRAM Clan 46% 0.7L - The Whisky Kingdom\" \/>\n<meta property=\"og:description\" content=\"Dieser Rye Whiskey wurde direkt aus einem Single Barrel abgef\u00fcllt \u2013 mit einer limitierten Auflage von nur 294 Flaschen. Davon nur 170 St\u00fcck f\u00fcr Europa!\" \/>\n<meta property=\"og:url\" content=\"https:\/\/thewhiskykingdom.com\/en\/shop\/indiana-rye-wdc\/\" \/>\n<meta property=\"og:site_name\" content=\"The Whisky Kingdom\" \/>\n<meta property=\"article:publisher\" content=\"https:\/\/www.facebook.com\/thewhiskykingdom\/\" \/>\n<meta property=\"article:modified_time\" content=\"2026-01-15T13:13:58+00:00\" \/>\n<meta property=\"og:image\" content=\"https:\/\/thewhiskykingdom.com\/wp-content\/uploads\/2024\/04\/Indiana-Rye.jpg\" \/>\n\t<meta property=\"og:image:width\" content=\"1920\" \/>\n\t<meta property=\"og:image:height\" content=\"1920\" \/>\n\t<meta property=\"og:image:type\" content=\"image\/jpeg\" \/>\n<meta name=\"twitter:card\" content=\"summary_large_image\" \/>\n<script type=\"application\/ld+json\" class=\"yoast-schema-graph\">{\"@context\":\"https:\/\/schema.org\",\"@graph\":[{\"@type\":\"WebPage\",\"@id\":\"https:\/\/thewhiskykingdom.com\/shop\/indiana-rye-wdc\/\",\"url\":\"https:\/\/thewhiskykingdom.com\/shop\/indiana-rye-wdc\/\",\"name\":\"Indiana Rye Whiskey 6 Jahre Wu DRAM Clan 46% 0.7L - The Whisky Kingdom\",\"isPartOf\":{\"@id\":\"http:\/\/thewhiskykingdom.com\/en\/#website\"},\"primaryImageOfPage\":{\"@id\":\"https:\/\/thewhiskykingdom.com\/shop\/indiana-rye-wdc\/#primaryimage\"},\"image\":{\"@id\":\"https:\/\/thewhiskykingdom.com\/shop\/indiana-rye-wdc\/#primaryimage\"},\"thumbnailUrl\":\"https:\/\/thewhiskykingdom.com\/wp-content\/uploads\/2024\/04\/Indiana-Rye.jpg\",\"datePublished\":\"2024-12-17T21:32:34+00:00\",\"dateModified\":\"2026-01-15T13:13:58+00:00\",\"description\":\"Dieser Rye Whiskey wurde direkt aus einem Single Barrel abgef\u00fcllt \u2013 mit einer limitierten Auflage von nur 294 Flaschen. Davon nur 170 St\u00fcck f\u00fcr Europa!\",\"breadcrumb\":{\"@id\":\"https:\/\/thewhiskykingdom.com\/shop\/indiana-rye-wdc\/#breadcrumb\"},\"inLanguage\":\"en-US\",\"potentialAction\":[{\"@type\":\"ReadAction\",\"target\":[\"https:\/\/thewhiskykingdom.com\/shop\/indiana-rye-wdc\/\"]}]},{\"@type\":\"ImageObject\",\"inLanguage\":\"en-US\",\"@id\":\"https:\/\/thewhiskykingdom.com\/shop\/indiana-rye-wdc\/#primaryimage\",\"url\":\"https:\/\/thewhiskykingdom.com\/wp-content\/uploads\/2024\/04\/Indiana-Rye.jpg\",\"contentUrl\":\"https:\/\/thewhiskykingdom.com\/wp-content\/uploads\/2024\/04\/Indiana-Rye.jpg\",\"width\":1920,\"height\":1920,\"caption\":\"Indiana Rye Wu DRAM Clan\"},{\"@type\":\"BreadcrumbList\",\"@id\":\"https:\/\/thewhiskykingdom.com\/shop\/indiana-rye-wdc\/#breadcrumb\",\"itemListElement\":[{\"@type\":\"ListItem\",\"position\":1,\"name\":\"The Whisky Kingdom\",\"item\":\"http:\/\/thewhiskykingdom.com\/en\/\"},{\"@type\":\"ListItem\",\"position\":2,\"name\":\"Shop\",\"item\":\"http:\/\/thewhiskykingdom.com\/en\/shop\/\"},{\"@type\":\"ListItem\",\"position\":3,\"name\":\"Indiana Rye Whiskey 6 Jahre Wu DRAM Clan 46% 0.7L\"}]},{\"@type\":\"WebSite\",\"@id\":\"http:\/\/thewhiskykingdom.com\/en\/#website\",\"url\":\"http:\/\/thewhiskykingdom.com\/en\/\",\"name\":\"The Whisky Kingdom\",\"description\":\"Where whisky is king\",\"publisher\":{\"@id\":\"http:\/\/thewhiskykingdom.com\/en\/#organization\"},\"potentialAction\":[{\"@type\":\"SearchAction\",\"target\":{\"@type\":\"EntryPoint\",\"urlTemplate\":\"http:\/\/thewhiskykingdom.com\/en\/?s={search_term_string}\"},\"query-input\":{\"@type\":\"PropertyValueSpecification\",\"valueRequired\":true,\"valueName\":\"search_term_string\"}}],\"inLanguage\":\"en-US\"},{\"@type\":\"Organization\",\"@id\":\"http:\/\/thewhiskykingdom.com\/en\/#organization\",\"name\":\"The Whisky Kingdom UG\",\"url\":\"http:\/\/thewhiskykingdom.com\/en\/\",\"logo\":{\"@type\":\"ImageObject\",\"inLanguage\":\"en-US\",\"@id\":\"http:\/\/thewhiskykingdom.com\/en\/#\/schema\/logo\/image\/\",\"url\":\"https:\/\/thewhiskykingdom.com\/wp-content\/uploads\/2018\/03\/Logo_WK_750x750px3.jpg\",\"contentUrl\":\"https:\/\/thewhiskykingdom.com\/wp-content\/uploads\/2018\/03\/Logo_WK_750x750px3.jpg\",\"width\":750,\"height\":750,\"caption\":\"The Whisky Kingdom UG\"},\"image\":{\"@id\":\"http:\/\/thewhiskykingdom.com\/en\/#\/schema\/logo\/image\/\"},\"sameAs\":[\"https:\/\/www.facebook.com\/thewhiskykingdom\/\",\"https:\/\/www.instagram.com\/thewhiskykingdom\/\"]}]}<\/script>\n<!-- \/ Yoast SEO plugin. -->","yoast_head_json":{"title":"Indiana Rye Whiskey 6 Jahre Wu DRAM Clan 46% 0.7L - The Whisky Kingdom","description":"Dieser Rye Whiskey wurde direkt aus einem Single Barrel abgef\u00fcllt \u2013 mit einer limitierten Auflage von nur 294 Flaschen. Davon nur 170 St\u00fcck f\u00fcr Europa!","robots":{"index":"index","follow":"follow","max-snippet":"max-snippet:-1","max-image-preview":"max-image-preview:large","max-video-preview":"max-video-preview:-1"},"canonical":"https:\/\/thewhiskykingdom.com\/en\/shop\/indiana-rye-wdc\/","og_locale":"en_US","og_type":"article","og_title":"Indiana Rye Whiskey 6 Jahre Wu DRAM Clan 46% 0.7L - The Whisky Kingdom","og_description":"Dieser Rye Whiskey wurde direkt aus einem Single Barrel abgef\u00fcllt \u2013 mit einer limitierten Auflage von nur 294 Flaschen. Davon nur 170 St\u00fcck f\u00fcr Europa!","og_url":"https:\/\/thewhiskykingdom.com\/en\/shop\/indiana-rye-wdc\/","og_site_name":"The Whisky Kingdom","article_publisher":"https:\/\/www.facebook.com\/thewhiskykingdom\/","article_modified_time":"2026-01-15T13:13:58+00:00","og_image":[{"width":1920,"height":1920,"url":"https:\/\/thewhiskykingdom.com\/wp-content\/uploads\/2024\/04\/Indiana-Rye.jpg","type":"image\/jpeg"}],"twitter_card":"summary_large_image","schema":{"@context":"https:\/\/schema.org","@graph":[{"@type":"WebPage","@id":"https:\/\/thewhiskykingdom.com\/shop\/indiana-rye-wdc\/","url":"https:\/\/thewhiskykingdom.com\/shop\/indiana-rye-wdc\/","name":"Indiana Rye Whiskey 6 Jahre Wu DRAM Clan 46% 0.7L - The Whisky Kingdom","isPartOf":{"@id":"http:\/\/thewhiskykingdom.com\/en\/#website"},"primaryImageOfPage":{"@id":"https:\/\/thewhiskykingdom.com\/shop\/indiana-rye-wdc\/#primaryimage"},"image":{"@id":"https:\/\/thewhiskykingdom.com\/shop\/indiana-rye-wdc\/#primaryimage"},"thumbnailUrl":"https:\/\/thewhiskykingdom.com\/wp-content\/uploads\/2024\/04\/Indiana-Rye.jpg","datePublished":"2024-12-17T21:32:34+00:00","dateModified":"2026-01-15T13:13:58+00:00","description":"Dieser Rye Whiskey wurde direkt aus einem Single Barrel abgef\u00fcllt \u2013 mit einer limitierten Auflage von nur 294 Flaschen. Davon nur 170 St\u00fcck f\u00fcr Europa!","breadcrumb":{"@id":"https:\/\/thewhiskykingdom.com\/shop\/indiana-rye-wdc\/#breadcrumb"},"inLanguage":"en-US","potentialAction":[{"@type":"ReadAction","target":["https:\/\/thewhiskykingdom.com\/shop\/indiana-rye-wdc\/"]}]},{"@type":"ImageObject","inLanguage":"en-US","@id":"https:\/\/thewhiskykingdom.com\/shop\/indiana-rye-wdc\/#primaryimage","url":"https:\/\/thewhiskykingdom.com\/wp-content\/uploads\/2024\/04\/Indiana-Rye.jpg","contentUrl":"https:\/\/thewhiskykingdom.com\/wp-content\/uploads\/2024\/04\/Indiana-Rye.jpg","width":1920,"height":1920,"caption":"Indiana Rye Wu DRAM Clan"},{"@type":"BreadcrumbList","@id":"https:\/\/thewhiskykingdom.com\/shop\/indiana-rye-wdc\/#breadcrumb","itemListElement":[{"@type":"ListItem","position":1,"name":"The Whisky Kingdom","item":"http:\/\/thewhiskykingdom.com\/en\/"},{"@type":"ListItem","position":2,"name":"Shop","item":"http:\/\/thewhiskykingdom.com\/en\/shop\/"},{"@type":"ListItem","position":3,"name":"Indiana Rye Whiskey 6 Jahre Wu DRAM Clan 46% 0.7L"}]},{"@type":"WebSite","@id":"http:\/\/thewhiskykingdom.com\/en\/#website","url":"http:\/\/thewhiskykingdom.com\/en\/","name":"The Whisky Kingdom","description":"Where whisky is king","publisher":{"@id":"http:\/\/thewhiskykingdom.com\/en\/#organization"},"potentialAction":[{"@type":"SearchAction","target":{"@type":"EntryPoint","urlTemplate":"http:\/\/thewhiskykingdom.com\/en\/?s={search_term_string}"},"query-input":{"@type":"PropertyValueSpecification","valueRequired":true,"valueName":"search_term_string"}}],"inLanguage":"en-US"},{"@type":"Organization","@id":"http:\/\/thewhiskykingdom.com\/en\/#organization","name":"The Whisky Kingdom UG","url":"http:\/\/thewhiskykingdom.com\/en\/","logo":{"@type":"ImageObject","inLanguage":"en-US","@id":"http:\/\/thewhiskykingdom.com\/en\/#\/schema\/logo\/image\/","url":"https:\/\/thewhiskykingdom.com\/wp-content\/uploads\/2018\/03\/Logo_WK_750x750px3.jpg","contentUrl":"https:\/\/thewhiskykingdom.com\/wp-content\/uploads\/2018\/03\/Logo_WK_750x750px3.jpg","width":750,"height":750,"caption":"The Whisky Kingdom UG"},"image":{"@id":"http:\/\/thewhiskykingdom.com\/en\/#\/schema\/logo\/image\/"},"sameAs":["https:\/\/www.facebook.com\/thewhiskykingdom\/","https:\/\/www.instagram.com\/thewhiskykingdom\/"]}]}},"_links":{"self":[{"href":"https:\/\/thewhiskykingdom.com\/en\/wp-json\/wp\/v2\/product\/2470","targetHints":{"allow":["GET"]}}],"collection":[{"href":"https:\/\/thewhiskykingdom.com\/en\/wp-json\/wp\/v2\/product"}],"about":[{"href":"https:\/\/thewhiskykingdom.com\/en\/wp-json\/wp\/v2\/types\/product"}],"wp:featuredmedia":[{"embeddable":true,"href":"https:\/\/thewhiskykingdom.com\/en\/wp-json\/wp\/v2\/media\/2471"}],"wp:attachment":[{"href":"https:\/\/thewhiskykingdom.com\/en\/wp-json\/wp\/v2\/media?parent=2470"}],"wp:term":[{"taxonomy":"product_brand","embeddable":true,"href":"https:\/\/thewhiskykingdom.com\/en\/wp-json\/wp\/v2\/product_brand?post=2470"},{"taxonomy":"product_cat","embeddable":true,"href":"https:\/\/thewhiskykingdom.com\/en\/wp-json\/wp\/v2\/product_cat?post=2470"},{"taxonomy":"product_tag","embeddable":true,"href":"https:\/\/thewhiskykingdom.com\/en\/wp-json\/wp\/v2\/product_tag?post=2470"}],"curies":[{"name":"wp","href":"https:\/\/api.w.org\/{rel}","templated":true}]}}