{"id":2577,"date":"2025-04-16T15:02:02","date_gmt":"2025-04-16T13:02:02","guid":{"rendered":"https:\/\/thewhiskykingdom.com\/?post_type=product&#038;p=2577"},"modified":"2025-09-02T12:44:22","modified_gmt":"2025-09-02T10:44:22","slug":"glenallachie-16yo-50th-anniversary","status":"publish","type":"product","link":"https:\/\/thewhiskykingdom.com\/en\/shop\/glenallachie-16yo-50th-anniversary\/","title":{"rendered":"Glenallachie 16 Jahre Billy Walker 50th Anniversary 57.1% 0.7L"},"content":{"rendered":"<p><strong>Inverkehrbringer<\/strong>: Kirsch Import e.K. Mackenstedter Str. 7 28816 Stuhr, DE<br \/>\n<strong>Abgef\u00fcllt<\/strong>: 2022<br \/>\n<strong>Fassart<\/strong>: Sherry Butts<br \/>\n<strong>Flaschenanzahl<\/strong>: 4000<br \/>\n<strong>Alcohol strength<\/strong>: 57.1% Vol<br \/>\n<strong>Content<\/strong>: 0.7 Liter<br \/>\n<strong>Info<\/strong>: ungef\u00e4rbt<\/p>","protected":false},"excerpt":{"rendered":"<p>&nbsp;<\/p>\n<p><strong>Glenallachie 16 Jahre Billy Walker 50th Anniversary Past Edition<\/strong><\/p>\n<p><strong>Limitierte Abf\u00fcllung von <strong>nur 4000 Flaschen weltweit<\/strong>.<\/strong><\/p>\n<p>Die Whisky-Ikone Billy Walker begann seine herausragende Karriere im Jahr 1972. Seitdem war er f\u00fcr das Blending und Destillieren zahlreicher bekannter Marken verantwortlich. Im Jahr 2017 wurde er Eigent\u00fcmer und Master Distiller von Glenallachie, und im Jahr 2022 feierte Billy Walker sein 50-j\u00e4hriges Jubil\u00e4um in der Whiskyindustrie. Glenallachie 16 Years Old Billy Walker 50th Anniversary 2022 ist die erste Ver\u00f6ffentlichung in der The Past, Present and Future Series zu Ehren dieses Meilensteins. Diese Abf\u00fcllung steht f\u00fcr Billys Vergangenheit, als er sich mit der Ver\u00f6ffentlichung von stark sherry-haltigen Whiskys einen Namen machte und gro\u00dfen Erfolg hatte. Er besteht aus neun Sherry-Butts des Jahrgangs 2005 und wurde im Februar 2022 mit einer Fassst\u00e4rke von 57,1 % abgef\u00fcllt.<\/p>\n<p><strong>Alcohol strength<\/strong>: 57.1% Vol.<br \/>\n<strong>Content<\/strong>: 0.7 Liter<\/p>","protected":false},"featured_media":2579,"template":"","meta":{"_crdt_document":""},"product_brand":[],"product_cat":[37,39,55],"product_tag":[146,74,92,121],"class_list":{"0":"post-2577","1":"product","2":"type-product","3":"status-publish","4":"has-post-thumbnail","6":"product_cat-schottland","7":"product_cat-single-malt","8":"product_cat-whisky","9":"product_tag-glenallachie","10":"product_tag-sherry","11":"product_tag-single-malt","12":"product_tag-speyside","14":"first","15":"outofstock","16":"taxable","17":"shipping-taxable","18":"purchasable","19":"product-type-simple"},"yoast_head":"<!-- This site is optimized with the Yoast SEO plugin v27.1.1 - https:\/\/yoast.com\/product\/yoast-seo-wordpress\/ -->\n<title>Glenallachie 16 Jahre Billy Walker 50th Anniversary 57.1% 0.7L<\/title>\n<meta name=\"description\" content=\"Glenallachie 16 Jahre Billy Walker 50th Anniversary 57.1% vol. Limitierte Abf\u00fcllung von nur 4000 Flaschen weltweit! Sammlerst\u00fcck!\" \/>\n<meta name=\"robots\" content=\"index, follow, max-snippet:-1, max-image-preview:large, max-video-preview:-1\" \/>\n<link rel=\"canonical\" href=\"https:\/\/thewhiskykingdom.com\/en\/shop\/glenallachie-16yo-50th-anniversary\/\" \/>\n<meta property=\"og:locale\" content=\"en_US\" \/>\n<meta property=\"og:type\" content=\"article\" \/>\n<meta property=\"og:title\" content=\"Glenallachie 16 Jahre Billy Walker 50th Anniversary 57.1% 0.7L\" \/>\n<meta property=\"og:description\" content=\"Glenallachie 16 Jahre Billy Walker 50th Anniversary 57.1% vol. Limitierte Abf\u00fcllung von nur 4000 Flaschen weltweit! Sammlerst\u00fcck!\" \/>\n<meta property=\"og:url\" content=\"https:\/\/thewhiskykingdom.com\/en\/shop\/glenallachie-16yo-50th-anniversary\/\" \/>\n<meta property=\"og:site_name\" content=\"The Whisky Kingdom\" \/>\n<meta property=\"article:publisher\" content=\"https:\/\/www.facebook.com\/thewhiskykingdom\/\" \/>\n<meta property=\"article:modified_time\" content=\"2025-09-02T10:44:22+00:00\" \/>\n<meta property=\"og:image\" content=\"https:\/\/thewhiskykingdom.com\/wp-content\/uploads\/2025\/04\/Glenallachie16.jpg\" \/>\n\t<meta property=\"og:image:width\" content=\"1920\" \/>\n\t<meta property=\"og:image:height\" content=\"1920\" \/>\n\t<meta property=\"og:image:type\" content=\"image\/jpeg\" \/>\n<meta name=\"twitter:card\" content=\"summary_large_image\" \/>\n<script type=\"application\/ld+json\" class=\"yoast-schema-graph\">{\"@context\":\"https:\/\/schema.org\",\"@graph\":[{\"@type\":\"WebPage\",\"@id\":\"https:\/\/thewhiskykingdom.com\/shop\/glenallachie-16yo-50th-anniversary\/\",\"url\":\"https:\/\/thewhiskykingdom.com\/shop\/glenallachie-16yo-50th-anniversary\/\",\"name\":\"Glenallachie 16 Jahre Billy Walker 50th Anniversary 57.1% 0.7L\",\"isPartOf\":{\"@id\":\"http:\/\/thewhiskykingdom.com\/en\/#website\"},\"primaryImageOfPage\":{\"@id\":\"https:\/\/thewhiskykingdom.com\/shop\/glenallachie-16yo-50th-anniversary\/#primaryimage\"},\"image\":{\"@id\":\"https:\/\/thewhiskykingdom.com\/shop\/glenallachie-16yo-50th-anniversary\/#primaryimage\"},\"thumbnailUrl\":\"https:\/\/thewhiskykingdom.com\/wp-content\/uploads\/2025\/04\/Glenallachie16.jpg\",\"datePublished\":\"2025-04-16T13:02:02+00:00\",\"dateModified\":\"2025-09-02T10:44:22+00:00\",\"description\":\"Glenallachie 16 Jahre Billy Walker 50th Anniversary 57.1% vol. Limitierte Abf\u00fcllung von nur 4000 Flaschen weltweit! Sammlerst\u00fcck!\",\"breadcrumb\":{\"@id\":\"https:\/\/thewhiskykingdom.com\/shop\/glenallachie-16yo-50th-anniversary\/#breadcrumb\"},\"inLanguage\":\"en-US\",\"potentialAction\":[{\"@type\":\"ReadAction\",\"target\":[\"https:\/\/thewhiskykingdom.com\/shop\/glenallachie-16yo-50th-anniversary\/\"]}]},{\"@type\":\"ImageObject\",\"inLanguage\":\"en-US\",\"@id\":\"https:\/\/thewhiskykingdom.com\/shop\/glenallachie-16yo-50th-anniversary\/#primaryimage\",\"url\":\"https:\/\/thewhiskykingdom.com\/wp-content\/uploads\/2025\/04\/Glenallachie16.jpg\",\"contentUrl\":\"https:\/\/thewhiskykingdom.com\/wp-content\/uploads\/2025\/04\/Glenallachie16.jpg\",\"width\":1920,\"height\":1920,\"caption\":\"Glenallachie-16-past\"},{\"@type\":\"BreadcrumbList\",\"@id\":\"https:\/\/thewhiskykingdom.com\/shop\/glenallachie-16yo-50th-anniversary\/#breadcrumb\",\"itemListElement\":[{\"@type\":\"ListItem\",\"position\":1,\"name\":\"The Whisky Kingdom\",\"item\":\"http:\/\/thewhiskykingdom.com\/en\/\"},{\"@type\":\"ListItem\",\"position\":2,\"name\":\"Shop\",\"item\":\"http:\/\/thewhiskykingdom.com\/en\/shop\/\"},{\"@type\":\"ListItem\",\"position\":3,\"name\":\"Glenallachie 16 Jahre Billy Walker 50th Anniversary 57.1% 0.7L\"}]},{\"@type\":\"WebSite\",\"@id\":\"http:\/\/thewhiskykingdom.com\/en\/#website\",\"url\":\"http:\/\/thewhiskykingdom.com\/en\/\",\"name\":\"The Whisky Kingdom\",\"description\":\"Where whisky is king\",\"publisher\":{\"@id\":\"http:\/\/thewhiskykingdom.com\/en\/#organization\"},\"potentialAction\":[{\"@type\":\"SearchAction\",\"target\":{\"@type\":\"EntryPoint\",\"urlTemplate\":\"http:\/\/thewhiskykingdom.com\/en\/?s={search_term_string}\"},\"query-input\":{\"@type\":\"PropertyValueSpecification\",\"valueRequired\":true,\"valueName\":\"search_term_string\"}}],\"inLanguage\":\"en-US\"},{\"@type\":\"Organization\",\"@id\":\"http:\/\/thewhiskykingdom.com\/en\/#organization\",\"name\":\"The Whisky Kingdom UG\",\"url\":\"http:\/\/thewhiskykingdom.com\/en\/\",\"logo\":{\"@type\":\"ImageObject\",\"inLanguage\":\"en-US\",\"@id\":\"http:\/\/thewhiskykingdom.com\/en\/#\/schema\/logo\/image\/\",\"url\":\"https:\/\/thewhiskykingdom.com\/wp-content\/uploads\/2018\/03\/Logo_WK_750x750px3.jpg\",\"contentUrl\":\"https:\/\/thewhiskykingdom.com\/wp-content\/uploads\/2018\/03\/Logo_WK_750x750px3.jpg\",\"width\":750,\"height\":750,\"caption\":\"The Whisky Kingdom UG\"},\"image\":{\"@id\":\"http:\/\/thewhiskykingdom.com\/en\/#\/schema\/logo\/image\/\"},\"sameAs\":[\"https:\/\/www.facebook.com\/thewhiskykingdom\/\",\"https:\/\/www.instagram.com\/thewhiskykingdom\/\"]}]}<\/script>\n<!-- \/ Yoast SEO plugin. -->","yoast_head_json":{"title":"Glenallachie 16 Jahre Billy Walker 50th Anniversary 57.1% 0.7L","description":"Glenallachie 16 Jahre Billy Walker 50th Anniversary 57.1% vol. Limitierte Abf\u00fcllung von nur 4000 Flaschen weltweit! Sammlerst\u00fcck!","robots":{"index":"index","follow":"follow","max-snippet":"max-snippet:-1","max-image-preview":"max-image-preview:large","max-video-preview":"max-video-preview:-1"},"canonical":"https:\/\/thewhiskykingdom.com\/en\/shop\/glenallachie-16yo-50th-anniversary\/","og_locale":"en_US","og_type":"article","og_title":"Glenallachie 16 Jahre Billy Walker 50th Anniversary 57.1% 0.7L","og_description":"Glenallachie 16 Jahre Billy Walker 50th Anniversary 57.1% vol. Limitierte Abf\u00fcllung von nur 4000 Flaschen weltweit! Sammlerst\u00fcck!","og_url":"https:\/\/thewhiskykingdom.com\/en\/shop\/glenallachie-16yo-50th-anniversary\/","og_site_name":"The Whisky Kingdom","article_publisher":"https:\/\/www.facebook.com\/thewhiskykingdom\/","article_modified_time":"2025-09-02T10:44:22+00:00","og_image":[{"width":1920,"height":1920,"url":"https:\/\/thewhiskykingdom.com\/wp-content\/uploads\/2025\/04\/Glenallachie16.jpg","type":"image\/jpeg"}],"twitter_card":"summary_large_image","schema":{"@context":"https:\/\/schema.org","@graph":[{"@type":"WebPage","@id":"https:\/\/thewhiskykingdom.com\/shop\/glenallachie-16yo-50th-anniversary\/","url":"https:\/\/thewhiskykingdom.com\/shop\/glenallachie-16yo-50th-anniversary\/","name":"Glenallachie 16 Jahre Billy Walker 50th Anniversary 57.1% 0.7L","isPartOf":{"@id":"http:\/\/thewhiskykingdom.com\/en\/#website"},"primaryImageOfPage":{"@id":"https:\/\/thewhiskykingdom.com\/shop\/glenallachie-16yo-50th-anniversary\/#primaryimage"},"image":{"@id":"https:\/\/thewhiskykingdom.com\/shop\/glenallachie-16yo-50th-anniversary\/#primaryimage"},"thumbnailUrl":"https:\/\/thewhiskykingdom.com\/wp-content\/uploads\/2025\/04\/Glenallachie16.jpg","datePublished":"2025-04-16T13:02:02+00:00","dateModified":"2025-09-02T10:44:22+00:00","description":"Glenallachie 16 Jahre Billy Walker 50th Anniversary 57.1% vol. Limitierte Abf\u00fcllung von nur 4000 Flaschen weltweit! Sammlerst\u00fcck!","breadcrumb":{"@id":"https:\/\/thewhiskykingdom.com\/shop\/glenallachie-16yo-50th-anniversary\/#breadcrumb"},"inLanguage":"en-US","potentialAction":[{"@type":"ReadAction","target":["https:\/\/thewhiskykingdom.com\/shop\/glenallachie-16yo-50th-anniversary\/"]}]},{"@type":"ImageObject","inLanguage":"en-US","@id":"https:\/\/thewhiskykingdom.com\/shop\/glenallachie-16yo-50th-anniversary\/#primaryimage","url":"https:\/\/thewhiskykingdom.com\/wp-content\/uploads\/2025\/04\/Glenallachie16.jpg","contentUrl":"https:\/\/thewhiskykingdom.com\/wp-content\/uploads\/2025\/04\/Glenallachie16.jpg","width":1920,"height":1920,"caption":"Glenallachie-16-past"},{"@type":"BreadcrumbList","@id":"https:\/\/thewhiskykingdom.com\/shop\/glenallachie-16yo-50th-anniversary\/#breadcrumb","itemListElement":[{"@type":"ListItem","position":1,"name":"The Whisky Kingdom","item":"http:\/\/thewhiskykingdom.com\/en\/"},{"@type":"ListItem","position":2,"name":"Shop","item":"http:\/\/thewhiskykingdom.com\/en\/shop\/"},{"@type":"ListItem","position":3,"name":"Glenallachie 16 Jahre Billy Walker 50th Anniversary 57.1% 0.7L"}]},{"@type":"WebSite","@id":"http:\/\/thewhiskykingdom.com\/en\/#website","url":"http:\/\/thewhiskykingdom.com\/en\/","name":"The Whisky Kingdom","description":"Where whisky is king","publisher":{"@id":"http:\/\/thewhiskykingdom.com\/en\/#organization"},"potentialAction":[{"@type":"SearchAction","target":{"@type":"EntryPoint","urlTemplate":"http:\/\/thewhiskykingdom.com\/en\/?s={search_term_string}"},"query-input":{"@type":"PropertyValueSpecification","valueRequired":true,"valueName":"search_term_string"}}],"inLanguage":"en-US"},{"@type":"Organization","@id":"http:\/\/thewhiskykingdom.com\/en\/#organization","name":"The Whisky Kingdom UG","url":"http:\/\/thewhiskykingdom.com\/en\/","logo":{"@type":"ImageObject","inLanguage":"en-US","@id":"http:\/\/thewhiskykingdom.com\/en\/#\/schema\/logo\/image\/","url":"https:\/\/thewhiskykingdom.com\/wp-content\/uploads\/2018\/03\/Logo_WK_750x750px3.jpg","contentUrl":"https:\/\/thewhiskykingdom.com\/wp-content\/uploads\/2018\/03\/Logo_WK_750x750px3.jpg","width":750,"height":750,"caption":"The Whisky Kingdom UG"},"image":{"@id":"http:\/\/thewhiskykingdom.com\/en\/#\/schema\/logo\/image\/"},"sameAs":["https:\/\/www.facebook.com\/thewhiskykingdom\/","https:\/\/www.instagram.com\/thewhiskykingdom\/"]}]}},"_links":{"self":[{"href":"https:\/\/thewhiskykingdom.com\/en\/wp-json\/wp\/v2\/product\/2577","targetHints":{"allow":["GET"]}}],"collection":[{"href":"https:\/\/thewhiskykingdom.com\/en\/wp-json\/wp\/v2\/product"}],"about":[{"href":"https:\/\/thewhiskykingdom.com\/en\/wp-json\/wp\/v2\/types\/product"}],"wp:featuredmedia":[{"embeddable":true,"href":"https:\/\/thewhiskykingdom.com\/en\/wp-json\/wp\/v2\/media\/2579"}],"wp:attachment":[{"href":"https:\/\/thewhiskykingdom.com\/en\/wp-json\/wp\/v2\/media?parent=2577"}],"wp:term":[{"taxonomy":"product_brand","embeddable":true,"href":"https:\/\/thewhiskykingdom.com\/en\/wp-json\/wp\/v2\/product_brand?post=2577"},{"taxonomy":"product_cat","embeddable":true,"href":"https:\/\/thewhiskykingdom.com\/en\/wp-json\/wp\/v2\/product_cat?post=2577"},{"taxonomy":"product_tag","embeddable":true,"href":"https:\/\/thewhiskykingdom.com\/en\/wp-json\/wp\/v2\/product_tag?post=2577"}],"curies":[{"name":"wp","href":"https:\/\/api.w.org\/{rel}","templated":true}]}}